{"id":2001744,"date":"2009-02-26T15:07:14","date_gmt":"2009-02-26T15:07:14","guid":{"rendered":"http:\/\/romfilatelia.ro\/store\/2009\/02\/26\/sfintele-pasti-2009\/"},"modified":"2016-08-05T12:43:57","modified_gmt":"2016-08-05T12:43:57","slug":"sfintele-pasti-2009","status":"publish","type":"product","link":"https:\/\/romfilatelia.ro\/magazin\/produs\/colectii-anuale\/2009\/sfintele-pasti-2009\/","title":{"rendered":"Sfintele Pa\u015fti 2009"},"content":{"rendered":"<p><a href=\"https:\/\/romfilatelia.ro\/magazin\/wp-content\/uploads\/2009\/02\/PASTI_2009_M-1.jpg\" rel=\"attachment wp-att-2009840\"><img decoding=\"async\" loading=\"lazy\" class=\"size-medium wp-image-2009840 alignleft\" src=\"https:\/\/romfilatelia.ro\/magazin\/wp-content\/uploads\/2009\/02\/PASTI_2009_M-1-272x300.jpg\" alt=\"PASTI_2009_M\" width=\"272\" height=\"300\" srcset=\"https:\/\/romfilatelia.ro\/magazin\/wp-content\/uploads\/2009\/02\/PASTI_2009_M-1-272x300.jpg 272w, https:\/\/romfilatelia.ro\/magazin\/wp-content\/uploads\/2009\/02\/PASTI_2009_M-1-500x551.jpg 500w, https:\/\/romfilatelia.ro\/magazin\/wp-content\/uploads\/2009\/02\/PASTI_2009_M-1-64x71.jpg 64w, https:\/\/romfilatelia.ro\/magazin\/wp-content\/uploads\/2009\/02\/PASTI_2009_M-1.jpg 544w\" sizes=\"(max-width: 272px) 100vw, 272px\" \/><\/a>Ca \u00een fiecare an, cu ocazia Sfintelor Pa\u015fti sau \u00cenvierea Domnului, Romfilatelia introduce \u00een circula\u0163ie emisiunea de m\u00e3rci po\u015ftale dedicat\u00e3 acestui eveniment: Sfintele Pa\u015fti, cea mai important\u00e3 S\u00e3rb\u00e3toare religioas\u00e3 a anului.<br \/>\nImaginile reproduse pe timbrele emisiunii filatelice (R\u00e3stignirea, \u00cenvierea, \u00cen\u00e3l\u0163area), au fost alese de pe iconostasul Bisericii \u201eSf. Gheorghe\u201d, vechea Catedral\u00e3 Mitropolitan\u00e3 din Ia\u015fi.<br \/>\nBiserica a \u00eenceput a fi construit\u00e3 \u00een 1761 de c\u00e3tre fratele domnitorului Ioan Teodor Calimachi, mitropolitul Gavriil Calimachi \u015fi terminat\u00e3 \u00een jurul anilor 1768-1770. Din punct de vedere al arhitecturii, aceasta se \u00eenscrie \u00een stilul predominant al bisericilor din Moldova. \u00cen fa\u0163a u\u015fii de la intrare a fost construit un pridvor \u00een form\u00e3 de portic. \u00cen interior, catapeteasma, considerat\u00e3 o capodoper\u00e3 a barocului balcanic, se \u00eentinde ca o dantel\u00e3, l\u00e3s\u00e2nd privirii o \u00een\u015firuire de frunze cu ciorchini, flori cu petale duble, floarea soarelui ori cornul abunden\u0163ei, printre care \u00eent\u00e2lnim leul, grifonul, cerbul cu crucea \u00eentre coarne, vulturul bicefal, o pas\u00e3re cu un \u015farpe \u00een gheare.<br \/>\nIcoane ca cea a Maicii Domnului, a ctitorului, a M\u00e2ntuitorului Iisus Hristos, a Sf\u00e2ntului Gheorghe precum \u015fi Adormirea Maicii Domnului sunt doar c\u00e2teva din icoanele pe care le descoperim privind catapeteasma Bisericii \u201eSf. Gheorghe\u201c.<br \/>\n\u00cen \u00eentregul ei, aceast\u00e3 ctitorie poate fi considerat\u00e3 un monument de art\u00e3 religioas\u00e3, o etap\u00e3 important\u00e3 din istoria arhitecturii biserice\u015fti din Moldova.<br \/>\n\u00cen anul 1999, \u00cenalt Preasfin\u0163itul Daniel a ad\u00e3ugat acestei Biserici \u015fi hramul Sf. Cuvioasa Teodora de la Sihla.<br \/>\n\u00cen luna noiembrie a anului 2006, din cauza lucr\u00e3rilor de consolidare a Catedralei Mitropolitane din Ia\u015fi, au fost str\u00e3mutate aici, temporar, moa\u015ftele Sfintei Cuvioase Parascheva.<br \/>\nMiracolul \u00cenvierii Domnului, g\u00e2ndurile bune din S\u00e3pt\u00e3m\u00e2na Patimilor \u015fi lumina S\u00e3rb\u00e3torii Pa\u015ftelui trebuie s\u00e3 ne \u00eenso\u0163easc\u00e3 \u00een permanen\u0163\u00e3 \u00een drumurile \u00een care, cu siguran\u0163\u00e3, vom g\u00e3si \u00eemplinirea speran\u0163elor noastre.<br \/>\nAducem respectuoase mul\u0163umiri I.P.S. Teofan, P\u00e3storul Mitropoliei Moldovei \u015fi Bucovinei, pentru bun\u00e3voin\u0163a nepre\u0163uit\u00e3 \u015fi sprijinul nemijlocit acordat prin punerea la dispozi\u0163ie a imaginilor icoanelor reproduse pe m\u00e3rcile po\u015ftale.<\/p>\n<p>Data Aparitie:2009-02-26<\/p>\n<p><a href=\"https:\/\/romfilatelia.ro\/magazin\/wp-content\/uploads\/2009\/02\/PASTI_2009_box_rom.jpg\"><img decoding=\"async\" loading=\"lazy\" class=\"aligncenter wp-image-2004039 size-full\" src=\"https:\/\/romfilatelia.ro\/magazin\/wp-content\/uploads\/2009\/02\/PASTI_2009_box_rom.jpg\" alt=\"image description\" width=\"900\" height=\"752\" srcset=\"https:\/\/romfilatelia.ro\/magazin\/wp-content\/uploads\/2009\/02\/PASTI_2009_box_rom.jpg 900w, https:\/\/romfilatelia.ro\/magazin\/wp-content\/uploads\/2009\/02\/PASTI_2009_box_rom-500x418.jpg 500w, https:\/\/romfilatelia.ro\/magazin\/wp-content\/uploads\/2009\/02\/PASTI_2009_box_rom-64x53.jpg 64w, https:\/\/romfilatelia.ro\/magazin\/wp-content\/uploads\/2009\/02\/PASTI_2009_box_rom-300x251.jpg 300w, https:\/\/romfilatelia.ro\/magazin\/wp-content\/uploads\/2009\/02\/PASTI_2009_box_rom-768x642.jpg 768w\" sizes=\"(max-width: 900px) 100vw, 900px\" \/><\/a><\/p>\n","protected":false},"excerpt":{"rendered":"<p>Ca \u00een fiecare an, cu ocazia Sfintelor Pa\u015fti sau \u00cenvierea Domnului, Romfilatelia introduce \u00een circula\u0163ie emisiunea de m\u00e3rci po\u015ftale dedicat\u00e3 acestui eveniment: Sfintele Pa\u015fti, cea mai important\u00e3 S\u00e3rb\u00e3toare religioas\u00e3 a anului. Imaginile reproduse pe timbrele emisiunii filatelice (R\u00e3stignirea, \u00cenvierea, \u00cen\u00e3l\u0163area), au fost alese de pe iconostasul Bisericii \u201eSf. Gheorghe\u201d, vechea Catedral\u00e3 Mitropolitan\u00e3 din Ia\u015fi. Biserica&hellip;&nbsp;<a href=\"https:\/\/romfilatelia.ro\/magazin\/produs\/colectii-anuale\/2009\/sfintele-pasti-2009\/\" class=\"\" rel=\"bookmark\">Cite\u0219te mai mult &raquo;<span class=\"screen-reader-text\">Sfintele Pa\u015fti 2009<\/span><\/a><\/p>\n","protected":false},"featured_media":2004040,"template":"","meta":{"neve_meta_sidebar":"","neve_meta_container":"","neve_meta_enable_content_width":"","neve_meta_content_width":0,"neve_meta_title_alignment":"","neve_meta_author_avatar":"","neve_post_elements_order":"","neve_meta_disable_header":"","neve_meta_disable_footer":"","neve_meta_disable_title":""},"product_cat":[109,6],"product_tag":[],"_links":{"self":[{"href":"https:\/\/romfilatelia.ro\/magazin\/wp-json\/wp\/v2\/product\/2001744"}],"collection":[{"href":"https:\/\/romfilatelia.ro\/magazin\/wp-json\/wp\/v2\/product"}],"about":[{"href":"https:\/\/romfilatelia.ro\/magazin\/wp-json\/wp\/v2\/types\/product"}],"wp:featuredmedia":[{"embeddable":true,"href":"https:\/\/romfilatelia.ro\/magazin\/wp-json\/wp\/v2\/media\/2004040"}],"wp:attachment":[{"href":"https:\/\/romfilatelia.ro\/magazin\/wp-json\/wp\/v2\/media?parent=2001744"}],"wp:term":[{"taxonomy":"product_cat","embeddable":true,"href":"https:\/\/romfilatelia.ro\/magazin\/wp-json\/wp\/v2\/product_cat?post=2001744"},{"taxonomy":"product_tag","embeddable":true,"href":"https:\/\/romfilatelia.ro\/magazin\/wp-json\/wp\/v2\/product_tag?post=2001744"}],"curies":[{"name":"wp","href":"https:\/\/api.w.org\/{rel}","templated":true}]}}