{"id":2001738,"date":"2008-10-21T14:57:09","date_gmt":"2008-10-21T14:57:09","guid":{"rendered":"http:\/\/romfilatelia.ro\/store\/2008\/10\/21\/atomul-in-slujba-umanitatii-nuclearelectrica-10-ani-de-existentha\/"},"modified":"2016-08-08T13:49:50","modified_gmt":"2016-08-08T13:49:50","slug":"atomul-in-slujba-umanitatii-nuclearelectrica-10-ani-de-existentha","status":"publish","type":"product","link":"https:\/\/romfilatelia.ro\/magazin\/produs\/colectii-anuale\/2008\/atomul-in-slujba-umanitatii-nuclearelectrica-10-ani-de-existentha\/","title":{"rendered":"ATOMUL \u00ceN SLUJBA UMANIT\u00c3\u021aII &#8211; Nuclearelectrica &#8211; 10 ani de existen\u021b\u00e3"},"content":{"rendered":"<p><a href=\"https:\/\/romfilatelia.ro\/magazin\/wp-content\/uploads\/2008\/10\/NUCLEAR_M.jpg\"><img decoding=\"async\" loading=\"lazy\" class=\"size-medium wp-image-2004075 alignleft\" src=\"https:\/\/romfilatelia.ro\/magazin\/wp-content\/uploads\/2008\/10\/NUCLEAR_M-300x158.jpg\" alt=\"NUCLEAR_M\" width=\"300\" height=\"158\" srcset=\"https:\/\/romfilatelia.ro\/magazin\/wp-content\/uploads\/2008\/10\/NUCLEAR_M-300x158.jpg 300w, https:\/\/romfilatelia.ro\/magazin\/wp-content\/uploads\/2008\/10\/NUCLEAR_M-500x263.jpg 500w, https:\/\/romfilatelia.ro\/magazin\/wp-content\/uploads\/2008\/10\/NUCLEAR_M-64x34.jpg 64w, https:\/\/romfilatelia.ro\/magazin\/wp-content\/uploads\/2008\/10\/NUCLEAR_M.jpg 600w\" sizes=\"(max-width: 300px) 100vw, 300px\" \/><\/a>&#8222;Pacea nu poate fi \u0163inut\u00e3 prin for\u0163\u00e3; ea poate fi realizat\u00e3 doar prin \u00een\u0163elegere&#8221; &#8211; Albert Einstein<\/p>\n<p>\u00cen deceniul al patrulea al secolului XX, descoperirile din domeniul radioactivit\u00e3\u0163ii artificiale \u015fi a fisiunii atomului de uraniu au dat un puternic imbold cercet\u00e3rilor din domeniul fizicii nucleare.&#8221;Pacea nu poate fi \u0163inut\u00e3 prin for\u0163\u00e3; ea poate fi realizat\u00e3 doar prin \u00een\u0163elegere&#8221; &#8211; Albert Einstein<\/p>\n<p>\u00cen deceniul al patrulea al secolului XX, descoperirile din domeniul radioactivit\u00e3\u0163ii artificiale \u015fi a fisiunii atomului de uraniu au dat un puternic imbold cercet\u00e3rilor din domeniul fizicii nucleare.<\/p>\n<p>Energia nuclear\u00e3 a fost mult\u00e3 vreme privit\u00e3 cu team\u00e3 \u015fi suspiciune, \u00eent\u00e2mpin\u00e2nd destule obstacole \u00een aplicarea proiectelor de utilizare a ei \u00een scopuri pa\u015fnice. Folosirea pa\u015fnic\u00e3 a energiei nucleare se dovede\u015fte ast\u00e3zi esen\u0163ial\u00e3 pentru progresele \u015fi evolu\u0163ia societ\u00e3\u0163ii umane.<br \/>\n\u00cen dorin\u0163a de a promova ac\u0163iunile \u015fi programele legate de utilizarea \u00een scopuri pa\u015fnice a energiei nucleare, Romfilatelia introduce \u00een circula\u0163ie emisiunea de m\u00e3rci po\u015ftale Atomul \u00een slujba umanit\u00e3\u0163ii (Nuclearelectrica &#8211; 10 ani de existen\u0163\u00e3).<br \/>\nRom\u00e2nia se \u00eenscrie \u00een grupul \u0163\u00e3rilor care constituie avangarda utiliz\u00e3rii energiei nucleare pe scar\u00e3 industrial\u00e3. Sistemul energetic rom\u00e2nesc, \u00een care o component\u00e3 important\u00e3 o reprezint\u00e3 producerea de combustibil nuclear din uraniu natural autohton, a fost proiectat din anii \u00b460, iar \u00eenceperea lucr\u00e3rilor la primul reactor nuclear din Rom\u00e2nia dateaz\u00e3 din 1980.<br \/>\n\u021aara noastr\u00e3 este printre pu\u0163inele \u0163\u00e3ri care dispun de o central\u00e3 nuclearoelectric\u00e3, de resurse de uraniu, de o fabric\u00e3 de producere a combustibilului nuclear \u015fi de o uzin\u00e3 de ap\u00e3 grea, substan\u0163a cheie \u00een func\u0163ionarea CNE-urilor bazate pe tehnologia canadian\u00e3 CANDU (Canadian Deuterium Uranium).<br \/>\nSocietatea care se ocup\u00e3, \u00een Rom\u00e2nia, de producerea de energie nuclear\u00e3 \u015fi de combustibil nuclear este Societatea Na\u0163ional\u00e3 Nuclearelectrica S.A.<br \/>\nS.N. Nuclearelectrica S.A. a luat fiin\u0163\u00e3 \u00een anul 1998 \u015fi are ca misiune producerea de energie electric\u00e3 \u015fi termic\u00e3 prin procedeul nuclear, dezvoltarea energeticii nucleare, precum \u015fi fabricarea de combustibil nuclear \u00een condi\u0163ii de maxim\u00e3 siguran\u0163\u00e3, eficien\u0163\u00e3 economic\u00e3, grij\u00e3 fa\u0163\u00e3 de oameni \u015fi mediul \u00eenconjur\u00e3tor. De asemenea, SNN S.A. coordoneaz\u00e3 lucr\u00e3ri de investi\u0163ii \u015fi dezvoltare \u00een domeniu. Societatea dispune de dou\u00e3 sucursale: prima exploateaz\u00e3 Unit\u00e3\u0163ile 1 \u015fi 2 de la Centrala nuclearoelectric\u00e3 de la Cernavod\u00e3, iar cea de-a doua este Fabrica de combustibil nuclear de la Pite\u015fti.<br \/>\nSpeciali\u015ftii rom\u00e2ni \u00een energetica nuclear\u00e3- cercetare, proiectare, execu\u0163ie \u015fi exploatare a sistemului &#8211; sunt recunoscu\u0163i pe plan mondial \u015fi solicita\u0163i s\u00e3 colaboreze cu cei mai reputa\u0163i speciali\u015fti \u00een domeniu.<br \/>\nNuclearelectrica SA este un membru activ \u00een organiza\u0163iile interna\u0163ionale specializate, precum WANO-Atlanta Center (Asocia\u0163ia mondial\u00e3 a operatorilor din domeniul nuclear), COG (Grupul de\u0163in\u00e3torilor de centrale CANDU), Asocia\u0163ia Nuclear\u00e3 Mondial\u00e3 (WNA) precum \u015fi al Institutului de Cercetare \u00een domeniul Energiei Electrice (EPRI).<br \/>\nCompania a dezvoltat parteneriate eficiente \u015fi de durat\u00e3 \u00een cadrul programelor europene AIEA de cooperare regional\u00e3 \u015fi este, de asemenea, membru al grupului FORATOM.<br \/>\nAst\u00e3zi oamenii de \u015ftiin\u0163\u00e3 \u015fi agen\u0163ii economici \u015fi industriali de pretutindeni se preocup\u00e3 s\u00e3 contribuie la solu\u0163ionarea &#8211; \u00een interesul fiec\u00e3rei na\u0163iuni, dar \u015fi al \u00eentregii umanit\u00e3\u0163i &#8211; a problemei garant\u00e3rii siguran\u0163ei \u00een aprovizionarea cu energie, cu impact minim asupra mediului \u00eenconjur\u00e3tor \u015fi la un cost redus.<br \/>\n\u00cen acest context mondial, energia nuclear\u00e3 se prefigureaz\u00e3 a fi o component\u00e3 esen\u0163ial\u00e3 a mixtului energetic care va asigura cerin\u0163ele de energie prezente \u015fi viitoare ale omenirii.<\/p>\n<p>Data Aparitie:2008-10-21<\/p>\n<p><a href=\"https:\/\/romfilatelia.ro\/magazin\/wp-content\/uploads\/2008\/10\/NUCLEAR_rom_box.jpg\"><img decoding=\"async\" loading=\"lazy\" class=\"aligncenter wp-image-2004074 size-full\" src=\"https:\/\/romfilatelia.ro\/magazin\/wp-content\/uploads\/2008\/10\/NUCLEAR_rom_box.jpg\" alt=\"NUCLEAR_rom_box\" width=\"600\" height=\"480\" srcset=\"https:\/\/romfilatelia.ro\/magazin\/wp-content\/uploads\/2008\/10\/NUCLEAR_rom_box.jpg 600w, https:\/\/romfilatelia.ro\/magazin\/wp-content\/uploads\/2008\/10\/NUCLEAR_rom_box-500x400.jpg 500w, https:\/\/romfilatelia.ro\/magazin\/wp-content\/uploads\/2008\/10\/NUCLEAR_rom_box-64x51.jpg 64w, https:\/\/romfilatelia.ro\/magazin\/wp-content\/uploads\/2008\/10\/NUCLEAR_rom_box-300x240.jpg 300w\" sizes=\"(max-width: 600px) 100vw, 600px\" \/><\/a><\/p>\n","protected":false},"excerpt":{"rendered":"<p>&#8222;Pacea nu poate fi \u0163inut\u00e3 prin for\u0163\u00e3; ea poate fi realizat\u00e3 doar prin \u00een\u0163elegere&#8221; &#8211; Albert Einstein \u00cen deceniul al patrulea al secolului XX, descoperirile din domeniul radioactivit\u00e3\u0163ii artificiale \u015fi a fisiunii atomului de uraniu au dat un puternic imbold cercet\u00e3rilor din domeniul fizicii nucleare.&#8221;Pacea nu poate fi \u0163inut\u00e3 prin for\u0163\u00e3; ea poate fi realizat\u00e3&hellip;&nbsp;<a href=\"https:\/\/romfilatelia.ro\/magazin\/produs\/colectii-anuale\/2008\/atomul-in-slujba-umanitatii-nuclearelectrica-10-ani-de-existentha\/\" class=\"\" rel=\"bookmark\">Cite\u0219te mai mult &raquo;<span class=\"screen-reader-text\">ATOMUL \u00ceN SLUJBA UMANIT\u00c3\u021aII &#8211; Nuclearelectrica &#8211; 10 ani de existen\u021b\u00e3<\/span><\/a><\/p>\n","protected":false},"featured_media":2004075,"template":"","meta":{"neve_meta_sidebar":"","neve_meta_container":"","neve_meta_enable_content_width":"","neve_meta_content_width":0,"neve_meta_title_alignment":"","neve_meta_author_avatar":"","neve_post_elements_order":"","neve_meta_disable_header":"","neve_meta_disable_footer":"","neve_meta_disable_title":""},"product_cat":[110,6],"product_tag":[],"_links":{"self":[{"href":"https:\/\/romfilatelia.ro\/magazin\/wp-json\/wp\/v2\/product\/2001738"}],"collection":[{"href":"https:\/\/romfilatelia.ro\/magazin\/wp-json\/wp\/v2\/product"}],"about":[{"href":"https:\/\/romfilatelia.ro\/magazin\/wp-json\/wp\/v2\/types\/product"}],"wp:featuredmedia":[{"embeddable":true,"href":"https:\/\/romfilatelia.ro\/magazin\/wp-json\/wp\/v2\/media\/2004075"}],"wp:attachment":[{"href":"https:\/\/romfilatelia.ro\/magazin\/wp-json\/wp\/v2\/media?parent=2001738"}],"wp:term":[{"taxonomy":"product_cat","embeddable":true,"href":"https:\/\/romfilatelia.ro\/magazin\/wp-json\/wp\/v2\/product_cat?post=2001738"},{"taxonomy":"product_tag","embeddable":true,"href":"https:\/\/romfilatelia.ro\/magazin\/wp-json\/wp\/v2\/product_tag?post=2001738"}],"curies":[{"name":"wp","href":"https:\/\/api.w.org\/{rel}","templated":true}]}}