{"id":2001736,"date":"2008-07-15T14:55:35","date_gmt":"2008-07-15T14:55:35","guid":{"rendered":"http:\/\/romfilatelia.ro\/store\/2008\/07\/15\/ziua-marcii-poatale-romaneati-regina-maria-a-romaniei-70-de-ani-de-la-trecerea-la-cele-vesnice\/"},"modified":"2016-08-08T13:42:28","modified_gmt":"2016-08-08T13:42:28","slug":"ziua-marcii-poatale-romaneati-regina-maria-a-romaniei-70-de-ani-de-la-trecerea-la-cele-vesnice","status":"publish","type":"product","link":"https:\/\/romfilatelia.ro\/magazin\/produs\/colectii-anuale\/2008\/ziua-marcii-poatale-romaneati-regina-maria-a-romaniei-70-de-ani-de-la-trecerea-la-cele-vesnice\/","title":{"rendered":"ZIUA M\u00c3RCII PO\u0218TALE ROM\u00c2NE\u0218TI &#8211; Regina Maria a Rom\u00e2niei (70 de ani de la trecerea la cele ve\u015fnice)"},"content":{"rendered":"<p><a href=\"https:\/\/romfilatelia.ro\/magazin\/wp-content\/uploads\/2008\/07\/ZMP_Maria_M.jpg\"><img decoding=\"async\" loading=\"lazy\" class=\"size-medium wp-image-2004083 alignleft\" src=\"https:\/\/romfilatelia.ro\/magazin\/wp-content\/uploads\/2008\/07\/ZMP_Maria_M-300x276.jpg\" alt=\"ZMP_Maria_M\" width=\"300\" height=\"276\" srcset=\"https:\/\/romfilatelia.ro\/magazin\/wp-content\/uploads\/2008\/07\/ZMP_Maria_M-300x276.jpg 300w, https:\/\/romfilatelia.ro\/magazin\/wp-content\/uploads\/2008\/07\/ZMP_Maria_M-500x459.jpg 500w, https:\/\/romfilatelia.ro\/magazin\/wp-content\/uploads\/2008\/07\/ZMP_Maria_M-64x59.jpg 64w, https:\/\/romfilatelia.ro\/magazin\/wp-content\/uploads\/2008\/07\/ZMP_Maria_M.jpg 600w\" sizes=\"(max-width: 300px) 100vw, 300px\" \/><\/a><\/p>\n<p>\u00cen r\u00e2ndul celor \u00eenscri\u015fi \u00een galeria marilor personalit\u00e3\u0163i din Rom\u00e2nia secolului al XX-lea, desigur, Regina Maria al\u00e3turi de Ferdinand I, r\u00e3m\u00e2ne personalitatea care a influen\u0163at direct crearea \u015fi recunoa\u015fterea interna\u0163ional\u00e3 a Rom\u00e2niei Mari \u015fi a dat adev\u00e3rat\u00e3 str\u00e3lucire monarhiei rom\u00e2ne\u015fti&#8230;<\/p>\n<p>Dar oare c\u00e2\u0163i tineri, \u015fi nu numai, din ziua de ast\u00e3zi, \u00ee\u015fi mai aduc aminte de \u201eRegina Soldat\u201c \u015fi \u201eMama R\u00e3ni\u0163ilor\u201c sau de Regina Marii Unirii?<br \/>\nO lun\u00e3 de toamn\u00e3, tipic britanic\u00e3, \u00een comitatul Kent&#8230; La Eastwell Park, pe 29 octombrie 1875, \u00een plin\u00e3 epoc\u00e3 victorian\u00e3, se n\u00e3\u015ftea Maria Alexandra Victoria, al doilea copil al lui Alfred, duce de Edinburgh, conte de Kent \u015fi Ulster, fiul Reginei Victoria a Marii Britanii \u015fi Irlandei \u015fi al ducesei Maria Alexandrovna Romanov, fiica \u021aarului Alexandru al II-lea al Rusiei.<br \/>\nViitoare regin\u00e3 a unei viitoare \u0163\u00e3ri suverane, Maria, n\u00e3scut\u00e3 \u00een Casa domnitoare a Imperiului Britanic, cu doi ilu\u015ftri<br \/>\nbunici, unul c\u00e2rmuind Marea Britanie iar cel\u00e3lalt Marea Rusie \u015fi cu m\u00e3tu\u015fa, \u00eemp\u00e3r\u00e3teas\u00e3 a Germaniei, a v\u00e3zut lumina zilei cu trei ani \u00eenainte de recunoa\u015fterea independen\u0163ei \u0163\u00e3rii c\u00e3reia \u00eei va deveni Regin\u00e3: Rom\u00e2nia.<br \/>\nLa doar 17 ani, Maria (Missy, dup\u00e3 cum \u00eei spunea Regina Victoria a Angliei), se va m\u00e3rita cu succesorul tronului Rom\u00e2niei, Prin\u0163ul Ferdinand de Hohenzollern, ocazie cu care municipalitea Capitalei i-a oferit \u00een dar o cup\u00e3 de argint pe care era gravat: \u201eBine ai venit mireas\u00e3 de Dumnezeu aleas\u00e3 spre a patriei cinstire\u201c (1893).<br \/>\nAl\u00e3turi de Ferdinand, Prin\u0163ul mo\u015ftenitor al Rom\u00e2niei, p\u00e2n\u00e3 la moartea regelui Carol I ce va surveni \u00een 1914, prin\u0163esa Maria va fi \u015fi mam\u00e3 \u015fi politician, \u015fi gazd\u00e3 pentru prin\u0163i \u015fi regi ai Europei care vor fi oaspe\u0163i ai familiei regale a Rom\u00e2niei, dar \u015fi emisar \u015fi invitat de seam\u00e3 la cur\u0163ile regale de pe b\u00e3tr\u00e2nul continent. Va fi iubit\u00e3 \u015fi \u00eendr\u00e3gostit\u00e3, dar va lega \u015fi mari prietenii care vor \u0163ine o via\u0163\u00e3&#8230;<br \/>\nPerioada Primului R\u00e3zboi Mondial a fost, pentru Rom\u00e2nia dar \u015fi pentru Regina Maria, o trecere de la extaz la agonie, dar mai apoi credin\u0163a \u015fi lupta p\u00e2n\u00e3 la sacrificiu au reaprins lumina speran\u0163ei unui popor greu \u00eencercat.<br \/>\n\u201eCu adev\u00e3rat, ah Rom\u00e2nie, mai mult ca niciodat\u00e3 am fost mama ta \u00een acele clipe, suflet din sufletul t\u00e3u, inima ta b\u00e3tea \u00een a mea, s\u00e2ngele t\u00e3u era s\u00e2ngele meu. \u00ce\u0163i tr\u00e3iam speran\u0163ele, \u00ee\u0163i sim\u0163eam temerile, \u00ee\u0163i sufeream suferin\u0163ele, pl\u00e2ng\u00e2nd<br \/>\nlacrimile tale \u015fi s\u00e2nger\u00e2nd prin r\u00e3nile tale. Te-am v\u00e3zut distrus\u00e3, sf\u00e2\u015fiat\u00e3, apoi, vai!, tr\u00e3dat\u00e3 \u015fi abandonat\u00e3 destinului t\u00e3u. Te-am v\u00e3zut scufund\u00e2ndu-te \u00een bezn\u00e3 pentru a te re\u00eentoarce cu lumina zorilor&#8230;\u201c (Regina Maria: \u201ePovestea vie\u0163ii mele\u201c).<br \/>\nAt\u00e2t \u00een perioada R\u00e3zboaielor Balcanice c\u00e2t \u015fi a primei conflagra\u0163ii mondiale, Regina s-a aflat \u00een mijlocul bravilor solda\u0163i rom\u00e2ni r\u00e3ni\u0163i \u015fi muribunzi. \u0218i-a riscat via\u0163a pentru a fi al\u00e3turi de ei. \u201eOric\u00e2t de groaznice au fost acele zile ale nenorocirii, le binecuv\u00e2ntez, c\u00e3ci m-au apropiat de sufletul poporului meu&#8230;\u201c (Regina Maria: \u201ePovestea vie\u0163ii mele\u201c).<br \/>\nAtitudinea nehot\u00e3r\u00e2t\u00e3 a Rom\u00e2niei, \u00eentre 1914 \u015fi 1916, privitor la intrarea \u00een r\u00e3zboi, dar \u015fi imensele rezerve de petrol pe care \u0163ara noastr\u00e3 le avea la acea dat\u00e3, l-au f\u00e3cut pe mare\u015falul Hindenburg al Germaniei s\u00e3 explice: \u201eDac\u00e3, din nenorocire, Rom\u00e2nia trece \u00een tab\u00e3ra Antantei s-a zis cu aprovizionarea noastr\u00e3 cu carburan\u0163i. Rom\u00e2nia trebuie ocupat\u00e3 preventiv. Nici o \u0163ar\u00e3 a\u015fa de mic\u00e3 precum Rom\u00e2nia n-a avut ocazia s\u00e3 joace un rol at\u00e2t de hot\u00e3r\u00e2tor \u00een istoria lumii \u00eentr-un moment at\u00e2t de favorabil.\u201c (Guy Gauthier: \u201eMissy, Regina Rom\u00e2niei\u201c).<br \/>\nIntrarea \u00een Primul R\u00e3zboi Mondial a \u0163\u00e3rii noastre, ocuparea unei mari p\u00e3r\u0163i a Rom\u00e2niei \u015fi a Bucure\u015ftiului de c\u00e3tre<br \/>\narmata german\u00e3, retragerea la Ia\u015fi a armatei \u015fi evacuarea familiei regale, memorabilele lupte de la Oituz, M\u00e3r\u00e3\u015fti \u015fi M\u00e3r\u00e3\u015fe\u015fti, revolu\u0163ia bol\u015fevic\u00e3 din Rusia \u015fi armisti\u0163iul Rom\u00e2niei cu Germania din 1917, au f\u00e3cut ca Regina Maria s\u00e3 fie aproape singura care, \u00een ciuda at\u00e2tor necazuri \u015fi dureri, a crezut \u00een victoria alia\u0163ilor \u015fi \u00een visul ei m\u00e3re\u0163 \u015fi anume: Rom\u00e2nia Re\u00eentregit\u00e3.<br \/>\nPentru acest deziderat, pentru \u0163ara ei, Regina Maria, prin curajul \u015fi abnega\u0163ia de care a dat dovad\u00e3, a fost ne\u00eendoielnic, personalitatea marcant\u00e3 a Conferin\u0163ei de Pace de la Paris.<br \/>\nParisul a a\u015fteptat-o, \u00een prim\u00e3vara anului 1919, ca pe o adev\u00e3rat\u00e3 Mare Regin\u00e3, unde va trece \u00een revist\u00e3 Garda republican\u00e3 de la Palatul Elys\u00e9e, \u00een prezen\u0163a pre\u015fedintelui Fran\u0163ei, Raymond Poincar\u00e9. Va fi primit\u00e3 ca membru corespondent al Academiei de Belle-Arte, Regina Maria fiind prima femeie c\u00e3reia, de la \u00eenfiin\u0163area Academiei de c\u00e3tre Napoleon, i s-a conferit asemenea onoare.<br \/>\nMemorabil\u00e3 r\u00e3m\u00e2ne \u00eens\u00e3 \u00eent\u00e2lnirea Reginei Maria cu primul ministru al Fran\u0163ei, Georges Clemenceau poreclit Tigrul. Rom\u00e2nia Mare se realizase la 1 decembrie 1918, dar Marile Puteri \u00eenc\u00e3 nu \u00eencepuser\u00e3 Conferin\u0163a de Pace \u015fi Marea Unire nu era, deocamdat\u00e3, consfin\u0163it\u00e3 de aceasta. Pentru aceasta Maria trebuia s\u00e3 lupte:<br \/>\n\u201e&#8230; \u2013 Doamn\u00e3, dumnevaostr\u00e3 cere\u0163i partea leului!<br \/>\n\u2013 De aceea, domnule prim-ministru, Leoaica se adreseaz\u00e3 Tigrului&#8230;!\u201c (Regina Maria: \u201ePovestea vie\u0163ii mele\u201c)<br \/>\n\u00cen luna octombrie a anului 1920, Conferin\u0163a de la Paris parafeaz\u00e3 actul de legitimare a frontierelor Rom\u00e2niei Mari. A\u015fa cum a visat \u00eentotdeauna Regina Maria, unitatea provinciilor rom\u00e2ne\u015fti era complet realizat\u00e3.<br \/>\nDup\u00e3 doi ani, \u00een octombrie 1922, va avea loc, la Alba Iulia, \u00cencoronarea Regelui Ferdinand \u015fi a Reginei Maria, ca suverani ai Rom\u00e2niei \u00centregite. Coroana Regelui Ferdinand era cea a lui Carol I, f\u00e3urit\u00e3 din o\u0163elul unui tun capturat la Plevna, iar cea a Elisabetei era din aur realizat\u00e3 la Paris, \u00een 1920, b\u00e3tut\u00e3 cu pietre scumpe, av\u00e2nd pe laterale c\u00e2te un pandantiv cu c\u00e2te un disc pe care sunt reprezentate stemele Rom\u00e2niei \u015fi ale Marii Britanii, aceasta ca un omagiu adus originii Reginei Maria.<br \/>\n\u201e&#8230;Luminat\u00e3 de razele frumosului nostru soare din Rom\u00e2nia pe care l-am iubit \u00eentotdeauna, am \u00eengenuncheat \u00een fa\u0163a so\u0163ului meu pentru a-mi pune pe cap coroana de aur&#8230;Mantia regal\u00e3 aurit\u00e3 avea culorile soarelui \u00een amurg&#8230; Se vedeau \u015fi broderiile, embleme ale tuturor provinciilor care formau t\u00e2n\u00e3ra Rom\u00e2nie. Fiecare din aceste embleme era separat\u00e3 de celelalte prin spice de gr\u00e2u, principala bog\u00e3\u0163ie a \u0163\u00e3rii&#8230;!\u201c (Regina Maria: \u201ePovestea vie\u0163ii mele\u201c).<br \/>\n\u00cen anii ce au urmat, Regina Maria va \u00eentreprinde, \u00eempreun\u00e3 cu regele Ferdinand, turnee \u00een Europa, iar mai apoi, singur\u00e3, va face un lung turneu \u00een Statele Unite ale Americii. Va reu\u015fi ca, prin c\u00e3s\u00e3toriile copiilor s\u00e3i, s\u00e3 lege Casa Regal\u00e3 a Rom\u00e2niei cu celelalte Case domnitoare din Balcani&#8230;<br \/>\nO lun\u00e3 c\u00e3lduroas\u00e3 de var\u00e3 bucure\u015ftean\u00e3&#8230; 24 iulie 1938&#8230; Capitala, \u0163ara \u00eentreag\u00e3 este \u00een mov&#8230; culoarea ei&#8230; Trecut\u00e3 la cele ve\u015fnice, Regina Maria, pus\u00e3 pe un afet de tun, traverseaz\u00e3 ora\u015ful \u00eentr-o lini\u015fte ap\u00e3s\u00e3toare&#8230;<br \/>\n\u201e&#8230;\u00cen spatele sicriului, calul s\u00e3u \u00een ale c\u00e3rui sc\u00e3ri se aflau cizmele \u00eentoarse. Funeralii de soldat. De fapt, aceasta a fost Regina Maria: ultimul soldat lupt\u00e2nd pe ultima bucat\u00e3 de p\u00e3m\u00e2nt rom\u00e2nesc liber.\u201c (Guy Gauthier: \u201eMissy, Regina Rom\u00e2niei\u201c).<\/p>\n<p>Iubit\u00e3 de popor, apreciat\u00e3 de monarhiile din Europa \u015fi respectat\u00e3 de oamenii politici ai primelor patru decenii ai<br \/>\nsecolului trecut, Regina Maria r\u00e3m\u00e2ne, pentru Rom\u00e2nia, Icoana de aur a \u201eGr\u00e3dinii Maicii Domnului\u201c.<\/p>\n<p>Mul\u0163umim Casei Regale a Rom\u00e2niei pentru sprijinul acordat la realizarea acestei emisiuni de m\u00e3rci po\u015ftale.<br \/>\nAdres\u00e3m de asemenea, mul\u0163umiri doamnei dr. Diana Mandache pentru materialul documentar pus la dispozi\u0163ie.<\/p>\n<p>Data Aparitie:2008-07-15<\/p>\n<p><a href=\"https:\/\/romfilatelia.ro\/magazin\/wp-content\/uploads\/2008\/07\/ZMP_Maria_box_rom.jpg\"><img decoding=\"async\" loading=\"lazy\" class=\"aligncenter wp-image-2004082 size-full\" src=\"https:\/\/romfilatelia.ro\/magazin\/wp-content\/uploads\/2008\/07\/ZMP_Maria_box_rom.jpg\" alt=\"ZMP_Maria_box_rom\" width=\"900\" height=\"345\" srcset=\"https:\/\/romfilatelia.ro\/magazin\/wp-content\/uploads\/2008\/07\/ZMP_Maria_box_rom.jpg 900w, https:\/\/romfilatelia.ro\/magazin\/wp-content\/uploads\/2008\/07\/ZMP_Maria_box_rom-500x192.jpg 500w, https:\/\/romfilatelia.ro\/magazin\/wp-content\/uploads\/2008\/07\/ZMP_Maria_box_rom-64x25.jpg 64w, https:\/\/romfilatelia.ro\/magazin\/wp-content\/uploads\/2008\/07\/ZMP_Maria_box_rom-300x115.jpg 300w, https:\/\/romfilatelia.ro\/magazin\/wp-content\/uploads\/2008\/07\/ZMP_Maria_box_rom-768x294.jpg 768w\" sizes=\"(max-width: 900px) 100vw, 900px\" \/><\/a><\/p>\n","protected":false},"excerpt":{"rendered":"<p>\u00cen r\u00e2ndul celor \u00eenscri\u015fi \u00een galeria marilor personalit\u00e3\u0163i din Rom\u00e2nia secolului al XX-lea, desigur, Regina Maria al\u00e3turi de Ferdinand I, r\u00e3m\u00e2ne personalitatea care a influen\u0163at direct crearea \u015fi recunoa\u015fterea interna\u0163ional\u00e3 a Rom\u00e2niei Mari \u015fi a dat adev\u00e3rat\u00e3 str\u00e3lucire monarhiei rom\u00e2ne\u015fti&#8230; Dar oare c\u00e2\u0163i tineri, \u015fi nu numai, din ziua de ast\u00e3zi, \u00ee\u015fi mai aduc aminte&hellip;&nbsp;<a href=\"https:\/\/romfilatelia.ro\/magazin\/produs\/colectii-anuale\/2008\/ziua-marcii-poatale-romaneati-regina-maria-a-romaniei-70-de-ani-de-la-trecerea-la-cele-vesnice\/\" class=\"\" rel=\"bookmark\">Cite\u0219te mai mult &raquo;<span class=\"screen-reader-text\">ZIUA M\u00c3RCII PO\u0218TALE ROM\u00c2NE\u0218TI &#8211; Regina Maria a Rom\u00e2niei (70 de ani de la trecerea la cele ve\u015fnice)<\/span><\/a><\/p>\n","protected":false},"featured_media":2004083,"template":"","meta":{"neve_meta_sidebar":"","neve_meta_container":"","neve_meta_enable_content_width":"","neve_meta_content_width":0,"neve_meta_title_alignment":"","neve_meta_author_avatar":"","neve_post_elements_order":"","neve_meta_disable_header":"","neve_meta_disable_footer":"","neve_meta_disable_title":""},"product_cat":[110,6],"product_tag":[],"_links":{"self":[{"href":"https:\/\/romfilatelia.ro\/magazin\/wp-json\/wp\/v2\/product\/2001736"}],"collection":[{"href":"https:\/\/romfilatelia.ro\/magazin\/wp-json\/wp\/v2\/product"}],"about":[{"href":"https:\/\/romfilatelia.ro\/magazin\/wp-json\/wp\/v2\/types\/product"}],"wp:featuredmedia":[{"embeddable":true,"href":"https:\/\/romfilatelia.ro\/magazin\/wp-json\/wp\/v2\/media\/2004083"}],"wp:attachment":[{"href":"https:\/\/romfilatelia.ro\/magazin\/wp-json\/wp\/v2\/media?parent=2001736"}],"wp:term":[{"taxonomy":"product_cat","embeddable":true,"href":"https:\/\/romfilatelia.ro\/magazin\/wp-json\/wp\/v2\/product_cat?post=2001736"},{"taxonomy":"product_tag","embeddable":true,"href":"https:\/\/romfilatelia.ro\/magazin\/wp-json\/wp\/v2\/product_tag?post=2001736"}],"curies":[{"name":"wp","href":"https:\/\/api.w.org\/{rel}","templated":true}]}}