{"id":2001730,"date":"2008-06-21T14:28:20","date_gmt":"2008-06-21T14:28:20","guid":{"rendered":"http:\/\/romfilatelia.ro\/store\/2008\/06\/21\/emisiune-comuna-romania-kuwait-45-de-ani-de-relathii-diplomatice-romania-kuwait\/"},"modified":"2016-08-08T12:55:39","modified_gmt":"2016-08-08T12:55:39","slug":"emisiune-comuna-romania-kuwait-45-de-ani-de-relathii-diplomatice-romania-kuwait","status":"publish","type":"product","link":"https:\/\/romfilatelia.ro\/magazin\/produs\/colectii-anuale\/2008\/emisiune-comuna-romania-kuwait-45-de-ani-de-relathii-diplomatice-romania-kuwait\/","title":{"rendered":"Emisiune comun\u00e3 ROM\u00c2NIA \u2013 KUWAIT  &#8211;  45 de ani de rela\u021bii diplomatice Rom\u00e2nia \u2013 Kuwait"},"content":{"rendered":"<p><a href=\"https:\/\/romfilatelia.ro\/magazin\/wp-content\/uploads\/2008\/06\/rom_kuw_M.jpg\"><img decoding=\"async\" loading=\"lazy\" class=\"size-medium wp-image-2004106 alignleft\" src=\"https:\/\/romfilatelia.ro\/magazin\/wp-content\/uploads\/2008\/06\/rom_kuw_M-232x300.jpg\" alt=\"rom_kuw_M\" width=\"232\" height=\"300\" srcset=\"https:\/\/romfilatelia.ro\/magazin\/wp-content\/uploads\/2008\/06\/rom_kuw_M-232x300.jpg 232w, https:\/\/romfilatelia.ro\/magazin\/wp-content\/uploads\/2008\/06\/rom_kuw_M-64x83.jpg 64w, https:\/\/romfilatelia.ro\/magazin\/wp-content\/uploads\/2008\/06\/rom_kuw_M-309x400.jpg 309w, https:\/\/romfilatelia.ro\/magazin\/wp-content\/uploads\/2008\/06\/rom_kuw_M.jpg 464w\" sizes=\"(max-width: 232px) 100vw, 232px\" \/><\/a> Cu ocazia \u00eemplinirii, \u00een acest an, a 45 de ani de rela\u0163ii diplomatice \u00eentre Rom\u00e2nia \u015fi Kuwait, Romfilatelia introduce \u00een circula\u0163ie emisiunea comun\u00e3 de m\u00e3rci po\u015ftale \u201e45 de ani de rela\u0163ii diplomatice<br \/>\nRom\u00e2nia-Kuwait\u201c.<\/p>\n<p>Rom\u00e2nia a stabilit rela\u0163ii diplomatice la rang de ambasad\u00e3 cu Statul Kuwait la 10 iunie 1963, emiratul fiind prima \u0163ar\u00e3 din regiunea Golfului Arab care a ini\u0163iat rela\u0163ii diplomatice cu \u0163ara noastr\u00e3 \u015fi cu alte state din Europa de Est. De asemenea, emirul Kuwaitului a fost primul \u015fef de stat din regiunea Golfului Arab care a vizitat Rom\u00e2nia, \u00een 1981.<br \/>\nDup\u00e3 1990, pre\u015fedin\u0163ii Rom\u00e2niei au efectuat vizite oficiale \u00een Kuwait (1992, 1999) fapt ce a facilitat consolidarea rela\u0163iilor politico &#8211; diplomatice bilaterale, dialog continuat \u015fi prin vizitele \u00eenal\u0163ilor demnitari kuwaitieni \u00een \u0163ara noastr\u00e3, cea mai recent\u00e3 fiind vizita oficial\u00e3 a prim-ministrului kuwaitian \u00een Rom\u00e2nia, \u00een anul 2006, prilej cu care a fost deschis\u00e3 oficial Ambasada Statului Kuwait la Bucure\u015fti.<br \/>\nCa \u0163ar\u00e3 prieten\u00e3, Rom\u00e2nia s-a implicat \u00een eliberarea Kuwaitului, particip\u00e2nd ulterior la procesul de reconstruc\u0163ie, c\u00e2nd mai multe forma\u0163iuni specializate au contribuit direct la opera\u0163iunile de stingere a pu\u0163urilor de petrol incendiate \u00een timpul ostilit\u00e3\u0163ilor.<br \/>\nRela\u0163iile politico &#8211; diplomatice dintre cele dou\u00e3 state au urm\u00e3rit valorificarea la un nivel maxim a oportunit\u00e3\u0163ilor oferite de calitatea bun\u00e3 a dialogului politic bilateral, viz\u00e2nd \u00eembog\u00e3\u0163irea cadrului juridic bilateral \u00een domenii de interes comun, precum \u015fi concretizarea unor decizii importante pe linie economic\u00e3.<br \/>\n\u00cen planul rela\u0163iilor economice bilaterale, Rom\u00e2nia \u015fi Statul Kuwait sus\u0163in \u00eentr-un efort comun cooperarea \u00eentre partenerii de afaceri din cele dou\u00e3 \u0163\u00e3ri, \u00een ultimii ani evolu\u0163ia schimburilor comerciale marc\u00e2nd o dinamic\u00e3 ascendent\u00e3, dovad\u00e3 a progresului economic din ambele \u0163\u00e3ri, valorificat \u00een beneficiul comun al celor dou\u00e3 popoare.<br \/>\nPe imaginea coli\u0163ei emisiunii este prezentat\u00e3 o ac\u0163iune pentru stingerea incendiilor de sond\u00e3 la care au participat speciali\u015fti rom\u00e2ni folosind instala\u0163ii speciale.<br \/>\nCele dou\u00e3 timbre ale emisiunii poart\u00e3 imagini ce ilustreaz\u00e3 me\u015fte\u015fuguri tradi\u0163ionale cum sunt \u0163esutul la rom\u00e2ni \u015fi confec\u0163ionarea machetelor de nave cu p\u00e2nze, \u00een Kuwait.<br \/>\nTalentul str\u00e3mo\u015filor rom\u00e2nilor \u00een realizarea \u0163es\u00e3turilor cu mijloace tradi\u0163ionale este bine prezentat de Herodot care aseam\u00e3n\u00e3 \u0163es\u00e3turile dacilor cu cele existente \u00een Cetatea Romei.<br \/>\nLa r\u00e2ndul lor, kuwaitienii de azi, \u00eendr\u00e3gosti\u0163i de \u00eentinderea m\u00e3rilor, readuc \u00een casele iubitorilor de nave \u00een miniatur\u00e3, machetele vechilor cor\u00e3bii de lupt\u00e3 \u015fi comerciale.<br \/>\nReunind \u00eentr-o concep\u0163ie unitar\u00e3 tradi\u0163ii \u015fi leg\u00e3turi str\u00e2nse de colaborare \u015fi \u00eentr-ajutorare, emisiunea comun\u00e3 de m\u00e3rci po\u015ftale se \u00eenscrie ca un important reper al istoriei popoarelor rom\u00e2n \u015fi kuwaitian, \u00eentr-un moment c\u00e2nd rela\u0163iile bilaterale cunosc un curs ascendent.<\/p>\n<p>Data Aparitie:2008-06-21<\/p>\n<p><a href=\"https:\/\/romfilatelia.ro\/magazin\/wp-content\/uploads\/2008\/06\/rom_kuw_box_rom.jpg\"><img decoding=\"async\" loading=\"lazy\" class=\"aligncenter wp-image-2004105 size-full\" src=\"https:\/\/romfilatelia.ro\/magazin\/wp-content\/uploads\/2008\/06\/rom_kuw_box_rom.jpg\" alt=\"rom_kuw_box_rom\" width=\"1200\" height=\"556\" srcset=\"https:\/\/romfilatelia.ro\/magazin\/wp-content\/uploads\/2008\/06\/rom_kuw_box_rom.jpg 1200w, https:\/\/romfilatelia.ro\/magazin\/wp-content\/uploads\/2008\/06\/rom_kuw_box_rom-500x232.jpg 500w, https:\/\/romfilatelia.ro\/magazin\/wp-content\/uploads\/2008\/06\/rom_kuw_box_rom-64x30.jpg 64w, https:\/\/romfilatelia.ro\/magazin\/wp-content\/uploads\/2008\/06\/rom_kuw_box_rom-300x139.jpg 300w, https:\/\/romfilatelia.ro\/magazin\/wp-content\/uploads\/2008\/06\/rom_kuw_box_rom-768x356.jpg 768w, https:\/\/romfilatelia.ro\/magazin\/wp-content\/uploads\/2008\/06\/rom_kuw_box_rom-1024x474.jpg 1024w\" sizes=\"(max-width: 1200px) 100vw, 1200px\" \/><\/a><\/p>\n","protected":false},"excerpt":{"rendered":"<p>Cu ocazia \u00eemplinirii, \u00een acest an, a 45 de ani de rela\u0163ii diplomatice \u00eentre Rom\u00e2nia \u015fi Kuwait, Romfilatelia introduce \u00een circula\u0163ie emisiunea comun\u00e3 de m\u00e3rci po\u015ftale \u201e45 de ani de rela\u0163ii diplomatice Rom\u00e2nia-Kuwait\u201c. Rom\u00e2nia a stabilit rela\u0163ii diplomatice la rang de ambasad\u00e3 cu Statul Kuwait la 10 iunie 1963, emiratul fiind prima \u0163ar\u00e3 din regiunea&hellip;&nbsp;<a href=\"https:\/\/romfilatelia.ro\/magazin\/produs\/colectii-anuale\/2008\/emisiune-comuna-romania-kuwait-45-de-ani-de-relathii-diplomatice-romania-kuwait\/\" class=\"\" rel=\"bookmark\">Cite\u0219te mai mult &raquo;<span class=\"screen-reader-text\">Emisiune comun\u00e3 ROM\u00c2NIA \u2013 KUWAIT  &#8211;  45 de ani de rela\u021bii diplomatice Rom\u00e2nia \u2013 Kuwait<\/span><\/a><\/p>\n","protected":false},"featured_media":2004106,"template":"","meta":{"neve_meta_sidebar":"","neve_meta_container":"","neve_meta_enable_content_width":"","neve_meta_content_width":0,"neve_meta_title_alignment":"","neve_meta_author_avatar":"","neve_post_elements_order":"","neve_meta_disable_header":"","neve_meta_disable_footer":"","neve_meta_disable_title":""},"product_cat":[110,6],"product_tag":[],"_links":{"self":[{"href":"https:\/\/romfilatelia.ro\/magazin\/wp-json\/wp\/v2\/product\/2001730"}],"collection":[{"href":"https:\/\/romfilatelia.ro\/magazin\/wp-json\/wp\/v2\/product"}],"about":[{"href":"https:\/\/romfilatelia.ro\/magazin\/wp-json\/wp\/v2\/types\/product"}],"wp:featuredmedia":[{"embeddable":true,"href":"https:\/\/romfilatelia.ro\/magazin\/wp-json\/wp\/v2\/media\/2004106"}],"wp:attachment":[{"href":"https:\/\/romfilatelia.ro\/magazin\/wp-json\/wp\/v2\/media?parent=2001730"}],"wp:term":[{"taxonomy":"product_cat","embeddable":true,"href":"https:\/\/romfilatelia.ro\/magazin\/wp-json\/wp\/v2\/product_cat?post=2001730"},{"taxonomy":"product_tag","embeddable":true,"href":"https:\/\/romfilatelia.ro\/magazin\/wp-json\/wp\/v2\/product_tag?post=2001730"}],"curies":[{"name":"wp","href":"https:\/\/api.w.org\/{rel}","templated":true}]}}