{"id":2001729,"date":"2008-06-20T14:28:05","date_gmt":"2008-06-20T14:28:05","guid":{"rendered":"http:\/\/romfilatelia.ro\/store\/2008\/06\/20\/expozithia-filatelica-mondiala-efiro-2008-iii-150-de-ani-de-la-aparithia-primelor-marci-postale-romanesti-emisiuni-de-marci-postale-romanesti-in-premiera\/"},"modified":"2016-08-08T12:45:10","modified_gmt":"2016-08-08T12:45:10","slug":"expozithia-filatelica-mondiala-efiro-2008-iii-150-de-ani-de-la-aparithia-primelor-marci-postale-romanesti-emisiuni-de-marci-postale-romanesti-in-premiera","status":"publish","type":"product","link":"https:\/\/romfilatelia.ro\/magazin\/produs\/colectii-anuale\/2008\/expozithia-filatelica-mondiala-efiro-2008-iii-150-de-ani-de-la-aparithia-primelor-marci-postale-romanesti-emisiuni-de-marci-postale-romanesti-in-premiera\/","title":{"rendered":"Expozi\u021bia Filatelic\u00e3 Mondial\u00e3 EFIRO 2008 (III)  &#8211;  150 de ani de la apari\u021bia primelor m\u00e3rci po\u015ftale rom\u00e2ne\u015fti &#8211; Emisiuni de m\u00e3rci po\u015ftale rom\u00e2ne\u015fti \u00een premier\u00e3"},"content":{"rendered":"<p><a href=\"https:\/\/romfilatelia.ro\/magazin\/wp-content\/uploads\/2008\/06\/efiro_2008_M.jpg\"><img decoding=\"async\" loading=\"lazy\" class=\"size-medium wp-image-2004110 alignleft\" src=\"https:\/\/romfilatelia.ro\/magazin\/wp-content\/uploads\/2008\/06\/efiro_2008_M-248x300.jpg\" alt=\"efiro_2008_M\" width=\"248\" height=\"300\" srcset=\"https:\/\/romfilatelia.ro\/magazin\/wp-content\/uploads\/2008\/06\/efiro_2008_M-248x300.jpg 248w, https:\/\/romfilatelia.ro\/magazin\/wp-content\/uploads\/2008\/06\/efiro_2008_M-64x78.jpg 64w, https:\/\/romfilatelia.ro\/magazin\/wp-content\/uploads\/2008\/06\/efiro_2008_M-330x400.jpg 330w, https:\/\/romfilatelia.ro\/magazin\/wp-content\/uploads\/2008\/06\/efiro_2008_M.jpg 495w\" sizes=\"(max-width: 248px) 100vw, 248px\" \/><\/a> \u00cen 2008 se \u00eemplinesc 150 de ani de la emiterea primelor m\u00e3rci po\u015ftale rom\u00e2ne\u015fti, celebrele \u201eCap de bour\u201d. Cu aceast\u00e3 ocazie, Rom\u00e2nia organizeaz\u00e3 prima Expozi\u0163ie Filatelic\u00e3 Mondial\u00e3, sub denumirea EFIRO 2008.<br \/>\nPrima expozi\u0163ie EFIRO (E-expozi\u0163ie FI-filatelic\u00e3 RO-rom\u00e2n\u00e3), cu participare interna\u0163ional\u00e3, s-a organizat \u00een 1932, sub \u00eenaltul patronaj al Regelui Carol al II-lea. Urm\u00e3toarele dou\u00e3 au fost g\u00e3zduite de Palatul Parlamentului, \u00een 1998 \u015fi \u00een 2004.<br \/>\nPentru a promova \u00een r\u00e2ndul popula\u0163iei acest eveniment filatelic major, Romfilatelia a introdus \u00een circula\u0163ie, \u00een 2006 \u015fi \u00een 2007, dou\u00e3 emisiuni de m\u00e3rci po\u015ftale dedicate acestui eveniment. Cea din 2006 prezint\u00e3 \u00een maniera \u201emarc\u00e3 pe marc\u00e3\u201c timbrele primei emisiuni \u201eCap de Bour\u201c (15 iulie 1858), iar cea din 2007 este realizat\u00e3 tot \u00een maniera \u201emarc\u00e3 pe marc\u00e3\u201c, format\u00e3 din trei timbre cu valorile nominale de 1,10 Lei, 2,10 Lei \u015fi 3,30 Lei, reproduc\u00e2nd timbrele celei de a doua<br \/>\nemisiuni \u201eCap de Bour\u201c (1 noiembrie 1858 &#8211; 1 mai 1862), care aveau \u00eenscrise valorile nominale de 5, 40 \u015fi 80 parale.<br \/>\nEmisiunea de m\u00e3rci po\u015ftale dedicat\u00e3 EFIRO 2008, pe care Romfilatelia o introduce \u00een circula\u0163ie \u00een cadrul manifest\u00e3rilor EFIRO 2008, reune\u015fte imagini ale m\u00e3rcilor po\u015ftale ap\u00e3rute \u00een perioada 1858-1932 ce se constituie \u00een premiere tematice<br \/>\npentru filatelia rom\u00e2neasc\u00e3.<br \/>\nEmisiunea, realizat\u00e3 \u00een concep\u0163ia \u201emarc\u00e3 pe marc\u00e3\u201c, reune\u015fte \u015fase imagini ale unor m\u00e3rci po\u015ftale a c\u00e3ror tematic\u00e3 reprezenta la data punerii \u00een circula\u0163ie o premier\u00e3, la care s-a ad\u00e3ugat reproducerea primei coli\u0163e filatelice rom\u00e2ne\u015fti (1932).<br \/>\nMarca po\u015ftal\u00e3 cu valoarea nominal\u00e3 de 50 Bani, reproduce imaginea uneia din cele trei m\u00e3rci po\u015ftale ce apar\u0163ine celei de a doua emisiuni \u201eCap de Bour\u201c, destinat\u00e3 franc\u00e3rii ziarelor pe care Po\u015fta Moldovei le distribuia abona\u0163ilor.<br \/>\nMarca po\u015ftal\u00e3 cu valoarea nominal\u00e3 de 1,00 Lei, reproduce imaginea uneia din cele trei m\u00e3rci po\u015ftale ale primei<br \/>\nemisiuni cu putere de circula\u0163ie \u00een ambele Principate: Moldova \u015fi Muntenia realizat\u00e3 \u00een 1862. Pentru prima dat\u00e3 m\u00e3rcile po\u015ftale au inscrip\u0163ionate \u00een grafie latin\u00e3 textul corect formulat: FRANCO SCRISOREI.<br \/>\nMarca po\u015ftal\u00e3 cu valoarea nominal\u00e3 de 2,40 Lei, reproduce imaginea unei m\u00e3rci a emisiunii (cu trei valori nominale) care ilustreaz\u00e3 pentru prima dat\u00e3 efigia unei personalit\u00e3\u0163i, Domnitorul Alexandru Ioan Cuza.<br \/>\nMarca po\u015ftal\u00e3 cu valoarea nominal\u00e3 de 3,10 Lei, reproduce imaginea m\u00e3rcii cap de serie a primei emisiuni jubiliare<br \/>\ndedicat\u00e3 anivers\u00e3rii a 25 de ani de domnie a Regelui Carol I. Cele 5 valori nominale ale seriei au avut ca interval de<br \/>\ncircula\u0163ie numai trei zile \u2013 10, 11, \u015fi 12 mai 1891.<br \/>\nMarca po\u015ftal\u00e3 cu valoarea nominal\u00e3 de 4,50 Lei, reproduce imaginea m\u00e3rcii cap de serie a primei emisiuni dedicat\u00e3 inaugur\u00e3rii unui edificiu: Palatul Po\u015ftelor. Pus\u00e3 \u00een circula\u0163ie \u00een mai 1903, emisiunea a fost tip\u00e3rit\u00e3 la Paris \u00een anul 1901.<br \/>\nMarca po\u015ftal\u00e3 cu valoarea nominal\u00e3 de 6,00 Lei, reproduce imaginea primei m\u00e3rcii comemorative rom\u00e2ne\u015fti, pus\u00e3 \u00een circula\u0163ie cu ocazia comemor\u00e3rii \u00een 1932 a cinci sute de ani de la moartea lui Alexandru cel Bun. Din cele 500.000 de m\u00e3rci po\u015ftale tip\u00e3rite, 400.000 au fost retrase dup\u00e3 ce s-a descoperit c\u00e3 se trecuse gre\u015fit anul \u00eensc\u00e3un\u00e3rii (1406 \u00een loc de 1400).<br \/>\nColi\u0163a emisiunii EFIRO 2008, a c\u00e3rei marc\u00e3 po\u015ftal\u00e3, perforat\u00e3 pe contur rotund, cu valoarea nominal\u00e3 de 8,10 Lei, reune\u015fte \u00eentr-o concep\u0163ie original\u00e3, elementele grafice cu reproducerea imaginii primei coli\u0163e filatelice rom\u00e2ne\u015fti tip\u00e3rit\u00e3 \u00een anul 1932 cu ocazia primei edi\u0163ii a Expozi\u0163iei filatelice EFIRO, organizat\u00e3 sub patronajul Regelui Carol al II-lea.<\/p>\n<p>Data Aparitie:2008-06-20<\/p>\n<p><a href=\"https:\/\/romfilatelia.ro\/magazin\/wp-content\/uploads\/2008\/06\/efiro_2008_box_rom.jpg\"><img decoding=\"async\" loading=\"lazy\" class=\"aligncenter wp-image-2004109 size-full\" src=\"https:\/\/romfilatelia.ro\/magazin\/wp-content\/uploads\/2008\/06\/efiro_2008_box_rom.jpg\" alt=\"efiro_2008_box_rom\" width=\"1200\" height=\"630\" srcset=\"https:\/\/romfilatelia.ro\/magazin\/wp-content\/uploads\/2008\/06\/efiro_2008_box_rom.jpg 1200w, https:\/\/romfilatelia.ro\/magazin\/wp-content\/uploads\/2008\/06\/efiro_2008_box_rom-500x263.jpg 500w, https:\/\/romfilatelia.ro\/magazin\/wp-content\/uploads\/2008\/06\/efiro_2008_box_rom-64x34.jpg 64w, https:\/\/romfilatelia.ro\/magazin\/wp-content\/uploads\/2008\/06\/efiro_2008_box_rom-300x158.jpg 300w, https:\/\/romfilatelia.ro\/magazin\/wp-content\/uploads\/2008\/06\/efiro_2008_box_rom-768x403.jpg 768w, https:\/\/romfilatelia.ro\/magazin\/wp-content\/uploads\/2008\/06\/efiro_2008_box_rom-1024x538.jpg 1024w\" sizes=\"(max-width: 1200px) 100vw, 1200px\" \/><\/a><\/p>\n","protected":false},"excerpt":{"rendered":"<p>\u00cen 2008 se \u00eemplinesc 150 de ani de la emiterea primelor m\u00e3rci po\u015ftale rom\u00e2ne\u015fti, celebrele \u201eCap de bour\u201d. Cu aceast\u00e3 ocazie, Rom\u00e2nia organizeaz\u00e3 prima Expozi\u0163ie Filatelic\u00e3 Mondial\u00e3, sub denumirea EFIRO 2008. Prima expozi\u0163ie EFIRO (E-expozi\u0163ie FI-filatelic\u00e3 RO-rom\u00e2n\u00e3), cu participare interna\u0163ional\u00e3, s-a organizat \u00een 1932, sub \u00eenaltul patronaj al Regelui Carol al II-lea. Urm\u00e3toarele dou\u00e3 au&hellip;&nbsp;<a href=\"https:\/\/romfilatelia.ro\/magazin\/produs\/colectii-anuale\/2008\/expozithia-filatelica-mondiala-efiro-2008-iii-150-de-ani-de-la-aparithia-primelor-marci-postale-romanesti-emisiuni-de-marci-postale-romanesti-in-premiera\/\" class=\"\" rel=\"bookmark\">Cite\u0219te mai mult &raquo;<span class=\"screen-reader-text\">Expozi\u021bia Filatelic\u00e3 Mondial\u00e3 EFIRO 2008 (III)  &#8211;  150 de ani de la apari\u021bia primelor m\u00e3rci po\u015ftale rom\u00e2ne\u015fti &#8211; Emisiuni de m\u00e3rci po\u015ftale rom\u00e2ne\u015fti \u00een premier\u00e3<\/span><\/a><\/p>\n","protected":false},"featured_media":2004110,"template":"","meta":{"neve_meta_sidebar":"","neve_meta_container":"","neve_meta_enable_content_width":"","neve_meta_content_width":0,"neve_meta_title_alignment":"","neve_meta_author_avatar":"","neve_post_elements_order":"","neve_meta_disable_header":"","neve_meta_disable_footer":"","neve_meta_disable_title":""},"product_cat":[110,6],"product_tag":[],"_links":{"self":[{"href":"https:\/\/romfilatelia.ro\/magazin\/wp-json\/wp\/v2\/product\/2001729"}],"collection":[{"href":"https:\/\/romfilatelia.ro\/magazin\/wp-json\/wp\/v2\/product"}],"about":[{"href":"https:\/\/romfilatelia.ro\/magazin\/wp-json\/wp\/v2\/types\/product"}],"wp:featuredmedia":[{"embeddable":true,"href":"https:\/\/romfilatelia.ro\/magazin\/wp-json\/wp\/v2\/media\/2004110"}],"wp:attachment":[{"href":"https:\/\/romfilatelia.ro\/magazin\/wp-json\/wp\/v2\/media?parent=2001729"}],"wp:term":[{"taxonomy":"product_cat","embeddable":true,"href":"https:\/\/romfilatelia.ro\/magazin\/wp-json\/wp\/v2\/product_cat?post=2001729"},{"taxonomy":"product_tag","embeddable":true,"href":"https:\/\/romfilatelia.ro\/magazin\/wp-json\/wp\/v2\/product_tag?post=2001729"}],"curies":[{"name":"wp","href":"https:\/\/api.w.org\/{rel}","templated":true}]}}