{"id":2001727,"date":"2008-05-20T14:25:59","date_gmt":"2008-05-20T14:25:59","guid":{"rendered":"http:\/\/romfilatelia.ro\/store\/2008\/05\/20\/centenarul-muzeului-nathional-de-istorie-naturala-grigore-antipa\/"},"modified":"2016-08-08T12:22:29","modified_gmt":"2016-08-08T12:22:29","slug":"centenarul-muzeului-nathional-de-istorie-naturala-grigore-antipa","status":"publish","type":"product","link":"https:\/\/romfilatelia.ro\/magazin\/produs\/colectii-anuale\/2008\/centenarul-muzeului-nathional-de-istorie-naturala-grigore-antipa\/","title":{"rendered":"Centenarul Muzeului Na\u021bional de Istorie Natural\u00e3 &#8222;GRIGORE ANTIPA&#8221;"},"content":{"rendered":"<p><a href=\"https:\/\/romfilatelia.ro\/magazin\/wp-content\/uploads\/2008\/05\/antipa_M.jpg\"><img decoding=\"async\" loading=\"lazy\" class=\"size-medium wp-image-2004513 alignleft\" src=\"https:\/\/romfilatelia.ro\/magazin\/wp-content\/uploads\/2008\/05\/antipa_M-300x195.jpg\" alt=\"antipa_M\" width=\"300\" height=\"195\" srcset=\"https:\/\/romfilatelia.ro\/magazin\/wp-content\/uploads\/2008\/05\/antipa_M-300x195.jpg 300w, https:\/\/romfilatelia.ro\/magazin\/wp-content\/uploads\/2008\/05\/antipa_M-500x325.jpg 500w, https:\/\/romfilatelia.ro\/magazin\/wp-content\/uploads\/2008\/05\/antipa_M-64x42.jpg 64w, https:\/\/romfilatelia.ro\/magazin\/wp-content\/uploads\/2008\/05\/antipa_M.jpg 600w\" sizes=\"(max-width: 300px) 100vw, 300px\" \/><\/a> \u00cen urm\u00e3 cu o sut\u00e3 de ani, \u00een prezen\u0163a regelui Carol I, a Prin\u0163ului Ferdinand \u015fi a Prin\u0163esei Maria, avea loc inaugurarea oficial\u00e3 a Muzeului \u00een noua cl\u00e3dire &#8222;de la \u0218osea&#8221;.<br \/>\nPentru a s\u00e3rb\u00e3tori acest eveniment, Romfilatelia introduce \u00een circula\u0163ie emisiunea de m\u00e3rci po\u015ftale Centenarul Muzeului Na\u0163ional de Istorie Natural\u00e3 &#8222;GRIGORE ANTIPA&#8221;.<br \/>\n\u00cens\u00e3 istoria muzeului dateaz\u00e3 din anul 1834, c\u00e2nd domnitorul Alexandru Ghica a semnat decretul de \u00eenfiin\u0163are al Muzeului Na\u0163ional Bucure\u015fti. Primul custode al colec\u0163iilor, numit \u00een 1837 a fost Carol Wallenstein de Vella (austriac, de origine croat\u00e3). Din 1860 a urmat preparatorul Carlo Ferrerati (italian), iar \u00een anul 1867 &#8211; Prof. Gregoriu \u0218tef\u00e3nescu.<br \/>\n\u00cen anul 1893, Grigore Antipa a fost numit director al Colec\u0163iilor Zoologice ale Statului. Acele colec\u0163ii au fost mutate, un an mai t\u00e2rziu, \u00eentr-o cl\u00e3dire din strada Polon\u00e3.<br \/>\nAnul 1904 este anul c\u00e2nd au demarat lucr\u00e3rile la noul sediu al muzeului din Pia\u0163a Victoriei, iar peste patru ani, aceast\u00e3 cl\u00e3dire a fost terminat\u00e3 \u015fi inaugurat\u00e3, noua sa denumire fiind Muzeu de Zoologie. Odat\u00e3 cu inaugurarea muzeului, la parter a avut loc \u015fi prezentarea primelor diorame zoogeografice moderne din lume (Tundra, Preeria, Savana African\u00e3 \u015fi Sahara) \u015fi care, datorit\u00e3 calit\u00e3\u0163ii \u015fi succesului lor la public, au servit drept model pentru multe alte muzee din \u0163ar\u00e3 \u015fi str\u00e3in\u00e3tate.<br \/>\nLa 6 ani dup\u00e3 acest eveniment, \u00een 1914, regele Carol I, cu ocazia inaugur\u00e3rii a \u00eenc\u00e3 11 s\u00e3li, a atribuit o nou\u00e3 denumire institu\u0163iei \u015fi anume Muzeul Na\u0163ional de Istorie Natural\u00e3.<br \/>\n\u00cen anul 1933, ca o recunoa\u015ftere a meritelor lui Grigore Antipa, Regele Carol al II-lea a atribuit muzeului numele acestui mare biolog evolu\u0163ionist, zoolog, ihtiolog, ecolog, oceanolog, muzeograf \u015fi economist.<br \/>\nMuzeul &#8222;Antipa&#8221;, unul dintre cele mai bogate din lume, ad\u00e3poste\u015fte peste dou\u00e3 milioane de exponate. O mare parte din ele se reg\u00e3sesc \u00een cele 39 de s\u00e3li ale muzeului. Exponatele fac parte din domenii ca: zoologie, mineralogie, antropologie, paleontologie, anatomie comparat\u00e3, etnografie.<br \/>\n\u00cen decursul vremii, muzeul s-a \u00eembog\u00e3\u0163it cu colec\u0163ii \u015ftiin\u0163ifice av\u00e2nd \u00een componen\u0163a lor exemplare-tip, unicate \u00een lume. Importante sunt colec\u0163iile pe grupe de vie\u0163uitoare, din care amintim Colec\u0163ia de fluturi &#8222;Aristide Caragea&#8221;, cu peste 120.000 de exemplare, Colec\u0163ia de molu\u015fte &#8222;Bielz&#8221;, cu peste 90.000 de exemplare, Colec\u0163ia de pe\u015fti &#8222;Petre B\u00e3n\u00e3r\u00e3scu&#8221;, cu peste 5.000 de exemplare, Colec\u0163ia de nevertebrate marine &#8222;Mihai B\u00e3cescu&#8221;, cu 11.400 exemplare, Colec\u0163ia de mamifere de pe glob \u015fi din fauna Rom\u00e2niei, cu peste 8.000 de exemplare \u015fi Colec\u0163ia de p\u00e3s\u00e3ri de pe glob \u015fi din fauna Rom\u00e2niei, cu peste 9.000 de exemplare. \u00cen acela\u015fi timp, muzeul se \u00eembog\u00e3\u0163e\u015fte an de an cu materiale care fie c\u00e3 provin din dona\u0163ii, fie prin aportul cercet\u00e3torilor muzeului sau \u00een urma expedi\u0163iilor \u015ftiin\u0163ifice organizate \u00een \u0163ar\u00e3 \u015fi str\u00e3in\u00e3tate.<\/p>\n<p>Mul\u0163umim conducerii Muzeului Na\u0163ional de Istorie Natural\u00e3 &#8222;Grigore Antipa&#8221; din Bucure\u015fti pentru sprijinul acordat la realizarea acestei emisiuni filatelice.<\/p>\n<p>Data Aparitie:2008-05-20<\/p>\n<p><a href=\"https:\/\/romfilatelia.ro\/magazin\/wp-content\/uploads\/2008\/05\/antipa_box_rom.jpg\"><img decoding=\"async\" loading=\"lazy\" class=\"aligncenter wp-image-2004512 size-full\" src=\"https:\/\/romfilatelia.ro\/magazin\/wp-content\/uploads\/2008\/05\/antipa_box_rom.jpg\" alt=\"antipa_box_rom\" width=\"450\" height=\"305\" srcset=\"https:\/\/romfilatelia.ro\/magazin\/wp-content\/uploads\/2008\/05\/antipa_box_rom.jpg 450w, https:\/\/romfilatelia.ro\/magazin\/wp-content\/uploads\/2008\/05\/antipa_box_rom-64x43.jpg 64w, https:\/\/romfilatelia.ro\/magazin\/wp-content\/uploads\/2008\/05\/antipa_box_rom-300x203.jpg 300w, https:\/\/romfilatelia.ro\/magazin\/wp-content\/uploads\/2008\/05\/antipa_box_rom-400x271.jpg 400w\" sizes=\"(max-width: 450px) 100vw, 450px\" \/><\/a><\/p>\n","protected":false},"excerpt":{"rendered":"<p>\u00cen urm\u00e3 cu o sut\u00e3 de ani, \u00een prezen\u0163a regelui Carol I, a Prin\u0163ului Ferdinand \u015fi a Prin\u0163esei Maria, avea loc inaugurarea oficial\u00e3 a Muzeului \u00een noua cl\u00e3dire &#8222;de la \u0218osea&#8221;. Pentru a s\u00e3rb\u00e3tori acest eveniment, Romfilatelia introduce \u00een circula\u0163ie emisiunea de m\u00e3rci po\u015ftale Centenarul Muzeului Na\u0163ional de Istorie Natural\u00e3 &#8222;GRIGORE ANTIPA&#8221;. \u00cens\u00e3 istoria muzeului&hellip;&nbsp;<a href=\"https:\/\/romfilatelia.ro\/magazin\/produs\/colectii-anuale\/2008\/centenarul-muzeului-nathional-de-istorie-naturala-grigore-antipa\/\" class=\"\" rel=\"bookmark\">Cite\u0219te mai mult &raquo;<span class=\"screen-reader-text\">Centenarul Muzeului Na\u021bional de Istorie Natural\u00e3 &#8222;GRIGORE ANTIPA&#8221;<\/span><\/a><\/p>\n","protected":false},"featured_media":2004513,"template":"","meta":{"neve_meta_sidebar":"","neve_meta_container":"","neve_meta_enable_content_width":"","neve_meta_content_width":0,"neve_meta_title_alignment":"","neve_meta_author_avatar":"","neve_post_elements_order":"","neve_meta_disable_header":"","neve_meta_disable_footer":"","neve_meta_disable_title":""},"product_cat":[110,6],"product_tag":[],"_links":{"self":[{"href":"https:\/\/romfilatelia.ro\/magazin\/wp-json\/wp\/v2\/product\/2001727"}],"collection":[{"href":"https:\/\/romfilatelia.ro\/magazin\/wp-json\/wp\/v2\/product"}],"about":[{"href":"https:\/\/romfilatelia.ro\/magazin\/wp-json\/wp\/v2\/types\/product"}],"wp:featuredmedia":[{"embeddable":true,"href":"https:\/\/romfilatelia.ro\/magazin\/wp-json\/wp\/v2\/media\/2004513"}],"wp:attachment":[{"href":"https:\/\/romfilatelia.ro\/magazin\/wp-json\/wp\/v2\/media?parent=2001727"}],"wp:term":[{"taxonomy":"product_cat","embeddable":true,"href":"https:\/\/romfilatelia.ro\/magazin\/wp-json\/wp\/v2\/product_cat?post=2001727"},{"taxonomy":"product_tag","embeddable":true,"href":"https:\/\/romfilatelia.ro\/magazin\/wp-json\/wp\/v2\/product_tag?post=2001727"}],"curies":[{"name":"wp","href":"https:\/\/api.w.org\/{rel}","templated":true}]}}