{"id":2001726,"date":"2008-05-08T14:25:39","date_gmt":"2008-05-08T14:25:39","guid":{"rendered":"http:\/\/romfilatelia.ro\/store\/2008\/05\/08\/europa-2008-scrisoarea\/"},"modified":"2026-02-27T16:00:43","modified_gmt":"2026-02-27T14:00:43","slug":"europa-2008-scrisoarea","status":"publish","type":"product","link":"https:\/\/romfilatelia.ro\/magazin\/produs\/colectii-anuale\/2008\/europa-2008-scrisoarea\/","title":{"rendered":"EUROPA 2008 &#8211; Scrisoarea"},"content":{"rendered":"<p><a href=\"https:\/\/romfilatelia.ro\/magazin\/wp-content\/uploads\/2008\/05\/scris_eu_08_M.jpg\"><img decoding=\"async\" loading=\"lazy\" class=\"size-medium wp-image-2004517 alignleft\" src=\"https:\/\/romfilatelia.ro\/magazin\/wp-content\/uploads\/2008\/05\/scris_eu_08_M-300x233.jpg\" alt=\"image description\" width=\"300\" height=\"233\" srcset=\"https:\/\/romfilatelia.ro\/magazin\/wp-content\/uploads\/2008\/05\/scris_eu_08_M-300x233.jpg 300w, https:\/\/romfilatelia.ro\/magazin\/wp-content\/uploads\/2008\/05\/scris_eu_08_M-500x388.jpg 500w, https:\/\/romfilatelia.ro\/magazin\/wp-content\/uploads\/2008\/05\/scris_eu_08_M-64x50.jpg 64w, https:\/\/romfilatelia.ro\/magazin\/wp-content\/uploads\/2008\/05\/scris_eu_08_M.jpg 600w\" sizes=\"(max-width: 300px) 100vw, 300px\" \/><\/a><\/p>\n<p>Emisiunea de m\u00e3rci po\u015ftale Scrisoarea, pe care Romfilatelia o introduce \u00een circula\u0163ie, constituie un eveniment na\u0163ional \u015fi european, de importan\u0163\u00e3 deosebit\u00e3 at\u00e2t pentru filateli\u015ftii de toate v\u00e2rstele, c\u00e2t \u015fi pentru publicul larg, datorit\u00e3 tematicii Europa.* De-a lungul istoriei, mesajele scrise au jucat un rol foarte important \u00een p\u00e3strarea tezaurului cultural, factor decisiv \u00een evolu\u0163ia omenirii. Oamenii au c\u00e3utat s\u00e3 lase urme ale trecerii lor prin via\u0163\u00e3, la \u00eenceput prin desene rupestre, apoi invent\u00e2nd alfabetul au realizat mesajele scrise \u015fi tehnica scrierii. Papirusuri trimise prin soli, r\u00e3va\u015fe transmise prin porumbei, bilete duse la destinatar cu ajutorul solilor c\u00e3lare, iar mai apoi cu tr\u00e3suri; toate pentru ca oamenii s\u00e3 poat\u00e3 comunica mai u\u015for.<br \/>\nOare c\u00e2te r\u00e3zboaie au fost c\u00e2\u015ftigate sau pierdute, oare c\u00e2te pove\u015fti de dragoste s-au n\u00e3scut \u015fi terminat datorit\u00e3 mesajelor scrise? Tragedii \u015fi bucurii, speran\u0163e \u015fi e\u015fecuri, oare c\u00e2te nu s-au datorat h\u00e2rtiilor purt\u00e3toare de texte \u015fi transmise<br \/>\ndintr-un loc \u00een altul?<br \/>\n\u0218i oare s-ar mai fi inventat timbrul dac\u00e3 nu era scrisoarea?<br \/>\nOdat\u00e3 cu apari\u0163ia trenului, telegrafului, avionului, mesajele transmise de oameni au \u00eenceput s\u00e3 ajung\u00e3 mai rapid. Telefonul, satelitul pentru comunica\u0163ii, telefonul mobil \u015fi e-mailul au f\u00e3cut ca oamenii s\u00e3 poat\u00e3 comunica \u00eentre ei, aproape instantaneu.<br \/>\nNum\u00e3rul celor ce \u00ee\u015fi trimit ast\u00e3zi scrisori scade pe zi ce trece.<br \/>\nIar acum, la sf\u00e2r\u015fit de prim deceniu al secolului XXI, se mai na\u015fte o nedumerire: oare c\u00e2t timp va mai exista scrisoarea?<\/p>\n<p>* Trebuie men\u0163ionat c\u00e3 tema pentru fiecare an este stabilit\u00e3 de c\u00e3tre POSTEUROP. Sub genericul EUROPA, subiectul este abordat de fiecare \u0163ar\u00e3 membr\u00e3 a acestui organism, \u0163in\u00e2nd cont de specificul na\u0163ional. Timbrele cu aceast\u00e3 tem\u00e3, emise de fiecare \u0163ar\u00e3 \u00een parte, vor participa la un important concurs interna\u0163ional.<\/p>\n<p>Data Aparitie:2008-05-08<\/p>\n<p><a href=\"https:\/\/romfilatelia.ro\/magazin\/wp-content\/uploads\/2008\/05\/scris_eu_08_box_rom.jpg\"><img decoding=\"async\" loading=\"lazy\" class=\"aligncenter wp-image-2004516 size-full\" src=\"https:\/\/romfilatelia.ro\/magazin\/wp-content\/uploads\/2008\/05\/scris_eu_08_box_rom.jpg\" alt=\"scris_eu_08_box_rom\" width=\"414\" height=\"450\" srcset=\"https:\/\/romfilatelia.ro\/magazin\/wp-content\/uploads\/2008\/05\/scris_eu_08_box_rom.jpg 414w, https:\/\/romfilatelia.ro\/magazin\/wp-content\/uploads\/2008\/05\/scris_eu_08_box_rom-64x70.jpg 64w, https:\/\/romfilatelia.ro\/magazin\/wp-content\/uploads\/2008\/05\/scris_eu_08_box_rom-276x300.jpg 276w, https:\/\/romfilatelia.ro\/magazin\/wp-content\/uploads\/2008\/05\/scris_eu_08_box_rom-368x400.jpg 368w\" sizes=\"(max-width: 414px) 100vw, 414px\" \/><\/a><\/p>\n","protected":false},"excerpt":{"rendered":"<p>Emisiunea de m\u00e3rci po\u015ftale Scrisoarea, pe care Romfilatelia o introduce \u00een circula\u0163ie, constituie un eveniment na\u0163ional \u015fi european, de importan\u0163\u00e3 deosebit\u00e3 at\u00e2t pentru filateli\u015ftii de toate v\u00e2rstele, c\u00e2t \u015fi pentru publicul larg, datorit\u00e3 tematicii Europa.* De-a lungul istoriei, mesajele scrise au jucat un rol foarte important \u00een p\u00e3strarea tezaurului cultural, factor decisiv \u00een evolu\u0163ia omenirii.&hellip;&nbsp;<a href=\"https:\/\/romfilatelia.ro\/magazin\/produs\/colectii-anuale\/2008\/europa-2008-scrisoarea\/\" class=\"\" rel=\"bookmark\">Cite\u0219te mai mult &raquo;<span class=\"screen-reader-text\">EUROPA 2008 &#8211; Scrisoarea<\/span><\/a><\/p>\n","protected":false},"featured_media":2004517,"template":"","meta":{"neve_meta_sidebar":"","neve_meta_container":"","neve_meta_enable_content_width":"off","neve_meta_content_width":100,"neve_meta_title_alignment":"","neve_meta_author_avatar":"","neve_post_elements_order":"","neve_meta_disable_header":"","neve_meta_disable_footer":"","neve_meta_disable_title":""},"product_cat":[110,6],"product_tag":[],"_links":{"self":[{"href":"https:\/\/romfilatelia.ro\/magazin\/wp-json\/wp\/v2\/product\/2001726"}],"collection":[{"href":"https:\/\/romfilatelia.ro\/magazin\/wp-json\/wp\/v2\/product"}],"about":[{"href":"https:\/\/romfilatelia.ro\/magazin\/wp-json\/wp\/v2\/types\/product"}],"wp:featuredmedia":[{"embeddable":true,"href":"https:\/\/romfilatelia.ro\/magazin\/wp-json\/wp\/v2\/media\/2004517"}],"wp:attachment":[{"href":"https:\/\/romfilatelia.ro\/magazin\/wp-json\/wp\/v2\/media?parent=2001726"}],"wp:term":[{"taxonomy":"product_cat","embeddable":true,"href":"https:\/\/romfilatelia.ro\/magazin\/wp-json\/wp\/v2\/product_cat?post=2001726"},{"taxonomy":"product_tag","embeddable":true,"href":"https:\/\/romfilatelia.ro\/magazin\/wp-json\/wp\/v2\/product_tag?post=2001726"}],"curies":[{"name":"wp","href":"https:\/\/api.w.org\/{rel}","templated":true}]}}