{"id":2001723,"date":"2008-04-02T14:23:10","date_gmt":"2008-04-02T14:23:10","guid":{"rendered":"http:\/\/romfilatelia.ro\/store\/2008\/04\/02\/evenimente-nato-summitul-nato-bucuresti-2-4-aprilie-2008\/"},"modified":"2016-08-08T10:15:05","modified_gmt":"2016-08-08T10:15:05","slug":"evenimente-nato-summitul-nato-bucuresti-2-4-aprilie-2008","status":"publish","type":"product","link":"https:\/\/romfilatelia.ro\/magazin\/produs\/colectii-anuale\/2008\/evenimente-nato-summitul-nato-bucuresti-2-4-aprilie-2008\/","title":{"rendered":"EVENIMENTE NATO &#8211; SUMMITUL NATO, Bucure\u015fti, 2-4 aprilie 2008"},"content":{"rendered":"<p><a href=\"https:\/\/romfilatelia.ro\/magazin\/wp-content\/uploads\/2008\/04\/NATO_2008_M.jpg\"><img decoding=\"async\" loading=\"lazy\" class=\"size-medium wp-image-2004534 alignleft\" src=\"https:\/\/romfilatelia.ro\/magazin\/wp-content\/uploads\/2008\/04\/NATO_2008_M-300x144.jpg\" alt=\"NATO_2008_M\" width=\"300\" height=\"144\" srcset=\"https:\/\/romfilatelia.ro\/magazin\/wp-content\/uploads\/2008\/04\/NATO_2008_M-300x144.jpg 300w, https:\/\/romfilatelia.ro\/magazin\/wp-content\/uploads\/2008\/04\/NATO_2008_M-500x240.jpg 500w, https:\/\/romfilatelia.ro\/magazin\/wp-content\/uploads\/2008\/04\/NATO_2008_M-64x31.jpg 64w, https:\/\/romfilatelia.ro\/magazin\/wp-content\/uploads\/2008\/04\/NATO_2008_M.jpg 600w\" sizes=\"(max-width: 300px) 100vw, 300px\" \/><\/a> La \u00eenceputul lunii aprilie, la Bucure\u015fti va avea loc cel mai mare eveniment interna\u0163ional g\u00e3zduit vreodat\u00e3 de Rom\u00e2nia \u015fi anume reuniunea celor 26 de lideri ai \u0163\u00e3rilor membre NATO, al\u00e3turi de cei 23 de lideri reprezent\u00e2nd \u0163\u00e3rile care fac parte din Parteneriatul pentru Pace \u015fi de invita\u0163i din Rusia, Japonia, Australia, Noua Zeeland\u00e3, Afganistan \u015fi Iordania. Lor li se vor ad\u00e3uga secretarul general al ONU, pre\u015fedintele Comisiei Europene \u015fi pre\u015fedintele B\u00e3ncii Mondiale. Sunt a\u015ftepta\u0163i aproximativ 3.000 de participan\u0163i, precum \u015fi 3.500 de jurnali\u015fti din \u00eentreaga lume.<br \/>\nCu ocazia desf\u00e3\u015fur\u00e3rii acestei \u00eent\u00e2lniri istorice de la Bucure\u015fti, Romfilatelia introduce \u00een circula\u0163ie emisiunea de m\u00e3rci po\u015ftale cu tematica EVENIMENTE NATO &#8211; SUMMITUL NATO, Bucure\u015fti, 2-4 aprilie 2008.<br \/>\nOrganiza\u0163ia Tratatului Atlanticului de Nord (abreviat NATO \u00een englez\u00e3 sau OTAN \u00een francez\u00e3) este o alian\u0163\u00e3 politico-militar\u00e3 ale c\u00e3rei baze au fost puse \u00een 1949 de c\u00e3tre 12 \u0163\u00e3ri (Statele Unite ale Americii, Canada, Marea Britanie, Fran\u0163a, Belgia, Olanda, Luxemburg, Danemarca, Italia, Norvegia, Portugalia, Islanda).<br \/>\nGrecia \u015fi Turcia s-au al\u00e3turat Alian\u0163ei \u00een 1952.<br \/>\nGermania de Vest a aderat \u00een 1955, dar dup\u00e3 unificarea cu Germania de Est, \u00een 1990, a extins participarea Germaniei \u015fi cu regiunile fostei R.D.G.<br \/>\nDup\u00e3 admiterea Spaniei, \u00een anul 1982, Alian\u0163a s-a extins, \u00een anul 1999 cu foste \u0163\u00e3ri membre ale Pactului de la Var\u015fovia (Polonia, Ungaria, Cehia).<br \/>\n\u00cen 2004, dup\u00e3 45 de ani de la \u00eenfiin\u0163area NATO, a venit r\u00e2ndul Rom\u00e2niei, Slovaciei, Sloveniei, Estoniei, Letoniei, Lituaniei \u015fi Bulgariei ca s\u00e3 fac\u00e3 parte din aceast\u00e3 Alian\u0163\u00e3.<br \/>\n\u00cen 1966, Fran\u0163a s-a retras din comanda militar\u00e3 a NATO dar a revenit \u00een 1992. Islanda este singura \u0163ar\u00e3 a NATO care nu are o for\u0163\u00e3 militar\u00e3 proprie dar s-a al\u00e3turat Alian\u0163ei cu condi\u0163ia de a nu participa la conflicte militare.<br \/>\nCel mai important pasaj al tratatului este Articolul V, care prevede: \u201cP\u00e3r\u0163ile convin c\u00e3 un atac armat \u00eempotriva uneia sau mai multora dintre ele, \u00een Europa sau \u00een America de Nord, va fi considerat un atac \u00eempotriva tuturor \u015fi, \u00een consecin\u0163\u00e3, sunt de acord c\u00e3, dac\u00e3 are loc asemenea atac armat, fiecare dintre ele, \u00een exercitarea dreptului la<br \/>\nauto-ap\u00e3rare individual\u00e3 sau colectiv\u00e3 recunoscut prin Articolul 51 din Carta Na\u0163iunilor Unite, va sprijini Partea sau P\u00e3r\u0163ile atacate prin efectuarea imediat\u00e3, individual sau de comun acord cu celelalte P\u00e3r\u0163i, a oric\u00e3rei ac\u0163iuni pe care o consider\u00e3 necesar\u00e3, inclusiv folosirea for\u0163ei armate, pentru restabilirea \u015fi men\u0163inerea securit\u00e3\u0163ii zonei<br \/>\nnord-atlantice\u201c.<\/p>\n<p>Data Aparitie:2008-04-02<\/p>\n<p><a href=\"https:\/\/romfilatelia.ro\/magazin\/wp-content\/uploads\/2008\/04\/NATO_2008_rom_box.jpg\"><img decoding=\"async\" loading=\"lazy\" class=\"aligncenter wp-image-2004533 size-full\" src=\"https:\/\/romfilatelia.ro\/magazin\/wp-content\/uploads\/2008\/04\/NATO_2008_rom_box.jpg\" alt=\"NATO_2008_rom_box\" width=\"416\" height=\"450\" srcset=\"https:\/\/romfilatelia.ro\/magazin\/wp-content\/uploads\/2008\/04\/NATO_2008_rom_box.jpg 416w, https:\/\/romfilatelia.ro\/magazin\/wp-content\/uploads\/2008\/04\/NATO_2008_rom_box-64x69.jpg 64w, https:\/\/romfilatelia.ro\/magazin\/wp-content\/uploads\/2008\/04\/NATO_2008_rom_box-277x300.jpg 277w, https:\/\/romfilatelia.ro\/magazin\/wp-content\/uploads\/2008\/04\/NATO_2008_rom_box-370x400.jpg 370w\" sizes=\"(max-width: 416px) 100vw, 416px\" \/><\/a><\/p>\n","protected":false},"excerpt":{"rendered":"<p>La \u00eenceputul lunii aprilie, la Bucure\u015fti va avea loc cel mai mare eveniment interna\u0163ional g\u00e3zduit vreodat\u00e3 de Rom\u00e2nia \u015fi anume reuniunea celor 26 de lideri ai \u0163\u00e3rilor membre NATO, al\u00e3turi de cei 23 de lideri reprezent\u00e2nd \u0163\u00e3rile care fac parte din Parteneriatul pentru Pace \u015fi de invita\u0163i din Rusia, Japonia, Australia, Noua Zeeland\u00e3, Afganistan \u015fi&hellip;&nbsp;<a href=\"https:\/\/romfilatelia.ro\/magazin\/produs\/colectii-anuale\/2008\/evenimente-nato-summitul-nato-bucuresti-2-4-aprilie-2008\/\" class=\"\" rel=\"bookmark\">Cite\u0219te mai mult &raquo;<span class=\"screen-reader-text\">EVENIMENTE NATO &#8211; SUMMITUL NATO, Bucure\u015fti, 2-4 aprilie 2008<\/span><\/a><\/p>\n","protected":false},"featured_media":2004534,"template":"","meta":{"neve_meta_sidebar":"","neve_meta_container":"","neve_meta_enable_content_width":"","neve_meta_content_width":0,"neve_meta_title_alignment":"","neve_meta_author_avatar":"","neve_post_elements_order":"","neve_meta_disable_header":"","neve_meta_disable_footer":"","neve_meta_disable_title":""},"product_cat":[110,6],"product_tag":[],"_links":{"self":[{"href":"https:\/\/romfilatelia.ro\/magazin\/wp-json\/wp\/v2\/product\/2001723"}],"collection":[{"href":"https:\/\/romfilatelia.ro\/magazin\/wp-json\/wp\/v2\/product"}],"about":[{"href":"https:\/\/romfilatelia.ro\/magazin\/wp-json\/wp\/v2\/types\/product"}],"wp:featuredmedia":[{"embeddable":true,"href":"https:\/\/romfilatelia.ro\/magazin\/wp-json\/wp\/v2\/media\/2004534"}],"wp:attachment":[{"href":"https:\/\/romfilatelia.ro\/magazin\/wp-json\/wp\/v2\/media?parent=2001723"}],"wp:term":[{"taxonomy":"product_cat","embeddable":true,"href":"https:\/\/romfilatelia.ro\/magazin\/wp-json\/wp\/v2\/product_cat?post=2001723"},{"taxonomy":"product_tag","embeddable":true,"href":"https:\/\/romfilatelia.ro\/magazin\/wp-json\/wp\/v2\/product_tag?post=2001723"}],"curies":[{"name":"wp","href":"https:\/\/api.w.org\/{rel}","templated":true}]}}