{"id":2001721,"date":"2008-03-12T14:21:42","date_gmt":"2008-03-12T14:21:42","guid":{"rendered":"http:\/\/romfilatelia.ro\/store\/2008\/03\/12\/sfintele-paati-2008\/"},"modified":"2016-08-08T10:05:14","modified_gmt":"2016-08-08T10:05:14","slug":"sfintele-paati-2008","status":"publish","type":"product","link":"https:\/\/romfilatelia.ro\/magazin\/produs\/colectii-anuale\/2008\/sfintele-paati-2008\/","title":{"rendered":"SFINTELE PA\u015eTI &#8211; 2008"},"content":{"rendered":"<p><a href=\"https:\/\/romfilatelia.ro\/magazin\/wp-content\/uploads\/2008\/03\/pasti_2008_M.jpg\"><img decoding=\"async\" loading=\"lazy\" class=\"size-medium wp-image-2004548 alignleft\" src=\"https:\/\/romfilatelia.ro\/magazin\/wp-content\/uploads\/2008\/03\/pasti_2008_M-300x159.jpg\" alt=\"pasti_2008_M\" width=\"300\" height=\"159\" srcset=\"https:\/\/romfilatelia.ro\/magazin\/wp-content\/uploads\/2008\/03\/pasti_2008_M-300x159.jpg 300w, https:\/\/romfilatelia.ro\/magazin\/wp-content\/uploads\/2008\/03\/pasti_2008_M-500x265.jpg 500w, https:\/\/romfilatelia.ro\/magazin\/wp-content\/uploads\/2008\/03\/pasti_2008_M-64x34.jpg 64w, https:\/\/romfilatelia.ro\/magazin\/wp-content\/uploads\/2008\/03\/pasti_2008_M.jpg 600w\" sizes=\"(max-width: 300px) 100vw, 300px\" \/><\/a>\u00a0 Sfintele Pa\u015fti sau \u00cenvierea Domnului reprezint\u00e3 cea mai important\u00e3 S\u00e3rb\u00e3toare religioas\u00e3 a anului, de ea leg\u00e2ndu-se alte S\u00e3rb\u00e3tori cum ar fi \u00cen\u00e3l\u0163area sau Floriile.<\/p>\n<p>La \u00eenceputul S\u00e3pt\u00e3m\u00e2nii Patimilor este asezat\u00e3 \u00een calendarul cre\u015ftin o zi de duminic\u00e3 a prim\u00e3verii, de o deosebit\u00e3 frumuse\u0163e, o zi a florilor \u015fi a tuturor celor care au fost boteza\u0163i cu nume de floare. De obicei, e o zi luminoas\u00e3 guvernat\u00e3 de o regul\u00e3, \u00een mod miraculos respectat\u00e3: dac\u00e3 aceast\u00e3 zi, numit\u00e3 Duminica Floriilor este frumoas\u00e3 \u015fi \u00eensorit\u00e3, a\u015fa va fi \u015fi Ziua \u00cenvierii Domnului &#8211; Pa\u015ftele cre\u015ftin.<br \/>\nOriginea acestei s\u00e3rb\u00e3tori este legat\u00e3 de intrarea lui Iisus \u00een Ierusalim \u015fi de primirea grandioas\u00e3 ce i s-a f\u00e3cut: mii de locuitori ai cet\u00e3\u0163ii \u00ee\u015fi aruncau hainele \u00een calea trecerii unui om aflat pe spinarea unui m\u00e3g\u00e3ru\u015f \u015fi purt\u00e2nd \u00een m\u00e2ini cununi \u015fi ramuri de palmier \u015fi m\u00e3slini \u00eel aclamau strig\u00e2ndu-i Binecuv\u00e2ntat este Cel ce vine \u00eentru numele Domnului!<br \/>\nDup\u00e3 o zi memorabil\u00e3, \u00een care a traversat cetatea sf\u00e2nt\u00e3 a Ierusalimului, c\u00e3lc\u00e2nd peste florile \u015fi hainele \u00eentinse ca pe un adev\u00e3rat covor ro\u015fu al zilelor noastre, beneficiind de onoruri \u00eemp\u00e3r\u00e3te\u015fti, Iisus va tr\u00e3i mai apoi \u00eentr-o atmosfer\u00e3 de tragism perpetuu amplificat\u00e3: v\u00e2nzarea lui Iuda, arestarea, p\u00e3lmuirea \u00een fa\u0163a Marelui Preot al evreilor, biciuirea de c\u00e3tre osta\u015fii Romei, silirea de a purta o coroan\u00e3 de spini \u015fi de a-\u015fi duce singur crucea, prea grea \u015fi pentru un om puternic, dar practic insuportabil\u00e3 pentru trupul s\u00e3u chinuit \u015fi istovit.<br \/>\nPentru noi, cre\u015ftinii de azi, Duminica Floriilor, \u00eent\u00e2mpinat\u00e3 cu ramuri de salcie (simbol al continuit\u00e3\u0163ii vie\u0163ii \u015fi al ve\u015fniciei), cu bucuria prim\u00e3verii puternic sim\u0163it\u00e3 \u00een rena\u015fterea exploziv\u00e3 a naturii, aduce \u00een inimile noastre fericirea tr\u00e3irii \u00een concordie \u015fi dragoste fa\u0163\u00e3 de semenii no\u015ftri.<br \/>\nFie ca lumina acestei s\u00e3rb\u00e3tori \u015fi g\u00e2ndurile bune ce trebuie s\u00e3 ne \u00eenso\u0163easc\u00e3 \u00een S\u00e3pt\u00e3m\u00e2na Patimilor \u015fi a jertfei supreme, urmat\u00e3 de miracolul \u00cenvierii M\u00e2ntuitorului, s\u00e3 ne aduc\u00e3 \u00een suflet lumina care s\u00e3 descopere necontenit drumurile pe care trebuie s\u00e3 reg\u00e3sim toate speran\u0163ele noastre \u00eemplinite.<br \/>\nImaginea reprodus\u00e3 pe marca po\u015ftal\u00e3 a emisiunii se afl\u00e3 pe Iconostasul Bisericii \u201eScaune\u201d din Bucure\u015fti, construit\u00e3 \u00een 1611 de c\u00e3tre Atanasie de la T\u00e2rnovo, dup\u00e3 cum men\u0163ioneaz\u00e3 istoricul Ionescu-Sion \u00een lucrarea sa \u201cIstoria Bucure\u015ftilor\u201d.<\/p>\n<p>Sfintele S\u00e3rb\u00e3tori de Pa\u015fti s\u00e3 v\u00e3 aduc\u00e3 numai g\u00e2nduri senine, lumin\u00e3 \u00een suflet \u015fi speran\u0163\u00e3 \u00eentr-un viitor mai bun.<br \/>\nHristos a \u00cenviat !<br \/>\nEchipa Romfilatelia<\/p>\n<p>Data Aparitie:2008-03-12<\/p>\n<p><a href=\"https:\/\/romfilatelia.ro\/magazin\/wp-content\/uploads\/2008\/03\/pasti_2008_rom_box.jpg\"><img decoding=\"async\" loading=\"lazy\" class=\"aligncenter wp-image-2004549 size-full\" src=\"https:\/\/romfilatelia.ro\/magazin\/wp-content\/uploads\/2008\/03\/pasti_2008_rom_box.jpg\" alt=\"pasti_2008_rom_box\" width=\"450\" height=\"334\" srcset=\"https:\/\/romfilatelia.ro\/magazin\/wp-content\/uploads\/2008\/03\/pasti_2008_rom_box.jpg 450w, https:\/\/romfilatelia.ro\/magazin\/wp-content\/uploads\/2008\/03\/pasti_2008_rom_box-64x48.jpg 64w, https:\/\/romfilatelia.ro\/magazin\/wp-content\/uploads\/2008\/03\/pasti_2008_rom_box-300x223.jpg 300w, https:\/\/romfilatelia.ro\/magazin\/wp-content\/uploads\/2008\/03\/pasti_2008_rom_box-400x297.jpg 400w\" sizes=\"(max-width: 450px) 100vw, 450px\" \/><\/a><\/p>\n","protected":false},"excerpt":{"rendered":"<p>\u00a0 Sfintele Pa\u015fti sau \u00cenvierea Domnului reprezint\u00e3 cea mai important\u00e3 S\u00e3rb\u00e3toare religioas\u00e3 a anului, de ea leg\u00e2ndu-se alte S\u00e3rb\u00e3tori cum ar fi \u00cen\u00e3l\u0163area sau Floriile. La \u00eenceputul S\u00e3pt\u00e3m\u00e2nii Patimilor este asezat\u00e3 \u00een calendarul cre\u015ftin o zi de duminic\u00e3 a prim\u00e3verii, de o deosebit\u00e3 frumuse\u0163e, o zi a florilor \u015fi a tuturor celor care au fost&hellip;&nbsp;<a href=\"https:\/\/romfilatelia.ro\/magazin\/produs\/colectii-anuale\/2008\/sfintele-paati-2008\/\" class=\"\" rel=\"bookmark\">Cite\u0219te mai mult &raquo;<span class=\"screen-reader-text\">SFINTELE PA\u015eTI &#8211; 2008<\/span><\/a><\/p>\n","protected":false},"featured_media":2004548,"template":"","meta":{"neve_meta_sidebar":"","neve_meta_container":"","neve_meta_enable_content_width":"","neve_meta_content_width":0,"neve_meta_title_alignment":"","neve_meta_author_avatar":"","neve_post_elements_order":"","neve_meta_disable_header":"","neve_meta_disable_footer":"","neve_meta_disable_title":""},"product_cat":[110,6],"product_tag":[],"_links":{"self":[{"href":"https:\/\/romfilatelia.ro\/magazin\/wp-json\/wp\/v2\/product\/2001721"}],"collection":[{"href":"https:\/\/romfilatelia.ro\/magazin\/wp-json\/wp\/v2\/product"}],"about":[{"href":"https:\/\/romfilatelia.ro\/magazin\/wp-json\/wp\/v2\/types\/product"}],"wp:featuredmedia":[{"embeddable":true,"href":"https:\/\/romfilatelia.ro\/magazin\/wp-json\/wp\/v2\/media\/2004548"}],"wp:attachment":[{"href":"https:\/\/romfilatelia.ro\/magazin\/wp-json\/wp\/v2\/media?parent=2001721"}],"wp:term":[{"taxonomy":"product_cat","embeddable":true,"href":"https:\/\/romfilatelia.ro\/magazin\/wp-json\/wp\/v2\/product_cat?post=2001721"},{"taxonomy":"product_tag","embeddable":true,"href":"https:\/\/romfilatelia.ro\/magazin\/wp-json\/wp\/v2\/product_tag?post=2001721"}],"curies":[{"name":"wp","href":"https:\/\/api.w.org\/{rel}","templated":true}]}}