{"id":2001719,"date":"2008-02-08T14:20:37","date_gmt":"2008-02-08T14:20:37","guid":{"rendered":"http:\/\/romfilatelia.ro\/store\/2008\/02\/08\/arme-de-foc-din-muzeul-militar-nathional\/"},"modified":"2016-08-08T09:49:19","modified_gmt":"2016-08-08T09:49:19","slug":"arme-de-foc-din-muzeul-militar-nathional","status":"publish","type":"product","link":"https:\/\/romfilatelia.ro\/magazin\/produs\/colectii-anuale\/2008\/arme-de-foc-din-muzeul-militar-nathional\/","title":{"rendered":"Arme de foc din Muzeul Militar Na\u021bional"},"content":{"rendered":"<p><a href=\"https:\/\/romfilatelia.ro\/magazin\/wp-content\/uploads\/2008\/02\/pistoale_M.jpg\"><img decoding=\"async\" loading=\"lazy\" class=\"size-medium wp-image-2004555 alignleft\" src=\"https:\/\/romfilatelia.ro\/magazin\/wp-content\/uploads\/2008\/02\/pistoale_M-300x197.jpg\" alt=\"pistoale_M\" width=\"300\" height=\"197\" srcset=\"https:\/\/romfilatelia.ro\/magazin\/wp-content\/uploads\/2008\/02\/pistoale_M-300x197.jpg 300w, https:\/\/romfilatelia.ro\/magazin\/wp-content\/uploads\/2008\/02\/pistoale_M-500x328.jpg 500w, https:\/\/romfilatelia.ro\/magazin\/wp-content\/uploads\/2008\/02\/pistoale_M-64x42.jpg 64w, https:\/\/romfilatelia.ro\/magazin\/wp-content\/uploads\/2008\/02\/pistoale_M.jpg 600w\" sizes=\"(max-width: 300px) 100vw, 300px\" \/><\/a>\u00a0 Emisiunea filatelic\u00e3 Arme de foc din Muzeul Militar Na\u0163ional, pe care Romfilatelia o introduce \u00een circula\u0163ie, reprezint\u00e3 \u00een sine o premier\u00e3: este pentru prima oar\u00e3 c\u00e2nd pe timbrele unei emisiuni de m\u00e3rci po\u015ftale rom\u00e2ne\u015fti sunt ilustrate pistoale \u015fi revolvere. Aceste arme fac parte din colec\u0163ia Muzeului Militar Na\u0163ional.<\/p>\n<p>Muzeul Militar Na\u0163ional, fondat la 18 decembrie 1923, reprezint\u00e3 un reper important \u00een zestrea muzeistic\u00e3 a Bucure\u015ftiului.<br \/>\nSe poate spune, pe drept cuv\u00e2nt, c\u00e3 este, prin cei peste 22.000 mp de expunere dar \u015fi prin patrimoniul istoric militar inestimabil, unul dintre cele mai importante muzee din lume de acest gen.<br \/>\nCele \u015fapte sec\u0163ii ale muzeului expun 32 de colec\u0163ii unice ce \u00eensumeaz\u00e3 peste 1.500.000 de piese (de la banalele pr\u00e3\u015ftii p\u00e2n\u00e3 la arbalete, dar \u015fi rachete tactice, avioane de v\u00e2n\u00e3toare, tancuri, tunuri). Tehnica militar\u00e3 mai este reprezentat\u00e3 \u015fi prin cele 44 de piese unicate mondiale \u015fi 70 na\u0163ionale. Totodat\u00e3 Muzeul mai de\u0163ine peste 700.000 de c\u00e3r\u0163i, periodice, h\u00e3r\u0163i \u015fi documente vechi. Un spa\u0163iu larg este destinat particip\u00e3rii armatei rom\u00e2ne \u00een Al Doilea R\u00e3zboi Mondial pe frontul din Est, pentru eliberarea \u0163inuturilor istorice, Basarabia \u015fi Bucovina de Nord.<br \/>\n\u00cen s\u00e3lile muzeului, c\u00e3ruia din anul 2006 i s-a atribuit \u015fi denumirea de \u201eRegele Ferdinand I\u201c, mai putem \u00eent\u00e2lni decora\u0163ii, uniforme, drapele, atelaje \u015fi tr\u00e3suri dar \u015fi piese de armament alb \u015fi de foc, din diferite perioade istorice.<\/p>\n<p>Pe timbrul cu valoarea nominal\u00e3 de 50 Bani este ilustrat Pistolul cu cremene cu patru \u0163evi, fabricat pe la jum\u00e3tatea secolului al XVIII-lea, \u00een vestul Europei.<br \/>\nPe timbrul cu valoarea nominal\u00e3 de 1,00 Lei este ilustrat Pistolul cu cremene, fabricat la Li\u00e8ge la sf\u00e2r\u015fitul secolului al XVIII.<br \/>\nPe timbrul cu valoarea nominal\u00e3 de 2,40 Lei este ilustrat Pistolul Mannlicher, model 1903, calibrul de 7,65 mm.<br \/>\nPe timbrul cu valoarea nominal\u00e3 de 5,00 Lei este ilustrat un Revolver, model 1915, calibrul de 8 mm.<br \/>\nMul\u0163umim Muzeului Militar Na\u0163ional &#8222;Regele Ferdinand I&#8221;, pentru sprijinul oferit la realizarea acestei emisiuni filatelice.<\/p>\n<p>Data Aparitie:2008-02-08<\/p>\n<p><a href=\"https:\/\/romfilatelia.ro\/magazin\/wp-content\/uploads\/2008\/02\/pistoale_rom_box.jpg\"><img decoding=\"async\" loading=\"lazy\" class=\"aligncenter wp-image-2004556 size-full\" src=\"https:\/\/romfilatelia.ro\/magazin\/wp-content\/uploads\/2008\/02\/pistoale_rom_box.jpg\" alt=\"pistoale_rom_box\" width=\"416\" height=\"450\" srcset=\"https:\/\/romfilatelia.ro\/magazin\/wp-content\/uploads\/2008\/02\/pistoale_rom_box.jpg 416w, https:\/\/romfilatelia.ro\/magazin\/wp-content\/uploads\/2008\/02\/pistoale_rom_box-64x69.jpg 64w, https:\/\/romfilatelia.ro\/magazin\/wp-content\/uploads\/2008\/02\/pistoale_rom_box-277x300.jpg 277w, https:\/\/romfilatelia.ro\/magazin\/wp-content\/uploads\/2008\/02\/pistoale_rom_box-370x400.jpg 370w\" sizes=\"(max-width: 416px) 100vw, 416px\" \/><\/a><\/p>\n","protected":false},"excerpt":{"rendered":"<p>\u00a0 Emisiunea filatelic\u00e3 Arme de foc din Muzeul Militar Na\u0163ional, pe care Romfilatelia o introduce \u00een circula\u0163ie, reprezint\u00e3 \u00een sine o premier\u00e3: este pentru prima oar\u00e3 c\u00e2nd pe timbrele unei emisiuni de m\u00e3rci po\u015ftale rom\u00e2ne\u015fti sunt ilustrate pistoale \u015fi revolvere. Aceste arme fac parte din colec\u0163ia Muzeului Militar Na\u0163ional. Muzeul Militar Na\u0163ional, fondat la 18&hellip;&nbsp;<a href=\"https:\/\/romfilatelia.ro\/magazin\/produs\/colectii-anuale\/2008\/arme-de-foc-din-muzeul-militar-nathional\/\" class=\"\" rel=\"bookmark\">Cite\u0219te mai mult &raquo;<span class=\"screen-reader-text\">Arme de foc din Muzeul Militar Na\u021bional<\/span><\/a><\/p>\n","protected":false},"featured_media":2004555,"template":"","meta":{"neve_meta_sidebar":"","neve_meta_container":"","neve_meta_enable_content_width":"","neve_meta_content_width":0,"neve_meta_title_alignment":"","neve_meta_author_avatar":"","neve_post_elements_order":"","neve_meta_disable_header":"","neve_meta_disable_footer":"","neve_meta_disable_title":""},"product_cat":[110,6],"product_tag":[],"_links":{"self":[{"href":"https:\/\/romfilatelia.ro\/magazin\/wp-json\/wp\/v2\/product\/2001719"}],"collection":[{"href":"https:\/\/romfilatelia.ro\/magazin\/wp-json\/wp\/v2\/product"}],"about":[{"href":"https:\/\/romfilatelia.ro\/magazin\/wp-json\/wp\/v2\/types\/product"}],"wp:featuredmedia":[{"embeddable":true,"href":"https:\/\/romfilatelia.ro\/magazin\/wp-json\/wp\/v2\/media\/2004555"}],"wp:attachment":[{"href":"https:\/\/romfilatelia.ro\/magazin\/wp-json\/wp\/v2\/media?parent=2001719"}],"wp:term":[{"taxonomy":"product_cat","embeddable":true,"href":"https:\/\/romfilatelia.ro\/magazin\/wp-json\/wp\/v2\/product_cat?post=2001719"},{"taxonomy":"product_tag","embeddable":true,"href":"https:\/\/romfilatelia.ro\/magazin\/wp-json\/wp\/v2\/product_tag?post=2001719"}],"curies":[{"name":"wp","href":"https:\/\/api.w.org\/{rel}","templated":true}]}}