{"id":2001713,"date":"2007-11-07T14:08:18","date_gmt":"2007-11-07T14:08:18","guid":{"rendered":"http:\/\/romfilatelia.ro\/store\/2007\/11\/07\/ceramica-romaneasca-oale-si-cani-ii\/"},"modified":"2016-08-09T10:55:33","modified_gmt":"2016-08-09T10:55:33","slug":"ceramica-romaneasca-oale-si-cani-ii","status":"publish","type":"product","link":"https:\/\/romfilatelia.ro\/magazin\/produs\/colectii-anuale\/2007\/ceramica-romaneasca-oale-si-cani-ii\/","title":{"rendered":"CERAMIC\u0102 ROM\u00c2NEASC\u0102 &#8211; Oale \u0219i C\u0103ni (II)"},"content":{"rendered":"<p><a href=\"https:\/\/romfilatelia.ro\/magazin\/wp-content\/uploads\/2007\/11\/oale_2_M.jpg\"><img decoding=\"async\" loading=\"lazy\" class=\"size-medium wp-image-2004581 alignleft\" src=\"https:\/\/romfilatelia.ro\/magazin\/wp-content\/uploads\/2007\/11\/oale_2_M-194x300.jpg\" alt=\"oale_2_M\" width=\"194\" height=\"300\" \/><\/a> Romfilatelia, societatea specializat\u0103 \u00een emiterea \u0219i comercializarea m\u0103rcilor po\u0219tale rom\u00e2ne\u0219ti, introduce \u00een circula\u021bie emisiunea de timbre CERAMIC\u0102 ROM\u00c2NEASC\u0102 &#8211; Oale \u0219i C\u0103ni (II).<\/p>\n<p>Ol\u0103ritul s-a practicat \u00eenc\u0103 din vremuri str\u0103vechi, m\u0103rturie st\u00e2nd frumoasele vase de ceramic\u0103 din epoca neolitic\u0103, epoc\u0103 \u00een care pe teritoriul Rom\u00e2niei s-a dezvoltat o civiliza\u021bie remarcabil\u0103.<br \/>\nMotivele ornamentale cu care se decoreaz\u0103 obiectele din ceramic\u0103 sunt \u00een principal geometrice, dar \u0219i fitomorfe, avimorfe, zoomorfe \u0219i antropomorfe.<br \/>\nUnul dintre cele mai vechi motive decorative geometrice este triunghiul, care se \u00eent\u00e2lne\u0219te \u0219i pe ceramica preistoric\u0103 \u0219i apare sub diferite forme (o serie de triunghiuri de aceea\u0219i m\u0103rime), &#8222;fer\u0103str\u0103ul&#8221; sau &#8222;dintele de lup&#8221; (triunghiuri dispuse alternativ sus-jos).<br \/>\nSpirala care apare \u00een special pe ceramica veche de Cucuteni \u0219i Boian dar \u0219i pe cea<br \/>\nmodelat\u0103 la Vama, Horezu, Oboga, Rom\u00e2na \u0219i alte zone cu tradi\u021bie este f\u0103cut\u0103 de obicei din hum\u0103 alb\u0103. Spirala, de\u0219i este un motiv foarte vechi, nu se reg\u0103se\u0219te la ceramicile occidentale din aceea\u0219i perioad\u0103 \u0219i chiar la cele mai t\u00e2rzii, cum ar fi cele mediteraneene.<br \/>\nAl\u0103turi de vrej \u0219i ghirlande, ca motiv fitomorf des \u00eent\u00e2lnit este crengu\u021ba de brad, folosit\u0103 \u0219i de ol\u0103ria preistoric\u0103. Creanga de brad simbolizeaz\u0103 perenitatea asociat\u0103 arborelui (pomul vie\u021bii). Mai sunt reprezentate vi\u021ba de vie (simbol cre\u0219tin), dar \u0219i spice de gr\u00e2u, trifoi, ciorchinii de strugure, bobocii, frunzele \u0219i florile stilizate.<br \/>\nMotivele avimorfe, zoomorfe \u0219i antropomorfe sunt mai rare \u0219i mai recente \u0219i apar\u021bin tradi\u021biei bizantine. Sunt reprezenta\u021bi porumbei, p\u0103s\u0103ri de curte, pe\u0219ti (simboluri cre\u0219tine).<br \/>\nFoarte interesante sunt motivele simbolice, legate de credin\u021be str\u0103vechi, precre\u0219tine, asociate cultului Soarelui, care l-a \u00eenlocuit pe cel al fecundit\u0103\u021bii \u00een epoca bronzului.<br \/>\nPe timbrul cu valoarea nominal\u0103 de 2,10 Lei este ilustrat\u0103 o oal\u0103 realizat\u0103 \u00een Transilvania.<br \/>\nPe timbrul cu valoarea nominal\u0103 de 3,10 Lei este ilustrat\u0103 o can\u0103 realizat\u0103 la Horezu-V\u00e2lcea.<br \/>\nPe timbrul cu valoarea nominal\u0103 de 7,20 Lei este ilustrat\u0103 o can\u0103 realizat\u0103 la<br \/>\nOb\u00e2r\u0219a-Hunedoara.<br \/>\nPe timbrul cu valoarea nominal\u0103 de 8,70 Lei este ilustrat\u0103 o oal\u0103 realizat\u0103 la Baia<br \/>\nMare-Maramure\u0219.<\/p>\n<p>Obiectele din ceramic\u0103 ilustrate pe timbrele emisiunii fac parte din colec\u021bia Muzeului \u021a\u0103ranului Rom\u00e2n.<\/p>\n<p>Data Aparitie:2007-11-07<\/p>\n<p><a href=\"https:\/\/romfilatelia.ro\/magazin\/wp-content\/uploads\/2007\/11\/oale_2_box_rom.jpg\"><img decoding=\"async\" loading=\"lazy\" class=\"aligncenter wp-image-2004582 size-full\" src=\"https:\/\/romfilatelia.ro\/magazin\/wp-content\/uploads\/2007\/11\/oale_2_box_rom.jpg\" alt=\"oale_2_box_rom\" width=\"450\" height=\"430\" srcset=\"https:\/\/romfilatelia.ro\/magazin\/wp-content\/uploads\/2007\/11\/oale_2_box_rom.jpg 450w, https:\/\/romfilatelia.ro\/magazin\/wp-content\/uploads\/2007\/11\/oale_2_box_rom-64x61.jpg 64w, https:\/\/romfilatelia.ro\/magazin\/wp-content\/uploads\/2007\/11\/oale_2_box_rom-300x287.jpg 300w, https:\/\/romfilatelia.ro\/magazin\/wp-content\/uploads\/2007\/11\/oale_2_box_rom-400x382.jpg 400w\" sizes=\"(max-width: 450px) 100vw, 450px\" \/><\/a><\/p>\n","protected":false},"excerpt":{"rendered":"<p>Romfilatelia, societatea specializat\u0103 \u00een emiterea \u0219i comercializarea m\u0103rcilor po\u0219tale rom\u00e2ne\u0219ti, introduce \u00een circula\u021bie emisiunea de timbre CERAMIC\u0102 ROM\u00c2NEASC\u0102 &#8211; Oale \u0219i C\u0103ni (II). Ol\u0103ritul s-a practicat \u00eenc\u0103 din vremuri str\u0103vechi, m\u0103rturie st\u00e2nd frumoasele vase de ceramic\u0103 din epoca neolitic\u0103, epoc\u0103 \u00een care pe teritoriul Rom\u00e2niei s-a dezvoltat o civiliza\u021bie remarcabil\u0103. Motivele ornamentale cu care se&hellip;&nbsp;<a href=\"https:\/\/romfilatelia.ro\/magazin\/produs\/colectii-anuale\/2007\/ceramica-romaneasca-oale-si-cani-ii\/\" class=\"\" rel=\"bookmark\">Cite\u0219te mai mult &raquo;<span class=\"screen-reader-text\">CERAMIC\u0102 ROM\u00c2NEASC\u0102 &#8211; Oale \u0219i C\u0103ni (II)<\/span><\/a><\/p>\n","protected":false},"featured_media":2004581,"template":"","meta":{"neve_meta_sidebar":"","neve_meta_container":"","neve_meta_enable_content_width":"","neve_meta_content_width":0,"neve_meta_title_alignment":"","neve_meta_author_avatar":"","neve_post_elements_order":"","neve_meta_disable_header":"","neve_meta_disable_footer":"","neve_meta_disable_title":""},"product_cat":[111,6],"product_tag":[],"_links":{"self":[{"href":"https:\/\/romfilatelia.ro\/magazin\/wp-json\/wp\/v2\/product\/2001713"}],"collection":[{"href":"https:\/\/romfilatelia.ro\/magazin\/wp-json\/wp\/v2\/product"}],"about":[{"href":"https:\/\/romfilatelia.ro\/magazin\/wp-json\/wp\/v2\/types\/product"}],"wp:featuredmedia":[{"embeddable":true,"href":"https:\/\/romfilatelia.ro\/magazin\/wp-json\/wp\/v2\/media\/2004581"}],"wp:attachment":[{"href":"https:\/\/romfilatelia.ro\/magazin\/wp-json\/wp\/v2\/media?parent=2001713"}],"wp:term":[{"taxonomy":"product_cat","embeddable":true,"href":"https:\/\/romfilatelia.ro\/magazin\/wp-json\/wp\/v2\/product_cat?post=2001713"},{"taxonomy":"product_tag","embeddable":true,"href":"https:\/\/romfilatelia.ro\/magazin\/wp-json\/wp\/v2\/product_tag?post=2001713"}],"curies":[{"name":"wp","href":"https:\/\/api.w.org\/{rel}","templated":true}]}}