{"id":2001712,"date":"2007-11-03T14:06:16","date_gmt":"2007-11-03T14:06:16","guid":{"rendered":"http:\/\/romfilatelia.ro\/store\/2007\/11\/03\/craciun-2007\/"},"modified":"2016-07-21T13:17:05","modified_gmt":"2016-07-21T13:17:05","slug":"craciun-2007","status":"publish","type":"product","link":"https:\/\/romfilatelia.ro\/magazin\/produs\/colectii-anuale\/craciun-2007\/","title":{"rendered":"Cr\u0103ciun 2007"},"content":{"rendered":"<p><a href=\"https:\/\/romfilatelia.ro\/magazin\/wp-content\/uploads\/2007\/11\/bloc_M.jpg\"><img decoding=\"async\" loading=\"lazy\" class=\"size-medium wp-image-2004585 alignleft\" src=\"https:\/\/romfilatelia.ro\/magazin\/wp-content\/uploads\/2007\/11\/bloc_M-295x300.jpg\" alt=\"image description\" width=\"295\" height=\"300\" srcset=\"https:\/\/romfilatelia.ro\/magazin\/wp-content\/uploads\/2007\/11\/bloc_M-295x300.jpg 295w, https:\/\/romfilatelia.ro\/magazin\/wp-content\/uploads\/2007\/11\/bloc_M-500x509.jpg 500w, https:\/\/romfilatelia.ro\/magazin\/wp-content\/uploads\/2007\/11\/bloc_M-64x65.jpg 64w, https:\/\/romfilatelia.ro\/magazin\/wp-content\/uploads\/2007\/11\/bloc_M-53x53.jpg 53w, https:\/\/romfilatelia.ro\/magazin\/wp-content\/uploads\/2007\/11\/bloc_M-85x85.jpg 85w, https:\/\/romfilatelia.ro\/magazin\/wp-content\/uploads\/2007\/11\/bloc_M.jpg 589w\" sizes=\"(max-width: 295px) 100vw, 295px\" \/><\/a><\/p>\n<p>Ca la fiecare sf\u00e2r\u0219it de an, Romfilatelia, societatea specializat\u0103 \u00een editarea \u0219i comercializarea m\u0103rcilor po\u0219tale rom\u00e2ne\u0219ti, introduce \u00een circula\u021bie emisiunea filatelic\u0103 Cr\u0103ciun 2007.<\/p>\n<p>Pe timbrul emisiunii filatelice este reprodus\u0103 imaginea unei icoane av\u00e2nd ca subiect Na\u0219terea lui Iisus Hristos, iar pe vinieta colii de timbre este redat\u0103 imaginea altei icoane av\u00e2nd ca subiect Bunavestire.<br \/>\nCele dou\u0103 icoane fac parte din patrimoniul Bisericii Scaune aflat\u0103 \u00een centrul Bucure\u0219tiului, din imediata vecin\u0103tate a Spitalului Col\u021bea.<br \/>\nBiserica Scaune a fost ridicat\u0103 \u00een urm\u0103 cu aproape 400 de ani (1611), pe un teren aflat \u00een mahalaua m\u0103celarilor, care t\u0103iau carnea pe butuci mari de lemn, cunoscu\u021bi sub denumirea de &#8222;scaune&#8221;. La ini\u021biativa membrilor breslei s-a construit aceast\u0103 biseric\u0103, r\u0103mas\u0103 peste veacuri cu numele de Biserica M\u0103celarilor \u0219i a S\u0103punarilor sau Biserica Scaune, cu hramurile Na\u0219terea Maicii Domnului \u0219i Adormirea Maicii Domnului.<br \/>\n\u00cen anul 1843, biserica a fost restaurat\u0103 de Paharnicul Ioan Costacopolu care a zugr\u0103vit-o \u0219i a tencuit exteriorul.<br \/>\nNu sunt cunoscute numele pictorului (zugravului) \u0219i nici data realiz\u0103rii frescei originale. Pictura prezint\u0103 o deosebit\u0103 valoare artistic\u0103. \u00cen 1944 a fost sp\u0103lat\u0103 \u0219i restaurat\u0103 de pictorul Gheorghe Popescu.<br \/>\n\u00centre anii 1910-1944 nu s-a mai oficiat nicio slujb\u0103 \u00een acest l\u0103ca\u0219 de cult, biserica fiind \u00eenchis\u0103 \u0219i l\u0103sat\u0103 \u00een p\u0103r\u0103sire, fapt ce a adus-o aproape de starea de ruin\u0103.<br \/>\n\u00cen anul 1939 a \u00eenceput restaurarea bisericii, iar \u00een 1944 a fost dezgropat\u0103, prin \u00eenl\u0103turarea unui strat de p\u0103m\u00e2nt cu grosimea de peste un metru. \u00cen luna august a anului 1944, biserica a fost redeschis\u0103 pentru credincio\u0219i, iar la 8 septembrie a fost resfin\u021bit\u0103 cu hramul Na\u0219terii Maicii Domnului.<\/p>\n<p>Cu o urare,<\/p>\n<p>Noroc s\u0103 deie Dumnezeu<br \/>\nNoroc \u0219i bucurie<br \/>\nLa toat\u0103 casa de rom\u00e2ni<br \/>\nBel\u0219ug \u0219i veselie!<\/p>\n<p>Echipa Romfilatelia v\u0103 colind\u0103 din suflet, pe voi, prietenii timbrelor \u0219i v\u0103 ureaz\u0103<\/p>\n<p>S\u0103rb\u0103tori fericite!<br \/>\nData Aparitie:2007-11-03<\/p>\n<p><a href=\"https:\/\/romfilatelia.ro\/magazin\/wp-content\/uploads\/2007\/11\/box_rom.jpg\"><img decoding=\"async\" loading=\"lazy\" class=\"aligncenter wp-image-2004586 size-full\" src=\"https:\/\/romfilatelia.ro\/magazin\/wp-content\/uploads\/2007\/11\/box_rom.jpg\" alt=\"box_rom\" width=\"450\" height=\"360\" srcset=\"https:\/\/romfilatelia.ro\/magazin\/wp-content\/uploads\/2007\/11\/box_rom.jpg 450w, https:\/\/romfilatelia.ro\/magazin\/wp-content\/uploads\/2007\/11\/box_rom-64x51.jpg 64w, https:\/\/romfilatelia.ro\/magazin\/wp-content\/uploads\/2007\/11\/box_rom-300x240.jpg 300w, https:\/\/romfilatelia.ro\/magazin\/wp-content\/uploads\/2007\/11\/box_rom-400x320.jpg 400w\" sizes=\"(max-width: 450px) 100vw, 450px\" \/><\/a><\/p>\n","protected":false},"excerpt":{"rendered":"<p>Ca la fiecare sf\u00e2r\u0219it de an, Romfilatelia, societatea specializat\u0103 \u00een editarea \u0219i comercializarea m\u0103rcilor po\u0219tale rom\u00e2ne\u0219ti, introduce \u00een circula\u021bie emisiunea filatelic\u0103 Cr\u0103ciun 2007. Pe timbrul emisiunii filatelice este reprodus\u0103 imaginea unei icoane av\u00e2nd ca subiect Na\u0219terea lui Iisus Hristos, iar pe vinieta colii de timbre este redat\u0103 imaginea altei icoane av\u00e2nd ca subiect Bunavestire. Cele&hellip;&nbsp;<a href=\"https:\/\/romfilatelia.ro\/magazin\/produs\/colectii-anuale\/craciun-2007\/\" class=\"\" rel=\"bookmark\">Cite\u0219te mai mult &raquo;<span class=\"screen-reader-text\">Cr\u0103ciun 2007<\/span><\/a><\/p>\n","protected":false},"featured_media":2004585,"template":"","meta":{"neve_meta_sidebar":"","neve_meta_container":"","neve_meta_enable_content_width":"","neve_meta_content_width":0,"neve_meta_title_alignment":"","neve_meta_author_avatar":"","neve_post_elements_order":"","neve_meta_disable_header":"","neve_meta_disable_footer":"","neve_meta_disable_title":""},"product_cat":[6],"product_tag":[],"_links":{"self":[{"href":"https:\/\/romfilatelia.ro\/magazin\/wp-json\/wp\/v2\/product\/2001712"}],"collection":[{"href":"https:\/\/romfilatelia.ro\/magazin\/wp-json\/wp\/v2\/product"}],"about":[{"href":"https:\/\/romfilatelia.ro\/magazin\/wp-json\/wp\/v2\/types\/product"}],"wp:featuredmedia":[{"embeddable":true,"href":"https:\/\/romfilatelia.ro\/magazin\/wp-json\/wp\/v2\/media\/2004585"}],"wp:attachment":[{"href":"https:\/\/romfilatelia.ro\/magazin\/wp-json\/wp\/v2\/media?parent=2001712"}],"wp:term":[{"taxonomy":"product_cat","embeddable":true,"href":"https:\/\/romfilatelia.ro\/magazin\/wp-json\/wp\/v2\/product_cat?post=2001712"},{"taxonomy":"product_tag","embeddable":true,"href":"https:\/\/romfilatelia.ro\/magazin\/wp-json\/wp\/v2\/product_tag?post=2001712"}],"curies":[{"name":"wp","href":"https:\/\/api.w.org\/{rel}","templated":true}]}}