{"id":2001708,"date":"2007-09-03T14:03:57","date_gmt":"2007-09-03T14:03:57","guid":{"rendered":"http:\/\/romfilatelia.ro\/store\/2007\/09\/03\/emisiune-comuna-romania-luxemburg-casa-luxemburg-din-sibiu\/"},"modified":"2016-08-09T11:24:58","modified_gmt":"2016-08-09T11:24:58","slug":"emisiune-comuna-romania-luxemburg-casa-luxemburg-din-sibiu","status":"publish","type":"product","link":"https:\/\/romfilatelia.ro\/magazin\/produs\/colectii-anuale\/2007\/emisiune-comuna-romania-luxemburg-casa-luxemburg-din-sibiu\/","title":{"rendered":"Emisiune comun\u00e3 Rom\u00e2nia \u2013Luxemburg: \u201eCasa Luxemburg din Sibiu\u201d"},"content":{"rendered":"<p><a href=\"https:\/\/romfilatelia.ro\/magazin\/wp-content\/uploads\/2007\/09\/rom_lux2_M.jpg\"><img decoding=\"async\" loading=\"lazy\" class=\"size-medium wp-image-2004663 alignleft\" src=\"https:\/\/romfilatelia.ro\/magazin\/wp-content\/uploads\/2007\/09\/rom_lux2_M-286x300.jpg\" alt=\"rom_lux2_M\" width=\"286\" height=\"300\" srcset=\"https:\/\/romfilatelia.ro\/magazin\/wp-content\/uploads\/2007\/09\/rom_lux2_M-286x300.jpg 286w, https:\/\/romfilatelia.ro\/magazin\/wp-content\/uploads\/2007\/09\/rom_lux2_M-500x524.jpg 500w, https:\/\/romfilatelia.ro\/magazin\/wp-content\/uploads\/2007\/09\/rom_lux2_M-64x67.jpg 64w, https:\/\/romfilatelia.ro\/magazin\/wp-content\/uploads\/2007\/09\/rom_lux2_M.jpg 572w\" sizes=\"(max-width: 286px) 100vw, 286px\" \/><\/a>Romfilatelia, societatea specializat\u00e3 \u00een editarea \u015fi comercializarea m\u00e3rcilor po\u015ftalerom\u00e2ne\u015fti, introduce \u00een circula\u0163ie emisiunea comun\u00e3 de timbre Rom\u00e2nia-Luxemburg \u201eCasa Luxemburg din Sibiu\u201c.<br \/>\n\u00cen cadrul reuniunii mini\u015ftrilor culturii din statele membre ale Uniunii Europene, desf\u00e3\u015furat\u00e3 \u00een luna mai a anului 2004 la Bruxelles, Consiliul de Mini\u015ftri a desemnat ora\u015fele Luxemburg \u015fi Sibiu \u00een calitate de Capitale Europene ale Culturii pentru anul 2007.<br \/>\nPrima oar\u00e3, Luxemburg a fost numit \u201eCapital\u00e3 Cultural\u00e3 European\u00e3\u201c, \u00een 1995. \u00cen anul 2007 conceptul de \u201eCapital\u00e3 Cultural\u00e3 European\u00e3\u201c implic\u00e3 un eveniment transfrontalier, spa\u0163iul acesteia fiind extins pornind de la Luxemburg, peste o regiune format\u00e3 din Marele Ducat al Luxemburgului precum \u015fi alte zone din Fran\u0163a, Germania \u015fi Belgia, toate acestea purt\u00e2nd denumirea de \u201eMarea Regiune\u201c. Acest concept confer\u00e3 Capitalei Culturale 2007 o semnifica\u0163ie special\u00e3 \u015fi anume promovarea mobilit\u00e3\u0163ii \u015fi a schimbului de idei, traversarea grani\u0163elor sub toate aspectele: fizic, psihologic \u015fi artistic.<br \/>\nRela\u0163iile Rom\u00e2niei cu Marele Ducat de Luxemburg au fost stabilite la 5 decembrie 1910, iar la nivel de ambasad\u00e3, la 12 noiembrie 1966.<br \/>\nLuxemburgul a acordat Sibiului o mare aten\u0163ie, \u00een special datorit\u00e3 faptului c\u00e3 \u00een secolul al XII-lea s-au stabilit aici primele grupuri de coloni\u015fti sa\u015fi provenite din zona r\u00e2ului Moselle, aflat\u00e3 ast\u00e3zi pe teritoriul Luxemburgului. De altfel, graiul s\u00e3sesc vorbit la Sibiu este foarte asem\u00e3n\u00e3tor cu limba luxemburghez\u00e3.<br \/>\nPrima men\u0163ionare documentar\u00e3 a Sibiului dateaz\u00e3 din anul 1191.<br \/>\nCu ocazia vizitei \u00een Rom\u00e2nia a Marelui Duce de Luxemburg \u015fi a Marii Ducese de<br \/>\nLuxemburg, \u00een luna martie a anului 2004, a avut loc la Sibiu inaugurarea Casei Luxemburg (fost\u00e3 Casa Schaser).<br \/>\nCl\u00e3direa care ad\u00e3poste\u015fte Casa Luxemburg a fost construit\u00e3 pe prima incint\u00e3 de fortifica\u0163ie a a\u015fez\u00e3rii \u201eVilla Hermani\u201c, devenit\u00e3 ulterior Hermannstadt &#8211; Sibiul de azi. Ini\u0163ial realizat\u00e3 \u00een stil gotic (sec. XV), Casa Luxemburg a fost transformat\u00e3 \u00een perioada Rena\u015fterii, de atunci provenind decora\u0163ia cu pila\u015ftri a fa\u0163adei \u015fi ornamen\u0163ia bogat\u00e3 a ferestrelor, \u00een stil baroc.<br \/>\n\u00centre anii 1999 \u015fi 2003, Serviciul de Situri \u015fi Monumente Na\u0163ionale al Luxemburgului a finan\u0163at \u015fi coordonat lucr\u00e3rile de restaurare a imobilului.<br \/>\nAst\u00e3zi Casa Luxemburg de la Sibiu serve\u015fte drept centru cultural, turistic, de informare \u015fi documentare.<br \/>\nImaginea Casei Luxemburg din Sibiu apare at\u00e2t pe timbrul emisiunii c\u00e2t \u015fi pe cel al coli\u0163ei dantelate.<\/p>\n<p>Data Aparitie:2007-09-03<\/p>\n<p><a href=\"https:\/\/romfilatelia.ro\/magazin\/wp-content\/uploads\/2007\/09\/rom_lux_rom.jpg\"><img decoding=\"async\" loading=\"lazy\" class=\"aligncenter wp-image-2004662 size-full\" src=\"https:\/\/romfilatelia.ro\/magazin\/wp-content\/uploads\/2007\/09\/rom_lux_rom.jpg\" alt=\"rom_lux_rom\" width=\"415\" height=\"450\" srcset=\"https:\/\/romfilatelia.ro\/magazin\/wp-content\/uploads\/2007\/09\/rom_lux_rom.jpg 415w, https:\/\/romfilatelia.ro\/magazin\/wp-content\/uploads\/2007\/09\/rom_lux_rom-64x69.jpg 64w, https:\/\/romfilatelia.ro\/magazin\/wp-content\/uploads\/2007\/09\/rom_lux_rom-277x300.jpg 277w, https:\/\/romfilatelia.ro\/magazin\/wp-content\/uploads\/2007\/09\/rom_lux_rom-369x400.jpg 369w\" sizes=\"(max-width: 415px) 100vw, 415px\" \/><\/a><\/p>\n","protected":false},"excerpt":{"rendered":"<p>Romfilatelia, societatea specializat\u00e3 \u00een editarea \u015fi comercializarea m\u00e3rcilor po\u015ftalerom\u00e2ne\u015fti, introduce \u00een circula\u0163ie emisiunea comun\u00e3 de timbre Rom\u00e2nia-Luxemburg \u201eCasa Luxemburg din Sibiu\u201c. \u00cen cadrul reuniunii mini\u015ftrilor culturii din statele membre ale Uniunii Europene, desf\u00e3\u015furat\u00e3 \u00een luna mai a anului 2004 la Bruxelles, Consiliul de Mini\u015ftri a desemnat ora\u015fele Luxemburg \u015fi Sibiu \u00een calitate de Capitale Europene&hellip;&nbsp;<a href=\"https:\/\/romfilatelia.ro\/magazin\/produs\/colectii-anuale\/2007\/emisiune-comuna-romania-luxemburg-casa-luxemburg-din-sibiu\/\" class=\"\" rel=\"bookmark\">Cite\u0219te mai mult &raquo;<span class=\"screen-reader-text\">Emisiune comun\u00e3 Rom\u00e2nia \u2013Luxemburg: \u201eCasa Luxemburg din Sibiu\u201d<\/span><\/a><\/p>\n","protected":false},"featured_media":2004663,"template":"","meta":{"neve_meta_sidebar":"","neve_meta_container":"","neve_meta_enable_content_width":"","neve_meta_content_width":0,"neve_meta_title_alignment":"","neve_meta_author_avatar":"","neve_post_elements_order":"","neve_meta_disable_header":"","neve_meta_disable_footer":"","neve_meta_disable_title":""},"product_cat":[111,6],"product_tag":[],"_links":{"self":[{"href":"https:\/\/romfilatelia.ro\/magazin\/wp-json\/wp\/v2\/product\/2001708"}],"collection":[{"href":"https:\/\/romfilatelia.ro\/magazin\/wp-json\/wp\/v2\/product"}],"about":[{"href":"https:\/\/romfilatelia.ro\/magazin\/wp-json\/wp\/v2\/types\/product"}],"wp:featuredmedia":[{"embeddable":true,"href":"https:\/\/romfilatelia.ro\/magazin\/wp-json\/wp\/v2\/media\/2004663"}],"wp:attachment":[{"href":"https:\/\/romfilatelia.ro\/magazin\/wp-json\/wp\/v2\/media?parent=2001708"}],"wp:term":[{"taxonomy":"product_cat","embeddable":true,"href":"https:\/\/romfilatelia.ro\/magazin\/wp-json\/wp\/v2\/product_cat?post=2001708"},{"taxonomy":"product_tag","embeddable":true,"href":"https:\/\/romfilatelia.ro\/magazin\/wp-json\/wp\/v2\/product_tag?post=2001708"}],"curies":[{"name":"wp","href":"https:\/\/api.w.org\/{rel}","templated":true}]}}