{"id":2001706,"date":"2007-08-17T14:02:42","date_gmt":"2007-08-17T14:02:42","guid":{"rendered":"http:\/\/romfilatelia.ro\/store\/2007\/08\/17\/expozithia-filatelica-mondiala-efiro-2008-ii\/"},"modified":"2016-08-09T11:16:41","modified_gmt":"2016-08-09T11:16:41","slug":"expozithia-filatelica-mondiala-efiro-2008-ii","status":"publish","type":"product","link":"https:\/\/romfilatelia.ro\/magazin\/produs\/colectii-anuale\/2007\/expozithia-filatelica-mondiala-efiro-2008-ii\/","title":{"rendered":"Expozi\u021bia Filatelic\u00e3 Mondial\u00e3 EFIRO 2008 (II)"},"content":{"rendered":"<p><a href=\"https:\/\/romfilatelia.ro\/magazin\/wp-content\/uploads\/2007\/08\/efiroII_M.jpg\"><img decoding=\"async\" loading=\"lazy\" class=\"size-medium wp-image-2004668 alignleft\" src=\"https:\/\/romfilatelia.ro\/magazin\/wp-content\/uploads\/2007\/08\/efiroII_M-261x300.jpg\" alt=\"efiroII_M\" width=\"261\" height=\"300\" srcset=\"https:\/\/romfilatelia.ro\/magazin\/wp-content\/uploads\/2007\/08\/efiroII_M-261x300.jpg 261w, https:\/\/romfilatelia.ro\/magazin\/wp-content\/uploads\/2007\/08\/efiroII_M-500x576.jpg 500w, https:\/\/romfilatelia.ro\/magazin\/wp-content\/uploads\/2007\/08\/efiroII_M-64x74.jpg 64w, https:\/\/romfilatelia.ro\/magazin\/wp-content\/uploads\/2007\/08\/efiroII_M.jpg 521w\" sizes=\"(max-width: 261px) 100vw, 261px\" \/><\/a> \u00cen 2008 se vor \u00eemplini 150 de ani de la emiterea primei m\u00e3rci po\u015ftale rom\u00e2ne\u015fti, celebrul \u201eCap de bour\u201d. Cu aceast\u00e3 ocazie, Rom\u00e2nia va organiza prima Expozi\u0163ie Filatelic\u00e3 Mondial\u00e3, sub denumirea EFIRO 2008.<br \/>\nPentru a promova \u00een r\u00e2ndul popula\u0163iei acest eveniment filatelic major, Romfilatelia, societatea specializat\u00e3 \u00een editarea \u015fi comercializarea m\u00e3rcilor po\u015ftale rom\u00e2ne\u015fti, introduce \u00een circula\u0163ie \u015fi \u00een acest an o nou\u00e3 emisiune filatelic\u00e3 Expozi\u0163ia Filatelic\u00e3 Mondial\u00e3 EFIRO 2008 (II).<br \/>\nPrima expozi\u0163ie EFIRO (E-expozi\u0163ie FI-filatelic\u00e3 RO-rom\u00e2n\u00e3), cu participare interna\u0163ional\u00e3, s-a desf\u00e3\u015furat \u00een 1932, sub \u00eenaltul patronaj al Regelui Carol al II-lea. Urm\u00e3toarele dou\u00e3 au avut loc la Palatul Parlamentului, \u00een 1998 \u015fi \u00een 2004.<br \/>\n\u00cen 2008, la Complexul Romexpo, unde se va desf\u00e3\u015fura Expozi\u0163ia Mondial\u00e3 de Filatelie EFIRO 2008, vor fi expuse timbre din colec\u0163iile Reginei Elisabeta a Marii Britanii \u015fi a prin\u0163ului Albert de Monaco.<br \/>\nTotodat\u00e3 va fi expus\u00e3 \u015fi o alt\u00e3 raritate filatelic\u00e3 \u015fi anume o scrisoare din al Doilea R\u00e3zboi Mondial, care \u00eenc\u00e3 mai p\u00e3streaz\u00e3 urmele radia\u0163iilor bombei de la Hiroshima. Scrisoarea a fost g\u00e3sit\u00e3 \u00een timpul lucr\u00e3rilor de cur\u00e3\u0163are a ruinelor unei b\u00e3nci din Hiroshima, la aproximativ doi kilometri distan\u0163\u00e3 de epicentrul deton\u00e3rii. Aceasta nu prezint\u00e3 deterior\u00e3ri exterioare, dar a fost iradiat\u00e3. Din motive de securitate, a fost pus\u00e3 \u00eentr-o man\u015fet\u00e3 de plumb \u015fi acoperit\u00e3 cu sticl\u00e3 blindat\u00e3, iar sub aceast\u00e3 form\u00e3 va fi prezentat\u00e3 \u015fi la EFIRO 2008.<br \/>\nEmisiunea filatelic\u00e3 este realizat\u00e3 \u00een maniera \u201emarc\u00e3 pe marc\u00e3\u201d, format\u00e3 din trei timbre cu valorile nominale de 1,10 Lei, 2,10 Lei \u015fi 3,30 Lei, reproduc\u00e2nd timbrele celei de a doua emisiuni \u201eCap de Bour\u201d (1 noiembrie 1858 &#8211; 1 mai 1862), care aveau \u00eenscrise valorile nominale de 5, 40 \u015fi 80 parale.<br \/>\nColile de timbre sunt completate cu 8 viniete care reproduc imagini ale unor monede emise de domnitori ai Moldovei (Petru I Mu\u015fat, \u0218tefan al II-lea, \u0218tefan cel Mare, \u0218tefan al IV-lea, Alexandru cel Bun, Bogdan al II-lea, Bogdan al III-lea \u015fi Ieremia Movil\u00e3), \u00eentre sec.XIV \u015fi XVI.<br \/>\nTimbrul coli\u0163ei dantelate, cu valoarea nominal\u00e3 de 5,60 Lei, reproduce imaginea Capului de bour \u015fi a goarnei de po\u015ft\u00e3, prezent\u00e3 pe timbrele emise \u00een noiembrie 1858, l\u00e2ng\u00e3 care sunt reproduse opt monede prezente \u015fi pe vinietele colilor de timbre.<br \/>\n\u00cen premier\u00e3 \u00een Rom\u00e2nia, timbrul are o \u00eenclinare (de 10 grade) fa\u0163\u00e3 de verticala coli\u0163ei.<br \/>\nToate componentele emisiunii poart\u00e3 sigla EFIRO 2008.<\/p>\n<p>Data Aparitie:2007-08-17<\/p>\n<p><a href=\"https:\/\/romfilatelia.ro\/magazin\/wp-content\/uploads\/2007\/08\/efiroII_rom.jpg\"><img decoding=\"async\" loading=\"lazy\" class=\"aligncenter wp-image-2004669 size-full\" src=\"https:\/\/romfilatelia.ro\/magazin\/wp-content\/uploads\/2007\/08\/efiroII_rom.jpg\" alt=\"efiroII_rom\" width=\"450\" height=\"380\" srcset=\"https:\/\/romfilatelia.ro\/magazin\/wp-content\/uploads\/2007\/08\/efiroII_rom.jpg 450w, https:\/\/romfilatelia.ro\/magazin\/wp-content\/uploads\/2007\/08\/efiroII_rom-64x54.jpg 64w, https:\/\/romfilatelia.ro\/magazin\/wp-content\/uploads\/2007\/08\/efiroII_rom-300x253.jpg 300w, https:\/\/romfilatelia.ro\/magazin\/wp-content\/uploads\/2007\/08\/efiroII_rom-400x338.jpg 400w\" sizes=\"(max-width: 450px) 100vw, 450px\" \/><\/a><\/p>\n","protected":false},"excerpt":{"rendered":"<p>\u00cen 2008 se vor \u00eemplini 150 de ani de la emiterea primei m\u00e3rci po\u015ftale rom\u00e2ne\u015fti, celebrul \u201eCap de bour\u201d. Cu aceast\u00e3 ocazie, Rom\u00e2nia va organiza prima Expozi\u0163ie Filatelic\u00e3 Mondial\u00e3, sub denumirea EFIRO 2008. Pentru a promova \u00een r\u00e2ndul popula\u0163iei acest eveniment filatelic major, Romfilatelia, societatea specializat\u00e3 \u00een editarea \u015fi comercializarea m\u00e3rcilor po\u015ftale rom\u00e2ne\u015fti, introduce \u00een&hellip;&nbsp;<a href=\"https:\/\/romfilatelia.ro\/magazin\/produs\/colectii-anuale\/2007\/expozithia-filatelica-mondiala-efiro-2008-ii\/\" class=\"\" rel=\"bookmark\">Cite\u0219te mai mult &raquo;<span class=\"screen-reader-text\">Expozi\u021bia Filatelic\u00e3 Mondial\u00e3 EFIRO 2008 (II)<\/span><\/a><\/p>\n","protected":false},"featured_media":2004668,"template":"","meta":{"neve_meta_sidebar":"","neve_meta_container":"","neve_meta_enable_content_width":"","neve_meta_content_width":0,"neve_meta_title_alignment":"","neve_meta_author_avatar":"","neve_post_elements_order":"","neve_meta_disable_header":"","neve_meta_disable_footer":"","neve_meta_disable_title":""},"product_cat":[111,6],"product_tag":[],"_links":{"self":[{"href":"https:\/\/romfilatelia.ro\/magazin\/wp-json\/wp\/v2\/product\/2001706"}],"collection":[{"href":"https:\/\/romfilatelia.ro\/magazin\/wp-json\/wp\/v2\/product"}],"about":[{"href":"https:\/\/romfilatelia.ro\/magazin\/wp-json\/wp\/v2\/types\/product"}],"wp:featuredmedia":[{"embeddable":true,"href":"https:\/\/romfilatelia.ro\/magazin\/wp-json\/wp\/v2\/media\/2004668"}],"wp:attachment":[{"href":"https:\/\/romfilatelia.ro\/magazin\/wp-json\/wp\/v2\/media?parent=2001706"}],"wp:term":[{"taxonomy":"product_cat","embeddable":true,"href":"https:\/\/romfilatelia.ro\/magazin\/wp-json\/wp\/v2\/product_cat?post=2001706"},{"taxonomy":"product_tag","embeddable":true,"href":"https:\/\/romfilatelia.ro\/magazin\/wp-json\/wp\/v2\/product_tag?post=2001706"}],"curies":[{"name":"wp","href":"https:\/\/api.w.org\/{rel}","templated":true}]}}