{"id":2001703,"date":"2007-08-03T16:01:15","date_gmt":"2007-08-03T14:01:15","guid":{"rendered":"http:\/\/romfilatelia.ro\/store\/2007\/08\/03\/in-memoria-parintelui-teoctist-patriarhul-bisericii-ortodoxe-romane-1986-2007\/"},"modified":"2017-05-30T09:13:57","modified_gmt":"2017-05-30T07:13:57","slug":"in-memoria-parintelui-teoctist-patriarhul-bisericii-ortodoxe-romane-1986-2007","status":"publish","type":"product","link":"https:\/\/romfilatelia.ro\/magazin\/produs\/colectii-anuale\/2007\/in-memoria-parintelui-teoctist-patriarhul-bisericii-ortodoxe-romane-1986-2007\/","title":{"rendered":"\u00ceN MEMORIA P\u00c3RINTELUI TEOCTIST, PATRIARHUL BISERICII ORTODOXE ROM\u00c2NE (1986- 2007)"},"content":{"rendered":"<p><a href=\"https:\/\/romfilatelia.ro\/magazin\/wp-content\/uploads\/2007\/08\/teoctist_minic_M.jpg\"><img decoding=\"async\" loading=\"lazy\" class=\"size-medium wp-image-2004683 alignleft\" src=\"https:\/\/romfilatelia.ro\/magazin\/wp-content\/uploads\/2007\/08\/teoctist_minic_M-300x290.jpg\" alt=\"teoctist_minic_M\" width=\"300\" height=\"290\" srcset=\"https:\/\/romfilatelia.ro\/magazin\/wp-content\/uploads\/2007\/08\/teoctist_minic_M-300x290.jpg 300w, https:\/\/romfilatelia.ro\/magazin\/wp-content\/uploads\/2007\/08\/teoctist_minic_M-500x483.jpg 500w, https:\/\/romfilatelia.ro\/magazin\/wp-content\/uploads\/2007\/08\/teoctist_minic_M-64x62.jpg 64w, https:\/\/romfilatelia.ro\/magazin\/wp-content\/uploads\/2007\/08\/teoctist_minic_M.jpg 600w\" sizes=\"(max-width: 300px) 100vw, 300px\" \/><\/a>Dup\u00e3 aproape 80 de ani \u00eenchina\u0163i Bisericii Ortodoxe Rom\u00e2ne, Patriarhul Teoctist a plecat la Casa P\u00e3rintelui Ceresc.<br \/>\n30 iulie 2007 &#8211; r\u00e3m\u00e2ne o zi \u00eenscris\u00e3 \u00een sufletele noastre, ale tuturor cre\u015ftinilor, ca o zi trist\u00e3 \u00een care un reprezentant de seam\u00e3 al Ortodoxiei &#8211; Patriarhul BisericiiOrtodoxe Rom\u00e2ne &#8211; a plecat spre ve\u015fnicie.<br \/>\nIntrat de la o fraged\u00e3 v\u00e2rst\u00e3 \u00een via\u0163a monahal\u00e3, viitorul Patriarh a urcat toate treptele ierarhiei biserice\u015fti, pentru a ajunge la demnitatea suprem\u00e3 din Biserica Ortodox\u00e3 Rom\u00e2n\u00e3.<br \/>\n\u00cen cei peste dou\u00e3zeci de ani c\u00e2t a fost \u00een fruntea Bisericii Ortodoxe Rom\u00e2ne, Patriarhul Teoctist, prin str\u00e3danie neostoit\u00e3, a reu\u015fit s\u00e3 impun\u00e3 Biserica drept ceamai credibil\u00e3 institu\u0163ie pentru rom\u00e2ni.<br \/>\nP\u00e3str\u00e3tor al credin\u0163ei tuturor rom\u00e2nilor, la \u00eenceputul anilor \u201990, a reactivat Mitropolia Basarabiei \u015fi a \u00eenfiin\u0163at Mitropoliile Ortodoxe Rom\u00e2ne pentru Europa Central\u00e3 \u015fi de Nord, \u015fi pentru Europa Occidental\u00e3 \u015fi Meridional\u00e3, precum \u015fiEpiscopiile Ortodoxe Rom\u00e2ne pentru rom\u00e2nii din Ungaria \u015fi Serbia.<br \/>\n\u00cen cele dou\u00e3 decenii de patriarhat, sub conducerea Prea Fericitului Teoctist s-au \u00eenfiin\u0163at 12 noi eparhii \u015fi 400 de m\u00e2n\u00e3stiri \u015fi s-au construit aproape 2000 del\u00e3ca\u015furi de cult.<br \/>\nCea mai semnificativ\u00e3 m\u00e3rturie a dorin\u0163ei pentru unitatea cre\u015ftin\u00e3 a<br \/>\nPatriarhului Teoctist a fost vizita Papei Ioan Paul al II-lea la Bucure\u015fti, \u00een luna mai 1999, Rom\u00e2nia fiind prima \u0163ar\u00e3 ortodox\u00e3 din lume vizitat\u00e3 de un Pap\u00e3.<br \/>\nModest \u015fi purt\u00e3tor permanent al spiritului bl\u00e2nde\u0163ii, Prea Fericitul P\u00e3rinte Teoctist las\u00e3 \u00een urma sa o via\u0163\u00e3 model pentru ierarhii Ortodoxiei rom\u00e2ne, pentru to\u0163i cre\u015ftinii adev\u00e3ra\u0163i, al\u00e3turi de un vis pe care \u015fi l-a dorit realizat: Catedrala M\u00e2ntuirii Neamului, o \u201esperan\u0163\u00e3 care cre\u015fte pe m\u00e3sur\u00e3 ce o p\u00e3strezi\u201c.<br \/>\nCa un pios omagiu, Romfilatelia, societatea specializat\u00e3 \u00een editarea \u015fi<br \/>\ncomercializarea m\u00e3rcilor po\u015ftale \u00een Rom\u00e2nia, lanseaz\u00e3 emisiunea filatelic\u00e3 \u201e\u00ceN MEMORIA P\u00c3RINTELUI TEOCTIST, PATRIARHUL BISERICII ORTODOXE ROM\u00c2NE (1986- 2007)\u201c.<\/p>\n<p>Data Aparitie:2007-08-03<\/p>\n<p><a href=\"https:\/\/romfilatelia.ro\/magazin\/wp-content\/uploads\/2007\/08\/teoctist_box_rom.jpg\"><img decoding=\"async\" loading=\"lazy\" class=\"aligncenter wp-image-2004682 size-full\" src=\"https:\/\/romfilatelia.ro\/magazin\/wp-content\/uploads\/2007\/08\/teoctist_box_rom.jpg\" alt=\"teoctist_box_rom\" width=\"500\" height=\"491\" srcset=\"https:\/\/romfilatelia.ro\/magazin\/wp-content\/uploads\/2007\/08\/teoctist_box_rom.jpg 500w, https:\/\/romfilatelia.ro\/magazin\/wp-content\/uploads\/2007\/08\/teoctist_box_rom-64x63.jpg 64w, https:\/\/romfilatelia.ro\/magazin\/wp-content\/uploads\/2007\/08\/teoctist_box_rom-300x295.jpg 300w, https:\/\/romfilatelia.ro\/magazin\/wp-content\/uploads\/2007\/08\/teoctist_box_rom-400x393.jpg 400w, https:\/\/romfilatelia.ro\/magazin\/wp-content\/uploads\/2007\/08\/teoctist_box_rom-53x53.jpg 53w\" sizes=\"(max-width: 500px) 100vw, 500px\" \/><\/a><\/p>\n","protected":false},"excerpt":{"rendered":"<p>Dup\u00e3 aproape 80 de ani \u00eenchina\u0163i Bisericii Ortodoxe Rom\u00e2ne, Patriarhul Teoctist a plecat la Casa P\u00e3rintelui Ceresc. 30 iulie 2007 &#8211; r\u00e3m\u00e2ne o zi \u00eenscris\u00e3 \u00een sufletele noastre, ale tuturor cre\u015ftinilor, ca o zi trist\u00e3 \u00een care un reprezentant de seam\u00e3 al Ortodoxiei &#8211; Patriarhul BisericiiOrtodoxe Rom\u00e2ne &#8211; a plecat spre ve\u015fnicie. Intrat de la&hellip;&nbsp;<a href=\"https:\/\/romfilatelia.ro\/magazin\/produs\/colectii-anuale\/2007\/in-memoria-parintelui-teoctist-patriarhul-bisericii-ortodoxe-romane-1986-2007\/\" class=\"\" rel=\"bookmark\">Cite\u0219te mai mult &raquo;<span class=\"screen-reader-text\">\u00ceN MEMORIA P\u00c3RINTELUI TEOCTIST, PATRIARHUL BISERICII ORTODOXE ROM\u00c2NE (1986- 2007)<\/span><\/a><\/p>\n","protected":false},"featured_media":2004683,"template":"","meta":{"neve_meta_sidebar":"","neve_meta_container":"","neve_meta_enable_content_width":"","neve_meta_content_width":0,"neve_meta_title_alignment":"","neve_meta_author_avatar":"","neve_post_elements_order":"","neve_meta_disable_header":"","neve_meta_disable_footer":"","neve_meta_disable_title":""},"product_cat":[111,6],"product_tag":[],"_links":{"self":[{"href":"https:\/\/romfilatelia.ro\/magazin\/wp-json\/wp\/v2\/product\/2001703"}],"collection":[{"href":"https:\/\/romfilatelia.ro\/magazin\/wp-json\/wp\/v2\/product"}],"about":[{"href":"https:\/\/romfilatelia.ro\/magazin\/wp-json\/wp\/v2\/types\/product"}],"wp:featuredmedia":[{"embeddable":true,"href":"https:\/\/romfilatelia.ro\/magazin\/wp-json\/wp\/v2\/media\/2004683"}],"wp:attachment":[{"href":"https:\/\/romfilatelia.ro\/magazin\/wp-json\/wp\/v2\/media?parent=2001703"}],"wp:term":[{"taxonomy":"product_cat","embeddable":true,"href":"https:\/\/romfilatelia.ro\/magazin\/wp-json\/wp\/v2\/product_cat?post=2001703"},{"taxonomy":"product_tag","embeddable":true,"href":"https:\/\/romfilatelia.ro\/magazin\/wp-json\/wp\/v2\/product_tag?post=2001703"}],"curies":[{"name":"wp","href":"https:\/\/api.w.org\/{rel}","templated":true}]}}