{"id":2001701,"date":"2007-07-12T12:35:31","date_gmt":"2007-07-12T12:35:31","guid":{"rendered":"http:\/\/romfilatelia.ro\/store\/2007\/07\/12\/rathe-si-gaste-salbatice\/"},"modified":"2016-08-09T10:57:37","modified_gmt":"2016-08-09T10:57:37","slug":"rathe-si-gaste-salbatice","status":"publish","type":"product","link":"https:\/\/romfilatelia.ro\/magazin\/produs\/colectii-anuale\/2007\/rathe-si-gaste-salbatice\/","title":{"rendered":"Ra\u0163e \u015fi G\u00e2\u015fte S\u0103lbatice"},"content":{"rendered":"<p style=\"text-align: left;\"><a href=\"https:\/\/romfilatelia.ro\/magazin\/wp-content\/uploads\/2007\/07\/rate_emis_M.jpg\"><img decoding=\"async\" loading=\"lazy\" class=\"size-medium wp-image-2004697 alignleft\" src=\"https:\/\/romfilatelia.ro\/magazin\/wp-content\/uploads\/2007\/07\/rate_emis_M-300x124.jpg\" alt=\"rate_emis_M\" width=\"300\" height=\"124\" srcset=\"https:\/\/romfilatelia.ro\/magazin\/wp-content\/uploads\/2007\/07\/rate_emis_M-300x124.jpg 300w, https:\/\/romfilatelia.ro\/magazin\/wp-content\/uploads\/2007\/07\/rate_emis_M-500x206.jpg 500w, https:\/\/romfilatelia.ro\/magazin\/wp-content\/uploads\/2007\/07\/rate_emis_M-64x26.jpg 64w, https:\/\/romfilatelia.ro\/magazin\/wp-content\/uploads\/2007\/07\/rate_emis_M.jpg 600w\" sizes=\"(max-width: 300px) 100vw, 300px\" \/><\/a> Romfilatelia, societatea specializat\u0103 \u00een editarea \u015fi comercializarea m\u0103rcilor po\u015ftale rom\u00e2ne\u015fti, introduce \u00een<br \/>\ncircula\u0163ie emisiunea filatelic\u0103 Ra\u0163e \u015fi G\u00e2\u015fte S\u0103lbatice.<br \/>\nP\u0103s\u0103rile (clasa Aves) reprezint\u0103 un grup de vertebrate tetrapode care au evoluat din reptile, p\u0103str\u00e2nd totu\u015fi anumite<br \/>\ncaracteristici ale acestora. Sunt primele vertebrate care dispun de posibilitatea de men\u0163inere a temperaturii constante a corpului.<br \/>\nCaracterul cel mai pregnant al p\u0103s\u0103rilor este adaptarea la zbor. Datorit\u0103 acestui fapt, p\u0103s\u0103rile au cea mai larg\u0103 r\u0103sp\u00e2ndire pe glob, ele trec\u00e2nd peste barierele geografice, deplas\u00e2ndu-se pe distan\u0163e mari, cucerind \u015fi \u0163inuturile cu clim\u0103 aspr\u0103. La multe<br \/>\nspecii de p\u0103s\u0103ri se \u00eent\u00e2lne\u015fte migra\u0163ia de iarn\u0103 \u015fi de var\u0103.<br \/>\nClasa Aves cuprinde aproximativ 8.650 de specii grupate \u00een 28 de ordine. Din ordinul Anseriformes fac parte p\u0103s\u0103ri ca ra\u0163e,<br \/>\ng\u00e2\u015fte, lebede. Cele 200 de specii sunt grupate \u00een dou\u0103 familii.<br \/>\n\u00cen general, p\u0103s\u0103rile apar\u0163in\u00e2nd acestui ordin au un trunchi alungit, uneori greoi, dar de m\u0103rime mijlocie. Ciocul este lung,<br \/>\nturtit, iar limba este mare \u015fi moale. Picioarele sunt scurte, cu trei degete palmate \u015fi cu un deget mic, situat posterior. Culorile<br \/>\npenajului sunt foarte diversificate, at\u00e2t la femele c\u00e2t \u015fi la masculi.<br \/>\nPenele sunt impermeabile, compacte \u015fi dese pe toat\u0103 suprafa\u0163a corpului. Reprezentantele ordinului sunt bune zbur\u0103toare dar<br \/>\n\u015fi \u00eenot\u0103toare; migreaz\u0103 \u00een func\u0163ie de anotimpuri \u015fi locuri decuib\u0103rit. Le g\u0103sim \u00een zonele de mal ale apelor dulci, curg\u0103toare<br \/>\nsau nu \u015fi cuib\u0103resc \u00een stuf\u0103ri\u015ful de pe margine. Nu tr\u0103iesc \u00een regiunile Antarcticii.<br \/>\nPe timbrele emisiunii sunt prezentate urm\u0103toarele p\u0103s\u0103ri,at\u00e2t masculii c\u00e2t \u015fi femelele:<br \/>\n&#8211; G\u00e2rli\u0163a mic\u0103 (Anser erytrophus), pe timbrul cu valoarea nominal\u0103 de 40 Bani.<br \/>\n&#8211; G\u00e2sca cu g\u00e2t ro\u015fu (Branta ruficollis), pe timbrul cu valoarea nominal\u0103 de 60 Bani.<br \/>\n&#8211; Ra\u0163a suli\u0163ar (Anas acuta), pe timbrul cu valoarea nominal\u0103 de 1,60 Lei.<br \/>\n&#8211; G\u00e2rli\u0163a mare (Anser albifrons), pe timbrul cu valoarea nominal\u0103 de 2,10 Lei.<br \/>\n&#8211; Ra\u0163a cu ciuf (Netta rufina), pe timbrul cu valoarea nominal\u0103 de 3,60 Lei.<br \/>\n&#8211; Ra\u0163a c\u00e2r\u00e2itoare (Anas querquedula), pe timbrul cu valoarea nominal\u0103 de 4,70 Lei.<br \/>\nPe timbrul coli\u0163ei nedantelate cu valoarea nominal\u0103 de 5,60 Lei, este ilustrat\u0103 Ra\u0163a lingurar (Anas Clypeata).<br \/>\nPe plicul \u201eprima zi\u201c a emisiunii este ilustrat\u0103 Ra\u0163a mic\u0103 (Anas crecca).<\/p>\n<p>Data de aparitie: 2007-07-12 <a href=\"https:\/\/romfilatelia.ro\/magazin\/wp-content\/uploads\/2007\/07\/rate_rom.jpg\"><img decoding=\"async\" loading=\"lazy\" class=\"aligncenter wp-image-2004698 size-full\" src=\"https:\/\/romfilatelia.ro\/magazin\/wp-content\/uploads\/2007\/07\/rate_rom.jpg\" alt=\"rate_rom\" width=\"600\" height=\"553\" srcset=\"https:\/\/romfilatelia.ro\/magazin\/wp-content\/uploads\/2007\/07\/rate_rom.jpg 600w, https:\/\/romfilatelia.ro\/magazin\/wp-content\/uploads\/2007\/07\/rate_rom-500x461.jpg 500w, https:\/\/romfilatelia.ro\/magazin\/wp-content\/uploads\/2007\/07\/rate_rom-64x59.jpg 64w, https:\/\/romfilatelia.ro\/magazin\/wp-content\/uploads\/2007\/07\/rate_rom-300x277.jpg 300w\" sizes=\"(max-width: 600px) 100vw, 600px\" \/><\/a><\/p>\n","protected":false},"excerpt":{"rendered":"<p>Romfilatelia, societatea specializat\u0103 \u00een editarea \u015fi comercializarea m\u0103rcilor po\u015ftale rom\u00e2ne\u015fti, introduce \u00een circula\u0163ie emisiunea filatelic\u0103 Ra\u0163e \u015fi G\u00e2\u015fte S\u0103lbatice. P\u0103s\u0103rile (clasa Aves) reprezint\u0103 un grup de vertebrate tetrapode care au evoluat din reptile, p\u0103str\u00e2nd totu\u015fi anumite caracteristici ale acestora. Sunt primele vertebrate care dispun de posibilitatea de men\u0163inere a temperaturii constante a corpului. Caracterul cel&hellip;&nbsp;<a href=\"https:\/\/romfilatelia.ro\/magazin\/produs\/colectii-anuale\/2007\/rathe-si-gaste-salbatice\/\" class=\"\" rel=\"bookmark\">Cite\u0219te mai mult &raquo;<span class=\"screen-reader-text\">Ra\u0163e \u015fi G\u00e2\u015fte S\u0103lbatice<\/span><\/a><\/p>\n","protected":false},"featured_media":2004697,"template":"","meta":{"neve_meta_sidebar":"","neve_meta_container":"","neve_meta_enable_content_width":"","neve_meta_content_width":0,"neve_meta_title_alignment":"","neve_meta_author_avatar":"","neve_post_elements_order":"","neve_meta_disable_header":"","neve_meta_disable_footer":"","neve_meta_disable_title":""},"product_cat":[111,6],"product_tag":[],"_links":{"self":[{"href":"https:\/\/romfilatelia.ro\/magazin\/wp-json\/wp\/v2\/product\/2001701"}],"collection":[{"href":"https:\/\/romfilatelia.ro\/magazin\/wp-json\/wp\/v2\/product"}],"about":[{"href":"https:\/\/romfilatelia.ro\/magazin\/wp-json\/wp\/v2\/types\/product"}],"wp:featuredmedia":[{"embeddable":true,"href":"https:\/\/romfilatelia.ro\/magazin\/wp-json\/wp\/v2\/media\/2004697"}],"wp:attachment":[{"href":"https:\/\/romfilatelia.ro\/magazin\/wp-json\/wp\/v2\/media?parent=2001701"}],"wp:term":[{"taxonomy":"product_cat","embeddable":true,"href":"https:\/\/romfilatelia.ro\/magazin\/wp-json\/wp\/v2\/product_cat?post=2001701"},{"taxonomy":"product_tag","embeddable":true,"href":"https:\/\/romfilatelia.ro\/magazin\/wp-json\/wp\/v2\/product_tag?post=2001701"}],"curies":[{"name":"wp","href":"https:\/\/api.w.org\/{rel}","templated":true}]}}