{"id":2001695,"date":"2007-05-03T14:27:38","date_gmt":"2007-05-03T12:27:38","guid":{"rendered":"http:\/\/romfilatelia.ro\/store\/2007\/05\/03\/europa-2007-centenarul-cercetaaiei\/"},"modified":"2021-01-19T20:20:52","modified_gmt":"2021-01-19T18:20:52","slug":"europa-2007-centenarul-cercetaaiei","status":"publish","type":"product","link":"https:\/\/romfilatelia.ro\/magazin\/produs\/colectii-anuale\/2007\/europa-2007-centenarul-cercetaaiei\/","title":{"rendered":"EUROPA 2007 &#8211; CENTENARUL CERCET\u0102\u015eIEI"},"content":{"rendered":"<p><a href=\"https:\/\/romfilatelia.ro\/magazin\/wp-content\/uploads\/2007\/05\/cercet_M.jpg\"><img decoding=\"async\" loading=\"lazy\" class=\"size-medium wp-image-2004733 alignleft\" src=\"https:\/\/romfilatelia.ro\/magazin\/wp-content\/uploads\/2007\/05\/cercet_M-225x300.jpg\" alt=\"cercet_M\" width=\"225\" height=\"300\" srcset=\"https:\/\/romfilatelia.ro\/magazin\/wp-content\/uploads\/2007\/05\/cercet_M-225x300.jpg 225w, https:\/\/romfilatelia.ro\/magazin\/wp-content\/uploads\/2007\/05\/cercet_M-64x86.jpg 64w, https:\/\/romfilatelia.ro\/magazin\/wp-content\/uploads\/2007\/05\/cercet_M-299x400.jpg 299w, https:\/\/romfilatelia.ro\/magazin\/wp-content\/uploads\/2007\/05\/cercet_M.jpg 449w\" sizes=\"(max-width: 225px) 100vw, 225px\" \/><\/a> Romfilatelia, societatea specializat\u0103 \u00een editarea \u015fi comercializarea m\u0103rcilor po\u015ftale rom\u00e2ne\u015fti, sub genericul Europa 2007, introduce \u00een circula\u0163ie emisiunea de timbre CENTENARUL CERCET\u0102\u015eIEI.<\/p>\n<p>Aceast\u0103 emisiune marcheaz\u0103 un eveniment na\u0163ional \u015fi interna\u0163ional, de importan\u0163\u0103 deosebit\u0103 at\u00e2t pentru filateli\u015ftii de toate v\u00e2rstele, c\u00e2t \u015fi pentru publicul larg, datorit\u0103 modalit\u0103\u0163ilor foarte diverse de ilustrare a acestei tematici. Tema stabilit\u0103 de POSTEUROP, sub genericul EUROPA, este abordat\u0103 de fiecare \u0163ar\u0103 membr\u0103 a acestui organism, \u0163in\u00e2nd cont de specificul propriu. Timbrele cu aceast\u0103 tem\u0103, emise de fiecare \u0163ar\u0103 \u00een parte, vor participa la un important concurs interna\u0163ional.<\/p>\n<p>\u00cen 1857, se na\u015fte la Londra, Robert Baden Powell, fiul unui teolog anglican, membru al Royal Society din 1824 \u015fi al fiicei amiralului Wiliam Smyth. Dup\u0103 terminarea \u015fcolii, Baden Powell alege cariera militar\u0103. Pleac\u0103 \u00een India \u00een 1876 unde c\u00ee\u015ftig\u0103 cel mai r\u00e2vnit trofeu printre ofi\u0163erii britanici, faimosul \u201eKadir Cup\u201c (v\u00e2n\u0103toare de mistre\u0163i cu o lance lung\u0103). \u00cen regimentul s\u0103u el \u00eencearc\u0103 s\u0103 reformeze metodele de preg\u0103tire militar\u0103, introduc\u00e2nd activit\u0103\u0163i distractive pentru ridicarea moralului trupei. \u00centre 1899 \u015fi 1900 este \u015fef al garnizoanei Mafeking din Africa de Sud. \u00cen urma unui succes de excep\u0163ie, dat fiind faptul c\u0103 a reu\u015fit s\u0103 apere acest ora\u015f \u00een timpul r\u0103zboiului cu burii, este distins, la Londra de c\u0103tre regina Victoria, cu Ordinul Bath \u015fi avansat general-maior. Aceast\u0103 avansare marcheaz\u0103 \u00een mod str\u0103lucit finalul carierei sale militare, urm\u00e2nd ca Sir Robert Baden Powell s\u0103 \u00ee\u015fi dedice via\u0163a promov\u0103rii p\u0103cii \u015fi toleran\u0163ei.<br \/>\n\u00cen 1907, \u00eentre 27 iulie \u015fi 8 august, organizeaz\u0103 pe coasta de sud a Angliei (insula Brownsea), o tab\u0103r\u0103 pentru 20 de tineri \u00een care promova prin educa\u0163ie non-formal\u0103 spiritul de aventur\u0103, lucrul \u00een echip\u0103 \u015fi progresul personal, prin for\u0163ele proprii.<br \/>\nAcesta este momentul c\u00e2nd ia na\u015ftere Cercet\u0103\u015fia, o mi\u015fcare care, \u00een scurt timp, va lua o amploare deosebit\u0103 \u00een toate regiunile lumii.<br \/>\n\u00cen 1912 ap\u0103reau primele grupuri de cerceta\u015fi rom\u00e2ni (Blaj, Bra\u015fov, Bucure\u015fti) pentru ca \u00een 1914, datorit\u0103 activit\u0103\u0163ii lor creative, s\u0103 ia fiin\u0163\u0103 Asocia\u0163ia Cerceta\u015fii Rom\u00e2niei.<br \/>\n\u00cen 1922 Asocia\u0163ia devine membru fondator al Organiza\u0163iei Mondiale a Mi\u015fc\u0103rii Cercet\u0103\u015fe\u015fti. \u00cen 1937, anul desfiin\u0163\u0103rii sale, Organiza\u0163ia se afla peste tot unde era nevoie de ajutorul ei.<br \/>\nRen\u0103scut\u0103 \u00een 1990, Organiza\u0163ia Na\u0163ional\u0103 \u201eCerceta\u015fii Rom\u00e2niei\u201c, cea mai mare mi\u015fcare neguvernamental\u0103 de tineret din Rom\u00e2nia, se face repede cunoscut\u0103 at\u00e2t \u00een \u0163ar\u0103 c\u00e2t \u015fi \u00een str\u0103in\u0103tate.<br \/>\n\u00cen 1993, Organiza\u0163ia Na\u0163ional\u0103 \u201eCerceta\u015fii Rom\u00e2niei\u201c este reprimit\u0103 \u00een Organiza\u0163ia Mondial\u0103 a Mi\u015fc\u0103rii Scout care num\u0103r\u0103 \u00een prezent peste 28.000.000 membri activi \u00een 216 \u0163\u0103ri \u015fi teritorii. \u00cen Rom\u00e2nia, peste 2.500 de membri \u00ee\u015fi desf\u0103\u015foar\u0103 activitatea \u00een 65 de filiale.<br \/>\n\u00cen 2007, anul c\u00e2nd se \u00eemplinesc o sut\u0103 de ani de cercet\u0103\u015fie \u015fi 150 de ani de la na\u015fterea fondatorului acestei mi\u015fc\u0103ri, peste tot \u00een lume vor avea loc manifest\u0103ri ce se vor desf\u0103\u015fura sub mottoul 2007: O Lume, O Promisiune.<\/p>\n<p>Pe timbrul cu valoarea nominal\u0103 de 2,10 Lei, grafica original\u0103 ilustreaz\u0103 doi tineri ce apar\u0163in Organiza\u0163iei Na\u0163ionale \u201eCerceta\u015fii Rom\u00e2niei\u201c, pe fa\u0163a c\u0103rora se cite\u015fte bucuria de a fi prezen\u0163i la activit\u0103\u0163ile acestei Mi\u015fc\u0103ri.<br \/>\nPe timbrul cu valoarea nominal\u0103 de 7,70 Lei este ilustrat, \u00een acela\u015fi stil personal, chipul fondatorului Cercet\u0103\u015fiei mondiale, Sir Robert Baden Powell, de la a c\u0103rui na\u015ftere se \u00eemplinesc 150 de ani.<\/p>\n<p>Romfilatelia mul\u0163ume\u015fte pentru colaborare Organiza\u0163iei Na\u0163ionale \u201eCerceta\u015fii Rom\u00e2niei\u201c.<\/p>\n<p>Data de aparitie: 2007-05-03<\/p>\n<p><a href=\"https:\/\/romfilatelia.ro\/magazin\/wp-content\/uploads\/2007\/05\/cercet_box_rom.jpg\"><img decoding=\"async\" loading=\"lazy\" class=\"aligncenter wp-image-2004734 size-full\" src=\"https:\/\/romfilatelia.ro\/magazin\/wp-content\/uploads\/2007\/05\/cercet_box_rom.jpg\" alt=\"cercetasi.qxp\" width=\"600\" height=\"423\" srcset=\"https:\/\/romfilatelia.ro\/magazin\/wp-content\/uploads\/2007\/05\/cercet_box_rom.jpg 600w, https:\/\/romfilatelia.ro\/magazin\/wp-content\/uploads\/2007\/05\/cercet_box_rom-500x353.jpg 500w, https:\/\/romfilatelia.ro\/magazin\/wp-content\/uploads\/2007\/05\/cercet_box_rom-64x45.jpg 64w, https:\/\/romfilatelia.ro\/magazin\/wp-content\/uploads\/2007\/05\/cercet_box_rom-300x212.jpg 300w\" sizes=\"(max-width: 600px) 100vw, 600px\" \/><\/a><\/p>\n","protected":false},"excerpt":{"rendered":"<p>Romfilatelia, societatea specializat\u0103 \u00een editarea \u015fi comercializarea m\u0103rcilor po\u015ftale rom\u00e2ne\u015fti, sub genericul Europa 2007, introduce \u00een circula\u0163ie emisiunea de timbre CENTENARUL CERCET\u0102\u015eIEI. Aceast\u0103 emisiune marcheaz\u0103 un eveniment na\u0163ional \u015fi interna\u0163ional, de importan\u0163\u0103 deosebit\u0103 at\u00e2t pentru filateli\u015ftii de toate v\u00e2rstele, c\u00e2t \u015fi pentru publicul larg, datorit\u0103 modalit\u0103\u0163ilor foarte diverse de ilustrare a acestei tematici. Tema stabilit\u0103&hellip;&nbsp;<a href=\"https:\/\/romfilatelia.ro\/magazin\/produs\/colectii-anuale\/2007\/europa-2007-centenarul-cercetaaiei\/\" class=\"\" rel=\"bookmark\">Cite\u0219te mai mult &raquo;<span class=\"screen-reader-text\">EUROPA 2007 &#8211; CENTENARUL CERCET\u0102\u015eIEI<\/span><\/a><\/p>\n","protected":false},"featured_media":2004733,"template":"","meta":{"neve_meta_sidebar":"","neve_meta_container":"","neve_meta_enable_content_width":"","neve_meta_content_width":0,"neve_meta_title_alignment":"","neve_meta_author_avatar":"","neve_post_elements_order":"","neve_meta_disable_header":"","neve_meta_disable_footer":"","neve_meta_disable_title":""},"product_cat":[111,6],"product_tag":[170],"_links":{"self":[{"href":"https:\/\/romfilatelia.ro\/magazin\/wp-json\/wp\/v2\/product\/2001695"}],"collection":[{"href":"https:\/\/romfilatelia.ro\/magazin\/wp-json\/wp\/v2\/product"}],"about":[{"href":"https:\/\/romfilatelia.ro\/magazin\/wp-json\/wp\/v2\/types\/product"}],"wp:featuredmedia":[{"embeddable":true,"href":"https:\/\/romfilatelia.ro\/magazin\/wp-json\/wp\/v2\/media\/2004733"}],"wp:attachment":[{"href":"https:\/\/romfilatelia.ro\/magazin\/wp-json\/wp\/v2\/media?parent=2001695"}],"wp:term":[{"taxonomy":"product_cat","embeddable":true,"href":"https:\/\/romfilatelia.ro\/magazin\/wp-json\/wp\/v2\/product_cat?post=2001695"},{"taxonomy":"product_tag","embeddable":true,"href":"https:\/\/romfilatelia.ro\/magazin\/wp-json\/wp\/v2\/product_tag?post=2001695"}],"curies":[{"name":"wp","href":"https:\/\/api.w.org\/{rel}","templated":true}]}}