{"id":2001691,"date":"2007-03-09T12:24:37","date_gmt":"2007-03-09T12:24:37","guid":{"rendered":"http:\/\/romfilatelia.ro\/store\/2007\/03\/09\/sfintele-paati\/"},"modified":"2021-01-19T20:20:54","modified_gmt":"2021-01-19T18:20:54","slug":"sfintele-paati","status":"publish","type":"product","link":"https:\/\/romfilatelia.ro\/magazin\/produs\/colectii-anuale\/2007\/sfintele-paati\/","title":{"rendered":"SFINTELE PA\u0218TI 2007"},"content":{"rendered":"<p><a href=\"https:\/\/romfilatelia.ro\/magazin\/wp-content\/uploads\/2007\/03\/Paste_2007_M.jpg\"><img decoding=\"async\" loading=\"lazy\" class=\"size-medium wp-image-2004761 alignleft\" src=\"https:\/\/romfilatelia.ro\/magazin\/wp-content\/uploads\/2007\/03\/Paste_2007_M-300x284.jpg\" alt=\"Paste_2007_M\" width=\"300\" height=\"284\" srcset=\"https:\/\/romfilatelia.ro\/magazin\/wp-content\/uploads\/2007\/03\/Paste_2007_M-300x284.jpg 300w, https:\/\/romfilatelia.ro\/magazin\/wp-content\/uploads\/2007\/03\/Paste_2007_M-500x473.jpg 500w, https:\/\/romfilatelia.ro\/magazin\/wp-content\/uploads\/2007\/03\/Paste_2007_M-64x61.jpg 64w, https:\/\/romfilatelia.ro\/magazin\/wp-content\/uploads\/2007\/03\/Paste_2007_M.jpg 600w\" sizes=\"(max-width: 300px) 100vw, 300px\" \/><\/a> Cu ocazia S\u00e3rb\u00e3torilor Pascale, Romfilatelia, societatea specializat\u00e3 \u00een editarea \u015fi comercializarea m\u00e3rcilor po\u015ftale rom\u00e2ne\u015fti, introduce \u00een circula\u0163ie emisiunea de timbre SFINTELE PA\u0218TI.<\/p>\n<p>R\u00e3stignirea \u015fi \u00cenvierea reprezint\u00e3 eterna leg\u00e3tur\u00e3 dintre moarte \u015fi via\u0163\u00e3.<br \/>\nOul, el \u00eensu\u015fi purt\u00e3tor de via\u0163\u00e3, devine un simbol al regener\u00e3rii, al purific\u00e3rii dar \u015fi al ve\u015fniciei.<br \/>\nLa noi, de Pa\u015fti, ou\u00e3le nu se vopsesc doar \u00een ro\u015fu, ci \u015fi \u00een alte culori, realiz\u00e2ndu-se desene deosebit de inspirate \u015fi frumos lucrate, \u00een motive<br \/>\ngeometrice sau reprezent\u00e2nd plante, animale ori motive religioase. Bucovina este recunoscut\u00e3 pentru tradi\u0163ia de a \u201e\u00eencondeia\u201c sau \u201e\u00eenchistri\u201c ou\u00e3. Armonia culorilor, delicate\u0163ea modelelor transmise din genera\u0163ie \u00een genera\u0163ie \u015fi m\u00e3iestria execu\u0163iei, au transformat acest meste\u015fug \u00een art\u00e3. Ou\u00e3le sunt \u00eencondeiate \u00een trei-patru culori, de obicei, \u0163in\u00e2ndu-se cont \u015fi de simbolul fiec\u00e3rei culori \u00een parte: ro\u015fu (soare, foc, dragoste), negru (eternitate, statornicie), galben (lumin\u00e3, bog\u00e3\u0163ia recoltelor, tinere\u0163e), verde (for\u0163a naturii, rodnicie, speran\u0163\u00e3), albastru (s\u00e3n\u00e3tate, seninul cerului).<br \/>\nOu\u00e3le decorative de Pa\u015fti se mai \u00eempodobesc cu m\u00e3rgele \u00een Bucovina, se fac din lemn \u00een zona Neam\u0163, sau din lut la Corund, \u00een jude\u0163ul Harghita.<br \/>\nOdinioar\u00e3, ou\u00e3le de Pa\u015fti erau vopsite \u00een culori vegetale, dar ast\u00e3zi se folosesc mai mult cele chimice. Culorile vegetale erau preparate dup\u00e3 re\u0163ete str\u00e3vechi, transmise din genera\u0163ie \u00een genera\u0163ie, cu o mare varietate de procedee \u015fi tehnici. Plantele folosite \u00een acest scop, \u00een func\u0163ie de momentul c\u00e2nd erau recoltate, de timpul de uscare \u015fi de modul \u00een care erau combinate, ofereau o gam\u00e3 extrem de variat\u00e3 de nuan\u0163e.<br \/>\nPe timbrele emisiunii filatelice, fiecare cu valoarea nominal\u00e3 de 0,50 lei, sunt ilustrate ou\u00e3 \u00eencondeiate, realizate \u00een sec. XX, din Oboga (jud.Olt) \u015fi Bucovina, precum \u015fi un detaliu dintr-o icoan\u00e3 pictat\u00e3 pe sticl\u00e3 (Gherla, din sec. XIX) care fac parte din colec\u0163ia centenar\u00e3 a Muzeului \u021a\u00e3ranului Rom\u00e2n.<\/p>\n<p>Sfintele S\u00e3rb\u00e3tori de Pa\u015fti s\u00e3 v\u00e3 aduc\u00e3 numai g\u00e2nduri senine, lumin\u00e3 \u00een suflet \u015fi speran\u0163\u00e3 \u00eentr-un viitor mai bun.<\/p>\n<p>Hristos a \u00cenviat!<\/p>\n<p>Data Aparitie:2007-03-09<\/p>\n<p><a href=\"https:\/\/romfilatelia.ro\/magazin\/wp-content\/uploads\/2007\/03\/Paste_2007_rom.jpg\"><img decoding=\"async\" loading=\"lazy\" class=\"aligncenter wp-image-2004762 size-full\" src=\"https:\/\/romfilatelia.ro\/magazin\/wp-content\/uploads\/2007\/03\/Paste_2007_rom.jpg\" alt=\"Paste_2007_rom\" width=\"600\" height=\"542\" srcset=\"https:\/\/romfilatelia.ro\/magazin\/wp-content\/uploads\/2007\/03\/Paste_2007_rom.jpg 600w, https:\/\/romfilatelia.ro\/magazin\/wp-content\/uploads\/2007\/03\/Paste_2007_rom-500x452.jpg 500w, https:\/\/romfilatelia.ro\/magazin\/wp-content\/uploads\/2007\/03\/Paste_2007_rom-64x58.jpg 64w, https:\/\/romfilatelia.ro\/magazin\/wp-content\/uploads\/2007\/03\/Paste_2007_rom-300x271.jpg 300w\" sizes=\"(max-width: 600px) 100vw, 600px\" \/><\/a><\/p>\n","protected":false},"excerpt":{"rendered":"<p>Cu ocazia S\u00e3rb\u00e3torilor Pascale, Romfilatelia, societatea specializat\u00e3 \u00een editarea \u015fi comercializarea m\u00e3rcilor po\u015ftale rom\u00e2ne\u015fti, introduce \u00een circula\u0163ie emisiunea de timbre SFINTELE PA\u0218TI. R\u00e3stignirea \u015fi \u00cenvierea reprezint\u00e3 eterna leg\u00e3tur\u00e3 dintre moarte \u015fi via\u0163\u00e3. Oul, el \u00eensu\u015fi purt\u00e3tor de via\u0163\u00e3, devine un simbol al regener\u00e3rii, al purific\u00e3rii dar \u015fi al ve\u015fniciei. La noi, de Pa\u015fti, ou\u00e3le nu&hellip;&nbsp;<a href=\"https:\/\/romfilatelia.ro\/magazin\/produs\/colectii-anuale\/2007\/sfintele-paati\/\" class=\"\" rel=\"bookmark\">Cite\u0219te mai mult &raquo;<span class=\"screen-reader-text\">SFINTELE PA\u0218TI 2007<\/span><\/a><\/p>\n","protected":false},"featured_media":2004761,"template":"","meta":{"neve_meta_sidebar":"","neve_meta_container":"","neve_meta_enable_content_width":"","neve_meta_content_width":0,"neve_meta_title_alignment":"","neve_meta_author_avatar":"","neve_post_elements_order":"","neve_meta_disable_header":"","neve_meta_disable_footer":"","neve_meta_disable_title":""},"product_cat":[111,6],"product_tag":[170],"_links":{"self":[{"href":"https:\/\/romfilatelia.ro\/magazin\/wp-json\/wp\/v2\/product\/2001691"}],"collection":[{"href":"https:\/\/romfilatelia.ro\/magazin\/wp-json\/wp\/v2\/product"}],"about":[{"href":"https:\/\/romfilatelia.ro\/magazin\/wp-json\/wp\/v2\/types\/product"}],"wp:featuredmedia":[{"embeddable":true,"href":"https:\/\/romfilatelia.ro\/magazin\/wp-json\/wp\/v2\/media\/2004761"}],"wp:attachment":[{"href":"https:\/\/romfilatelia.ro\/magazin\/wp-json\/wp\/v2\/media?parent=2001691"}],"wp:term":[{"taxonomy":"product_cat","embeddable":true,"href":"https:\/\/romfilatelia.ro\/magazin\/wp-json\/wp\/v2\/product_cat?post=2001691"},{"taxonomy":"product_tag","embeddable":true,"href":"https:\/\/romfilatelia.ro\/magazin\/wp-json\/wp\/v2\/product_tag?post=2001691"}],"curies":[{"name":"wp","href":"https:\/\/api.w.org\/{rel}","templated":true}]}}