{"id":2001682,"date":"2006-11-29T11:53:14","date_gmt":"2006-11-29T11:53:14","guid":{"rendered":"http:\/\/romfilatelia.ro\/store\/2006\/11\/29\/romania-si-bulgaria-impreuna-in-uniunea-europeana-emisiune-comuna-romania-bulgaria\/"},"modified":"2021-01-19T20:20:56","modified_gmt":"2021-01-19T18:20:56","slug":"romania-si-bulgaria-impreuna-in-uniunea-europeana-emisiune-comuna-romania-bulgaria","status":"publish","type":"product","link":"https:\/\/romfilatelia.ro\/magazin\/produs\/colectii-anuale\/2006\/romania-si-bulgaria-impreuna-in-uniunea-europeana-emisiune-comuna-romania-bulgaria\/","title":{"rendered":"Rom\u00e2nia \u015fi Bulgaria \u00eempreun\u00e3 \u00een Uniunea European\u00e3 &#8211; Emisiune comun\u00e3 Rom\u00e2nia-Bulgaria"},"content":{"rendered":"<p><a href=\"https:\/\/romfilatelia.ro\/magazin\/wp-content\/uploads\/2006\/11\/rombul_M.jpg\"><img decoding=\"async\" loading=\"lazy\" class=\"size-medium wp-image-2004712 alignleft\" src=\"https:\/\/romfilatelia.ro\/magazin\/wp-content\/uploads\/2006\/11\/rombul_M-300x275.jpg\" alt=\"rombul_M\" width=\"300\" height=\"275\" srcset=\"https:\/\/romfilatelia.ro\/magazin\/wp-content\/uploads\/2006\/11\/rombul_M-300x275.jpg 300w, https:\/\/romfilatelia.ro\/magazin\/wp-content\/uploads\/2006\/11\/rombul_M-500x458.jpg 500w, https:\/\/romfilatelia.ro\/magazin\/wp-content\/uploads\/2006\/11\/rombul_M-64x59.jpg 64w, https:\/\/romfilatelia.ro\/magazin\/wp-content\/uploads\/2006\/11\/rombul_M.jpg 600w\" sizes=\"(max-width: 300px) 100vw, 300px\" \/><\/a>Cu ocazia integr\u0103rii \u00een Uniunea European\u0103 a Rom\u00e2niei \u015fi Bulgariei, la 1 ianuarie 2007, Romfilatelia, societatea specializat\u0103 \u00een editarea \u015fi comercializarea m\u0103rcilor po\u015ftale rom\u00e2ne\u015fti, introduce \u00een circula\u0163ie emisiunea comun\u0103 de timbre Rom\u00e2nia \u015fi Bulgaria \u00eempreun\u0103 \u00een Uniunea European\u0103.<br \/>\nUniunea European\u0103, instituit\u0103 prin Tratatul de la Maastricht, la 7 februarie 1992, tratat care a intrat \u00een vigoare la 1 noiembrie 1993, reune\u015fte ast\u0103zi \u00een structura sa 25 de state.<br \/>\n\u00cenceputurile de constituire a Comunit\u0103\u0163ii Europene, care a evoluat p\u00e2n\u0103 la formula de Uniune European\u0103, sunt datate \u00een anul 1950, c\u00e2nd ministrul francez de externe, Robert Schuman, inspirat de un discurs al lui Jean Monnet, Comisarul planului de modernizare a Fran\u0163ei de dup\u0103 r\u0103zboi, a propus integrarea industriilor c\u0103rbunelui \u015fi o\u0163elului din Europa Occidental\u0103.<br \/>\nCele \u015fase \u0163\u0103ri fondatoare ale Comunit\u0103\u0163ii Europene a C\u0103rbunelui \u015fi O\u0163elului (Belgia, Olanda, Luxemburg, Fran\u0163a, Italia \u015fi Germania de Vest)\u00a0 au decis s\u0103 extind\u0103 integrarea \u015fi asupra altor sectoare economice. Ca urmare, \u00een 1957, Tratatul semnat la Roma instituie Comunitatea European\u0103 a Energiei Atomice (CEEA sau Euratom) \u015fi Comunitatea Economic\u0103 European\u0103 (CEE) care, desfiin\u0163\u00e2nd barierele comerciale dintre \u0163\u0103rile componente ale Comunit\u0103\u0163ii, au \u00eenfiin\u0163at Pia\u0163a Comun\u0103.<br \/>\n\u00cen 1967, institu\u0163iile celor trei comunit\u0103\u0163i europene au fuzionat \u015fi \u00eencep\u00e2nd din acel moment au ap\u0103rut: o Comisie Unic\u0103, un Consiliu de Mini\u015ftri \u015fi Parlamentul European.<br \/>\nLa \u00eenceput, membrii Parlamentului European erau desemna\u0163i de parlamentele na\u0163ionale. \u00cen 1979 au avut loc primele alegeri directe care au permis cet\u0103\u0163enilor statelor membre s\u0103 voteze pentru candida\u0163ii lor proprii. De la aceast\u0103 dat\u0103, alegerile sunt organizate la fiecare cinci ani.<br \/>\nMisiunea Uniunii Europene este de a organiza rela\u0163iile dintre statele membre \u015fi \u00eentre popoarele acestora, \u00eentr-o manier\u0103 coerent\u0103, av\u00e2nd drept suport solidaritatea.<\/p>\n<p>Principalele obiective ale Uniunii Europene sunt:<br \/>\n&#8211; promovarea progresului economic \u015fi social;<br \/>\n&#8211; afirmarea identit\u0103\u0163ii Uniunii Europene pe scena interna\u0163ional\u0103;<br \/>\n&#8211; instituirea cet\u0103\u0163eniei europene;<br \/>\n&#8211; dezvoltarea unei zone de libertate, securitate \u015fi justi\u0163ie;<br \/>\n&#8211; s\u0103 existe \u015fi s\u0103 se consolideze \u00een baza dreptului comunitar;<br \/>\nRom\u00e2nia a fost prima \u0163ar\u0103 din Europa Central\u0103 \u015fi de Est care a stabilit rela\u0163ii cu Comunitatea European\u0103, \u00een anul 1974, prin semnarea unui tratat bilateral, urmat de un acord cu privire la produsele industriale, semnat \u00een 1980.<br \/>\n\u00cen 1990 s-au stabilit, prin semnarea unui acord de Comer\u0163 \u015fi Cooperare, rela\u0163ii diplomatice cu Uniunea European\u0103, iar \u00een 1993 s-a semnat Acordul de Asociere a Rom\u00e2niei la Uniunea European\u0103.<br \/>\n\u00cen vara anului 1995 Rom\u00e2nia a depus cererea de aderare la Uniune, care a fost urmat\u0103 de decizia Consiliului European de la Helsinki, \u00een 1999, pentru deschiderea negocierilor de aderare a Rom\u00e2niei \u015fi de lansare oficial\u0103, \u00een februarie 2000, a procesului de negociere.<br \/>\nDup\u0103 parcurgerea a numeroase etape ale procesului de aderare, \u00een luna decembrie a anului 2003, Consiliul European de la Bruxelles a stabilit calendarul de aderare a Rom\u00e2niei \u015fi Bulgariei astfel: finalizarea negocierilor \u00een 2004 \u015fi semnarea, \u00een 2005, a Tratatului de Aderare, iar la 1 ianuarie 2007 s\u0103 aib\u0103 loc aderarea efectiv\u0103.<br \/>\nLa 25 aprilie 2005 a avut loc la Luxemburg\u00a0 semnarea Tratatului de Aderare a Rom\u00e2niei \u015fi Bulgariei la Uniunea European\u0103.<br \/>\nAu urmat apoi ratific\u0103rile Tratatului de c\u0103tre parlamentele celor 25 de \u0163\u0103ri membre ale Uniunii Europene, p\u00e2n\u0103 la sf\u00e2r\u015fitul lunii noiembrie 2006.<br \/>\n\u00cencep\u00e2nd cu 1 ianuarie 2007, \u00een cel de-al \u015faselea val de extindere a Uniunii, Rom\u00e2nia \u015fi Bulgaria, dou\u0103 \u0163\u0103ri vecine, d\u0103inuind de milenii \u00een acela\u015fi spa\u0163iu istorico-geografic, vor deveni membri cu drepturi depline \u00een cadrul Uniunii Europene.<\/p>\n<p>Timbrele emisiunii reproduc dou\u0103 compozi\u0163ii grafice, una machetat\u0103 de un grafician rom\u00e2n \u015fi cealalt\u0103 de un grafician bulgar. Ambele reunesc elemente figurative ce reproduc culorile drapelelor celor dou\u0103 \u0163\u0103ri \u00eentr-o armonizare cu simboluri ale Uniunii Europene, toate \u00eenso\u0163ite de genericul \u201cRom\u00e2nia \u015fi Bulgaria \u00eempreun\u0103 \u00een UE\u201d.<br \/>\nValorile nominale ale celor dou\u0103 timbre sunt 50 Bani, pentru timbrul al c\u0103rui desen a fost realizat de graficianul bulgar, Svetlin Balezdrov \u015fi 2,10 Lei, pentru timbrul realizat de graficianul rom\u00e2n, Sorin T\u00e2rlea.<\/p>\n<p>Data de aparitie: 2006-11-29<\/p>\n","protected":false},"excerpt":{"rendered":"<p>Cu ocazia integr\u0103rii \u00een Uniunea European\u0103 a Rom\u00e2niei \u015fi Bulgariei, la 1 ianuarie 2007, Romfilatelia, societatea specializat\u0103 \u00een editarea \u015fi comercializarea m\u0103rcilor po\u015ftale rom\u00e2ne\u015fti, introduce \u00een circula\u0163ie emisiunea comun\u0103 de timbre Rom\u00e2nia \u015fi Bulgaria \u00eempreun\u0103 \u00een Uniunea European\u0103. Uniunea European\u0103, instituit\u0103 prin Tratatul de la Maastricht, la 7 februarie 1992, tratat care a intrat \u00een&hellip;&nbsp;<a href=\"https:\/\/romfilatelia.ro\/magazin\/produs\/colectii-anuale\/2006\/romania-si-bulgaria-impreuna-in-uniunea-europeana-emisiune-comuna-romania-bulgaria\/\" class=\"\" rel=\"bookmark\">Cite\u0219te mai mult &raquo;<span class=\"screen-reader-text\">Rom\u00e2nia \u015fi Bulgaria \u00eempreun\u00e3 \u00een Uniunea European\u00e3 &#8211; Emisiune comun\u00e3 Rom\u00e2nia-Bulgaria<\/span><\/a><\/p>\n","protected":false},"featured_media":2004712,"template":"","meta":{"neve_meta_sidebar":"","neve_meta_container":"","neve_meta_enable_content_width":"","neve_meta_content_width":0,"neve_meta_title_alignment":"","neve_meta_author_avatar":"","neve_post_elements_order":"","neve_meta_disable_header":"","neve_meta_disable_footer":"","neve_meta_disable_title":""},"product_cat":[112,6],"product_tag":[170],"_links":{"self":[{"href":"https:\/\/romfilatelia.ro\/magazin\/wp-json\/wp\/v2\/product\/2001682"}],"collection":[{"href":"https:\/\/romfilatelia.ro\/magazin\/wp-json\/wp\/v2\/product"}],"about":[{"href":"https:\/\/romfilatelia.ro\/magazin\/wp-json\/wp\/v2\/types\/product"}],"wp:featuredmedia":[{"embeddable":true,"href":"https:\/\/romfilatelia.ro\/magazin\/wp-json\/wp\/v2\/media\/2004712"}],"wp:attachment":[{"href":"https:\/\/romfilatelia.ro\/magazin\/wp-json\/wp\/v2\/media?parent=2001682"}],"wp:term":[{"taxonomy":"product_cat","embeddable":true,"href":"https:\/\/romfilatelia.ro\/magazin\/wp-json\/wp\/v2\/product_cat?post=2001682"},{"taxonomy":"product_tag","embeddable":true,"href":"https:\/\/romfilatelia.ro\/magazin\/wp-json\/wp\/v2\/product_tag?post=2001682"}],"curies":[{"name":"wp","href":"https:\/\/api.w.org\/{rel}","templated":true}]}}