{"id":2001681,"date":"2006-11-17T11:53:33","date_gmt":"2006-11-17T11:53:33","guid":{"rendered":"http:\/\/romfilatelia.ro\/store\/2006\/11\/17\/craciun-2006\/"},"modified":"2021-01-19T20:20:56","modified_gmt":"2021-01-19T18:20:56","slug":"craciun-2006","status":"publish","type":"product","link":"https:\/\/romfilatelia.ro\/magazin\/produs\/colectii-anuale\/2006\/craciun-2006\/","title":{"rendered":"CR\u00c3CIUN 2006"},"content":{"rendered":"<p><a href=\"https:\/\/romfilatelia.ro\/magazin\/wp-content\/uploads\/2006\/11\/craciun2006_M.jpg\"><img decoding=\"async\" loading=\"lazy\" class=\"size-medium wp-image-2004735 alignleft\" src=\"https:\/\/romfilatelia.ro\/magazin\/wp-content\/uploads\/2006\/11\/craciun2006_M-300x300.jpg\" alt=\"craciun2006_M\" width=\"300\" height=\"300\" srcset=\"https:\/\/romfilatelia.ro\/magazin\/wp-content\/uploads\/2006\/11\/craciun2006_M-300x300.jpg 300w, https:\/\/romfilatelia.ro\/magazin\/wp-content\/uploads\/2006\/11\/craciun2006_M-250x250.jpg 250w, https:\/\/romfilatelia.ro\/magazin\/wp-content\/uploads\/2006\/11\/craciun2006_M-100x100.jpg 100w, https:\/\/romfilatelia.ro\/magazin\/wp-content\/uploads\/2006\/11\/craciun2006_M-500x500.jpg 500w, https:\/\/romfilatelia.ro\/magazin\/wp-content\/uploads\/2006\/11\/craciun2006_M-64x64.jpg 64w, https:\/\/romfilatelia.ro\/magazin\/wp-content\/uploads\/2006\/11\/craciun2006_M-150x150.jpg 150w, https:\/\/romfilatelia.ro\/magazin\/wp-content\/uploads\/2006\/11\/craciun2006_M-53x53.jpg 53w, https:\/\/romfilatelia.ro\/magazin\/wp-content\/uploads\/2006\/11\/craciun2006_M-85x85.jpg 85w, https:\/\/romfilatelia.ro\/magazin\/wp-content\/uploads\/2006\/11\/craciun2006_M-570x570.jpg 570w, https:\/\/romfilatelia.ro\/magazin\/wp-content\/uploads\/2006\/11\/craciun2006_M-380x380.jpg 380w, https:\/\/romfilatelia.ro\/magazin\/wp-content\/uploads\/2006\/11\/craciun2006_M-285x285.jpg 285w, https:\/\/romfilatelia.ro\/magazin\/wp-content\/uploads\/2006\/11\/craciun2006_M.jpg 600w\" sizes=\"(max-width: 300px) 100vw, 300px\" \/><\/a>Ca la fiecare sf\u00e2r\u015fit de an, Romfilatelia, societatea specializat\u0103 \u00een editarea \u015fi comercializarea m\u0103rcilor po\u015ftale rom\u00e2ne\u015fti, introduce \u00een circula\u0163ie emisiunea filatelic\u0103 Cr\u0103ciun 2006.<\/p>\n<p>O, CE VESTE MINUNAT\u0102 !<br \/>\n(Versiune de colind\u0103 popular\u0103 din Transilvania)<\/p>\n<p>O, ce veste minunat\u0103<br \/>\nL\u00e2ng\u0103 Viflaim s-arat\u0103,<br \/>\nCerul str\u0103lucea,<br \/>\n\u00cengerul venea<br \/>\nPe-o raz\u0103 curat\u0103.<\/p>\n<p>P\u0103storilor din c\u00e2mpie<br \/>\nLe veste\u015fte-o bucurie,<br \/>\nC\u0103-ntr-un mic loca\u015f<br \/>\nDin acel ora\u015f,<br \/>\nS-a n\u0103scut Mesia.<\/p>\n<p>\u00cen cetatea p\u0103storeasc\u0103<br \/>\nVrut-a Domnul s\u0103 se nasc\u0103<br \/>\nFiul s\u0103u Cel Sf\u00e2nt,<br \/>\nNou\u0103 pe P\u0103m\u00e2nt,<br \/>\nS\u0103 ne m\u00e2ntuiasc\u0103.<\/p>\n<p>P\u0103storii cum auzir\u0103<br \/>\nSpre loca\u015ful sf\u00e2nt pornir\u0103,<br \/>\nUnde L-au aflat<br \/>\nPruncul luminat,<br \/>\n\u015ei \u00cel pream\u0103rir\u0103.<\/p>\n<p>E Iisus, P\u0103storul mare,<br \/>\nTurm\u0103 ca El nimeni n-are.<br \/>\nNoi \u00cel l\u0103ud\u0103m,<br \/>\n\u015ei ne \u00eenchin\u0103m<br \/>\nCu credin\u0163\u0103 tare.<\/p>\n<p>Echipa Romfilatelia v\u0103 colind\u0103 din suflet, pe voi, prietenii timbrelor \u015fi v\u0103<br \/>\nureaz\u0103 S\u0103rb\u0103tori fericite!<\/p>\n<p>Timbrele emisiunii filatelice au aceea\u015fi valoare nominal\u0103 de 50 Bani.<br \/>\nAcestea ilustreaz\u0103 icoane pictate pe sticl\u0103, dup\u0103 cum urmeaz\u0103:<br \/>\n&#8211; Maica Domnului \u00cemp\u0103r\u0103\u0163it\u0103, sec. XIX, \u0162ara B\u00e2rsei, Transilvania;<br \/>\n&#8211; \u00cenchinarea Magilor, sec. XIX, Transilvania;<br \/>\n&#8211; Maica Domnului cu Pruncul Iisus pe tron, sec. XIX, \u0162ara B\u00e2rsei, Transilvania.<br \/>\nIcoanele pictate pe sticl\u0103 fac parte din colec\u0163ia centenar\u0103 a Muzeului \u0162\u0103ranului Rom\u00e2n.<\/p>\n<p>Data de aparitie: 2006-11-17<\/p>\n","protected":false},"excerpt":{"rendered":"<p>Ca la fiecare sf\u00e2r\u015fit de an, Romfilatelia, societatea specializat\u0103 \u00een editarea \u015fi comercializarea m\u0103rcilor po\u015ftale rom\u00e2ne\u015fti, introduce \u00een circula\u0163ie emisiunea filatelic\u0103 Cr\u0103ciun 2006. O, CE VESTE MINUNAT\u0102 ! (Versiune de colind\u0103 popular\u0103 din Transilvania) O, ce veste minunat\u0103 L\u00e2ng\u0103 Viflaim s-arat\u0103, Cerul str\u0103lucea, \u00cengerul venea Pe-o raz\u0103 curat\u0103. P\u0103storilor din c\u00e2mpie Le veste\u015fte-o bucurie, C\u0103-ntr-un&hellip;&nbsp;<a href=\"https:\/\/romfilatelia.ro\/magazin\/produs\/colectii-anuale\/2006\/craciun-2006\/\" class=\"\" rel=\"bookmark\">Cite\u0219te mai mult &raquo;<span class=\"screen-reader-text\">CR\u00c3CIUN 2006<\/span><\/a><\/p>\n","protected":false},"featured_media":2004735,"template":"","meta":{"neve_meta_sidebar":"","neve_meta_container":"","neve_meta_enable_content_width":"","neve_meta_content_width":0,"neve_meta_title_alignment":"","neve_meta_author_avatar":"","neve_post_elements_order":"","neve_meta_disable_header":"","neve_meta_disable_footer":"","neve_meta_disable_title":""},"product_cat":[112,6],"product_tag":[170],"_links":{"self":[{"href":"https:\/\/romfilatelia.ro\/magazin\/wp-json\/wp\/v2\/product\/2001681"}],"collection":[{"href":"https:\/\/romfilatelia.ro\/magazin\/wp-json\/wp\/v2\/product"}],"about":[{"href":"https:\/\/romfilatelia.ro\/magazin\/wp-json\/wp\/v2\/types\/product"}],"wp:featuredmedia":[{"embeddable":true,"href":"https:\/\/romfilatelia.ro\/magazin\/wp-json\/wp\/v2\/media\/2004735"}],"wp:attachment":[{"href":"https:\/\/romfilatelia.ro\/magazin\/wp-json\/wp\/v2\/media?parent=2001681"}],"wp:term":[{"taxonomy":"product_cat","embeddable":true,"href":"https:\/\/romfilatelia.ro\/magazin\/wp-json\/wp\/v2\/product_cat?post=2001681"},{"taxonomy":"product_tag","embeddable":true,"href":"https:\/\/romfilatelia.ro\/magazin\/wp-json\/wp\/v2\/product_tag?post=2001681"}],"curies":[{"name":"wp","href":"https:\/\/api.w.org\/{rel}","templated":true}]}}