{"id":2001680,"date":"2006-11-06T11:50:08","date_gmt":"2006-11-06T11:50:08","guid":{"rendered":"http:\/\/romfilatelia.ro\/store\/2006\/11\/06\/mari-actori-romani-contemporani\/"},"modified":"2021-01-19T20:20:56","modified_gmt":"2021-01-19T18:20:56","slug":"mari-actori-romani-contemporani","status":"publish","type":"product","link":"https:\/\/romfilatelia.ro\/magazin\/produs\/colectii-anuale\/2006\/mari-actori-romani-contemporani\/","title":{"rendered":"MARI ACTORI ROM\u00c2NI CONTEMPORANI"},"content":{"rendered":"<p><a href=\"https:\/\/romfilatelia.ro\/magazin\/wp-content\/uploads\/2006\/11\/mariactori_M.jpg\"><img decoding=\"async\" loading=\"lazy\" class=\"size-medium wp-image-2004738 alignleft\" src=\"https:\/\/romfilatelia.ro\/magazin\/wp-content\/uploads\/2006\/11\/mariactori_M-298x300.jpg\" alt=\"mariactori_M\" width=\"298\" height=\"300\" srcset=\"https:\/\/romfilatelia.ro\/magazin\/wp-content\/uploads\/2006\/11\/mariactori_M-298x300.jpg 298w, https:\/\/romfilatelia.ro\/magazin\/wp-content\/uploads\/2006\/11\/mariactori_M-100x100.jpg 100w, https:\/\/romfilatelia.ro\/magazin\/wp-content\/uploads\/2006\/11\/mariactori_M-500x503.jpg 500w, https:\/\/romfilatelia.ro\/magazin\/wp-content\/uploads\/2006\/11\/mariactori_M-64x64.jpg 64w, https:\/\/romfilatelia.ro\/magazin\/wp-content\/uploads\/2006\/11\/mariactori_M-150x150.jpg 150w, https:\/\/romfilatelia.ro\/magazin\/wp-content\/uploads\/2006\/11\/mariactori_M-53x53.jpg 53w, https:\/\/romfilatelia.ro\/magazin\/wp-content\/uploads\/2006\/11\/mariactori_M-85x85.jpg 85w, https:\/\/romfilatelia.ro\/magazin\/wp-content\/uploads\/2006\/11\/mariactori_M.jpg 596w\" sizes=\"(max-width: 298px) 100vw, 298px\" \/><\/a>Folosind marca po\u015ftal\u0103 ca pe un mijloc eficient \u015fi \u00eendr\u0103git de transmitere a mesajelor, Romfilatelia a ini\u0163iat un proiect dedicat promov\u0103rii valorilor cultural-artistice \u015fi personalit\u0103\u0163ilor celebre care au reu\u015fit s\u0103 ne aduc\u0103 \u00een minte \u015fi \u00een suflet gustul pentru arta adev\u0103rat\u0103 a teatrului \u015fi a filmului. Ca parte integrant\u0103 a acestui proiect, Romfilatelia, societatea specializat\u0103 \u00een editarea \u015fi comercializarea m\u0103rcilor po\u015ftale rom\u00e2ne\u015fti, introduce \u00een circula\u0163ie emisiunea de timbre Mari Actori Rom\u00e2ni Contemporani.<br \/>\nEmisiunea filatelic\u0103 \u00eei prezint\u0103 pe unii dintre cei mai mari \u015fi longevivi actori ai scenei \u015fi filmului rom\u00e2nesc \u015fi anume: Radu Beligan, Dina Cocea, Carmen St\u0103nescu \u015fi Colea R\u0103utu.<\/p>\n<p>Radu Beligan s-a n\u0103scut pe 14 decembrie 1918, \u00een satul Galbeni (jud. Bac\u0103u). A fost student al profesoarei Lucia Sturza Bulandra, la Academia Regal\u0103 de Muzic\u0103 \u015fi Art\u0103 Dramatic\u0103.<br \/>\n\u00cen cei peste 60 de ani de activitate teatral\u0103, a jucat \u00een peste 30 de filme de lung metraj \u015fi a avut peste 80 de roluri \u00een piese de teatru.<br \/>\nA fost director general al Teatrului Na\u0163ional \u201eI.L.Caragiale\u201c din Bucure\u015fti, \u00eentre anii 1969-1990.<br \/>\nDin anul 2001 este Societar de Onoare al Teatrului Na\u0163ional.<br \/>\nEste Pre\u015fedinte de Onoare al Institutului Interna\u0163ional de Teatru \u015fi membru de onoare al Academiei Rom\u00e2ne.<br \/>\n\u00cen anul 2002, Pre\u015fedintele Fran\u0163ei, Jacques Chirac, i-a conferit gradul de Ofi\u0163er al Ordinului Na\u0163ional francez \u201eLegiunea de onoare\u201c.<\/p>\n<p>Dina Cocea s-a n\u0103scut la 27 noiembrie 1912, la Bucure\u015fti. A absolvit studiile de actorie la Paris. Debutul teatral a avut loc la Teatrul \u201eComedia\u201d din Bucure\u015fti, \u00een luna ianuarie 1935, \u00een piesa de teatru \u201eAdev\u0103ratul Iacob\u201c.<br \/>\n\u00centre anii 1941-1949 a fost director la \u201eTeatrul Nostru\u201c \u015fi la \u201eStudioul Teatrului Nostru\u201c. \u00cen perioada 1952-1962 a fost Decan al Facult\u0103\u0163ii de Teatru, iar \u00eentre 1979-1989 a fost Pre\u015fedinte al Asocia\u0163iei Oamenilor de Art\u0103 din Institu\u0163iile Teatrale \u015fi Muzicale.<br \/>\nDe-a lungul timpului, Dina Cocea a jucat \u00een peste zece filme de lung metraj, a avut peste o sut\u0103 de roluri \u00een spectacole de teatru, teatru radiofonic \u015fi teatru pentru televiziune.<br \/>\nA avut o prodigioas\u0103 activitate eseistic\u0103 \u015fi publicistic\u0103, scriind nenum\u0103rate articole de sintez\u0103, critic\u0103 \u015fi cronic\u0103 dramatic\u0103 \u00een presa de specialitate autohton\u0103 \u015fi str\u0103in\u0103.<\/p>\n<p>Carmen St\u0103nescu s-a n\u0103scut la 29 iulie 1925, la Bucure\u015fti. A absolvit Conservatorul Regal de Muzic\u0103 \u015fi Art\u0103 Dramatic\u0103, promo\u0163ia 1944-1948. \u00cen anul 1945, \u00een urma unui examen excelent, dup\u0103 un singur an de Conservator, a fost angajat\u0103 la Teatrul Na\u0163ional de c\u0103tre directorul academician Tudor Vianu.<br \/>\nDe atunci, timp de 62 de ani, a jucat \u00een zeci de roluri din piese de teatru \u015fi \u00een peste zece filme artistice. A avut \u015fi are nenum\u0103rate apari\u0163ii \u00een spectacole de teatru \u015fi emisiuni de divertisment la Televiziunea Rom\u00e2n\u0103, c\u00e2t \u015fi \u00een emisiuni de radio.<br \/>\nEste Societar de Onoare al Teatrului Na\u0163ional \u201eI.L.Caragiale\u201c din anul 2002. \u00cen anul 2003 a publicat cartea \u201eDest\u0103inuiri\u201c.<\/p>\n<p>Colea R\u0103utu s-a n\u0103scut la 28 noiembrie 1912, la Limbenii Noi, jude\u0163ul B\u0103l\u0163i, \u00een Basarabia.<br \/>\nA debutat la Teatrul de Revist\u0103 \u201eC\u0103r\u0103bu\u015f\u201d condus de Constantin T\u0103nase, unde a interpretat mai ales cuplete social-satirice. Tot acolo a interpretat prima oar\u0103 faimosul \u015flag\u0103r \u201e\u0162i-a ie\u015fit co\u015faru-n drum\u201c, de Gherase Dendrino, pe versurile lui Puiu Maximilian.<br \/>\nO vreme a jucat la Teatrul Na\u0163ional, datorit\u0103 lui Sic\u0103 Alexandrescu, iar \u00eentre anii 1952-1968 a jucat la Teatrul Giule\u015fti.<br \/>\nA interpretat roluri \u00een peste 70 de filme de lung metraj, at\u00e2t rom\u00e2ne\u015fti c\u00e2t \u015fi str\u0103ine, \u00een seriale de televiziune.<\/p>\n<p>Romfilatelia, al\u0103turi de to\u0163i iubitorii de teatru \u015fi film, dedic\u0103 acestor mari actori, cu care suntem contemporani, \u00een semn de pre\u0163uire \u015fi respect, o emisiune de m\u0103rci po\u015ftale care s\u0103 \u00eenso\u0163easc\u0103 g\u00e2ndurile scrise ale rom\u00e2nilor \u015fi s\u0103 fie a\u015fezate la loc de cinste \u00een colec\u0163iile celor pasiona\u0163i de filatelie.<\/p>\n<p>Data de aparitie: 2006-11-16<\/p>\n","protected":false},"excerpt":{"rendered":"<p>Folosind marca po\u015ftal\u0103 ca pe un mijloc eficient \u015fi \u00eendr\u0103git de transmitere a mesajelor, Romfilatelia a ini\u0163iat un proiect dedicat promov\u0103rii valorilor cultural-artistice \u015fi personalit\u0103\u0163ilor celebre care au reu\u015fit s\u0103 ne aduc\u0103 \u00een minte \u015fi \u00een suflet gustul pentru arta adev\u0103rat\u0103 a teatrului \u015fi a filmului. Ca parte integrant\u0103 a acestui proiect, Romfilatelia, societatea specializat\u0103&hellip;&nbsp;<a href=\"https:\/\/romfilatelia.ro\/magazin\/produs\/colectii-anuale\/2006\/mari-actori-romani-contemporani\/\" class=\"\" rel=\"bookmark\">Cite\u0219te mai mult &raquo;<span class=\"screen-reader-text\">MARI ACTORI ROM\u00c2NI CONTEMPORANI<\/span><\/a><\/p>\n","protected":false},"featured_media":2004738,"template":"","meta":{"neve_meta_sidebar":"","neve_meta_container":"","neve_meta_enable_content_width":"","neve_meta_content_width":0,"neve_meta_title_alignment":"","neve_meta_author_avatar":"","neve_post_elements_order":"","neve_meta_disable_header":"","neve_meta_disable_footer":"","neve_meta_disable_title":""},"product_cat":[112,6],"product_tag":[170],"_links":{"self":[{"href":"https:\/\/romfilatelia.ro\/magazin\/wp-json\/wp\/v2\/product\/2001680"}],"collection":[{"href":"https:\/\/romfilatelia.ro\/magazin\/wp-json\/wp\/v2\/product"}],"about":[{"href":"https:\/\/romfilatelia.ro\/magazin\/wp-json\/wp\/v2\/types\/product"}],"wp:featuredmedia":[{"embeddable":true,"href":"https:\/\/romfilatelia.ro\/magazin\/wp-json\/wp\/v2\/media\/2004738"}],"wp:attachment":[{"href":"https:\/\/romfilatelia.ro\/magazin\/wp-json\/wp\/v2\/media?parent=2001680"}],"wp:term":[{"taxonomy":"product_cat","embeddable":true,"href":"https:\/\/romfilatelia.ro\/magazin\/wp-json\/wp\/v2\/product_cat?post=2001680"},{"taxonomy":"product_tag","embeddable":true,"href":"https:\/\/romfilatelia.ro\/magazin\/wp-json\/wp\/v2\/product_tag?post=2001680"}],"curies":[{"name":"wp","href":"https:\/\/api.w.org\/{rel}","templated":true}]}}