{"id":2001677,"date":"2006-10-20T11:48:00","date_gmt":"2006-10-20T11:48:00","guid":{"rendered":"http:\/\/romfilatelia.ro\/store\/2006\/10\/20\/pasari-protejate-lopatarul-eurasian-wwf-world-wide-fund-for-nature\/"},"modified":"2021-01-19T20:20:56","modified_gmt":"2021-01-19T18:20:56","slug":"pasari-protejate-lopatarul-eurasian-wwf-world-wide-fund-for-nature","status":"publish","type":"product","link":"https:\/\/romfilatelia.ro\/magazin\/produs\/colectii-anuale\/2006\/pasari-protejate-lopatarul-eurasian-wwf-world-wide-fund-for-nature\/","title":{"rendered":"P\u00c3S\u00c3RI PROTEJATE \u2013 LOP\u00c3TARUL EURASIAN (WWF &#8211; World Wide Fund For Nature)"},"content":{"rendered":"<p><a href=\"https:\/\/romfilatelia.ro\/magazin\/wp-content\/uploads\/2006\/10\/lopatar_M.jpg\"><img decoding=\"async\" loading=\"lazy\" class=\"size-medium wp-image-2004749 alignleft\" src=\"https:\/\/romfilatelia.ro\/magazin\/wp-content\/uploads\/2006\/10\/lopatar_M-300x225.jpg\" alt=\"lopatar_M\" width=\"300\" height=\"225\" srcset=\"https:\/\/romfilatelia.ro\/magazin\/wp-content\/uploads\/2006\/10\/lopatar_M-300x225.jpg 300w, https:\/\/romfilatelia.ro\/magazin\/wp-content\/uploads\/2006\/10\/lopatar_M-500x375.jpg 500w, https:\/\/romfilatelia.ro\/magazin\/wp-content\/uploads\/2006\/10\/lopatar_M-64x48.jpg 64w, https:\/\/romfilatelia.ro\/magazin\/wp-content\/uploads\/2006\/10\/lopatar_M-380x285.jpg 380w, https:\/\/romfilatelia.ro\/magazin\/wp-content\/uploads\/2006\/10\/lopatar_M-285x214.jpg 285w, https:\/\/romfilatelia.ro\/magazin\/wp-content\/uploads\/2006\/10\/lopatar_M.jpg 600w\" sizes=\"(max-width: 300px) 100vw, 300px\" \/><\/a>Romfilatelia, societatea specializat\u0103 \u00een emiterea \u015fi comercializarea m\u0103rcilor po\u015ftale rom\u00e2ne\u015fti, introduce \u00een circula\u0163ie emisiunea filatelic\u0103 P\u0103s\u0103ri Protejate \u2013 Lop\u0103tarul eurasian, WWF (World Wide Fund For Nature).<\/p>\n<p>Lop\u0103tarul eurasian (Platalea leucorodia) este o pas\u0103re de ap\u0103, c\u0103l\u0103toare, ce face parte din ordinul Ciconiiformes, de m\u0103rimea unei berze, cu penaj de culoare alb\u0103, cu g\u00e2tul \u015fi picioarele lungi. Ciocul este l\u0103\u0163it spre v\u00e2rf ca o lopat\u0103. At\u00e2t ciocul c\u00e2t \u015fi picioarele sunt negre, iar pe cap are un mo\u0163 de pene.<br \/>\n\u00cen perioada \u00eemperecherii, adul\u0163ilor le apar pete galbene pe piept \u015fi pe v\u00e2rful ciocului.<br \/>\nTr\u0103iesc \u00een colonii, separat de alte p\u0103s\u0103ri \u015fi \u00ee\u015fi fac cuib pe p\u0103m\u00e2nt, \u00een copaci sau \u00een stuf\u0103ri\u015f. Se hr\u0103nesc cu pe\u015fti mici \u015fi insecte.<br \/>\nEste cea mai r\u0103sp\u00e2ndit\u0103 specie, care tr\u0103ie\u015fte \u00een unele zone ale Africii, mare parte a Europei, \u00een Asia \u015fi o g\u0103sim chiar \u015fi \u00een Japonia.<br \/>\n\u00cen Rom\u00e2nia, aceste p\u0103s\u0103ri pot fi admirate vara, c\u00e2nd cuib\u0103resc \u00een Delta Dun\u0103rii.<br \/>\nLop\u0103tarul eurasian (Platalea leucorodia) este protejat pe \u00eentreg continentul european.<\/p>\n<p>Cele patru timbre ale emisiunii filatelice, fiecare cu valoarea nominal\u0103 de 80 Bani, reprezint\u0103 exemplare de lop\u0103tari eurasieni \u00een diferite ipostaze, astfel:<br \/>\n&#8211; lop\u0103tar hr\u0103nindu-\u015fi puii;<br \/>\n&#8211; lop\u0103tari \u00een zbor;<br \/>\n&#8211; lop\u0103tari pescuind;<br \/>\n&#8211; pereche de lop\u0103tari (prim-plan)<\/p>\n<p>\u00a9 1986 WWF, cu autorizarea WWF, posesor al m\u0103rcii \u00eenregistrate.<\/p>\n<p>Data de aparitie: 2006-10-20<\/p>\n","protected":false},"excerpt":{"rendered":"<p>Romfilatelia, societatea specializat\u0103 \u00een emiterea \u015fi comercializarea m\u0103rcilor po\u015ftale rom\u00e2ne\u015fti, introduce \u00een circula\u0163ie emisiunea filatelic\u0103 P\u0103s\u0103ri Protejate \u2013 Lop\u0103tarul eurasian, WWF (World Wide Fund For Nature). Lop\u0103tarul eurasian (Platalea leucorodia) este o pas\u0103re de ap\u0103, c\u0103l\u0103toare, ce face parte din ordinul Ciconiiformes, de m\u0103rimea unei berze, cu penaj de culoare alb\u0103, cu g\u00e2tul \u015fi picioarele&hellip;&nbsp;<a href=\"https:\/\/romfilatelia.ro\/magazin\/produs\/colectii-anuale\/2006\/pasari-protejate-lopatarul-eurasian-wwf-world-wide-fund-for-nature\/\" class=\"\" rel=\"bookmark\">Cite\u0219te mai mult &raquo;<span class=\"screen-reader-text\">P\u00c3S\u00c3RI PROTEJATE \u2013 LOP\u00c3TARUL EURASIAN (WWF &#8211; World Wide Fund For Nature)<\/span><\/a><\/p>\n","protected":false},"featured_media":2004749,"template":"","meta":{"neve_meta_sidebar":"","neve_meta_container":"","neve_meta_enable_content_width":"","neve_meta_content_width":0,"neve_meta_title_alignment":"","neve_meta_author_avatar":"","neve_post_elements_order":"","neve_meta_disable_header":"","neve_meta_disable_footer":"","neve_meta_disable_title":""},"product_cat":[112,6],"product_tag":[170],"_links":{"self":[{"href":"https:\/\/romfilatelia.ro\/magazin\/wp-json\/wp\/v2\/product\/2001677"}],"collection":[{"href":"https:\/\/romfilatelia.ro\/magazin\/wp-json\/wp\/v2\/product"}],"about":[{"href":"https:\/\/romfilatelia.ro\/magazin\/wp-json\/wp\/v2\/types\/product"}],"wp:featuredmedia":[{"embeddable":true,"href":"https:\/\/romfilatelia.ro\/magazin\/wp-json\/wp\/v2\/media\/2004749"}],"wp:attachment":[{"href":"https:\/\/romfilatelia.ro\/magazin\/wp-json\/wp\/v2\/media?parent=2001677"}],"wp:term":[{"taxonomy":"product_cat","embeddable":true,"href":"https:\/\/romfilatelia.ro\/magazin\/wp-json\/wp\/v2\/product_cat?post=2001677"},{"taxonomy":"product_tag","embeddable":true,"href":"https:\/\/romfilatelia.ro\/magazin\/wp-json\/wp\/v2\/product_tag?post=2001677"}],"curies":[{"name":"wp","href":"https:\/\/api.w.org\/{rel}","templated":true}]}}