{"id":2001669,"date":"2006-08-15T10:10:48","date_gmt":"2006-08-15T10:10:48","guid":{"rendered":"http:\/\/romfilatelia.ro\/store\/2006\/08\/15\/lilieci\/"},"modified":"2021-01-19T20:20:58","modified_gmt":"2021-01-19T18:20:58","slug":"lilieci","status":"publish","type":"product","link":"https:\/\/romfilatelia.ro\/magazin\/produs\/colectii-anuale\/2006\/lilieci\/","title":{"rendered":"Lilieci"},"content":{"rendered":"<p><a href=\"https:\/\/romfilatelia.ro\/magazin\/wp-content\/uploads\/2006\/08\/lilieci.jpg\"><img decoding=\"async\" loading=\"lazy\" class=\"size-medium wp-image-2005024 alignleft\" src=\"https:\/\/romfilatelia.ro\/magazin\/wp-content\/uploads\/2006\/08\/lilieci-253x300.jpg\" alt=\"lilieci\" width=\"253\" height=\"300\" srcset=\"https:\/\/romfilatelia.ro\/magazin\/wp-content\/uploads\/2006\/08\/lilieci-253x300.jpg 253w, https:\/\/romfilatelia.ro\/magazin\/wp-content\/uploads\/2006\/08\/lilieci-500x593.jpg 500w, https:\/\/romfilatelia.ro\/magazin\/wp-content\/uploads\/2006\/08\/lilieci-64x76.jpg 64w, https:\/\/romfilatelia.ro\/magazin\/wp-content\/uploads\/2006\/08\/lilieci.jpg 506w\" sizes=\"(max-width: 253px) 100vw, 253px\" \/><\/a>Romfilatelia introduce \u00een circula\u0163ie emisiunea de timbre LILIECI.<br \/>\nLiliecii sunt mamifere insectivore, crepusculare \u015fi nocturne, din ordinul Chiropterelor. Au aripile formate dintr-o membran\u00e3 dubl\u00e3 de piele, care une\u015fte degetele membrelor anterioare \u015fi se extinde pe laturile corpului p\u00e2n\u00e3 la cele posterioare \u015fi coad\u00e3. Se orienteaz\u00e3 \u00een \u00eentuneric cu ajutorul ultrasunetelor pe care le emit, urechea lor fiind capabil\u00e3 s\u00e3 perceap\u00e3 ecoul undelor reflectate de obstacole.<br \/>\nLiliecii se hr\u00e3nesc cu insecte, fructe, polen, nectar, pe\u015fti, broa\u015fte, s\u00e2nge. Cei din Europa sunt exclusiv insectivori, num\u00e3r\u00e2nd 45 de specii care se \u00eempart \u00een trei familii. Liliecii din Rom\u00e2nia (30 de specii), apar\u0163in familiilor Rhinolophidae \u015fi Vespertilionidae ce fac parte din subordinul Microchiroptere.<br \/>\n\u00cen urma degrad\u00e3rii \u015fi restr\u00e2ngerii habitatelor naturale, folosirii excesive a insecticidelor c\u00e2t \u015fi a deranj\u00e3rii locurilor de hibernare \u015fi reproducere, popula\u0163iile de lilieci din Europa s-au \u00eempu\u0163inat.<br \/>\nLiliecii folosesc ca ad\u00e3post pe\u015fteri, fisurile st\u00e2ncilor, scorburi \u015fi poduri p\u00e3r\u00e3site.<br \/>\nRom\u00e2nia, cu cele peste 13000 de pe\u015fteri, reprezint\u00e3 un important refugiu \u015fi un centru popula\u0163ional pentru liliecii din Sud-estul Europei.<br \/>\nPe timbrele emisiunii filatelice sunt reprodu\u015fi urm\u00e3torii lilieci :<br \/>\n&#8211; Myotis myotis (Liliacul cu bot ascu\u0163it), pe timbrul cu valoarea nominal\u00e3 de 30 bani.<br \/>\n&#8211; Rhinolophus hipposideros (Liliacul mic cu nasul potcoav\u00e3), pe timbrul cu valoarea nominal\u00e3 de 50 Bani.<br \/>\n&#8211; Plecotus auritus (Liliacul urecheat brun), pe timbrul cu valoarea nominal\u00e3 de 1,00 Lei.<br \/>\n&#8211; Pipistrellus pipistrellus (Liliacul pitic), pe timbrul cu valoarea nominal\u00e3 de 1,20 Lei.<br \/>\n&#8211; Nyctalus lasiopterus (Liliacul mare de amurg), pe timbrul cu valoarea nominal\u00e3 de 1,60 Lei.<br \/>\n&#8211; Barbastella barbastellus (Liliacul c\u00e2rn), cu valoarea nominal\u00e3 de 2,20 Lei.<br \/>\nEmisiunea filatelic\u00e3 a fost realizat\u00e3 cu sprijinul speciali\u015ftilor Muzeului Na\u0163ional de Istorie Natural\u00e3 \u201eGrigore Antipa\u201d din Bucure\u015fti.<br \/>\nData Aparitie:2006-08-15<\/p>\n<p><a href=\"https:\/\/romfilatelia.ro\/magazin\/wp-content\/uploads\/2006\/08\/liliecirom.jpg\"><img decoding=\"async\" loading=\"lazy\" class=\"aligncenter wp-image-2005023 size-full\" src=\"https:\/\/romfilatelia.ro\/magazin\/wp-content\/uploads\/2006\/08\/liliecirom.jpg\" alt=\"liliecirom\" width=\"541\" height=\"517\" srcset=\"https:\/\/romfilatelia.ro\/magazin\/wp-content\/uploads\/2006\/08\/liliecirom.jpg 541w, https:\/\/romfilatelia.ro\/magazin\/wp-content\/uploads\/2006\/08\/liliecirom-500x478.jpg 500w, https:\/\/romfilatelia.ro\/magazin\/wp-content\/uploads\/2006\/08\/liliecirom-64x61.jpg 64w, https:\/\/romfilatelia.ro\/magazin\/wp-content\/uploads\/2006\/08\/liliecirom-300x287.jpg 300w\" sizes=\"(max-width: 541px) 100vw, 541px\" \/><\/a><\/p>\n","protected":false},"excerpt":{"rendered":"<p>Romfilatelia introduce \u00een circula\u0163ie emisiunea de timbre LILIECI. Liliecii sunt mamifere insectivore, crepusculare \u015fi nocturne, din ordinul Chiropterelor. Au aripile formate dintr-o membran\u00e3 dubl\u00e3 de piele, care une\u015fte degetele membrelor anterioare \u015fi se extinde pe laturile corpului p\u00e2n\u00e3 la cele posterioare \u015fi coad\u00e3. Se orienteaz\u00e3 \u00een \u00eentuneric cu ajutorul ultrasunetelor pe care le emit, urechea&hellip;&nbsp;<a href=\"https:\/\/romfilatelia.ro\/magazin\/produs\/colectii-anuale\/2006\/lilieci\/\" class=\"\" rel=\"bookmark\">Cite\u0219te mai mult &raquo;<span class=\"screen-reader-text\">Lilieci<\/span><\/a><\/p>\n","protected":false},"featured_media":2005024,"template":"","meta":{"neve_meta_sidebar":"","neve_meta_container":"","neve_meta_enable_content_width":"","neve_meta_content_width":0,"neve_meta_title_alignment":"","neve_meta_author_avatar":"","neve_post_elements_order":"","neve_meta_disable_header":"","neve_meta_disable_footer":"","neve_meta_disable_title":""},"product_cat":[112,6],"product_tag":[170],"_links":{"self":[{"href":"https:\/\/romfilatelia.ro\/magazin\/wp-json\/wp\/v2\/product\/2001669"}],"collection":[{"href":"https:\/\/romfilatelia.ro\/magazin\/wp-json\/wp\/v2\/product"}],"about":[{"href":"https:\/\/romfilatelia.ro\/magazin\/wp-json\/wp\/v2\/types\/product"}],"wp:featuredmedia":[{"embeddable":true,"href":"https:\/\/romfilatelia.ro\/magazin\/wp-json\/wp\/v2\/media\/2005024"}],"wp:attachment":[{"href":"https:\/\/romfilatelia.ro\/magazin\/wp-json\/wp\/v2\/media?parent=2001669"}],"wp:term":[{"taxonomy":"product_cat","embeddable":true,"href":"https:\/\/romfilatelia.ro\/magazin\/wp-json\/wp\/v2\/product_cat?post=2001669"},{"taxonomy":"product_tag","embeddable":true,"href":"https:\/\/romfilatelia.ro\/magazin\/wp-json\/wp\/v2\/product_tag?post=2001669"}],"curies":[{"name":"wp","href":"https:\/\/api.w.org\/{rel}","templated":true}]}}