{"id":2001668,"date":"2006-08-04T10:07:12","date_gmt":"2006-08-04T10:07:12","guid":{"rendered":"http:\/\/romfilatelia.ro\/store\/2006\/08\/04\/minerale\/"},"modified":"2021-01-19T20:20:58","modified_gmt":"2021-01-19T18:20:58","slug":"minerale","status":"publish","type":"product","link":"https:\/\/romfilatelia.ro\/magazin\/produs\/colectii-anuale\/2006\/minerale\/","title":{"rendered":"Minerale"},"content":{"rendered":"<p><a href=\"https:\/\/romfilatelia.ro\/magazin\/wp-content\/uploads\/2006\/08\/minerale.jpg\"><img decoding=\"async\" loading=\"lazy\" class=\"size-medium wp-image-2005018 alignleft\" src=\"https:\/\/romfilatelia.ro\/magazin\/wp-content\/uploads\/2006\/08\/minerale-300x152.jpg\" alt=\"minerale\" width=\"300\" height=\"152\" srcset=\"https:\/\/romfilatelia.ro\/magazin\/wp-content\/uploads\/2006\/08\/minerale-300x152.jpg 300w, https:\/\/romfilatelia.ro\/magazin\/wp-content\/uploads\/2006\/08\/minerale-500x253.jpg 500w, https:\/\/romfilatelia.ro\/magazin\/wp-content\/uploads\/2006\/08\/minerale-64x32.jpg 64w, https:\/\/romfilatelia.ro\/magazin\/wp-content\/uploads\/2006\/08\/minerale.jpg 600w\" sizes=\"(max-width: 300px) 100vw, 300px\" \/><\/a>Romfilatelia, cu ocazia \u00eemplinirii a 100 de ani de la \u00eenfiin\u0163area Institutului Geologic al Rom\u00e2niei, introduce \u00een circula\u0163ie emisiunea de timbre MINERALE.<\/p>\n<p>Mineralul este un corp solid cu o compozi\u0163ie chimic\u00e3 definit\u00e3, care se g\u00e3se\u015fte \u00een natur\u00e3 \u00een stare cristalin\u00e3 sau amorf\u00e3. Mineralele formeaz\u00e3 rocile \u015fi minereurile, fiind reprezentate prin diferite combina\u0163ii chimice \u015fi, rar, prin elemente native.<br \/>\nSunt cunoscute peste 4000 de minerale din care silica\u0163ii reprezint\u00e3 circa 34%, oxizii \u015fi hidroxizii, circa 25% iar sulfurile circa 20%.<br \/>\nMineralele prezentate \u00een timbrele emisiunii filatelice sunt: agatul, ametistul, blenda, cuar\u0163ul, fluorina \u015fi stibina.<\/p>\n<p>Fluorina (CaF2) \u2013 \u00een latin\u00e3 fluorum. Sistemul de cristali-zare este cubic. Poate fi mai rar incolor\u00e3 sau colorat\u00e3 \u00een galben de miere, verde, violet, albastru, av\u00e2nd c\u00e2teodat\u00e3 o culoare \u00een interior \u015fi o alta \u00een exterior. Are un luciu sticlos. Este termoluminiscent\u00e3 \u015fi fluorescent\u00e3. Se utilizeaz\u00e3 ca fondant \u00een metalurgie, \u00een optic\u00e3, industria chimic\u00e3, industria ceramicii. \u00cen Rom\u00e2nia se g\u00e3se\u015fte la Baia Mare, M\u00e3cin, Tulghe\u015f, Brad.<br \/>\nEste ilustrat\u00e3 pe timbrul cu valoarea nominal\u00e3 de 30 Bani.<\/p>\n<p>Cuar\u0163ul (SiO2). Sistemul de cristalizare este trigonal \u015fi se prezint\u00e3 sub un num\u00e3r mare de forme foarte variate. Dup\u00e3 aspect \u015fi mai ales structur\u00e3 \u015fi culoare, avem variet\u00e3\u0163i fanerocristaline: (cristal de st\u00e2nc\u00e3 \u2013 incolor, transparent, citrin \u2013 g\u00e3lbui, morion \u2013 fumuriu \u00eenchis, ametist \u2013 violet, ochi de tigru \u2013 galben brun); criptocristaline (calcedonia \u2013 varietate de cuar\u0163 fibros, ultrafin, cu culori diferite: onix, sardonix) \u015fi amorfe (opal \u2013 form\u00e3 hidratat\u00e3 a silicei). Al\u00e3turi de feldspa\u0163i este cel mai r\u00e3sp\u00e2ndit mineral din scoar\u0163a terestr\u00e3. Se utilizeaz\u00e3 ca piatr\u00e3 semipre\u0163ioas\u00e3, \u00een industria opticii, a<br \/>\ncomputerelor, a sticlei \u015fi \u00een industria abrazivilor.<br \/>\nEste ilustrat pe timbrul cu valoarea nominal\u00e3 de 50 Bani.<br \/>\nAgatul (SiO2), a c\u00e3rui denumire vine de la r\u00e2ul Achates din Sicilia, este o varietate de calcedonie cu zone concentrice regulate \u015fi frumos colorate \u00een mod diferit. Este utilizat ca piatr\u00e3 semipre\u0163ioas\u00e3. \u00cen Rom\u00e2nia se g\u00e3se\u015fte \u00een Maramure\u015f \u015fi Mun\u0163ii Apuseni.<br \/>\nEste ilustrat pe timbrul cu valoarea nominal\u00e3 de 1,00 Lei.<br \/>\nBlenda (ZnS) sau Sfalerit (\u00een greac\u00e3, sfaleros), este o sulfur\u00e3 natural\u00e3 de zinc de culoare galben\u00e3, verde, ro\u015fie, brun\u00e3 sau neagr\u00e3. Sistemul de cristalizare este cubic. Este folosit \u00een industria metalurgic\u00e3. Z\u00e3c\u00e3minte \u00een Rom\u00e2nia: Baia Mare, Mun\u0163ii Apuseni, Moldova Nou\u00e3.<br \/>\nEste ilustrat\u00e3 pe timbrul cu valoarea nominal\u00e3 de 1,20 Lei.<\/p>\n<p>Ametistul (SiO2), \u00een greac\u00e3 amethystos, este o varietate de cuar\u0163 cristalizat, colorat violet cu forme de bipiramide f\u00e3r\u00e3 fe\u0163e de prisme sau cristale prismatice, terminate cu romboedru direct. Este folosit ca piatr\u00e3 semipre\u0163ioas\u00e3. \u00cen \u0163ara noastr\u00e3 se g\u00e3se\u015fte \u00een Maramure\u015f.<br \/>\nEste ilustrat pe timbrul cu valoarea nominal\u00e3 de 1,50 Lei.<\/p>\n<p>Stibina (Sb2S3) sau Antimonit (\u00een latin\u00e3 stibium), are sistemul de cristalizare rombic. Cristalele sunt \u00eentotdeauna prismatice \u015fi alungite, de obicei cu striuri verticale. Adeseori se prezint\u00e3 sub form\u00e3 de snopi dispu\u015fi radial. Culoarea este<br \/>\ngri-alb\u00e3struie sau chiar neagr\u00e3 cenu\u015fie cu luciu metalic. Este cel mai important minereu din care se extrage antimoniul folosit la aliajele antifric\u0163iune, tipografie, \u00een industria cauciucului \u015fi a sticlei, la preparate farmaceutice, produse de<br \/>\nfiting\u00e3rie. \u00cen Rom\u00e2nia se g\u00e3se\u015fte la Baia Mare.<br \/>\nEste ilustrat\u00e3 pe timbrul cu valoarea nominal\u00e3 de 2,20 Lei.<\/p>\n<p>Emisiunea filatelic\u00e3 a fost realizat\u00e3 cu sprijinul speciali\u015ftilor Institutului Geologic al Rom\u00e2niei.<\/p>\n<p>Data Aparitie:2006-08-04<\/p>\n<p><a href=\"https:\/\/romfilatelia.ro\/magazin\/wp-content\/uploads\/2006\/08\/minerale022.jpg\"><img decoding=\"async\" loading=\"lazy\" class=\"aligncenter wp-image-2005017 size-full\" src=\"https:\/\/romfilatelia.ro\/magazin\/wp-content\/uploads\/2006\/08\/minerale022.jpg\" alt=\"minerale022\" width=\"600\" height=\"349\" srcset=\"https:\/\/romfilatelia.ro\/magazin\/wp-content\/uploads\/2006\/08\/minerale022.jpg 600w, https:\/\/romfilatelia.ro\/magazin\/wp-content\/uploads\/2006\/08\/minerale022-500x291.jpg 500w, https:\/\/romfilatelia.ro\/magazin\/wp-content\/uploads\/2006\/08\/minerale022-64x37.jpg 64w, https:\/\/romfilatelia.ro\/magazin\/wp-content\/uploads\/2006\/08\/minerale022-300x175.jpg 300w\" sizes=\"(max-width: 600px) 100vw, 600px\" \/><\/a><\/p>\n","protected":false},"excerpt":{"rendered":"<p>Romfilatelia, cu ocazia \u00eemplinirii a 100 de ani de la \u00eenfiin\u0163area Institutului Geologic al Rom\u00e2niei, introduce \u00een circula\u0163ie emisiunea de timbre MINERALE. Mineralul este un corp solid cu o compozi\u0163ie chimic\u00e3 definit\u00e3, care se g\u00e3se\u015fte \u00een natur\u00e3 \u00een stare cristalin\u00e3 sau amorf\u00e3. Mineralele formeaz\u00e3 rocile \u015fi minereurile, fiind reprezentate prin diferite combina\u0163ii chimice \u015fi, rar,&hellip;&nbsp;<a href=\"https:\/\/romfilatelia.ro\/magazin\/produs\/colectii-anuale\/2006\/minerale\/\" class=\"\" rel=\"bookmark\">Cite\u0219te mai mult &raquo;<span class=\"screen-reader-text\">Minerale<\/span><\/a><\/p>\n","protected":false},"featured_media":2005018,"template":"","meta":{"neve_meta_sidebar":"","neve_meta_container":"","neve_meta_enable_content_width":"","neve_meta_content_width":0,"neve_meta_title_alignment":"","neve_meta_author_avatar":"","neve_post_elements_order":"","neve_meta_disable_header":"","neve_meta_disable_footer":"","neve_meta_disable_title":""},"product_cat":[112,6],"product_tag":[170],"_links":{"self":[{"href":"https:\/\/romfilatelia.ro\/magazin\/wp-json\/wp\/v2\/product\/2001668"}],"collection":[{"href":"https:\/\/romfilatelia.ro\/magazin\/wp-json\/wp\/v2\/product"}],"about":[{"href":"https:\/\/romfilatelia.ro\/magazin\/wp-json\/wp\/v2\/types\/product"}],"wp:featuredmedia":[{"embeddable":true,"href":"https:\/\/romfilatelia.ro\/magazin\/wp-json\/wp\/v2\/media\/2005018"}],"wp:attachment":[{"href":"https:\/\/romfilatelia.ro\/magazin\/wp-json\/wp\/v2\/media?parent=2001668"}],"wp:term":[{"taxonomy":"product_cat","embeddable":true,"href":"https:\/\/romfilatelia.ro\/magazin\/wp-json\/wp\/v2\/product_cat?post=2001668"},{"taxonomy":"product_tag","embeddable":true,"href":"https:\/\/romfilatelia.ro\/magazin\/wp-json\/wp\/v2\/product_tag?post=2001668"}],"curies":[{"name":"wp","href":"https:\/\/api.w.org\/{rel}","templated":true}]}}