{"id":2001662,"date":"2006-06-06T15:42:54","date_gmt":"2006-06-06T15:42:54","guid":{"rendered":"http:\/\/romfilatelia.ro\/store\/2006\/06\/06\/centenarul-expozithiei-generale-si-al-parcului-carol-i-din-bucuresti-1906\/"},"modified":"2021-01-19T20:20:59","modified_gmt":"2021-01-19T18:20:59","slug":"centenarul-expozithiei-generale-si-al-parcului-carol-i-din-bucuresti-1906","status":"publish","type":"product","link":"https:\/\/romfilatelia.ro\/magazin\/produs\/colectii-anuale\/2006\/centenarul-expozithiei-generale-si-al-parcului-carol-i-din-bucuresti-1906\/","title":{"rendered":"Centenarul Expozi\u021biei Generale \u015fi al Parcului Carol I din Bucuresti \u2013 1906"},"content":{"rendered":"<p><a href=\"https:\/\/romfilatelia.ro\/magazin\/wp-content\/uploads\/2006\/06\/blparcCarol.jpg\"><img decoding=\"async\" loading=\"lazy\" class=\"size-medium wp-image-2004994 alignleft\" src=\"https:\/\/romfilatelia.ro\/magazin\/wp-content\/uploads\/2006\/06\/blparcCarol-300x244.jpg\" alt=\"blparcCarol\" width=\"300\" height=\"244\" srcset=\"https:\/\/romfilatelia.ro\/magazin\/wp-content\/uploads\/2006\/06\/blparcCarol-300x244.jpg 300w, https:\/\/romfilatelia.ro\/magazin\/wp-content\/uploads\/2006\/06\/blparcCarol-500x407.jpg 500w, https:\/\/romfilatelia.ro\/magazin\/wp-content\/uploads\/2006\/06\/blparcCarol-64x52.jpg 64w, https:\/\/romfilatelia.ro\/magazin\/wp-content\/uploads\/2006\/06\/blparcCarol.jpg 600w\" sizes=\"(max-width: 300px) 100vw, 300px\" \/><\/a>Romfilatelia introduce \u00een circula\u0163ie o emisiune filatelic\u00e3 dedicat\u00e3 Centenarului Expozi\u0163iei Generale din 1906 \u015fi al Parcului Carol I.Romfilatelia introduce \u00een circula\u0163ie o emisiune filatelic\u00e3 dedicat\u00e3 Centenarului Expozi\u0163iei Generale din 1906 \u015fi al Parcului Carol I.<br \/>\nExpozi\u0163ia General\u00e3 a fost organizat\u00e3 \u00een Parcul Carol I (numit p\u00e2n\u00e3 atunci Dealul Filaretului) \u00een anul 1906, cu scopul de a prezenta realiz\u00e3rile Rom\u00e2niei \u00een domeniile politicii interne, ale politicii externe, ca \u015fi ale culturii, prin realiz\u00e3ri \u00een domeniul literaturii, muzicii, picturii, teatrului, arhitecturii, etc.<br \/>\nRegele Carol I a inaugurat Expozi\u0163ia la 6 iunie 1906. \u00cen anul 1906, Rom\u00e2nia aniversa 1800 de ani de c\u00e2nd \u00een \u0163inuturile noastre se stabiliser\u00e3 primii coloni\u015fti romani (106 d.H.) \u015fi de la cucerirea Daciei de c\u00e3tre Traian, 40 de ani de domnie ai Regelui Carol I \u015fi 25 de ani de c\u00e2nd Principatele Rom\u00e2ne deveniser\u00e3 Regat.<br \/>\nProiectul, coordonat de arhitectul I.D. Berindei, a fost inspirat de Expozi\u0163ia Universal\u00e3 de la Paris din anul 1900 \u015fi a cuprins pavilioane dedicate industriei, comer\u0163ului, agriculturii, silviculturii, minelor, ca \u015fi culturii \u015fi artelor. Arhitec\u0163ii expozi\u0163iei au fost Victor \u0218tef\u00e3nescu \u015fi \u0218tefan Burcu\u015f, c\u00e3rora li s-au al\u00e3turat ingineri de renume. Nu toate lucr\u00e3rile de construc\u0163ie \u015fi a\u015fezare a materialului expus au fost finalizate p\u00e2n\u00e3 la inaugurarea oficial\u00e3.<br \/>\nFestivitatea de deschidere, am\u00e2nat\u00e3 din cauza timpului ploios, a avut loc \u00een ziua de 6 iunie. La inaugurare au participat \u00eentregul guvern, familia regal\u00e3, membri ai administra\u0163iei, oaspe\u0163i str\u00e3ini, membri ai corpului diplomatic acreditat la Bucure\u015fti, cu excep\u0163ia lega\u0163iei Imperiului Otoman. Bateriei de la Calafat numit\u00e3 \u201eCarol I\u201c i-a revenit onoarea s\u00e3 trag\u00e3 salvele de tun ce marcau deschiderea oficial\u00e3 a expozi\u0163iei. Familia regal\u00e3 a fost \u00eent\u00e2mpinat\u00e3 la intrarea \u00een parc, prin poarta \u00een form\u00e3 de arc de cerc, de c\u00e3tre organizatori, guvern \u015fi un grup de 300 de notari, primari \u015fi s\u00e3teni de frunte din toate jude\u0163ele \u0163\u00e3rii. La Arenele Romane au \u0163inut discursuri I. Lahovari, C. I. Istrati \u015fi Regele Carol I.<br \/>\nAl\u00e3turi de pavilioanele dedicate Rom\u00e2niei, existau pavilioane ale Fran\u0163ei, Ungariei, Austriei. Pe dealul Trocadero se afla Palatul Artelor. Realizat de inginerul Grant \u015fi proiectat de Victor \u0218tef\u00e3nescu, pe o suprafa\u0163\u00e3 de peste 2000 mp, era o construc\u0163ie grandioas\u00e3, realizat\u00e3 \u00eentr-un timp foarte scurt. Ulterior a devenit sediul Muzeului Militar. Sub terasa \u201eA. I. Cuza\u201c situat\u00e3 \u00een fa\u0163a Palatului Artelor se g\u00e3seau o pe\u015fter\u00e3 \u015fi un bazin cu ap\u00e3. Denumit\u00e3 \u201eGrota cu gigan\u0163i\u201c sau \u201eGrota fermecat\u00e3\u201c, aceast\u00e3 pe\u015fter\u00e3 avea la intrare un ansamblu monumental, alc\u00e3tuit din trei statui. De remarcat c\u00e3 ansamblul era crea\u0163ia a trei arhitec\u0163i: Filip Marin a sculptat \u201efrumoasa&#8221; sau \u201efecioara adormit\u00e3\u201c, din marmur\u00e3, iar Dimitrie Paciurea \u015fi Frederic Stork au realizat cei doi uria\u015fi din piatr\u00e3. Gigan\u0163ii erau unul \u00een fa\u0163a celuilalt, iar \u00een mijlocul lor se afla culcat\u00e3 \u201efrumoasa adormit\u00e3\u201c.<br \/>\nCastelul Apelor, unde se afla rezervorul de ap\u00e3 al parcului, construit \u00een \u00eentregime din piatr\u00e3, numit \u015fi Turnul lui \u021aepe\u015f, avea ca model cetatea lui Vlad \u021aepe\u015f de la Cheile Arge\u015fului. Turnul, \u00eenalt de 32 m, folosea \u015fi pentru jocuri de lumini.<br \/>\nArenele Romane, oper\u00e3 a inginerului Elie Radu, cu o capacitate maxim\u00e3 de 5000 de locuri, a fost locul de desf\u00e3\u015furare pentru festivit\u00e3\u0163ile de deschidere \u015fi de \u00eenchidere ale expozi\u0163iei \u015fi al altor manifest\u00e3ri cu caracter cultural \u015fi artistic, ce au oferit ocazia afirm\u00e3rii unit\u00e3\u0163ii de neam, \u015fi limb\u00e3 a tuturor rom\u00e2nilor.<br \/>\nLa Jubileu au participat \u015fi \u00eenalte oficialit\u00e3\u0163i str\u00e3ine. De o primire c\u00e3lduroas\u00e3 s-a bucurat primarul Vienei dar \u015fi delega\u0163ia ora\u015fului Roma. Ca semn al latinit\u00e3\u0163ii rom\u00e2nilor, Bucure\u015ftiul a primit ca dar din partea Romei, o copie a Lupoaicei, originalul exist\u00e2nd pe Capitoliu.<br \/>\nAnul jubiliar \u015fi prima Expozi\u0163ie Na\u0163ional\u00e3 au beneficiat de o important\u00e3 emisiune filatelic\u00e3, plachete, medalii. Au fost editate numeroase c\u00e3r\u0163i po\u015ftale ce prezentau pavilioanele expozi\u0163iei. Festivitatea de \u00eenchidere a avut loc \u00een ziua de 23 noiembrie 1906, f\u00e3r\u00e3 \u00eens\u00e3 ca Regele Carol I s\u00e3 fie prezent, din motive de s\u00e3n\u00e3tate. A participat Regina Elisabeta \u015fi cuplul princiar: Principele Ferdinand \u015fi Principesa Maria. Discursul rostit de Ion Lahovari \u00een acea zi ar\u00e3ta \u00een mare m\u00e3sur\u00e3 obiectivele \u015fi scopurile urm\u00e3rite de organizatori: \u201eam voit s\u00e3 ar\u00e3t\u00e3m \u015fi str\u00e3inilor \u015fi rom\u00e2nilor, ceea ce a fost odinioar\u00e3 Rom\u00e2nia \u015fi ceea ce este ast\u00e3zi dup\u00e3 40 de ani de domnie glorioas\u00e3 a Regelui Carol I\u2026 am voit ca str\u00e3inii s\u00e3 ne cunoasc\u00e3 \u015fi ca rom\u00e2nii, chiar s\u00e3 se cunoasc\u00e3 mai bine, s\u00e3 se \u015ftie c\u00e3 \u00eentre Dun\u00e3re \u015fi Carpa\u0163i tr\u00e3ie\u015fte, cre\u015fte \u015fi se \u00eent\u00e3re\u015fte un popor harnic viteaz li cuminte, condus de un Rege patriot \u015fi \u00een\u0163elept\u201c.<br \/>\nEmisiunea filatelic\u00e3 este format\u00e3 din 6 timbre \u015fi o coli\u0163\u00e3; toate prezent\u00e2nd imagini ale unor pavilioane din cadrul Expozi\u0163iei Generale din 1906.<br \/>\nTimbrul cu valoarea nominal\u00e3 de 30 Bani ilustreaz\u00e3 Intrarea Principal\u00e3 \u00een Parcul Carol I.<br \/>\nTimbrul cu valoarea nominal\u00e3 de 50 Bani prezint\u00e3 Castelul \u021aepe\u015f.<br \/>\nTimbrul cu valoarea nominal\u00e3 de 1,00 Lei \u00eenf\u00e3\u0163i\u015feaz\u00e3 Pavilionul Po\u015ftelor.<br \/>\nTimbrul cu valoarea nominal\u00e3 de 1,20 Lei prezint\u00e3 Pavilionul Comisiei Europene a Dun\u00e3rii.<br \/>\nTimbrul cu valoarea nominal\u00e3 de 1,60 Lei ilustreaz\u00e3 Palatul Industriei.<br \/>\nTimbrul cu valoarea nominal\u00e3 de 2,20 Lei prezint\u00e3 Arenele Romane.<br \/>\nColi\u0163a emisiunii, cu valoarea nominal\u00e3 de 2,20 lei \u00eenf\u00e3\u0163i\u015feaz\u00e3 Palatul Artelor.<br \/>\nLa realizarea emisiunii filatelice s-au folosit materiale documentare \u015fi imagini foto puse la dispozi\u0163ie de Biblioteca Academiei Rom\u00e2ne.<\/p>\n<p>Data Aparitie:2006-06-06<\/p>\n<p><a href=\"https:\/\/romfilatelia.ro\/magazin\/wp-content\/uploads\/2006\/06\/pliantparccarolromana.jpg\"><img decoding=\"async\" loading=\"lazy\" class=\"aligncenter wp-image-2004993 size-full\" src=\"https:\/\/romfilatelia.ro\/magazin\/wp-content\/uploads\/2006\/06\/pliantparccarolromana.jpg\" alt=\"pliantparccarolromana\" width=\"500\" height=\"362\" srcset=\"https:\/\/romfilatelia.ro\/magazin\/wp-content\/uploads\/2006\/06\/pliantparccarolromana.jpg 500w, https:\/\/romfilatelia.ro\/magazin\/wp-content\/uploads\/2006\/06\/pliantparccarolromana-64x46.jpg 64w, https:\/\/romfilatelia.ro\/magazin\/wp-content\/uploads\/2006\/06\/pliantparccarolromana-300x217.jpg 300w, https:\/\/romfilatelia.ro\/magazin\/wp-content\/uploads\/2006\/06\/pliantparccarolromana-400x290.jpg 400w\" sizes=\"(max-width: 500px) 100vw, 500px\" \/><\/a><\/p>\n","protected":false},"excerpt":{"rendered":"<p>Romfilatelia introduce \u00een circula\u0163ie o emisiune filatelic\u00e3 dedicat\u00e3 Centenarului Expozi\u0163iei Generale din 1906 \u015fi al Parcului Carol I.Romfilatelia introduce \u00een circula\u0163ie o emisiune filatelic\u00e3 dedicat\u00e3 Centenarului Expozi\u0163iei Generale din 1906 \u015fi al Parcului Carol I. Expozi\u0163ia General\u00e3 a fost organizat\u00e3 \u00een Parcul Carol I (numit p\u00e2n\u00e3 atunci Dealul Filaretului) \u00een anul 1906, cu scopul de&hellip;&nbsp;<a href=\"https:\/\/romfilatelia.ro\/magazin\/produs\/colectii-anuale\/2006\/centenarul-expozithiei-generale-si-al-parcului-carol-i-din-bucuresti-1906\/\" class=\"\" rel=\"bookmark\">Cite\u0219te mai mult &raquo;<span class=\"screen-reader-text\">Centenarul Expozi\u021biei Generale \u015fi al Parcului Carol I din Bucuresti \u2013 1906<\/span><\/a><\/p>\n","protected":false},"featured_media":2004994,"template":"","meta":{"neve_meta_sidebar":"","neve_meta_container":"","neve_meta_enable_content_width":"","neve_meta_content_width":0,"neve_meta_title_alignment":"","neve_meta_author_avatar":"","neve_post_elements_order":"","neve_meta_disable_header":"","neve_meta_disable_footer":"","neve_meta_disable_title":""},"product_cat":[112,6],"product_tag":[170],"_links":{"self":[{"href":"https:\/\/romfilatelia.ro\/magazin\/wp-json\/wp\/v2\/product\/2001662"}],"collection":[{"href":"https:\/\/romfilatelia.ro\/magazin\/wp-json\/wp\/v2\/product"}],"about":[{"href":"https:\/\/romfilatelia.ro\/magazin\/wp-json\/wp\/v2\/types\/product"}],"wp:featuredmedia":[{"embeddable":true,"href":"https:\/\/romfilatelia.ro\/magazin\/wp-json\/wp\/v2\/media\/2004994"}],"wp:attachment":[{"href":"https:\/\/romfilatelia.ro\/magazin\/wp-json\/wp\/v2\/media?parent=2001662"}],"wp:term":[{"taxonomy":"product_cat","embeddable":true,"href":"https:\/\/romfilatelia.ro\/magazin\/wp-json\/wp\/v2\/product_cat?post=2001662"},{"taxonomy":"product_tag","embeddable":true,"href":"https:\/\/romfilatelia.ro\/magazin\/wp-json\/wp\/v2\/product_tag?post=2001662"}],"curies":[{"name":"wp","href":"https:\/\/api.w.org\/{rel}","templated":true}]}}