{"id":2001657,"date":"2006-05-04T17:00:34","date_gmt":"2006-05-04T17:00:34","guid":{"rendered":"http:\/\/romfilatelia.ro\/store\/2006\/05\/04\/europa-2006-integrarea-imigranthilor-vazuta-de-copii\/"},"modified":"2021-01-19T20:20:59","modified_gmt":"2021-01-19T18:20:59","slug":"europa-2006-integrarea-imigranthilor-vazuta-de-copii","status":"publish","type":"product","link":"https:\/\/romfilatelia.ro\/magazin\/produs\/colectii-anuale\/2006\/europa-2006-integrarea-imigranthilor-vazuta-de-copii\/","title":{"rendered":"Europa 2006 &#8211; Integrarea imigran\u021bilor v\u00e3zut\u00e3 de copii"},"content":{"rendered":"<p><a href=\"https:\/\/romfilatelia.ro\/magazin\/wp-content\/uploads\/2006\/05\/timbreeuropa2006imigranti.jpg\"><img decoding=\"async\" loading=\"lazy\" class=\"size-medium wp-image-2004978 alignleft\" src=\"https:\/\/romfilatelia.ro\/magazin\/wp-content\/uploads\/2006\/05\/timbreeuropa2006imigranti-300x101.jpg\" alt=\"timbreeuropa2006imigranti\" width=\"300\" height=\"101\" srcset=\"https:\/\/romfilatelia.ro\/magazin\/wp-content\/uploads\/2006\/05\/timbreeuropa2006imigranti-300x101.jpg 300w, https:\/\/romfilatelia.ro\/magazin\/wp-content\/uploads\/2006\/05\/timbreeuropa2006imigranti-64x22.jpg 64w, https:\/\/romfilatelia.ro\/magazin\/wp-content\/uploads\/2006\/05\/timbreeuropa2006imigranti-400x134.jpg 400w, https:\/\/romfilatelia.ro\/magazin\/wp-content\/uploads\/2006\/05\/timbreeuropa2006imigranti.jpg 500w\" sizes=\"(max-width: 300px) 100vw, 300px\" \/><\/a> Romfilatelia, sub genericul Europa 2006, pune \u00een circula\u0163ie emisiunea de timbre &#8222;Integrarea imigran\u0163ilor v\u00e3zut\u00e3 de copii&#8221;.Aceast\u00e3 emisiune constituie un eveniment na\u0163ional \u015fi interna\u0163ional, de importan\u0163\u00e3 deosebit\u00e3 at\u00e2t pentru filateli\u015ftii de toate v\u00e2rstele, c\u00e2t \u015fi pentru publicul larg, datorit\u00e3 tematicii extrem de diversificate. Trebuie men\u0163ionat c\u00e3 tema pentru fiecare an este stabilit\u00e3 de c\u00e3tre POSTEUROP. Sub genericul EUROPA, subiectul este abordat de fiecare \u0163ar\u00e3 membr\u00e3 a acestui organism, \u0163in\u00e2nd cont de specificul na\u0163ional. Timbrele cu aceast\u00e3 tem\u00e3, emise de fiecare \u0163ar\u00e3 \u00een parte, vor participa la un important concurs interna\u0163ional.<br \/>\n\u00cen prezent, fenomenul emigra\u0163iei, adic\u00e3 p\u00e3r\u00e3sirea \u0163\u00e3rii de c\u00e3tre un cet\u00e3\u0163ean pentru a se stabili temporar sau definitiv \u00een alt\u00e3 \u0163ar\u00e3, unde este considerat imigrant, are o amploare interna\u0163ional\u00e3. Fenomenul este generat \u00een principal de r\u00e3zboaie, persecu\u0163ii politice sau condi\u0163iile economice precare din unele \u0163\u00e3ri.<br \/>\n\u00cen ultimii zece ani \u015fi \u00een Rom\u00e2nia num\u00e3rul de imigran\u0163i a crescut vertiginos, ajung\u00e2nd azi la c\u00e2teva mii. A ap\u00e3rut astfel necesitatea ca \u0163ara noastr\u00e3 s\u00e3 adopte un act normativ care s\u00e3 reglementeze regimul str\u00e3inilor, intrarea, \u015federea, drepturile \u015fi obliga\u0163iile acestora.<br \/>\n\u00cen anul 2001 a fost aprobat un Program special pentru integrarea socioprofesional\u00e3 a str\u00e3inilor care au dob\u00e2ndit statutul de refugiat \u00een Rom\u00e2nia. Integrarea socioprofesional\u00e3 presupune aplicarea unor m\u00e3suri ce vizeaz\u00e3: acomodarea cultural\u00e3, \u00eenv\u00e3\u0163area limbii rom\u00e2ne, accesul la sistemul na\u0163ional de \u00eenv\u00e3\u0163\u00e3m\u00e2nt din Rom\u00e2nia, accesul la sistemul de asigur\u00e3ri sociale de s\u00e3n\u00e3tate, accesul liber pe pia\u0163a for\u0163ei de munc\u00e3 \u015fi la sistemul de asigur\u00e3ri sociale, dreptul de cazare.<\/p>\n<p>Desenele care sunt ilustrate pe timbrele emisiunii au fost realizate de copiii refugia\u0163i, din cadrul programului \u201eIntegrarea copiilor refugia\u0163i \u015fi separa\u0163i \u00een societatea rom\u00e2neasc\u00e3\u201c \u015fi<br \/>\nne-au fost puse la dispozi\u0163ie, cu generozitate, de c\u00e3tre organiza\u0163ia \u201eSalva\u0163i Copiii Rom\u00e2nia\u201c.<br \/>\n\u201eSalva\u0163i Copiii Rom\u00e2nia\u201c este o organiza\u0163ie neguvernamental\u00e3, non-profit, de utilitate public\u00e3, na\u0163ional\u00e3, bazat\u00e3 pe activitatea voluntar\u00e3 a membrilor s\u00e3i, care asigur\u00e3 desf\u00e3\u015furarea unor programe \u00een beneficiul tuturor copiilor, \u00een special al celor afla\u0163i \u00een situa\u0163ii de dificultate. Misiunea organiza\u0163iei a fost stabilit\u00e3 conform principiilor care asigur\u00e3 tuturor adul\u0163ilor \u015fi copiilor \u015fansa la drepturi egale.<br \/>\n\u201eSalva\u0163i Copiii Rom\u00e2nia\u201c este promotorul principiilor:<br \/>\n&#8211; o lume \u00een care fiecare copil este apreciat \u015fi respectat<br \/>\n&#8211; o lume care ascult\u00e3 \u015fi \u00eenva\u0163\u00e3 de la copii<br \/>\n&#8211; o lume \u00een care fiecare copil are speran\u0163\u00e3 \u015fi perspective<br \/>\nAlian\u0163a Interna\u0163ional\u00e3 \u201eSalva\u0163i Copiii\u201c este cea mai mare mi\u015fcare independent\u00e3 pe plan mondial, care ac\u0163ioneaz\u00e3 pentru ap\u00e3rarea drepturilor copiilor. Este format\u00e3 din 27 de membri \u015fi dezvolt\u00e3 programe \u00een peste 100 de \u0163\u00e3ri.<br \/>\nData Aparitie:2006-05-04<\/p>\n<p><a href=\"https:\/\/romfilatelia.ro\/magazin\/wp-content\/uploads\/2006\/05\/europarom.jpg\"><img decoding=\"async\" loading=\"lazy\" class=\"aligncenter wp-image-2004979 size-full\" src=\"https:\/\/romfilatelia.ro\/magazin\/wp-content\/uploads\/2006\/05\/europarom.jpg\" alt=\"europarom\" width=\"440\" height=\"393\" srcset=\"https:\/\/romfilatelia.ro\/magazin\/wp-content\/uploads\/2006\/05\/europarom.jpg 440w, https:\/\/romfilatelia.ro\/magazin\/wp-content\/uploads\/2006\/05\/europarom-64x57.jpg 64w, https:\/\/romfilatelia.ro\/magazin\/wp-content\/uploads\/2006\/05\/europarom-300x268.jpg 300w, https:\/\/romfilatelia.ro\/magazin\/wp-content\/uploads\/2006\/05\/europarom-400x357.jpg 400w\" sizes=\"(max-width: 440px) 100vw, 440px\" \/><\/a><\/p>\n","protected":false},"excerpt":{"rendered":"<p>Romfilatelia, sub genericul Europa 2006, pune \u00een circula\u0163ie emisiunea de timbre &#8222;Integrarea imigran\u0163ilor v\u00e3zut\u00e3 de copii&#8221;.Aceast\u00e3 emisiune constituie un eveniment na\u0163ional \u015fi interna\u0163ional, de importan\u0163\u00e3 deosebit\u00e3 at\u00e2t pentru filateli\u015ftii de toate v\u00e2rstele, c\u00e2t \u015fi pentru publicul larg, datorit\u00e3 tematicii extrem de diversificate. Trebuie men\u0163ionat c\u00e3 tema pentru fiecare an este stabilit\u00e3 de c\u00e3tre POSTEUROP. Sub&hellip;&nbsp;<a href=\"https:\/\/romfilatelia.ro\/magazin\/produs\/colectii-anuale\/2006\/europa-2006-integrarea-imigranthilor-vazuta-de-copii\/\" class=\"\" rel=\"bookmark\">Cite\u0219te mai mult &raquo;<span class=\"screen-reader-text\">Europa 2006 &#8211; Integrarea imigran\u021bilor v\u00e3zut\u00e3 de copii<\/span><\/a><\/p>\n","protected":false},"featured_media":2004978,"template":"","meta":{"neve_meta_sidebar":"","neve_meta_container":"","neve_meta_enable_content_width":"","neve_meta_content_width":0,"neve_meta_title_alignment":"","neve_meta_author_avatar":"","neve_post_elements_order":"","neve_meta_disable_header":"","neve_meta_disable_footer":"","neve_meta_disable_title":""},"product_cat":[112,6],"product_tag":[170],"_links":{"self":[{"href":"https:\/\/romfilatelia.ro\/magazin\/wp-json\/wp\/v2\/product\/2001657"}],"collection":[{"href":"https:\/\/romfilatelia.ro\/magazin\/wp-json\/wp\/v2\/product"}],"about":[{"href":"https:\/\/romfilatelia.ro\/magazin\/wp-json\/wp\/v2\/types\/product"}],"wp:featuredmedia":[{"embeddable":true,"href":"https:\/\/romfilatelia.ro\/magazin\/wp-json\/wp\/v2\/media\/2004978"}],"wp:attachment":[{"href":"https:\/\/romfilatelia.ro\/magazin\/wp-json\/wp\/v2\/media?parent=2001657"}],"wp:term":[{"taxonomy":"product_cat","embeddable":true,"href":"https:\/\/romfilatelia.ro\/magazin\/wp-json\/wp\/v2\/product_cat?post=2001657"},{"taxonomy":"product_tag","embeddable":true,"href":"https:\/\/romfilatelia.ro\/magazin\/wp-json\/wp\/v2\/product_tag?post=2001657"}],"curies":[{"name":"wp","href":"https:\/\/api.w.org\/{rel}","templated":true}]}}