{"id":2001656,"date":"2006-04-20T16:57:30","date_gmt":"2006-04-20T16:57:30","guid":{"rendered":"http:\/\/romfilatelia.ro\/store\/2006\/04\/20\/ceramica-romaneasca-ulcioare-de-nunta-ii\/"},"modified":"2021-01-19T20:21:00","modified_gmt":"2021-01-19T18:21:00","slug":"ceramica-romaneasca-ulcioare-de-nunta-ii","status":"publish","type":"product","link":"https:\/\/romfilatelia.ro\/magazin\/produs\/colectii-anuale\/2006\/ceramica-romaneasca-ulcioare-de-nunta-ii\/","title":{"rendered":"Ceramic\u00e3 Rom\u00e2neasc\u00e3 &#8211; Ulcioare de nunt\u00e3 (II)"},"content":{"rendered":"<p><a href=\"https:\/\/romfilatelia.ro\/magazin\/wp-content\/uploads\/2006\/04\/ULCIOARE2.jpg\"><img decoding=\"async\" loading=\"lazy\" class=\"size-medium wp-image-2004975 alignleft\" src=\"https:\/\/romfilatelia.ro\/magazin\/wp-content\/uploads\/2006\/04\/ULCIOARE2-59x300.jpg\" alt=\"ULCIOARE2\" width=\"59\" height=\"300\" srcset=\"https:\/\/romfilatelia.ro\/magazin\/wp-content\/uploads\/2006\/04\/ULCIOARE2-59x300.jpg 59w, https:\/\/romfilatelia.ro\/magazin\/wp-content\/uploads\/2006\/04\/ULCIOARE2-64x325.jpg 64w, https:\/\/romfilatelia.ro\/magazin\/wp-content\/uploads\/2006\/04\/ULCIOARE2-79x400.jpg 79w, https:\/\/romfilatelia.ro\/magazin\/wp-content\/uploads\/2006\/04\/ULCIOARE2.jpg 118w\" sizes=\"(max-width: 59px) 100vw, 59px\" \/><\/a>Romfilatelia pune \u00een circula\u0163ie emisiunea de timbre CERAMIC\u00c3 ROM\u00c2NEASC\u00c3 (Ulcioare de nunt\u00e3 &#8211; II).<br \/>\n\u00cen ansamblul ceramicii tradi\u0163ionale rom\u00e2ne\u015fti, ulcioarele de nunt\u00e3 ocup\u00e3 un loc deosebit. Ulcioarele de nunt\u00e3 ilustreaz\u00e3 inventivitatea tehnic\u00e3 \u015fi imagina\u0163ia olarilor caracterizat\u00e3 prin originalitatea formelor, a propor\u0163iilor, decor\u00e3rii \u015fi cromaticii.<br \/>\nUlcioarele de nunt\u00e3 se lucrau mai ales toamna, c\u00e2nd aveau loc cele mai multe c\u00e3s\u00e3torii. Mirii erau cei care comandau ulcioarele; de regul\u00e3, patru-cinci o dat\u00e3. Acestea erau oferite na\u015filor \u015fi p\u00e3rin\u0163ilor miresei dar puteau fi p\u00e3strate \u015fi \u00een cas\u00e3. Ast\u00e3zi sunt elemente de decor ale interiorului modern sau sunt p\u00e3strate \u00een diferite forme de expunere, pe mas\u00e3, at\u00e2rnate pe perete sau la grind\u00e3.<br \/>\nSimplitatea formei, bog\u00e3\u0163ia motivelor, buna distribuire a desenelor \u015fi accentuarea prin ornament \u015fi culoare a unor por\u0163iuni, care \u00een ansamblu se constituie \u00eentr-o oper\u00e3 de art\u00e3, este o caracteristic\u00e3 a artei rom\u00e2ne\u015fti \u021b\u00e3r\u00e3ne\u015fti. Compozi\u0163ia pare perfect\u00e3 prin distribu\u0163ia simetric\u00e3, alternant\u00e3 \u015fi ritmic\u00e3 a motivului ornamental dar \u015fi a celui cromatic.<br \/>\nUlcioarele reliefeaz\u00e3 tr\u00e3s\u00e3turi ale crea\u0163iei \u021b\u00e3r\u00e3ne\u015fti, cum ar fi originalitatea, continuitatea, specificul etnic, func\u0163ionalitatea \u015fi nu \u00een ultimul r\u00e2nd, virtu\u0163ile artistice.<br \/>\nTradi\u0163iile \u015fi interferen\u0163ele de tot felul au dus la r\u00e3sp\u00e2ndirea me\u015fte\u015fugului \u015fi la diversificarea tipologic\u00e3, temporal\u00e3 \u015fi teritorial\u00e3, \u00een cadrul stilului specific al artei populare rom\u00e2ne\u015fti.<br \/>\nUlcioarele de nunt\u00e3 ilustrate pe timbrele emisiunii sunt reprezentative pentru ceramica din jude\u0163ele Olt, Suceava, V\u00e2lcea \u015fi Timi\u015f.<br \/>\nAceste vase de ceramic\u00e3 fac parte din colec\u0163ia centenar\u00e3 a Muzeului \u021a\u00e3ranului Rom\u00e2n.<br \/>\nTimbrul cu valoarea nominal\u00e3 de 30 Bani reprezint\u00e3 ceramic\u00e3 din Oboga-Olt.<br \/>\nTimbrul cu valoarea nominal\u00e3 de 40 Bani reprezint\u00e3 ceramic\u00e3 din R\u00e3d\u00e3u\u0163i-Suceava.<br \/>\nTimbrul cu valoarea nominal\u00e3 de 2,50 Lei reprezint\u00e3 ceramic\u00e3 din Vl\u00e3de\u015fti-V\u00e2lcea.<br \/>\nTimbrul cu valoarea nominal\u00e3 de 3,10 Lei reprezint\u00e3 ceramic\u00e3 din Jup\u00e2ne\u015fti-Timi\u015f.<\/p>\n<p>Data Aparitie:2006-04-20<\/p>\n<p><a href=\"https:\/\/romfilatelia.ro\/magazin\/wp-content\/uploads\/2006\/04\/ulcioare011romana.jpg\"><img decoding=\"async\" loading=\"lazy\" class=\"aligncenter wp-image-2004974 size-full\" src=\"https:\/\/romfilatelia.ro\/magazin\/wp-content\/uploads\/2006\/04\/ulcioare011romana.jpg\" alt=\"ulcioare011romana\" width=\"500\" height=\"456\" srcset=\"https:\/\/romfilatelia.ro\/magazin\/wp-content\/uploads\/2006\/04\/ulcioare011romana.jpg 500w, https:\/\/romfilatelia.ro\/magazin\/wp-content\/uploads\/2006\/04\/ulcioare011romana-64x58.jpg 64w, https:\/\/romfilatelia.ro\/magazin\/wp-content\/uploads\/2006\/04\/ulcioare011romana-300x274.jpg 300w, https:\/\/romfilatelia.ro\/magazin\/wp-content\/uploads\/2006\/04\/ulcioare011romana-400x365.jpg 400w\" sizes=\"(max-width: 500px) 100vw, 500px\" \/><\/a><\/p>\n","protected":false},"excerpt":{"rendered":"<p>Romfilatelia pune \u00een circula\u0163ie emisiunea de timbre CERAMIC\u00c3 ROM\u00c2NEASC\u00c3 (Ulcioare de nunt\u00e3 &#8211; II). \u00cen ansamblul ceramicii tradi\u0163ionale rom\u00e2ne\u015fti, ulcioarele de nunt\u00e3 ocup\u00e3 un loc deosebit. Ulcioarele de nunt\u00e3 ilustreaz\u00e3 inventivitatea tehnic\u00e3 \u015fi imagina\u0163ia olarilor caracterizat\u00e3 prin originalitatea formelor, a propor\u0163iilor, decor\u00e3rii \u015fi cromaticii. Ulcioarele de nunt\u00e3 se lucrau mai ales toamna, c\u00e2nd aveau loc&hellip;&nbsp;<a href=\"https:\/\/romfilatelia.ro\/magazin\/produs\/colectii-anuale\/2006\/ceramica-romaneasca-ulcioare-de-nunta-ii\/\" class=\"\" rel=\"bookmark\">Cite\u0219te mai mult &raquo;<span class=\"screen-reader-text\">Ceramic\u00e3 Rom\u00e2neasc\u00e3 &#8211; Ulcioare de nunt\u00e3 (II)<\/span><\/a><\/p>\n","protected":false},"featured_media":2004975,"template":"","meta":{"neve_meta_sidebar":"","neve_meta_container":"","neve_meta_enable_content_width":"","neve_meta_content_width":0,"neve_meta_title_alignment":"","neve_meta_author_avatar":"","neve_post_elements_order":"","neve_meta_disable_header":"","neve_meta_disable_footer":"","neve_meta_disable_title":""},"product_cat":[112,6],"product_tag":[170],"_links":{"self":[{"href":"https:\/\/romfilatelia.ro\/magazin\/wp-json\/wp\/v2\/product\/2001656"}],"collection":[{"href":"https:\/\/romfilatelia.ro\/magazin\/wp-json\/wp\/v2\/product"}],"about":[{"href":"https:\/\/romfilatelia.ro\/magazin\/wp-json\/wp\/v2\/types\/product"}],"wp:featuredmedia":[{"embeddable":true,"href":"https:\/\/romfilatelia.ro\/magazin\/wp-json\/wp\/v2\/media\/2004975"}],"wp:attachment":[{"href":"https:\/\/romfilatelia.ro\/magazin\/wp-json\/wp\/v2\/media?parent=2001656"}],"wp:term":[{"taxonomy":"product_cat","embeddable":true,"href":"https:\/\/romfilatelia.ro\/magazin\/wp-json\/wp\/v2\/product_cat?post=2001656"},{"taxonomy":"product_tag","embeddable":true,"href":"https:\/\/romfilatelia.ro\/magazin\/wp-json\/wp\/v2\/product_tag?post=2001656"}],"curies":[{"name":"wp","href":"https:\/\/api.w.org\/{rel}","templated":true}]}}