{"id":2001653,"date":"2006-03-20T16:52:40","date_gmt":"2006-03-20T16:52:40","guid":{"rendered":"http:\/\/romfilatelia.ro\/store\/2006\/03\/20\/centenar-leopold-sedar-senghor-1906-2006\/"},"modified":"2021-01-19T20:21:00","modified_gmt":"2021-01-19T18:21:00","slug":"centenar-leopold-sedar-senghor-1906-2006","status":"publish","type":"product","link":"https:\/\/romfilatelia.ro\/magazin\/produs\/colectii-anuale\/2006\/centenar-leopold-sedar-senghor-1906-2006\/","title":{"rendered":"Centenar L\u00e9opold S\u00e9dar Senghor (1906-2006)"},"content":{"rendered":"<p><a href=\"https:\/\/romfilatelia.ro\/magazin\/wp-content\/uploads\/2006\/03\/blocde4sengor42x27mm.jpg\"><img decoding=\"async\" loading=\"lazy\" class=\"size-medium wp-image-2004963 alignleft\" src=\"https:\/\/romfilatelia.ro\/magazin\/wp-content\/uploads\/2006\/03\/blocde4sengor42x27mm-268x300.jpg\" alt=\"blocde4sengor42x27mm\" width=\"268\" height=\"300\" srcset=\"https:\/\/romfilatelia.ro\/magazin\/wp-content\/uploads\/2006\/03\/blocde4sengor42x27mm-268x300.jpg 268w, https:\/\/romfilatelia.ro\/magazin\/wp-content\/uploads\/2006\/03\/blocde4sengor42x27mm-64x72.jpg 64w, https:\/\/romfilatelia.ro\/magazin\/wp-content\/uploads\/2006\/03\/blocde4sengor42x27mm-357x400.jpg 357w, https:\/\/romfilatelia.ro\/magazin\/wp-content\/uploads\/2006\/03\/blocde4sengor42x27mm.jpg 446w\" sizes=\"(max-width: 268px) 100vw, 268px\" \/><\/a> \u201eFrancofonia nu este un proiect terminat, ci un combat cultural permanent. O cultur\u00e3 este \u00eenainte de toate o voin\u0163\u00e3&#8230; cultura nu se mo\u015ftene\u015fte, ci se cucere\u015fte. Ceea ce trebuie s\u00e3 ne uneasc\u00e3 este obiectul acestei cuceriri.\u201c (Andr\u00e9 Malraux)<br \/>\n\u00cen fiecare an, la 20 martie, se s\u00e3rb\u00e3tore\u015fte Ziua Interna\u0163ional\u00e3 a Francofoniei.<br \/>\nCu aceast\u00e3 ocazie, Romfilatelia, societatea specializat\u00e3 \u00een editarea \u015fi comercializarea m\u00e3rcilor po\u015ftale rom\u00e2ne\u015fti, introduce \u00een circuitul po\u015ftal emisiunea de timbre intitulat\u00e3 Centenar L\u00e9opold S\u00e9dar Senghor.<br \/>\nFrancofonia este ansamblul politico-cultural al popoarelor care folosesc \u00een mod obi\u015fnuit limba francez\u00e3.<br \/>\nTermenul de \u201efrancofonie\u201c a ap\u00e3rut \u00een 1880 c\u00e2nd geograful Onesime Reclus a definit astfel totalitatea \u0163\u00e3rilor care au \u00een comun folosirea limbii franceze ca limb\u00e3 na\u0163ional\u00e3 oficial\u00e3, de comunica\u0163ie interna\u0163ional\u00e3, de cultur\u00e3 sau de lucru.<br \/>\n20 martie este ziua c\u00e2nd, \u00een 1970, a luat fiin\u0163\u00e3 Agen\u0163ia de Cooperare Cultural\u00e3 \u015fi Tehnic\u00e3 (ACCT) cu sediul la Paris.<br \/>\nIni\u0163iativa cre\u00e3rii acestei organiza\u0163ii a apar\u0163inut unor personalit\u00e3\u0163i precum L\u00e9opold S\u00e9dar Senghor (Senegal), Habib Bourguiba (Tunisia), Hamani Diori (Niger), Norodom Sianuk (Vietnam).<br \/>\nAnul acesta, Rom\u00e2nia este gazda celei de-a XI-a reuniuni la nivel \u00eenalt (Sommet) a Organiza\u0163iei Interna\u0163ionale a Francofoniei (OIF).<br \/>\nPentru a marca 100 de ani de la na\u015fterea lui L\u00e9opold S\u00e9dar Senghor, cofondator al mi\u015fc\u00e3rii francofone, \u00een toat\u00e3 lumea francofon\u00e3 se vor desf\u00e3\u015fura manifest\u00e3ri care s\u00e3 omagieze aceast\u00e3 personalitate politic\u00e3 \u015fi cultural\u00e3 pe tot parcursul anului 2006, sub genericul \u201eAnul Senghor\u201c.<br \/>\nL\u00e9opold S\u00e9dar Senghor, primul pre\u015fedinte al Senegalului, \u00eentre 1960 -1980, a marcat istoria secolului XX ca p\u00e3rinte al ideii de \u201enegritudine\u201c \u015fi ca un ap\u00e3r\u00e3tor al \u201emetisajului cultural.\u201c \u00cen 1970 l-a numit prim ministru pe Abdou Diouf, actualul secretar general al OIF care l-a succedat la pre\u015fedin\u0163ia Senegalului, \u00een 1981.<br \/>\nPoet \u015fi eseist, Senghor a primit numeroase premii \u015fi distinc\u0163ii pentru activitatea sa artistic\u00e3. Dintre operele sale putem aminti lirica muzical\u00e3, intelectualist\u00e3 \u015fi filozofic\u00e3 (\u201eEtiopice\u201c, \u201eNocturne\u201c, \u201eElegii majore\u201c), eseuri (\u201eLimbajul \u015fi poezia negro-african\u00e3\u201c, \u201eEstetica negro-african\u00e3\u201c).<br \/>\nA fost membru al multor academii, universit\u00e3\u0163i \u015fi organiza\u0163ii, iar \u00een 1983, a devenit membru al Academiei Franceze.<br \/>\nTimp de peste o jum\u00e3tate de secol, via\u0163a, opera artistic\u00e3 \u015fi activitatea politic\u00e3 a lui Senghor, au avut un numitor comun: francofonia, care, pentru fostul pre\u015fedinte al Senegalului a fost \u015fi \u201eeste acest umanism integral care se \u0163ese \u00een jurul P\u00e3m\u00e2ntului: aceast\u00e3 simbioz\u00e3 de energii adormite a tuturor continentelor, a tuturor raselor care se trezesc la contactul c\u00e3ldurii lor complementare.\u201c (L\u00e9opold S\u00e9dar Senghor &#8211; Revista Esprit, noiembrie 1962).<\/p>\n<p>Data Aparitie:2006-03-20<\/p>\n<p><a href=\"https:\/\/romfilatelia.ro\/magazin\/wp-content\/uploads\/2006\/03\/Page1rom.jpg\"><img decoding=\"async\" loading=\"lazy\" class=\"aligncenter wp-image-2004964 size-full\" src=\"https:\/\/romfilatelia.ro\/magazin\/wp-content\/uploads\/2006\/03\/Page1rom.jpg\" alt=\"Page1rom\" width=\"391\" height=\"310\" srcset=\"https:\/\/romfilatelia.ro\/magazin\/wp-content\/uploads\/2006\/03\/Page1rom.jpg 391w, https:\/\/romfilatelia.ro\/magazin\/wp-content\/uploads\/2006\/03\/Page1rom-64x51.jpg 64w, https:\/\/romfilatelia.ro\/magazin\/wp-content\/uploads\/2006\/03\/Page1rom-300x238.jpg 300w\" sizes=\"(max-width: 391px) 100vw, 391px\" \/><\/a><\/p>\n","protected":false},"excerpt":{"rendered":"<p>\u201eFrancofonia nu este un proiect terminat, ci un combat cultural permanent. O cultur\u00e3 este \u00eenainte de toate o voin\u0163\u00e3&#8230; cultura nu se mo\u015ftene\u015fte, ci se cucere\u015fte. Ceea ce trebuie s\u00e3 ne uneasc\u00e3 este obiectul acestei cuceriri.\u201c (Andr\u00e9 Malraux) \u00cen fiecare an, la 20 martie, se s\u00e3rb\u00e3tore\u015fte Ziua Interna\u0163ional\u00e3 a Francofoniei. Cu aceast\u00e3 ocazie, Romfilatelia, societatea&hellip;&nbsp;<a href=\"https:\/\/romfilatelia.ro\/magazin\/produs\/colectii-anuale\/2006\/centenar-leopold-sedar-senghor-1906-2006\/\" class=\"\" rel=\"bookmark\">Cite\u0219te mai mult &raquo;<span class=\"screen-reader-text\">Centenar L\u00e9opold S\u00e9dar Senghor (1906-2006)<\/span><\/a><\/p>\n","protected":false},"featured_media":2004963,"template":"","meta":{"neve_meta_sidebar":"","neve_meta_container":"","neve_meta_enable_content_width":"","neve_meta_content_width":0,"neve_meta_title_alignment":"","neve_meta_author_avatar":"","neve_post_elements_order":"","neve_meta_disable_header":"","neve_meta_disable_footer":"","neve_meta_disable_title":""},"product_cat":[112,6],"product_tag":[170],"_links":{"self":[{"href":"https:\/\/romfilatelia.ro\/magazin\/wp-json\/wp\/v2\/product\/2001653"}],"collection":[{"href":"https:\/\/romfilatelia.ro\/magazin\/wp-json\/wp\/v2\/product"}],"about":[{"href":"https:\/\/romfilatelia.ro\/magazin\/wp-json\/wp\/v2\/types\/product"}],"wp:featuredmedia":[{"embeddable":true,"href":"https:\/\/romfilatelia.ro\/magazin\/wp-json\/wp\/v2\/media\/2004963"}],"wp:attachment":[{"href":"https:\/\/romfilatelia.ro\/magazin\/wp-json\/wp\/v2\/media?parent=2001653"}],"wp:term":[{"taxonomy":"product_cat","embeddable":true,"href":"https:\/\/romfilatelia.ro\/magazin\/wp-json\/wp\/v2\/product_cat?post=2001653"},{"taxonomy":"product_tag","embeddable":true,"href":"https:\/\/romfilatelia.ro\/magazin\/wp-json\/wp\/v2\/product_tag?post=2001653"}],"curies":[{"name":"wp","href":"https:\/\/api.w.org\/{rel}","templated":true}]}}