{"id":2001646,"date":"2005-12-19T00:00:00","date_gmt":"2005-12-19T00:00:00","guid":{"rendered":"http:\/\/romfilatelia.ro\/store\/?p=2001646"},"modified":"2021-01-19T20:21:01","modified_gmt":"2021-01-19T18:21:01","slug":"ceramica-romaneasca-iv","status":"publish","type":"product","link":"https:\/\/romfilatelia.ro\/magazin\/produs\/colectii-anuale\/2005\/ceramica-romaneasca-iv\/","title":{"rendered":"Ceramic\u0103 Rom\u00e2neasc\u0103 IV"},"content":{"rendered":"<p>Romfilatelia a introdus \u00een circuitul po\u0219tal o serie de timbre uzuale ce reprezint\u0103 obiecte de ceramic\u0103 rom\u00e2neasc\u0103. Romfilatelia a introdus \u00een circuitul po\u0219tal o serie de timbre uzuale ce reprezint\u0103 obiecte de ceramic\u0103 rom\u00e2neasc\u0103.<\/p>\n<p>Ol\u0103ritul este unul dintre cele mai vechi me\u0219te\u0219uguri din lume. \u00cenc\u0103 din timpuri str\u0103vechi el a simbolizat tot ce era legat de via\u021ba spiritual\u0103.<br \/>\nDe-a lungul timpului, ol\u0103ritul a evoluat \u00een cadrul societ\u0103\u021bilor ce aveau un model sacralizat al lumii, arta realiz\u0103rii vaselor ceramice fiind, \u00een general, transmis\u0103 din tat\u0103 \u00een fiu, de mii de genera\u021bii.<br \/>\nMe\u0219te\u0219ugul ol\u0103ritului pe teritoriul Rom\u00e2niei dateaz\u0103 aproximativ din mileniul al VI-lea \u00ee.Hr.<br \/>\nPrin form\u0103, propor\u021bii, decor \u0219i cromatic\u0103, ulcioarele reprezint\u0103 inventivitatea tehnic\u0103 \u0219i inspira\u021bia olarilor care au adaptat influen\u021bele greco-romane \u0219i, mai t\u00e2rziu, ale popula\u021biilor migratoare, dar au p\u0103strat specificul arealului rom\u00e2nesc.<br \/>\nSimbolurile folosite sunt cele solare cum ar fi capul stilizat de berbec sau calul \u00eenaripat, iar \u0219arpele reprezentat \u00een spiral\u0103 fiind simbolul evolu\u021biei cosmice pozitive.<br \/>\nObiectele de ceramic\u0103 au \u00eenso\u021bit comunit\u0103\u021bile umane de-a lungul mileniilor, fiind prezentate la toate manifest\u0103rile de spiritualitate ale poporului rom\u00e2n.<br \/>\nCeramica, \u00een ansamblul ei, prin formele \u0219i simbolurile reproduse, reprezint\u0103 o deschidere \u0219i o invita\u021bie sufleteasc\u0103 spre orizonturile mistice ale culturii ancestrale.<br \/>\nTimbrul cu valoarea nominal\u0103 de 4,70 Lei prezint\u0103 ceramic\u0103 din T\u00e2rgul Neam\u021b, Neam\u021b.<br \/>\nTimbrul cu valoarea nominal\u0103 de 5,60 Lei \u00eenf\u0103\u021bi\u0219eaz\u0103 ceramic\u0103 din Poiana Deleni, Ia\u0219i.<br \/>\nSplendidele vase ceramice reproduse pe timbre fac parte din colec\u021bia Muzeului \u021a\u0103ranului Rom\u00e2n.<\/p>\n<p>Data Aparitie:2005-12-19<\/p>\n","protected":false},"excerpt":{"rendered":"<p>Romfilatelia a introdus \u00een circuitul po\u0219tal o serie de timbre uzuale ce reprezint\u0103 obiecte de ceramic\u0103 rom\u00e2neasc\u0103. Romfilatelia a introdus \u00een circuitul po\u0219tal o serie de timbre uzuale ce reprezint\u0103 obiecte de ceramic\u0103 rom\u00e2neasc\u0103. Ol\u0103ritul este unul dintre cele mai vechi me\u0219te\u0219uguri din lume. \u00cenc\u0103 din timpuri str\u0103vechi el a simbolizat tot ce era legat&hellip;&nbsp;<a href=\"https:\/\/romfilatelia.ro\/magazin\/produs\/colectii-anuale\/2005\/ceramica-romaneasca-iv\/\" class=\"\" rel=\"bookmark\">Cite\u0219te mai mult &raquo;<span class=\"screen-reader-text\">Ceramic\u0103 Rom\u00e2neasc\u0103 IV<\/span><\/a><\/p>\n","protected":false},"featured_media":2015788,"template":"","meta":{"neve_meta_sidebar":"","neve_meta_container":"","neve_meta_enable_content_width":"","neve_meta_content_width":0,"neve_meta_title_alignment":"","neve_meta_author_avatar":"","neve_post_elements_order":"","neve_meta_disable_header":"","neve_meta_disable_footer":"","neve_meta_disable_title":""},"product_cat":[113,6],"product_tag":[170],"_links":{"self":[{"href":"https:\/\/romfilatelia.ro\/magazin\/wp-json\/wp\/v2\/product\/2001646"}],"collection":[{"href":"https:\/\/romfilatelia.ro\/magazin\/wp-json\/wp\/v2\/product"}],"about":[{"href":"https:\/\/romfilatelia.ro\/magazin\/wp-json\/wp\/v2\/types\/product"}],"wp:featuredmedia":[{"embeddable":true,"href":"https:\/\/romfilatelia.ro\/magazin\/wp-json\/wp\/v2\/media\/2015788"}],"wp:attachment":[{"href":"https:\/\/romfilatelia.ro\/magazin\/wp-json\/wp\/v2\/media?parent=2001646"}],"wp:term":[{"taxonomy":"product_cat","embeddable":true,"href":"https:\/\/romfilatelia.ro\/magazin\/wp-json\/wp\/v2\/product_cat?post=2001646"},{"taxonomy":"product_tag","embeddable":true,"href":"https:\/\/romfilatelia.ro\/magazin\/wp-json\/wp\/v2\/product_tag?post=2001646"}],"curies":[{"name":"wp","href":"https:\/\/api.w.org\/{rel}","templated":true}]}}