{"id":2001640,"date":"2005-11-10T15:09:28","date_gmt":"2005-11-10T15:09:28","guid":{"rendered":"http:\/\/romfilatelia.ro\/store\/2005\/11\/10\/biblioteca-centrala-universitara-fosta-fundatie-universitara-carol-i-110-ani-de-la-inaugurare\/"},"modified":"2021-01-19T20:21:01","modified_gmt":"2021-01-19T18:21:01","slug":"biblioteca-centrala-universitara-fosta-fundatie-universitara-carol-i-110-ani-de-la-inaugurare","status":"publish","type":"product","link":"https:\/\/romfilatelia.ro\/magazin\/produs\/colectii-anuale\/2005\/biblioteca-centrala-universitara-fosta-fundatie-universitara-carol-i-110-ani-de-la-inaugurare\/","title":{"rendered":"Biblioteca Central\u0103 Universitar\u0103 ( fosta Funda\u021bie Universitar\u0103 Carol I) \u2013 110 ani de la inaugurare"},"content":{"rendered":"<p><a href=\"https:\/\/romfilatelia.ro\/magazin\/wp-content\/uploads\/2005\/11\/timbreBCU.jpg\"><img decoding=\"async\" loading=\"lazy\" class=\"size-medium wp-image-2005212 alignleft\" src=\"https:\/\/romfilatelia.ro\/magazin\/wp-content\/uploads\/2005\/11\/timbreBCU-300x140.jpg\" alt=\"timbreBCU\" width=\"300\" height=\"140\" srcset=\"https:\/\/romfilatelia.ro\/magazin\/wp-content\/uploads\/2005\/11\/timbreBCU-300x140.jpg 300w, https:\/\/romfilatelia.ro\/magazin\/wp-content\/uploads\/2005\/11\/timbreBCU-64x30.jpg 64w, https:\/\/romfilatelia.ro\/magazin\/wp-content\/uploads\/2005\/11\/timbreBCU.jpg 400w\" sizes=\"(max-width: 300px) 100vw, 300px\" \/><\/a>Romfilatelia lanseaz\u0103 cu ocazia \u00eemplinirii a 110 ani de la inaugurarea cl\u0103dirii Funda\u021biei Universitare Carol I, emisiunea filatelic\u0103 intitulat\u0103 Biblioteca Central\u0103 Universitar\u0103 (fosta Funda\u021bie Universitar\u0103 Carol I) \u2013 110 ani de la inaugurare.<br \/>\nOdat\u0103 cu instaurarea monarhiei \u00een Rom\u00e2nia, au \u00eenceput s\u0103 apar\u0103 din ce \u00een ce mai multe institu\u021bii de cultur\u0103 necesare publicului larg. Printre ele se num\u0103ra \u0219i Funda\u021bia Universitar\u0103 Carol I.<br \/>\nPornind de la o situa\u021bie concret\u0103 \u2013 lipsa bibliotecilor publice \u2013 Regele Carol I a hot\u0103r\u00e2t s\u0103 \u00eentemeieze, din propria lui avere, o bibliotec\u0103 destinat\u0103 cu prec\u0103dere studen\u021bilor. La 3 mai 1891 regele \u00eencredin\u021beaz\u0103 primului s\u0103u ministru scrisoarea de inten\u021bie privind \u00eentemeierea Bibliotecii Universitare \u0219i a Funda\u021biei de sprijin material pentru studen\u021bii merituo\u0219i dar lipsi\u021bi de mijloace materiale.<br \/>\nLa 27 iunie 1891, sub egida Ministerului \u00cenv\u0103\u021b\u0103m\u00e2ntului Public, a fost decretat\u0103 ca institu\u021bie de stat \u201eFunda\u021bia Universitar\u0103 Carol I\u201d. \u00cen acela\u0219i an \u00eencepe construc\u021bia cl\u0103dirii, ce va fi inaugurat\u0103 pe 14 martie 1895.<br \/>\nDac\u0103 \u00een 1895 biblioteca avea 48 de locuri pentru cititori \u0219i de\u021binea 3400 de volume, \u00een 1906, num\u0103rul volumelor ajunsese la peste 20 000, iar al locurilor pentru lectur\u0103, la 128.<br \/>\nLucr\u0103rile de extindere \u2013 care au adus cl\u0103direa la \u00eenf\u0103\u021bi\u0219area sa actual\u0103 \u2013 au fost \u00eencepute \u00een 1911, iar pe 9 mai 1914, noul sediu a fost inaugurat de c\u0103tre Regele Carol I, prilej cu care acesta aminte\u0219te cuvintele cronicarului Miron Costin:<br \/>\n\u201e &#8230;nu este alt\u0103 mai frumoas\u0103 \u0219i mai de folos z\u0103bav\u0103, \u00een toat\u0103 via\u021ba omului, dec\u00e2t aceea pentru cetitul c\u0103r\u021bilor.\u201d<br \/>\nAnii au trecut, s-au schimbat regimuri politice, dar Biblioteca Central\u0103 Universitar\u0103 din Bucure\u0219ti a r\u0103mas aceea\u0219i, sfid\u00e2nd timpul \u0219i istoria. \u00cens\u0103 evenimentele din decembrie 1989 au pricinuit, pe l\u00e2ng\u0103 num\u0103rul mare de victime omene\u0219ti, distrugeri la Palatul Regal \u0219i, \u00eendeosebi, la Bibliotec\u0103. Aceasta a fost incendiat\u0103, iar patrimoniul de c\u0103r\u021bi al Bibliotecii a fost distrus aproape \u00een totalitate.<br \/>\nCu un efort material \u0219i financiar consistent din partea statului, cu aportul UNESCO, al multor ambasadori acredita\u021bi \u00een \u021bara noastr\u0103, dar \u0219i al dona\u021biilor, at\u00e2t \u00een bani c\u00e2t \u0219i \u00een c\u0103r\u021bi oferite de c\u0103tre mul\u021bi rom\u00e2ni din \u021bar\u0103 \u0219i str\u0103in\u0103tate, Biblioteca Central\u0103 Universitar\u0103 a ren\u0103scut din propria-i cenu\u0219\u0103.<br \/>\nLa peste 15 ani de la marele incendiu din 1989, ast\u0103zi, chiar dac\u0103 \u00een interior nu toate s\u0103lile au fost ref\u0103cute din cauza lipsei de fonduri, Biblioteca Central\u0103 Universitar\u0103 (fosta Funda\u021bie Universitar\u0103 Carol I) se ofer\u0103 privirii trec\u0103torilor din Pia\u021ba Palatului Regal \u00een toat\u0103 splendoarea ei.<\/p>\n<p>Data Aparitie:2005-11-10<\/p>\n","protected":false},"excerpt":{"rendered":"<p>Romfilatelia lanseaz\u0103 cu ocazia \u00eemplinirii a 110 ani de la inaugurarea cl\u0103dirii Funda\u021biei Universitare Carol I, emisiunea filatelic\u0103 intitulat\u0103 Biblioteca Central\u0103 Universitar\u0103 (fosta Funda\u021bie Universitar\u0103 Carol I) \u2013 110 ani de la inaugurare. Odat\u0103 cu instaurarea monarhiei \u00een Rom\u00e2nia, au \u00eenceput s\u0103 apar\u0103 din ce \u00een ce mai multe institu\u021bii de cultur\u0103 necesare publicului larg.&hellip;&nbsp;<a href=\"https:\/\/romfilatelia.ro\/magazin\/produs\/colectii-anuale\/2005\/biblioteca-centrala-universitara-fosta-fundatie-universitara-carol-i-110-ani-de-la-inaugurare\/\" class=\"\" rel=\"bookmark\">Cite\u0219te mai mult &raquo;<span class=\"screen-reader-text\">Biblioteca Central\u0103 Universitar\u0103 ( fosta Funda\u021bie Universitar\u0103 Carol I) \u2013 110 ani de la inaugurare<\/span><\/a><\/p>\n","protected":false},"featured_media":2005212,"template":"","meta":{"neve_meta_sidebar":"","neve_meta_container":"","neve_meta_enable_content_width":"","neve_meta_content_width":0,"neve_meta_title_alignment":"","neve_meta_author_avatar":"","neve_post_elements_order":"","neve_meta_disable_header":"","neve_meta_disable_footer":"","neve_meta_disable_title":""},"product_cat":[113,6],"product_tag":[170],"_links":{"self":[{"href":"https:\/\/romfilatelia.ro\/magazin\/wp-json\/wp\/v2\/product\/2001640"}],"collection":[{"href":"https:\/\/romfilatelia.ro\/magazin\/wp-json\/wp\/v2\/product"}],"about":[{"href":"https:\/\/romfilatelia.ro\/magazin\/wp-json\/wp\/v2\/types\/product"}],"wp:featuredmedia":[{"embeddable":true,"href":"https:\/\/romfilatelia.ro\/magazin\/wp-json\/wp\/v2\/media\/2005212"}],"wp:attachment":[{"href":"https:\/\/romfilatelia.ro\/magazin\/wp-json\/wp\/v2\/media?parent=2001640"}],"wp:term":[{"taxonomy":"product_cat","embeddable":true,"href":"https:\/\/romfilatelia.ro\/magazin\/wp-json\/wp\/v2\/product_cat?post=2001640"},{"taxonomy":"product_tag","embeddable":true,"href":"https:\/\/romfilatelia.ro\/magazin\/wp-json\/wp\/v2\/product_tag?post=2001640"}],"curies":[{"name":"wp","href":"https:\/\/api.w.org\/{rel}","templated":true}]}}