{"id":2001550,"date":"2004-02-10T13:48:35","date_gmt":"2004-02-10T13:48:35","guid":{"rendered":"http:\/\/romfilatelia.ro\/store\/2004\/02\/10\/ziua-indragostitilor-valentines-day\/"},"modified":"2021-01-19T20:21:12","modified_gmt":"2021-01-19T18:21:12","slug":"ziua-indragostitilor-valentines-day","status":"publish","type":"product","link":"https:\/\/romfilatelia.ro\/magazin\/produs\/colectii-anuale\/2004\/ziua-indragostitilor-valentines-day\/","title":{"rendered":"Ziua indr\u0103gosti\u021bilor (Valentine\u2019s Day)"},"content":{"rendered":"<p><a href=\"https:\/\/romfilatelia.ro\/magazin\/wp-content\/uploads\/2004\/08\/1628.jpg\"><img decoding=\"async\" loading=\"lazy\" class=\"size-medium wp-image-2007198 alignleft\" src=\"https:\/\/romfilatelia.ro\/magazin\/wp-content\/uploads\/2004\/08\/1628-217x300.jpg\" alt=\"1628\" width=\"217\" height=\"300\" \/><\/a>Istoria acestei zile \u0219i a patronului ei, Sf\u00e2ntul Valentin, este \u00eenv\u0103luit\u0103 \u00een mister, dar \u0219tim c\u0103 februarie era demult considerat\u0103 o lun\u0103 a dragostei. Ea \u00ee\u0219i are geneza \u00eenc\u0103 de pe vremea romanilor.<\/p>\n<p>O legend\u0103 poveste\u0219te c\u0103 \u00een timpul \u00eemp\u0103ratului Claudius exista un preot cre\u0219tin cu numele Valentin. Crez\u00e2nd c\u0103 b\u0103rba\u021bii nec\u0103s\u0103tori\u021bi sunt solda\u021bi mai buni dec\u00e2t cei cu so\u021bii \u0219i familii, \u00eemp\u0103ratul Claudius a interzis c\u0103s\u0103toriile pentru b\u0103rba\u021bii tineri. Valentin a ignorat injusta porunc\u0103 a \u00eemp\u0103ratului \u0219i a continuat s\u0103 oficieze c\u0103s\u0103torii, \u00een secret, iar c\u00e2nd faptele sale au fost descoperite, a fost condamnat la moarte. Pentru jertfa sa \u00een slujba credin\u021bei cre\u0219tine, este considerat sf\u00e2nt.<\/p>\n<p>\u00cen Evul Mediu s\u0103rb\u0103toarea s-a extins \u00een cea mai mare parte a Europei, mai ales \u00een Fran\u021ba \u0219i Anglia.<br \/>\n\u00cen timpurile moderne acest\u0103 zi de 14 februarie a devenit pentru fiecare un prilej de a-\u0219i manifesta dragostea, trimi\u021b\u00e2nd felicit\u0103ri, daruri sau flori persoanei iubite.<\/p>\n<p>Data Aparitie:2004-02-10<\/p>\n","protected":false},"excerpt":{"rendered":"<p>Istoria acestei zile \u0219i a patronului ei, Sf\u00e2ntul Valentin, este \u00eenv\u0103luit\u0103 \u00een mister, dar \u0219tim c\u0103 februarie era demult considerat\u0103 o lun\u0103 a dragostei. Ea \u00ee\u0219i are geneza \u00eenc\u0103 de pe vremea romanilor. O legend\u0103 poveste\u0219te c\u0103 \u00een timpul \u00eemp\u0103ratului Claudius exista un preot cre\u0219tin cu numele Valentin. Crez\u00e2nd c\u0103 b\u0103rba\u021bii nec\u0103s\u0103tori\u021bi sunt solda\u021bi mai&hellip;&nbsp;<a href=\"https:\/\/romfilatelia.ro\/magazin\/produs\/colectii-anuale\/2004\/ziua-indragostitilor-valentines-day\/\" class=\"\" rel=\"bookmark\">Cite\u0219te mai mult &raquo;<span class=\"screen-reader-text\">Ziua indr\u0103gosti\u021bilor (Valentine\u2019s Day)<\/span><\/a><\/p>\n","protected":false},"featured_media":2007198,"template":"","meta":{"neve_meta_sidebar":"","neve_meta_container":"","neve_meta_enable_content_width":"","neve_meta_content_width":0,"neve_meta_title_alignment":"","neve_meta_author_avatar":"","neve_post_elements_order":"","neve_meta_disable_header":"","neve_meta_disable_footer":"","neve_meta_disable_title":""},"product_cat":[114,6],"product_tag":[170],"_links":{"self":[{"href":"https:\/\/romfilatelia.ro\/magazin\/wp-json\/wp\/v2\/product\/2001550"}],"collection":[{"href":"https:\/\/romfilatelia.ro\/magazin\/wp-json\/wp\/v2\/product"}],"about":[{"href":"https:\/\/romfilatelia.ro\/magazin\/wp-json\/wp\/v2\/types\/product"}],"wp:featuredmedia":[{"embeddable":true,"href":"https:\/\/romfilatelia.ro\/magazin\/wp-json\/wp\/v2\/media\/2007198"}],"wp:attachment":[{"href":"https:\/\/romfilatelia.ro\/magazin\/wp-json\/wp\/v2\/media?parent=2001550"}],"wp:term":[{"taxonomy":"product_cat","embeddable":true,"href":"https:\/\/romfilatelia.ro\/magazin\/wp-json\/wp\/v2\/product_cat?post=2001550"},{"taxonomy":"product_tag","embeddable":true,"href":"https:\/\/romfilatelia.ro\/magazin\/wp-json\/wp\/v2\/product_tag?post=2001550"}],"curies":[{"name":"wp","href":"https:\/\/api.w.org\/{rel}","templated":true}]}}