{"id":2001531,"date":"2004-07-30T14:22:50","date_gmt":"2004-07-30T14:22:50","guid":{"rendered":"http:\/\/romfilatelia.ro\/store\/2004\/07\/30\/casa-de-economii-si-consemnatiuni-140-de-ani-de-la-infiintare\/"},"modified":"2021-01-19T20:21:09","modified_gmt":"2021-01-19T18:21:09","slug":"casa-de-economii-si-consemnatiuni-140-de-ani-de-la-infiintare","status":"publish","type":"product","link":"https:\/\/romfilatelia.ro\/magazin\/produs\/colectii-anuale\/2004\/casa-de-economii-si-consemnatiuni-140-de-ani-de-la-infiintare\/","title":{"rendered":"Casa de Economii si Consemna\u021biuni  &#8211; 140 de ani de la \u00eenfiin\u021bare"},"content":{"rendered":"<p><a href=\"https:\/\/romfilatelia.ro\/magazin\/wp-content\/uploads\/2004\/08\/1653.jpg\"><img decoding=\"async\" loading=\"lazy\" class=\"size-medium wp-image-2007081 alignleft\" src=\"https:\/\/romfilatelia.ro\/magazin\/wp-content\/uploads\/2004\/08\/1653-300x195.jpg\" alt=\"1653\" width=\"300\" height=\"195\" srcset=\"https:\/\/romfilatelia.ro\/magazin\/wp-content\/uploads\/2004\/08\/1653-300x195.jpg 300w, https:\/\/romfilatelia.ro\/magazin\/wp-content\/uploads\/2004\/08\/1653-64x42.jpg 64w, https:\/\/romfilatelia.ro\/magazin\/wp-content\/uploads\/2004\/08\/1653.jpg 334w\" sizes=\"(max-width: 300px) 100vw, 300px\" \/><\/a>Casa de Economii \u0219i Consemna\u021biuni a fost \u00eenfiin\u021bat\u0103 datorit\u0103 eforturilor elitelor politice \u0219i economice din timpul domnitorului Alexandru Ioan Cuza de a pune ordine \u00een finan\u021bele publice ale noului stat rom\u00e2n, rezultat \u00een urma Unirii din 1859.<\/p>\n<p>Semn\u00e2nd actul de \u00eenfiin\u021bare al Cassei de Depuneri \u0219i Consemna\u021biuni (C.D.C.), \u00een urm\u0103 cu 140 de ani, Alexandru Ioan Cuza, a \u00eenfiin\u021bat cea mai longeviv\u0103 institu\u021bie de credit din istoria bancar\u0103 rom\u00e2neasc\u0103.<\/p>\n<p>\u00cen 1881 a fost \u00eenfiin\u021bat\u0103 Casa de Economie ca o anex\u0103 a Cassei de Depuneri \u0219i Consemna\u021biuni, cu scopul de a \u201cprovoca, a p\u0103stra, a face produc\u0103toare \u0219i a str\u00e2nge economiile cele mai ne\u00eensemnate ale claselor muncitoare\u201d, iar \u00een 1897 a fost pus\u0103 piatra de temelie a viitorului Palat al Casei de Economii \u0219i Consemna\u021biuni inaugurat la \u00eenceputul anului 1900.<\/p>\n<p>\u00cen 1930, ca urmare a noilor condi\u021bii \u0219i evolu\u021bii social-economice, a unirii tuturor rom\u00e2nilor \u0219i a crizei economice, Casa de Economie \u00ee\u0219i schimb\u0103 numele \u00een Casa General\u0103 de Economii, iar din 1948, va deveni Casa de Economii \u0219i Consemna\u021biuni.<\/p>\n<p>Av\u00e2nd o bun\u0103 reputa\u021bie \u00een r\u00e2ndurile populatiei, manifestat\u0103 prin cre\u0219terea constant\u0103 a depunerilor, Casa de Economii \u0219i Consemna\u021biuni s-a men\u021binut pe pia\u021ba financiar-bancar\u0103 chiar \u0219i \u00een timpul regimului comunist, c\u00e2nd a r\u0103mas singura banc\u0103 de economii din Rom\u00e2nia.<\/p>\n<p>Condus\u0103 de reprezentan\u021bi ai elitei financiar-bancare \u0219i av\u00e2nd un personal bine preg\u0103tit, institu\u021bia a avut un rol \u00eensemnat \u00een istoria modern\u0103 \u0219i contemporan\u0103 a Rom\u00e2niei fiind prezent\u0103 la marile evenimente economice \u0219i sociale ale \u021b\u0103rii, contribuind la dezvoltarea sistemului financiar-bancar rom\u00e2nesc.<\/p>\n<p>Cu ocazia acestei anivers\u0103ri, Romfilatelia, societate specializat\u0103 \u00een emiterea \u0219i comercializarea produselor filatelice \u00een Rom\u00e2nia, pune \u00een circula\u021bie o emisiune de timbre format\u0103 dintr-un timbru uzual care reproduce imaginea Palatului C.E.C.<\/p>\n<p>Data Aparitie:2004-07-30<\/p>\n","protected":false},"excerpt":{"rendered":"<p>Casa de Economii \u0219i Consemna\u021biuni a fost \u00eenfiin\u021bat\u0103 datorit\u0103 eforturilor elitelor politice \u0219i economice din timpul domnitorului Alexandru Ioan Cuza de a pune ordine \u00een finan\u021bele publice ale noului stat rom\u00e2n, rezultat \u00een urma Unirii din 1859. Semn\u00e2nd actul de \u00eenfiin\u021bare al Cassei de Depuneri \u0219i Consemna\u021biuni (C.D.C.), \u00een urm\u0103 cu 140 de ani, Alexandru&hellip;&nbsp;<a href=\"https:\/\/romfilatelia.ro\/magazin\/produs\/colectii-anuale\/2004\/casa-de-economii-si-consemnatiuni-140-de-ani-de-la-infiintare\/\" class=\"\" rel=\"bookmark\">Cite\u0219te mai mult &raquo;<span class=\"screen-reader-text\">Casa de Economii si Consemna\u021biuni  &#8211; 140 de ani de la \u00eenfiin\u021bare<\/span><\/a><\/p>\n","protected":false},"featured_media":2007081,"template":"","meta":{"neve_meta_sidebar":"","neve_meta_container":"","neve_meta_enable_content_width":"","neve_meta_content_width":0,"neve_meta_title_alignment":"","neve_meta_author_avatar":"","neve_post_elements_order":"","neve_meta_disable_header":"","neve_meta_disable_footer":"","neve_meta_disable_title":""},"product_cat":[114,6],"product_tag":[170],"_links":{"self":[{"href":"https:\/\/romfilatelia.ro\/magazin\/wp-json\/wp\/v2\/product\/2001531"}],"collection":[{"href":"https:\/\/romfilatelia.ro\/magazin\/wp-json\/wp\/v2\/product"}],"about":[{"href":"https:\/\/romfilatelia.ro\/magazin\/wp-json\/wp\/v2\/types\/product"}],"wp:featuredmedia":[{"embeddable":true,"href":"https:\/\/romfilatelia.ro\/magazin\/wp-json\/wp\/v2\/media\/2007081"}],"wp:attachment":[{"href":"https:\/\/romfilatelia.ro\/magazin\/wp-json\/wp\/v2\/media?parent=2001531"}],"wp:term":[{"taxonomy":"product_cat","embeddable":true,"href":"https:\/\/romfilatelia.ro\/magazin\/wp-json\/wp\/v2\/product_cat?post=2001531"},{"taxonomy":"product_tag","embeddable":true,"href":"https:\/\/romfilatelia.ro\/magazin\/wp-json\/wp\/v2\/product_tag?post=2001531"}],"curies":[{"name":"wp","href":"https:\/\/api.w.org\/{rel}","templated":true}]}}