{"id":2001521,"date":"2004-12-16T14:37:39","date_gmt":"2004-12-16T14:37:39","guid":{"rendered":"http:\/\/romfilatelia.ro\/store\/2004\/12\/16\/arta-romaneasca-de-avangarda\/"},"modified":"2021-01-19T20:21:06","modified_gmt":"2021-01-19T18:21:06","slug":"arta-romaneasca-de-avangarda","status":"publish","type":"product","link":"https:\/\/romfilatelia.ro\/magazin\/produs\/colectii-anuale\/2004\/arta-romaneasca-de-avangarda\/","title":{"rendered":"Arta rom\u00e2neasc\u0103 de avangard\u0103"},"content":{"rendered":"<p><a href=\"https:\/\/romfilatelia.ro\/magazin\/wp-content\/uploads\/2004\/12\/avangardisti.jpg\"><img decoding=\"async\" loading=\"lazy\" class=\"size-medium wp-image-2005389 alignleft\" src=\"https:\/\/romfilatelia.ro\/magazin\/wp-content\/uploads\/2004\/12\/avangardisti-239x300.jpg\" alt=\"avangardisti\" width=\"239\" height=\"300\" srcset=\"https:\/\/romfilatelia.ro\/magazin\/wp-content\/uploads\/2004\/12\/avangardisti-239x300.jpg 239w, https:\/\/romfilatelia.ro\/magazin\/wp-content\/uploads\/2004\/12\/avangardisti-64x80.jpg 64w, https:\/\/romfilatelia.ro\/magazin\/wp-content\/uploads\/2004\/12\/avangardisti.jpg 314w\" sizes=\"(max-width: 239px) 100vw, 239px\" \/><\/a>Romfilatelia, societate specializat\u0103 \u00een emiterea \u0219i comercializarea m\u0103rcilor po\u0219tale rom\u00e2ne\u0219ti, pune \u00een circula\u021bie o emisiune de timbre ce au ca subiect lucr\u0103ri ai unor importan\u021bi pictori avangardi\u0219ti rom\u00e2ni.<br \/>\nSchimb\u0103rile majore, politice \u0219i sociale, pe care Primul r\u0103zboi mondial le-a adus pe \u00eentregul mapamond, nu puteau s\u0103 nu influen\u021beze \u0219i arta \u00een \u00eentregul ei.<br \/>\n\u201c La belle epoque \u201c este at\u00e2t precursoarea c\u00e2t \u0219i creatoarea avangardismului \u00een art\u0103. Ap\u0103rut ca o stare de spirit, avangardismul a avut ca reprezentan\u021bi, \u00eenc\u0103 de la \u00eenceput, arti\u0219ti originari din Rom\u00e2nia.<br \/>\nMarcel Iancu este adeptul unui dadaism pozitiv; geometria desenelor sale, manipulat\u0103 inventiv \u0219i jovial este o expresie a armoniei construite.<br \/>\nM. H. Maxy este autorul unor lucr\u0103ri care oscileaz\u0103 \u00eentre cubismul analitic, futurism \u0219i pictur\u0103 abstract\u0103; de fapt o sintez\u0103 a unor moduri de structurare a imaginii \u00een arta plastic\u0103.<br \/>\nPentru Merica R\u00e2mniceanu modernismul a fost un mod de via\u021b\u0103. Lucr\u0103rile sale, subtile analize ale formelor \u00een spa\u021biu s-au apropiat, uneori, de decorativismul art deco.<br \/>\nVictor Brauner este pictorul \u00een ale c\u0103rui tablouri forma uman\u0103 este anormal alungit\u0103, stilizat\u0103 \u00een planuri curbe. Creator al \u201cpictopoeziei\u201d \u2013 o \u00eembinare a literelor cu forme abstracte, Brauner \u00ee\u0219i define\u0219te compozi\u021biile \u00eentr-o unitate de unghiuri, arcuri de cerc \u0219i forme diverse.<br \/>\nOpera lui Jean David se constituie \u00eentr-o sintez\u0103 extrem\u0103 a formei accentuate. \u00cen desenele sale predomin\u0103 culoarea a c\u0103rei tent\u0103 plat\u0103 demonstreaz\u0103 viziunea sa puristic\u0103.<br \/>\nMattis \u2013 Teutsch Hans , oper\u0103 a c\u0103rei ecua\u021bie spectaculoas\u0103 se rezum\u0103 la expresionismul liric stil art deco. El aduce un omagiu omului unde silueta eroic\u0103 se \u00eembin\u0103 cu portetul metafizic.<\/p>\n<p>Data Aparitie:2004-12-16<\/p>\n","protected":false},"excerpt":{"rendered":"<p>Romfilatelia, societate specializat\u0103 \u00een emiterea \u0219i comercializarea m\u0103rcilor po\u0219tale rom\u00e2ne\u0219ti, pune \u00een circula\u021bie o emisiune de timbre ce au ca subiect lucr\u0103ri ai unor importan\u021bi pictori avangardi\u0219ti rom\u00e2ni. Schimb\u0103rile majore, politice \u0219i sociale, pe care Primul r\u0103zboi mondial le-a adus pe \u00eentregul mapamond, nu puteau s\u0103 nu influen\u021beze \u0219i arta \u00een \u00eentregul ei. \u201c La&hellip;&nbsp;<a href=\"https:\/\/romfilatelia.ro\/magazin\/produs\/colectii-anuale\/2004\/arta-romaneasca-de-avangarda\/\" class=\"\" rel=\"bookmark\">Cite\u0219te mai mult &raquo;<span class=\"screen-reader-text\">Arta rom\u00e2neasc\u0103 de avangard\u0103<\/span><\/a><\/p>\n","protected":false},"featured_media":2005389,"template":"","meta":{"neve_meta_sidebar":"","neve_meta_container":"","neve_meta_enable_content_width":"","neve_meta_content_width":0,"neve_meta_title_alignment":"","neve_meta_author_avatar":"","neve_post_elements_order":"","neve_meta_disable_header":"","neve_meta_disable_footer":"","neve_meta_disable_title":""},"product_cat":[114,6],"product_tag":[170],"_links":{"self":[{"href":"https:\/\/romfilatelia.ro\/magazin\/wp-json\/wp\/v2\/product\/2001521"}],"collection":[{"href":"https:\/\/romfilatelia.ro\/magazin\/wp-json\/wp\/v2\/product"}],"about":[{"href":"https:\/\/romfilatelia.ro\/magazin\/wp-json\/wp\/v2\/types\/product"}],"wp:featuredmedia":[{"embeddable":true,"href":"https:\/\/romfilatelia.ro\/magazin\/wp-json\/wp\/v2\/media\/2005389"}],"wp:attachment":[{"href":"https:\/\/romfilatelia.ro\/magazin\/wp-json\/wp\/v2\/media?parent=2001521"}],"wp:term":[{"taxonomy":"product_cat","embeddable":true,"href":"https:\/\/romfilatelia.ro\/magazin\/wp-json\/wp\/v2\/product_cat?post=2001521"},{"taxonomy":"product_tag","embeddable":true,"href":"https:\/\/romfilatelia.ro\/magazin\/wp-json\/wp\/v2\/product_tag?post=2001521"}],"curies":[{"name":"wp","href":"https:\/\/api.w.org\/{rel}","templated":true}]}}