{"id":2001520,"date":"2004-10-18T14:30:17","date_gmt":"2004-10-18T14:30:17","guid":{"rendered":"http:\/\/romfilatelia.ro\/store\/2004\/10\/18\/fragmente-din-columna-lui-traian-i\/"},"modified":"2021-01-19T20:21:07","modified_gmt":"2021-01-19T18:21:07","slug":"fragmente-din-columna-lui-traian-i","status":"publish","type":"product","link":"https:\/\/romfilatelia.ro\/magazin\/produs\/colectii-anuale\/2004\/fragmente-din-columna-lui-traian-i\/","title":{"rendered":"Fragmente din Columna lui Traian (I)"},"content":{"rendered":"<p><a href=\"https:\/\/romfilatelia.ro\/magazin\/wp-content\/uploads\/2004\/12\/COLUMNA1.jpg\"><img decoding=\"async\" loading=\"lazy\" class=\"size-medium wp-image-2005408 alignleft\" src=\"https:\/\/romfilatelia.ro\/magazin\/wp-content\/uploads\/2004\/12\/COLUMNA1-300x190.jpg\" alt=\"COLUMNA1\" width=\"300\" height=\"190\" srcset=\"https:\/\/romfilatelia.ro\/magazin\/wp-content\/uploads\/2004\/12\/COLUMNA1-300x190.jpg 300w, https:\/\/romfilatelia.ro\/magazin\/wp-content\/uploads\/2004\/12\/COLUMNA1-500x317.jpg 500w, https:\/\/romfilatelia.ro\/magazin\/wp-content\/uploads\/2004\/12\/COLUMNA1-64x41.jpg 64w, https:\/\/romfilatelia.ro\/magazin\/wp-content\/uploads\/2004\/12\/COLUMNA1.jpg 544w\" sizes=\"(max-width: 300px) 100vw, 300px\" \/><\/a>Romfilatelia, societate specializat\u0103 \u00een emiterea \u0219i comercializarea m\u0103rcilor po\u0219tale \u00een Rom\u00e2nia, pune \u00een circula\u021bie o emisiune de m\u0103rci po\u0219tale uzuale ce reproduc imagini de pe Columna lui Traian.<br \/>\nForumul lui Traian este cea mai vast\u0103 \u0219i mai frumoas\u0103 oper\u0103 a arhitecturii romane. Acest complex monumental se compunea dintr-un Arc de triumf, un Atrium (pia\u021b\u0103 \u00eenconjurat\u0103 de colonade, cu statuia ecvestr\u0103 a lui Traian \u00een mijloc), Basilica Ulpia, Columna lui Traian \u00eenconjurat\u0103 de o curte mic\u0103, Marea bibliotec\u0103 Ulpia, p\u0103strat\u0103 \u00een dou\u0103 corpuri de cl\u0103diri, una \u00een dreapta (pentru literatura latin\u0103) \u0219i cealalt\u0103 \u00een partea st\u00e2ng\u0103 (pentru literatura greac\u0103) a Columnei \u0219i Templul lui Traian.<br \/>\nColumna a fost inaugurat\u0103 la Roma \u00een 113 \u0219i a fost proiectat\u0103 ca \u0219i podul de peste Dun\u0103re, construit \u00eenaintea acesteia, de renumitul arhitect al lumii antice, Apolodor din Damasc. Columna, \u00eenalt\u0103 de aproape 40 de metri, a g\u0103zduit ini\u021bial statuia \u0219i urna funerar\u0103 a \u00eemp\u0103ratului Traian. Columna este \u00eempodobit\u0103 cu un rulou continuu format din basoreliefuri care \u0219erpuiesc \u00een jurul coloanei \u00een 23 de spirale ce evoc\u0103 scene din istoria r\u0103zboaielor daco-romane (101 \u2013 102 \u0219i 105 \u2013 106).<br \/>\nColumna lui Traian se compunea din patru p\u0103r\u021bi: funda\u021bia, soclul sau piedestalul, columna ornamentat\u0103 cu un capitel doric \u0219i statuia \u00eemp\u0103ratului, a\u0219ezat\u0103 deasupra.<br \/>\nAutorii antici sunt unanimi \u00een admira\u021bia lor fa\u021b\u0103 de Forumul lui Traian. La dou\u0103 secole de la terminarea sa, atunci c\u00e2nd \u00eemp\u0103ratul Constantin cel Mare \u0219i-a f\u0103cut intrarea triumfal\u0103 \u00een Roma, a r\u0103mas uimit de propor\u021biile \u0219i de m\u0103re\u021bia acestei capodopere inimitabile.<br \/>\nData Aparitie:2004-10-18<\/p>\n","protected":false},"excerpt":{"rendered":"<p>Romfilatelia, societate specializat\u0103 \u00een emiterea \u0219i comercializarea m\u0103rcilor po\u0219tale \u00een Rom\u00e2nia, pune \u00een circula\u021bie o emisiune de m\u0103rci po\u0219tale uzuale ce reproduc imagini de pe Columna lui Traian. Forumul lui Traian este cea mai vast\u0103 \u0219i mai frumoas\u0103 oper\u0103 a arhitecturii romane. Acest complex monumental se compunea dintr-un Arc de triumf, un Atrium (pia\u021b\u0103 \u00eenconjurat\u0103&hellip;&nbsp;<a href=\"https:\/\/romfilatelia.ro\/magazin\/produs\/colectii-anuale\/2004\/fragmente-din-columna-lui-traian-i\/\" class=\"\" rel=\"bookmark\">Cite\u0219te mai mult &raquo;<span class=\"screen-reader-text\">Fragmente din Columna lui Traian (I)<\/span><\/a><\/p>\n","protected":false},"featured_media":2016828,"template":"","meta":{"neve_meta_sidebar":"","neve_meta_container":"","neve_meta_enable_content_width":"","neve_meta_content_width":0,"neve_meta_title_alignment":"","neve_meta_author_avatar":"","neve_post_elements_order":"","neve_meta_disable_header":"","neve_meta_disable_footer":"","neve_meta_disable_title":""},"product_cat":[114,6],"product_tag":[170],"_links":{"self":[{"href":"https:\/\/romfilatelia.ro\/magazin\/wp-json\/wp\/v2\/product\/2001520"}],"collection":[{"href":"https:\/\/romfilatelia.ro\/magazin\/wp-json\/wp\/v2\/product"}],"about":[{"href":"https:\/\/romfilatelia.ro\/magazin\/wp-json\/wp\/v2\/types\/product"}],"wp:featuredmedia":[{"embeddable":true,"href":"https:\/\/romfilatelia.ro\/magazin\/wp-json\/wp\/v2\/media\/2016828"}],"wp:attachment":[{"href":"https:\/\/romfilatelia.ro\/magazin\/wp-json\/wp\/v2\/media?parent=2001520"}],"wp:term":[{"taxonomy":"product_cat","embeddable":true,"href":"https:\/\/romfilatelia.ro\/magazin\/wp-json\/wp\/v2\/product_cat?post=2001520"},{"taxonomy":"product_tag","embeddable":true,"href":"https:\/\/romfilatelia.ro\/magazin\/wp-json\/wp\/v2\/product_tag?post=2001520"}],"curies":[{"name":"wp","href":"https:\/\/api.w.org\/{rel}","templated":true}]}}