{"id":2001506,"date":"2005-04-25T14:55:16","date_gmt":"2005-04-25T14:55:16","guid":{"rendered":"http:\/\/romfilatelia.ro\/store\/2005\/04\/25\/semnarea-tratatului-de-aderare-a-romaniei-la-uniunea-europeana-25-aprilie-2005-luxemburg\/"},"modified":"2021-01-19T20:21:03","modified_gmt":"2021-01-19T18:21:03","slug":"semnarea-tratatului-de-aderare-a-romaniei-la-uniunea-europeana-25-aprilie-2005-luxemburg","status":"publish","type":"product","link":"https:\/\/romfilatelia.ro\/magazin\/produs\/colectii-anuale\/2005\/semnarea-tratatului-de-aderare-a-romaniei-la-uniunea-europeana-25-aprilie-2005-luxemburg\/","title":{"rendered":"Semnarea Tratatului de Aderare a Rom\u00e2niei la Uniunea European\u0103 &#8211; 25 aprilie 2005, Luxemburg"},"content":{"rendered":"<p><a href=\"https:\/\/romfilatelia.ro\/magazin\/wp-content\/uploads\/2005\/04\/blocaderarea.jpg\"><img decoding=\"async\" loading=\"lazy\" class=\"size-medium wp-image-2005289 alignleft\" src=\"https:\/\/romfilatelia.ro\/magazin\/wp-content\/uploads\/2005\/04\/blocaderarea-300x228.jpg\" alt=\"blocaderarea\" width=\"300\" height=\"228\" srcset=\"https:\/\/romfilatelia.ro\/magazin\/wp-content\/uploads\/2005\/04\/blocaderarea-300x228.jpg 300w, https:\/\/romfilatelia.ro\/magazin\/wp-content\/uploads\/2005\/04\/blocaderarea-500x379.jpg 500w, https:\/\/romfilatelia.ro\/magazin\/wp-content\/uploads\/2005\/04\/blocaderarea-64x49.jpg 64w, https:\/\/romfilatelia.ro\/magazin\/wp-content\/uploads\/2005\/04\/blocaderarea.jpg 600w\" sizes=\"(max-width: 300px) 100vw, 300px\" \/><\/a>Uniunea European\u0103 este rezultatul unui proces de cooperare \u0219i integrare ini\u021biat \u00een 1951 de \u0219ase state europene &#8211; Belgia, Germania, Fran\u021ba, Italia, Luxemburg \u0219i Olanda.<br \/>\nDupa cinci valuri de ader\u0103ri (1973 &#8211; Danemarca, Irlanda \u0219i Marea Britanie, 1981 &#8211; Grecia,1986 &#8211; Spania \u0219i Portugalia, 1995 &#8211; Austria, Finlanda \u0219i Suedia, 2004 &#8211; Cipru, Estonia, Letonia, Lituania, Malta, Polonia, Cehia, Slovacia, Slovenia \u0219i Ungaria), Uniunea European\u0103 are acum 25 de state membre \u0219i se pregate\u0219te pentru cea de-a \u0219asea extindere viz\u00e2nd includerea de noi membri \u00een zona european\u0103 de stabilitate \u0219i prosperitate.<br \/>\nMisiunea Uniunii Europene, de organizatoare a rela\u021biilor dintre statele membre \u0219i \u00eentre popoarele acestora \u00eentr-o manier\u0103 coerent\u0103, are drept suport solidaritatea \u0219i afirmarea identit\u0103\u021bii Uniunii pe scena interna\u021bional\u0103 (prin ajutor umanitar pentru \u021b\u0103rile nemembre, promovarea unei politici externe \u0219i de securitate comun\u0103, implicarea \u00een rezolvarea crizelor interna\u021bionale, pozi\u021bii comune \u00een cadrul organiza\u021biilor interna\u021bionale). Totodat\u0103, pe teritoriul Comunit\u0103\u021bii s-a instituit cet\u0103\u021benia european\u0103, care nu \u00eenlocuie\u0219te cet\u0103\u021benia national\u0103, dar o completeaz\u0103, conferind un num\u0103r de drepturi civile \u0219i politice cet\u0103\u021benilor europeni.<br \/>\nUn obiectiv important al Uniunii Europene \u00eel reprezint\u0103 promovarea progresului economic \u0219i social (instituirea pie\u021bei unice \u00een 1993 \u0219i a monedei unice \u00een 1999), la care se adaug\u0103 dezvoltarea unei zone de libertate, securitate \u0219i justi\u021bie (legat\u0103 de func\u021bionarea pie\u021bei interne \u0219i, \u00een particular, de liber\u0103 circula\u021bie a persoanelor).<br \/>\nPrin semnarea, \u00een 1993, a Acordului European, Rom\u00e2nia a devenit stat asociat al Comunit\u0103\u021bii Europene, marc\u00e2nd deschiderea unui drum ce se va inaugura la 1 ianuarie 2007.<br \/>\nUn pas istoric pe calea extinderii Uniunii Europene va fi f\u0103cut pe 25 aprilie, la Luxemburg, prin semnarea de c\u0103tre Rom\u00e2nia a Tratatului de Aderare.<br \/>\nMembrii Parlamentului European apreciaz\u0103 c\u0103 aderarea Rom\u00e2niei la Uniunea European\u0103 va aduce, prin dimensiunea sa cultural\u0103 \u0219i politic\u0103, o veritabil\u0103 valoare ce se adaug\u0103 la construc\u021bia european\u0103. De asemenea, aderarea Rom\u00e2niei este salutat\u0103 \u0219i din perspectiva stabiliz\u0103rii regiunii Balcanilor \u0219i consolid\u0103rii politicii de vecin\u0103tate a Uniunii Europene.<br \/>\n\u00cen dorin\u021ba de a marca acest eveniment istoric, Romfilatelia, societate specializat\u0103 \u00een emiterea \u0219i comercializarea m\u0103rcilor po\u0219tale rom\u00e2ne\u0219ti, lanseaz\u0103 o emisiune filatelic\u0103 format\u0103 din dou\u0103 timbre cu aceea\u0219i valoare nominal\u0103.<br \/>\nData Aparitie:2005-04-25<\/p>\n","protected":false},"excerpt":{"rendered":"<p>Uniunea European\u0103 este rezultatul unui proces de cooperare \u0219i integrare ini\u021biat \u00een 1951 de \u0219ase state europene &#8211; Belgia, Germania, Fran\u021ba, Italia, Luxemburg \u0219i Olanda. Dupa cinci valuri de ader\u0103ri (1973 &#8211; Danemarca, Irlanda \u0219i Marea Britanie, 1981 &#8211; Grecia,1986 &#8211; Spania \u0219i Portugalia, 1995 &#8211; Austria, Finlanda \u0219i Suedia, 2004 &#8211; Cipru, Estonia, Letonia,&hellip;&nbsp;<a href=\"https:\/\/romfilatelia.ro\/magazin\/produs\/colectii-anuale\/2005\/semnarea-tratatului-de-aderare-a-romaniei-la-uniunea-europeana-25-aprilie-2005-luxemburg\/\" class=\"\" rel=\"bookmark\">Cite\u0219te mai mult &raquo;<span class=\"screen-reader-text\">Semnarea Tratatului de Aderare a Rom\u00e2niei la Uniunea European\u0103 &#8211; 25 aprilie 2005, Luxemburg<\/span><\/a><\/p>\n","protected":false},"featured_media":2005289,"template":"","meta":{"neve_meta_sidebar":"","neve_meta_container":"","neve_meta_enable_content_width":"","neve_meta_content_width":0,"neve_meta_title_alignment":"","neve_meta_author_avatar":"","neve_post_elements_order":"","neve_meta_disable_header":"","neve_meta_disable_footer":"","neve_meta_disable_title":""},"product_cat":[113,6],"product_tag":[170],"_links":{"self":[{"href":"https:\/\/romfilatelia.ro\/magazin\/wp-json\/wp\/v2\/product\/2001506"}],"collection":[{"href":"https:\/\/romfilatelia.ro\/magazin\/wp-json\/wp\/v2\/product"}],"about":[{"href":"https:\/\/romfilatelia.ro\/magazin\/wp-json\/wp\/v2\/types\/product"}],"wp:featuredmedia":[{"embeddable":true,"href":"https:\/\/romfilatelia.ro\/magazin\/wp-json\/wp\/v2\/media\/2005289"}],"wp:attachment":[{"href":"https:\/\/romfilatelia.ro\/magazin\/wp-json\/wp\/v2\/media?parent=2001506"}],"wp:term":[{"taxonomy":"product_cat","embeddable":true,"href":"https:\/\/romfilatelia.ro\/magazin\/wp-json\/wp\/v2\/product_cat?post=2001506"},{"taxonomy":"product_tag","embeddable":true,"href":"https:\/\/romfilatelia.ro\/magazin\/wp-json\/wp\/v2\/product_tag?post=2001506"}],"curies":[{"name":"wp","href":"https:\/\/api.w.org\/{rel}","templated":true}]}}