{"id":2001416,"date":"2014-11-14T11:08:26","date_gmt":"2014-11-14T11:08:26","guid":{"rendered":"http:\/\/romfilatelia.ro\/store\/2014\/11\/14\/emisiune-comuna-romania-croathia-spiritualitate-biserici-fortificate\/"},"modified":"2025-05-29T14:12:16","modified_gmt":"2025-05-29T12:12:16","slug":"emisiune-comuna-romania-croathia-spiritualitate-biserici-fortificate","status":"publish","type":"product","link":"https:\/\/romfilatelia.ro\/magazin\/produs\/colectii-anuale\/2014\/emisiune-comuna-romania-croathia-spiritualitate-biserici-fortificate\/","title":{"rendered":"Emisiune comun\u00e3 ROM\u00c2NIA &#8211; CROA\u021aIA: Spiritualitate &#8211; Biserici fortificate"},"content":{"rendered":"<p><strong><a href=\"https:\/\/romfilatelia.ro\/magazin\/wp-content\/uploads\/2015\/09\/Rom_Cro_Bis_Fort_M.jpg\"><img decoding=\"async\" loading=\"lazy\" class=\"size-medium wp-image-2002542 alignleft\" src=\"https:\/\/romfilatelia.ro\/magazin\/wp-content\/uploads\/2015\/09\/Rom_Cro_Bis_Fort_M-300x280.jpg\" alt=\"Rom_Cro_Bis_Fort_M\" width=\"300\" height=\"280\" srcset=\"https:\/\/romfilatelia.ro\/magazin\/wp-content\/uploads\/2015\/09\/Rom_Cro_Bis_Fort_M-300x280.jpg 300w, https:\/\/romfilatelia.ro\/magazin\/wp-content\/uploads\/2015\/09\/Rom_Cro_Bis_Fort_M-500x466.jpg 500w, https:\/\/romfilatelia.ro\/magazin\/wp-content\/uploads\/2015\/09\/Rom_Cro_Bis_Fort_M-64x60.jpg 64w, https:\/\/romfilatelia.ro\/magazin\/wp-content\/uploads\/2015\/09\/Rom_Cro_Bis_Fort_M.jpg 600w\" sizes=\"(max-width: 300px) 100vw, 300px\" \/><\/a> Romfilatelia<\/strong> introduce \u00een circula\u0163ie emisiunea comun\u00e3 de m\u00e3rci po\u015ftale Rom\u00e2nia-Croa\u0163ia dedicat\u00e3 ansamblurilor biserice\u015fti fortificate dat\u00e2nd din Evul Mediu, prin ilustrarea pe cele dou\u00e3 timbre a Bisericii Evanghelice din Cristian, Bra\u015fov, respectiv Biserica Sf. Nicolae din Komi\u017ea, insula Vis, Croa\u0163ia.<\/p>\n<p>Ambele ansambluri arhitecturale au \u00eendeplinit de-a lungul timpului rolul de biseric\u00e3 \u015fi cetate fortificat\u00e3.<\/p>\n<p>Men\u0163ionat\u00e3 pentru prima dat\u00e3 \u00een 1362, \u00eentr-un document al cancelarieilui Ludovic de Anjou, comuna Cristian se m\u00e2ndre\u015fte cu biserica sa\u015filor, cunoscut\u00e3 ca Biserica Evanghelic\u00e3 din Cristian.<\/p>\n<p>Declarat\u00e3 monument istoric, biserica din Cristian a fost construit\u00e3 \u00een a doua jum\u00e3tate a secolului al XIII-lea, \u00eentr-o perioad\u00e3 \u00een care goticul timpuriu, sub influen\u0163a M\u00e3n\u00e3stirii Cisterciene din C\u00e2r\u0163a, \u00ee\u015fi f\u00e3cea sim\u0163it\u00e3 prezen\u0163a \u00een arhitectura Transilvaniei. Biserica veche, cu hramul Sf. Nicolae, a fost d\u00e3r\u00e2mat\u00e3 \u00een anul 1839. Biserica actual\u00e3 a fost sfin\u0163it\u00e3 \u00een 1841 \u015fi respect\u00e3 modelul bisericii-sal\u00e3 de mari dimensiuni, \u00eenzestrat\u00e3 cu galerii. \u00cen 1903, turnul a fost \u00een\u00e3l\u0163at cu un etaj, cu acoperi\u015f \u00eenalt, av\u00e2nd patru turle \u00een fiecare col\u0163 \u015fi o platform\u00e3 \u00een partea superioar\u00e3.<\/p>\n<p>Interiorul bisericii impresioneaz\u00e3 prin elementele decorative: altarul cu statuia lui Iisus (1868) \u015fi amvonul clasic (1881), candelabrul uria\u015f cu mai multe nivele dispuse \u00een cerc, cu vitraliile care flancheaz\u00e3 altarul, sculpturile-simbol \u00een piatr\u00e3 \u015fi orga cu dou\u00e3 claviaturi din 1842. Statuia, realizat\u00e3 de c\u00e3tre sculptorul Johann Bartel, este o copie sculptat\u00e3 \u00een lemna statuii lui Iisus apar\u0163in\u00e2nd danezului Bertel Thorwaldsen.<\/p>\n<p>Construirea cet\u00e3\u0163ii biserice\u015fti a \u00eenceput \u00een secolul al XIII-lea \u015fi a fost continuat\u00e3 p\u00e2n\u00e3 \u00een secolul al XVIII-lea, compun\u00e2ndu-se dintr-un zid de fortifica\u0163ie \u00eent\u00e3rit de 9 turnuri de ap\u00e3rare, exist\u00e2nd la vremea respectiv\u00e3 \u015fi un \u015fan\u0163 cu ap\u00e3. \u00cen turnul bisericii exist\u00e3 4 clopote de o\u0163el turnate \u00een anul 1926.<\/p>\n<p>Dup\u00e3 1700, biserica \u00ee\u015fi pierde rolul militar de ap\u00e3rare. \u00cen primele decenii ale secolului al XIX-lea are loc l\u00e3rgirea bisericii, fiind introduse \u015fi elementele neoclasice specific transilv\u00e3nene.<\/p>\n<p>Biserica fortificat\u00e3 Sf\u00e2ntul Nicolae din Komi\u017ea, insula Vis, cunoscut\u00e3 de asemenea sub numele de Muster (Monasterium \/ M\u00e3n\u00e3stire), este cea mai veche construc\u0163ie reprezentativ\u00e3 pentru stilul s\u00e3u din Dalma\u0163ia \u015fi din \u00eentreaga Croa\u0163ie, dat\u00e2nd din secolul al XIII-lea.<\/p>\n<p>Bisericile fortificate sunt \u00een acela\u015fi timp crea\u0163ii arhitecturale \u015fi simbol al spiritualit\u00e3\u0163ii. Construc\u0163iile erau solide \u015fi at\u00e2t de bine organizate \u00eenc\u00e2t to\u0163i oamenii dintr-o a\u015fezare sau insul\u00e3 se puteau refugia acolo \u015fi rezista asediilor de durat\u00e3.<\/p>\n<p>Biserica a fost construit\u00e3 de c\u00e3tre Benedictinii care s-au oprit aici \u00een c\u00e3l\u00e3toria lor dinspre Insula Bi\u0161evo, buiandrugul u\u015fii ce poart\u00e3 \u00eenscrip\u0163ia DCCCL (anul 850) fiind o m\u00e3rturie temporal\u00e3 a stabilirii acestora pe Insula Vis. Prima men\u0163ionare scris\u00e3 referitoare la biseric\u00e3 dateaz\u00e3 din anul 1145.<\/p>\n<p>\u00cen 1177, biserica a fost sfin\u0163it\u00e3 de Papa Alexandru al III-lea. Aceasta a p\u00e3strat parte din caracteristicile romanice, dar a fost vizibil extins\u00e3 \u00een secolele XVI &#8211; XVII, c\u00e2nd a fost transformat\u00e3 din cl\u00e3direa original\u00e3 cu o singur\u00e3 nav\u00e3 \u00eentr-o cl\u00e3dire cu cinci nave. Tot \u00een secolul al XVII-lea, sistemul de ap\u00e3rare a bisericii a fost adaptat tipului Vauban.<\/p>\n<p>Dup\u00e3 o lung\u00e3 perioad\u00e3 sub controlul Vene\u0163iei, satul a intrat \u00een st\u00e3p\u00e2nirea Austro-Ungariei, ajung\u00e2nd la \u00eenceputul secolului al XX-lea la o popula\u0163ie de 4.000 de locuitori.<\/p>\n<p>Odat\u00e3 cu c\u00e3derea monarhiei, Komi\u017ea decade, locuitorii \u00eencep\u00e2nd s\u00e3 emigreze masiv. Dup\u00e3 al Doilea R\u00e3zboi Mondial, \u00een Yugoslavia comunist\u00e3, \u00eentreaga insul\u00e3 Vis a devenit o zon\u00e3 militar\u00e3, ceea ce a \u00eempiedicat dezvoltarea acesteia pentru mai multe decenii. C\u00e2\u015ftigarea independen\u0163ei de c\u00e3tre Croa\u0163ia a \u00eensemnat lansarea activit\u00e3\u0163ilor turistice. Komi\u017ea num\u00e3r\u00e3 \u00een momentul de fa\u0163\u00e3 aproximativ 1.500 de locuitori.<\/p>\n<p>Sf. Nicolae, hramul bisericii, este patronul c\u00e3l\u00e3torilor, matelo\u0163ilor \u015fi pescarilor. De Sf. Nicolae, \u00een 6 decembrie, locuitorii din Komi\u017ea car\u00e3 pe bra\u0163e o <em>falku\u0161a<\/em>, ambarca\u0163iune de pescuit tipic\u00e3 \u015fi special\u00e3 din Komi\u017ea, cunoscut\u00e3 \u00een \u00eentreaga lume \u015fi recunoscut\u00e3 recent drept contribu\u0163ia Croa\u0163iei la istoria mediteranean\u00e3 a construc\u0163iilor navale. Ambarca\u0163iunea este ars\u00e3, un sacrificiu adus sf\u00e2ntului patron, un simbol al re\u00eenoirii, un semn de recuno\u015ftin\u0163\u00e3 \u015fi o rug\u00e3 pentru via\u0163\u00e3 nou\u00e3. Str\u00e3vechiul ritual, efectuat \u00een fa\u0163a vechii biserici, este unul dintre cele mai emo\u0163ionante momente care p\u00e3streaz\u00e3 tradi\u0163ia mediteranean\u00e3 veche de un mileniu.<\/p>\n<p>&nbsp;<\/p>\n<p><strong><em>Romfilatelia mul\u0163ume\u015fte dlui. Hermann Fabini, arhitect \u015fi dlui. George Avanu, fotograf pentru sprijinul documentar acordat \u00een realizarea acestei emisiuni de m\u00e3rci po\u015ftale. <\/em><\/strong><\/p>\n<p>Data Aparitie:2014-11-14<\/p>\n<p><strong><a href=\"https:\/\/romfilatelia.ro\/magazin\/wp-content\/uploads\/2015\/09\/Rom_Cro_Bis_Fort_box.jpg\"><img decoding=\"async\" loading=\"lazy\" class=\"wp-image-2002541 size-full aligncenter\" src=\"https:\/\/romfilatelia.ro\/magazin\/wp-content\/uploads\/2015\/09\/Rom_Cro_Bis_Fort_box.jpg\" alt=\"Rom_Cro_Bis_Fort_box\" width=\"750\" height=\"589\" srcset=\"https:\/\/romfilatelia.ro\/magazin\/wp-content\/uploads\/2015\/09\/Rom_Cro_Bis_Fort_box.jpg 750w, https:\/\/romfilatelia.ro\/magazin\/wp-content\/uploads\/2015\/09\/Rom_Cro_Bis_Fort_box-500x393.jpg 500w, https:\/\/romfilatelia.ro\/magazin\/wp-content\/uploads\/2015\/09\/Rom_Cro_Bis_Fort_box-64x50.jpg 64w, https:\/\/romfilatelia.ro\/magazin\/wp-content\/uploads\/2015\/09\/Rom_Cro_Bis_Fort_box-300x236.jpg 300w\" sizes=\"(max-width: 750px) 100vw, 750px\" \/><\/a><\/strong><\/p>\n","protected":false},"excerpt":{"rendered":"<p>Romfilatelia introduce \u00een circula\u0163ie emisiunea comun\u00e3 de m\u00e3rci po\u015ftale Rom\u00e2nia-Croa\u0163ia dedicat\u00e3 ansamblurilor biserice\u015fti fortificate dat\u00e2nd din Evul Mediu, prin ilustrarea pe cele dou\u00e3 timbre a Bisericii Evanghelice din Cristian, Bra\u015fov, respectiv Biserica Sf. Nicolae din Komi\u017ea, insula Vis, Croa\u0163ia. Ambele ansambluri arhitecturale au \u00eendeplinit de-a lungul timpului rolul de biseric\u00e3 \u015fi cetate fortificat\u00e3. Men\u0163ionat\u00e3 pentru&hellip;&nbsp;<a href=\"https:\/\/romfilatelia.ro\/magazin\/produs\/colectii-anuale\/2014\/emisiune-comuna-romania-croathia-spiritualitate-biserici-fortificate\/\" class=\"\" rel=\"bookmark\">Cite\u0219te mai mult &raquo;<span class=\"screen-reader-text\">Emisiune comun\u00e3 ROM\u00c2NIA &#8211; CROA\u021aIA: Spiritualitate &#8211; Biserici fortificate<\/span><\/a><\/p>\n","protected":false},"featured_media":2002542,"template":"","meta":{"neve_meta_sidebar":"","neve_meta_container":"","neve_meta_enable_content_width":"off","neve_meta_content_width":100,"neve_meta_title_alignment":"","neve_meta_author_avatar":"","neve_post_elements_order":"","neve_meta_disable_header":"","neve_meta_disable_footer":"","neve_meta_disable_title":""},"product_cat":[104,6],"product_tag":[],"_links":{"self":[{"href":"https:\/\/romfilatelia.ro\/magazin\/wp-json\/wp\/v2\/product\/2001416"}],"collection":[{"href":"https:\/\/romfilatelia.ro\/magazin\/wp-json\/wp\/v2\/product"}],"about":[{"href":"https:\/\/romfilatelia.ro\/magazin\/wp-json\/wp\/v2\/types\/product"}],"wp:featuredmedia":[{"embeddable":true,"href":"https:\/\/romfilatelia.ro\/magazin\/wp-json\/wp\/v2\/media\/2002542"}],"wp:attachment":[{"href":"https:\/\/romfilatelia.ro\/magazin\/wp-json\/wp\/v2\/media?parent=2001416"}],"wp:term":[{"taxonomy":"product_cat","embeddable":true,"href":"https:\/\/romfilatelia.ro\/magazin\/wp-json\/wp\/v2\/product_cat?post=2001416"},{"taxonomy":"product_tag","embeddable":true,"href":"https:\/\/romfilatelia.ro\/magazin\/wp-json\/wp\/v2\/product_tag?post=2001416"}],"curies":[{"name":"wp","href":"https:\/\/api.w.org\/{rel}","templated":true}]}}