{"id":2001413,"date":"2014-10-25T11:01:03","date_gmt":"2014-10-25T11:01:03","guid":{"rendered":"http:\/\/romfilatelia.ro\/store\/2014\/10\/25\/istoria-regalitathii-mihai-i-4\/"},"modified":"2016-07-29T13:27:00","modified_gmt":"2016-07-29T13:27:00","slug":"istoria-regalitathii-mihai-i-4","status":"publish","type":"product","link":"https:\/\/romfilatelia.ro\/magazin\/produs\/colectii-anuale\/2014\/istoria-regalitathii-mihai-i-4\/","title":{"rendered":"ISTORIA REGALIT\u00c3\u021aII, MIHAI I"},"content":{"rendered":"<p><em><a href=\"https:\/\/romfilatelia.ro\/magazin\/wp-content\/uploads\/2015\/09\/Mihai_I_M.jpg\"><img decoding=\"async\" loading=\"lazy\" class=\"alignleft wp-image-2002521 size-medium\" src=\"https:\/\/romfilatelia.ro\/magazin\/wp-content\/uploads\/2015\/09\/Mihai_I_M-190x300.jpg\" alt=\"Mihai_I_M\" width=\"190\" height=\"300\" \/><\/a><\/em><\/p>\n<p><em>\u201eCoroana Regal\u00e3 nu este un simbol al trecutului, ci o reprezentare unic\u00e3 a independen\u0163ei, suveranit\u00e3\u0163ii \u015fiunit\u00e3\u0163ii noastre. Coroana este o reflectare a Statului \u015fi a Na\u0163iunii. Coroana a consolidat Rom\u00e2nia prin loialitate,curaj, respect, generozitate \u015fi modestie.\u201d<\/em> <strong>Regele Mihai I<\/strong><\/p>\n<p>&nbsp;<\/p>\n<p>La 25 octombrie 2014, cel mai longeviv om de stat din \u00eentreaga istorie a Rom\u00e2niei, Majestatea Sa Regele Mihai I, \u00eempline\u015fte 93 de ani. N\u00e3scut la 25 octombrie 1921, la Castelul Foi\u015for din Sinaia, Regele Mihai I a avut o via\u0163\u00e3 tumultuoas\u00e3, marcat\u00e3 de dou\u00e3 domnii (1927-1930 \u015fi 1940-1947), dintre care prima sub Regen\u0163\u00e3, iar a doua aflat\u00e3 sub semnul celui de-al doilea R\u00e3zboi Mondial. La 23 august 1944, acum 70 de ani, Regele Mihai ia hot\u00e3r\u00e2rea \u00eentoarcerii armelor \u00eempotriva puterilor Axei, pentru a salva existen\u0163a \u0163\u00e3rii, al\u00e3tur\u00e2nd Rom\u00e2nia Alia\u0163ilor. Instaurarea puterii comuniste a condus la abdicarea for\u0163at\u00e3 de la 30 decembrie 1947, care a marcat \u00eenceputul unui Exil de peste 40 de ani.<\/p>\n<p>Recunosc\u00e2nd importan\u0163a istoric\u00e3 a personalit\u00e3\u0163ii Regelui Mihai, <strong>Romfilatelia<\/strong> \u00eei dedic\u00e3 emisiunea de m\u00e3rci po\u015ftale alc\u00e3tuit\u00e3 dintr-un timbru \u015fi o coli\u0163\u00e3, continu\u00e2nd emisiunile filatelice dedicate Regalit\u00e3\u0163ii.<\/p>\n<p>Pe timbrul cu valoarea nominal\u00e3 de <strong>4,70 lei<\/strong> este reprezentat <strong>Majestatea Sa Regele<\/strong> \u00een anul aniversar 2008, la biroul s\u00e3u din Palatul Elisabeta, actualmente re\u015fedin\u0163a sa oficial\u00e3. Este acela\u015fi birou \u00een care Regele Mihai a lucrat timp de trei ani (1944-1947), dup\u00e3 bombardarea cl\u00e3dirii cunoscute drept \u201eCasa Nou\u00e3\u201d din spatele Palatului Regal de pe Calea Victoriei. \u00censemnul grafic reprezint\u00e3 Cifrul Regelui Mihai I, adoptat \u00een septembrie 1940 \u015fi format prin \u00eembinarea \u00een cruce a patru litere M, \u00eencoronate. El este folosit \u015fi ast\u00e3zi pe coresponden\u0163a \u015fi documentele regale, iar \u00een diferite perioade a fost folosit pentru Regimentul de Gard\u00e3 Regal\u00e3 \u015fi pe drapelele de lupt\u00e3 ale unit\u00e3\u0163ilor militare.<\/p>\n<p>Timbrul coli\u0163ei cu valoarea nominal\u00e3 de <strong>14,50 lei<\/strong> prezint\u00e3 pe <strong>Majest\u00e3\u0163ile Lor Regele Mihai I \u015fi Regina Ana ai Rom\u00e2niei<\/strong>, \u00een acela\u015fi birou din Palatul Elisabeta. N\u00e3scut\u00e3 Principes\u00e3 de Bourbon \u015fi Parma, la 18 septembrie 1923, Regina Ana l-a cunoscut pe Regele Mihai \u00een anul 1947 cu ocazia nun\u0163ii Reginei Elisabeta a II-a a Marii Britanii, la Londra. La 10 iunie 1948 cuplul regal se c\u00e3s\u00e3torea la Atena, \u00een Palatul Regal Tatoi, unde Sala Tronului fusese transformat\u00e3 pentru o zi \u00een capel\u00e3 ortodox\u00e3. \u00cempreun\u00e3 au cinci fiice, cea mai mare dintre ele, Alte\u0163a Sa Regal\u00e3 Principesa Mo\u015ftenitoare Margareta a Rom\u00e2niei fiind numit\u00e3 Custode al Coroanei Rom\u00e2niei. Regina Ana este decorat\u00e3 cu Crucea de R\u00e3zboi a Fran\u0163ei pentru faptele sale de vitejie din Al Doilea R\u00e3zboi Mondial, c\u00e2nd a activat ca \u015fofer de ambulan\u0163\u00e3 \u00een nordul Africii \u015fi apoi ca translator pentru c\u00e2\u0163iva dintre marii comandan\u0163i de pe frontul deschis \u00een Europa Occidental\u00e3.<\/p>\n<p><em>\u201eToat\u00e3 via\u0163a noastr\u00e3 asta am f\u00e3cut: um\u00e3r la um\u00e3r, ne-am ajutat unul pe altul \u015fi am fost complici, f\u00e3r\u00e3 s\u00e3 ne uit\u00e3m unul la altul, ci privind am\u00e2ndoi, ca o singur\u00e3 fiin\u0163\u00e3, drumul \u015ferpuitor din fa\u0163a noastr\u00e3.\u201d<\/em><strong> &#8211; Regina Ana despre via\u0163aal\u00e3turi de Regele Mihai.<\/strong><\/p>\n<p><strong><em>Romfilatelia mul\u0163ume\u015fte Casei Majest\u00e3\u0163ii Sale Regelui \u015fi domnului Marius B\u00e3r\u00e3gan pentru sprijinul documentar \u015fi fotografic acordat \u00een realizarea acestei emisuni de m\u00e3rci po\u015ftale. <\/em><\/strong><\/p>\n<p>&nbsp;<\/p>\n<p>Data Aparitie:2014-10-25<\/p>\n<p><em><a href=\"https:\/\/romfilatelia.ro\/magazin\/wp-content\/uploads\/2015\/09\/Mihai_I_box.jpg\"><img decoding=\"async\" loading=\"lazy\" class=\"wp-image-2002520 size-full aligncenter\" src=\"https:\/\/romfilatelia.ro\/magazin\/wp-content\/uploads\/2015\/09\/Mihai_I_box.jpg\" alt=\"Mihai_I_box\" width=\"750\" height=\"478\" srcset=\"https:\/\/romfilatelia.ro\/magazin\/wp-content\/uploads\/2015\/09\/Mihai_I_box.jpg 750w, https:\/\/romfilatelia.ro\/magazin\/wp-content\/uploads\/2015\/09\/Mihai_I_box-500x319.jpg 500w, https:\/\/romfilatelia.ro\/magazin\/wp-content\/uploads\/2015\/09\/Mihai_I_box-64x41.jpg 64w, https:\/\/romfilatelia.ro\/magazin\/wp-content\/uploads\/2015\/09\/Mihai_I_box-300x191.jpg 300w\" sizes=\"(max-width: 750px) 100vw, 750px\" \/><\/a><\/em><\/p>\n","protected":false},"excerpt":{"rendered":"<p>\u201eCoroana Regal\u00e3 nu este un simbol al trecutului, ci o reprezentare unic\u00e3 a independen\u0163ei, suveranit\u00e3\u0163ii \u015fiunit\u00e3\u0163ii noastre. Coroana este o reflectare a Statului \u015fi a Na\u0163iunii. Coroana a consolidat Rom\u00e2nia prin loialitate,curaj, respect, generozitate \u015fi modestie.\u201d Regele Mihai I &nbsp; La 25 octombrie 2014, cel mai longeviv om de stat din \u00eentreaga istorie a Rom\u00e2niei,&hellip;&nbsp;<a href=\"https:\/\/romfilatelia.ro\/magazin\/produs\/colectii-anuale\/2014\/istoria-regalitathii-mihai-i-4\/\" class=\"\" rel=\"bookmark\">Cite\u0219te mai mult &raquo;<span class=\"screen-reader-text\">ISTORIA REGALIT\u00c3\u021aII, MIHAI I<\/span><\/a><\/p>\n","protected":false},"featured_media":2002521,"template":"","meta":{"neve_meta_sidebar":"","neve_meta_container":"","neve_meta_enable_content_width":"","neve_meta_content_width":0,"neve_meta_title_alignment":"","neve_meta_author_avatar":"","neve_post_elements_order":"","neve_meta_disable_header":"","neve_meta_disable_footer":"","neve_meta_disable_title":""},"product_cat":[104,6],"product_tag":[],"_links":{"self":[{"href":"https:\/\/romfilatelia.ro\/magazin\/wp-json\/wp\/v2\/product\/2001413"}],"collection":[{"href":"https:\/\/romfilatelia.ro\/magazin\/wp-json\/wp\/v2\/product"}],"about":[{"href":"https:\/\/romfilatelia.ro\/magazin\/wp-json\/wp\/v2\/types\/product"}],"wp:featuredmedia":[{"embeddable":true,"href":"https:\/\/romfilatelia.ro\/magazin\/wp-json\/wp\/v2\/media\/2002521"}],"wp:attachment":[{"href":"https:\/\/romfilatelia.ro\/magazin\/wp-json\/wp\/v2\/media?parent=2001413"}],"wp:term":[{"taxonomy":"product_cat","embeddable":true,"href":"https:\/\/romfilatelia.ro\/magazin\/wp-json\/wp\/v2\/product_cat?post=2001413"},{"taxonomy":"product_tag","embeddable":true,"href":"https:\/\/romfilatelia.ro\/magazin\/wp-json\/wp\/v2\/product_tag?post=2001413"}],"curies":[{"name":"wp","href":"https:\/\/api.w.org\/{rel}","templated":true}]}}