{"id":2001400,"date":"2014-07-15T10:43:16","date_gmt":"2014-07-15T10:43:16","guid":{"rendered":"http:\/\/romfilatelia.ro\/store\/2014\/07\/15\/ziua-marcii-poatale-romaneati-biserica-manastirii-sfintii-trei-ierarhi-din-iaai-375-de-ani-3\/"},"modified":"2016-07-29T11:51:29","modified_gmt":"2016-07-29T11:51:29","slug":"ziua-marcii-poatale-romaneati-biserica-manastirii-sfintii-trei-ierarhi-din-iaai-375-de-ani-3","status":"publish","type":"product","link":"https:\/\/romfilatelia.ro\/magazin\/produs\/colectii-anuale\/2014\/ziua-marcii-poatale-romaneati-biserica-manastirii-sfintii-trei-ierarhi-din-iaai-375-de-ani-3\/","title":{"rendered":"ZIUA M\u00c3RCII PO\u0218TALE ROM\u00c2NE\u0218TI &#8211; BISERICA M\u00c3N\u00c3STIRII SFIN\u021aII TREI IERARHI DIN IA\u0218I, 375 DE ANI"},"content":{"rendered":"<p><em><a href=\"https:\/\/romfilatelia.ro\/magazin\/wp-content\/uploads\/2014\/07\/ZMPR_2014_Trei_Ierarhi_M.jpg\"><img decoding=\"async\" loading=\"lazy\" class=\"alignleft wp-image-2002755 size-medium\" src=\"https:\/\/romfilatelia.ro\/magazin\/wp-content\/uploads\/2014\/07\/ZMPR_2014_Trei_Ierarhi_M-300x232.jpg\" alt=\"ZMPR_2014_Trei_Ierarhi_M\" width=\"300\" height=\"232\" \/><\/a> \u201eToat\u00e3 lumea este de acord \u00een a spune c\u00e3 nici \u00een Moldova, nici la cazaci, nu se afl\u00e3 vreo biseric\u00e3 s\u00e3 o egaleze pe aceasta, nici prin ornamenta\u0163ie, nici prin frumuse\u0163e, c\u00e3ci ea uime\u015fte pe vizitator. Dumnezeu s\u00e3 o p\u00e3streze p\u00e2n\u00e3 la sf\u00e2r\u015fitul veacurilor!\u201d<\/em>, spunea Paul de Halep \u00een timpul trecerii sale prin Ia\u015fi, la pu\u0163in timp de la terminarea zidirii Trei Ierarhilor.<\/p>\n<p>Unic\u00e3 \u00een lume, sculptat\u00e3 \u00een \u00eentregime \u00een piatr\u00e3 \u015fi poleit\u00e3 cu aur la origine \u00een anul 1639, Biserica <em>Sfin\u0163ii Trei Ierarhi<\/em> din Ia\u015fi r\u00e3m\u00e2ne o m\u00e2ndrie a artei medievale rom\u00e2ne\u015fti. Ea a devenit celebr\u00e3 \u00eendeosebi prin extraordinara dantel\u00e3rie \u00een piatr\u00e3 care \u00eei \u00eempodobe\u015fte fa\u0163adele, de la temelie p\u00e2n\u00e3 \u00een v\u00e2rful turlelor. Speciali\u015ftii au num\u00e3rat peste 30 de registre de motive decorative, care nu se repet\u00e3. Decorul exuberant face ca biserica s\u00e3 semene cu un chivot sau cu o caset\u00e3 pentru moa\u015fte. De altfel, biserica a fost conceput\u00e3 pentru a ad\u00e3posti <em>moa\u015ftele Sfintei Cuvioase Parascheva<\/em>.<\/p>\n<p>Ctitorie a domnitorului Vasile Lupu, biserica a fost construit\u00e3 \u00eentre anii 1637-1639. Ca urmare a achit\u00e3rii, de c\u00e3tre Vasile Lupu, a datoriilor Sf\u00e2ntului Morm\u00e2nt \u015fi a m\u00e3n\u00e3stirilor de pe Muntele Athos, precum \u015fi datorit\u00e3 multor acte de caritate, Patriarhia \u015fi Sinodul de la Constantinopol, \u00een semn de recuno\u015ftin\u0163\u00e3, au trimis la Ia\u015fi moa\u015ftele Sfintei Parascheva. Acestea au sosit la doi ani de la terminarea construc\u0163iei bisericii, \u00een 1641.<\/p>\n<p>Inscrip\u0163ia de la intrarea \u00een biseric\u00e3 arat\u00e3 c\u00e3 Vasile Lupu nu a zidit o m\u00e3n\u00e3stire, ci <em>\u201co sf\u00e2nt\u00e3 rug\u00e3\u201d<\/em>, prin frumuse\u0163ea ei, aceast\u00e3 biseric\u00e3 fiind o rug\u00e3ciune sculptat\u00e3 \u00een piatr\u00e3.<\/p>\n<p>Prin fastul s\u00e3u, Biserica <em>Sfin\u0163ii Trei Ierarhi<\/em> reflect\u00e3 aspira\u0163ia spre str\u00e3lucitoarea lume a Bizan\u0163ului, remarc\u00e2ndu-se prin bog\u00e3\u0163ia structurilor \u015fi formelor tradi\u0163ionale al\u00e3turate materialelor pre\u0163ioase \u015fi decora\u0163iunilor impresionante.<\/p>\n<p>Biserica este pus\u00e3 sub ocrotirea <em>Sf. Trei Ierarhi, Vasile cel Mare, Grigore Teologul \u015fi Ioan Gur\u00e3 de aur<\/em>, dar ea la r\u00e2ndul ei ocrote\u015fte mormintele domnitorului Dimitrie Cantemir, al domnitorului Alexandru Ioan Cuza, al ctitorului Vasile Lupu \u015fi al so\u0163iei sale Tudosca, precum \u015fi mormintele celor trei fii ai s\u00e3i. O inscrip\u0163ie \u00een marmur\u00e3 aminte\u015fte c\u00e3 aici a fost depus\u00e3 ini\u0163ial racla cu moa\u015ftele Sfintei Parascheva, ocrotitoarea Moldovei, aflat\u00e3 acum \u00een impun\u00e3toarea catedral\u00e3 a Mitropoliei Moldovei, situat\u00e3 foarte aproape de Biserica <em>Sfin\u0163ii Trei Ierarhi<\/em>.<\/p>\n<p>\u00cen turnul por\u0163ii Bisericii (ast\u00e3zi disp\u00e3rut), care servea drept clopotni\u0163\u00e3, Vasile Lupu instalase un mare orologiu, primul ceas de folosin\u0163\u00e3 public\u00e3 din Moldova (1654).<\/p>\n<p>\u00cen timpul restaur\u00e3rii de c\u00e3tre arhitectul francez Lecomte du No\u00fcy \u00een 1882, \u00eentregul mecanism a fost demontat \u015fi transportat \u00een Fran\u0163a, unde a \u015fi r\u00e3mas.<\/p>\n<p>Lecomte du No\u00fcy a adus bisericii o serie de modific\u00e3ri importante, \u00eens\u00e3 a p\u00e3strat vechile forme arhitecturale \u015fi ornamenta\u0163ia sculptural\u00e3 din exterior. Pictura, catapeteasma \u015fi interioarele au fost complet ref\u00e3cute \u015fi \u00eempodobite cu mobilier din bronz masiv, suflat cu aur, lucrat la Viena pe cheltuiala familiei regelui Carol I. Resfin\u0163irea loca\u015fului s-a f\u00e3cut \u00een anul 1904.<\/p>\n<p>\u00cen urma incendierii bisericii de c\u00e3tre turci, ace\u015ftia au adunat aurul care se topea de pe ziduri, ast\u00e3zi put\u00e2ndu-se vedea urme de aur doar \u00een jurul ferestrelor dinspre nord. \u00cen muzeul bisericii se afl\u00e3 dou\u00e3 broderii de epoc\u00e3 \u00een fir de aur \u015fi argint pe catifea ro\u015fie, care \u00eei reprezint\u00e3 pe doamna Tudosca \u015fi pe fiul s\u00e3u Ioan.<\/p>\n<p>Bijuterie artistic\u00e3, \u201eTrei Ierarhi\u201c s-a \u00eenscris \u00een istorie \u015fi ca o vatr\u00e3 de cultur\u00e3 \u015fi spiritualitate. La 1642, reprezentan\u0163ii principalelor ramuri ale Ortodoxiei (greac\u00e3, slavon\u00e3 \u015fi rom\u00e2n\u00e3) veneau aici pentru a participa la Sinodul interortodox de la Ia\u015fi. Regi \u015fi patriarhi i-au trecut pragul, admir\u00e2nd totodat\u00e3 rafinamentul monumentului.<\/p>\n<p>De altfel, biserica este str\u00e2ns legat\u00e3 de cultur\u00e3 \u015fi \u00eenv\u00e3\u0163\u00e3m\u00e2nt. \u00cen timpul c\u00e2t s-a aflat sub administrarea c\u00e3lug\u00e3rilor greci, aici au predat renumi\u0163i profesori veni\u0163i de la Constantinopol sau din Orientul grecesc.<\/p>\n<p>Din 1990, \u201eTrei Ierarhii\u201c Ia\u015filor au redevenit m\u00e3n\u00e3stire, iar acest lucru a f\u00e3cut centrul Ia\u015fului s\u00e3 devin\u00e3 un loc de pelerinaj \u00een special \u00een r\u00e2ndul intelectualilor. Ca un simbol, \u00een anul 1997 a fost a\u015fezat\u00e3 \u00een incinta m\u00e3n\u00e3stirii statuia celui mai mare poet rom\u00e2n, Mihai Eminescu, acesta locuind o perioad\u00e3 \u00een casa din incint\u00e3.<\/p>\n<p>Cu ocazia anivers\u00e3rii a <em>375 de ani de la construirea <strong>Bisericii M\u00e3n\u00e3stirii Sfin\u0163ii Trei Ierarhi<\/strong> din Ia\u015fi<\/em>, \u00een cadrul tematicii anuale <em>Ziua M\u00e3rcii Po\u015ftale Rom\u00e2ne\u015fti<\/em>, <strong>Romfilatelia<\/strong> introduce \u00een circula\u0163ie o emisiune de m\u00e3rci po\u015ftale dedicat\u00e3 acestui monument de spritualitate \u015fi arhitectur\u00e3, unic \u00een lume.<\/p>\n<p>Timbrul emisiunii cu valorea nominal\u00e3 de <strong>14,50 lei<\/strong> ilustreaz\u00e3 cl\u00e3direa Bisericii <em>Sfin\u0163ii Trei Ierarhi<\/em> din Ia\u015fi.<\/p>\n<p>Coli\u0163a emisiunii are contur \u015ftan\u0163at \u015fi ilustreaz\u00e3 pe man\u015fet\u00e3 pisania de la intrarea \u00een Biserica <em>Sf. Trei Ierarhi<\/em>, al\u00e3turi de un ornament \u00een piatr\u00e3, reprezent\u00e2nd stema Moldovei. Timbrul coli\u0163ei cu valoarea nominal\u00e3 de <strong>8,10 lei<\/strong> prezint\u00e3 de asemenea cl\u00e3direa Bisericii.<\/p>\n<p><em>Aducem respectuoase mul\u0163umiri <strong>\u00cenaltpreasfin\u0163iei Sale Teofan, Mitropolitul Moldovei \u015fi Bucovinei<\/strong> pentru sprijinul documentar acordat la realizarea acestei emisiuni de m\u00e3rci po\u015ftale. <\/em><\/p>\n<p>&nbsp;<\/p>\n<p>Data Aparitie:2014-07-15<\/p>\n<p><em><a href=\"https:\/\/romfilatelia.ro\/magazin\/wp-content\/uploads\/2014\/07\/ZMPR_2014_Trei_Ierarhi_box.jpg\"><img decoding=\"async\" loading=\"lazy\" class=\"wp-image-2002756 size-full aligncenter\" src=\"https:\/\/romfilatelia.ro\/magazin\/wp-content\/uploads\/2014\/07\/ZMPR_2014_Trei_Ierarhi_box.jpg\" alt=\"ZMPR_2014_Trei_Ierarhi_box\" width=\"750\" height=\"720\" srcset=\"https:\/\/romfilatelia.ro\/magazin\/wp-content\/uploads\/2014\/07\/ZMPR_2014_Trei_Ierarhi_box.jpg 750w, https:\/\/romfilatelia.ro\/magazin\/wp-content\/uploads\/2014\/07\/ZMPR_2014_Trei_Ierarhi_box-500x480.jpg 500w, https:\/\/romfilatelia.ro\/magazin\/wp-content\/uploads\/2014\/07\/ZMPR_2014_Trei_Ierarhi_box-64x61.jpg 64w, https:\/\/romfilatelia.ro\/magazin\/wp-content\/uploads\/2014\/07\/ZMPR_2014_Trei_Ierarhi_box-300x288.jpg 300w\" sizes=\"(max-width: 750px) 100vw, 750px\" \/><\/a><\/em><\/p>\n","protected":false},"excerpt":{"rendered":"<p>\u201eToat\u00e3 lumea este de acord \u00een a spune c\u00e3 nici \u00een Moldova, nici la cazaci, nu se afl\u00e3 vreo biseric\u00e3 s\u00e3 o egaleze pe aceasta, nici prin ornamenta\u0163ie, nici prin frumuse\u0163e, c\u00e3ci ea uime\u015fte pe vizitator. Dumnezeu s\u00e3 o p\u00e3streze p\u00e2n\u00e3 la sf\u00e2r\u015fitul veacurilor!\u201d, spunea Paul de Halep \u00een timpul trecerii sale prin Ia\u015fi, la&hellip;&nbsp;<a href=\"https:\/\/romfilatelia.ro\/magazin\/produs\/colectii-anuale\/2014\/ziua-marcii-poatale-romaneati-biserica-manastirii-sfintii-trei-ierarhi-din-iaai-375-de-ani-3\/\" class=\"\" rel=\"bookmark\">Cite\u0219te mai mult &raquo;<span class=\"screen-reader-text\">ZIUA M\u00c3RCII PO\u0218TALE ROM\u00c2NE\u0218TI &#8211; BISERICA M\u00c3N\u00c3STIRII SFIN\u021aII TREI IERARHI DIN IA\u0218I, 375 DE ANI<\/span><\/a><\/p>\n","protected":false},"featured_media":2002755,"template":"","meta":{"neve_meta_sidebar":"","neve_meta_container":"","neve_meta_enable_content_width":"","neve_meta_content_width":0,"neve_meta_title_alignment":"","neve_meta_author_avatar":"","neve_post_elements_order":"","neve_meta_disable_header":"","neve_meta_disable_footer":"","neve_meta_disable_title":""},"product_cat":[104,6],"product_tag":[],"_links":{"self":[{"href":"https:\/\/romfilatelia.ro\/magazin\/wp-json\/wp\/v2\/product\/2001400"}],"collection":[{"href":"https:\/\/romfilatelia.ro\/magazin\/wp-json\/wp\/v2\/product"}],"about":[{"href":"https:\/\/romfilatelia.ro\/magazin\/wp-json\/wp\/v2\/types\/product"}],"wp:featuredmedia":[{"embeddable":true,"href":"https:\/\/romfilatelia.ro\/magazin\/wp-json\/wp\/v2\/media\/2002755"}],"wp:attachment":[{"href":"https:\/\/romfilatelia.ro\/magazin\/wp-json\/wp\/v2\/media?parent=2001400"}],"wp:term":[{"taxonomy":"product_cat","embeddable":true,"href":"https:\/\/romfilatelia.ro\/magazin\/wp-json\/wp\/v2\/product_cat?post=2001400"},{"taxonomy":"product_tag","embeddable":true,"href":"https:\/\/romfilatelia.ro\/magazin\/wp-json\/wp\/v2\/product_tag?post=2001400"}],"curies":[{"name":"wp","href":"https:\/\/api.w.org\/{rel}","templated":true}]}}