{"id":2001398,"date":"2014-06-20T10:41:18","date_gmt":"2014-06-20T10:41:18","guid":{"rendered":"http:\/\/romfilatelia.ro\/store\/2014\/06\/20\/mesageri-ai-sportului-romanesc-octavian-bellu-oi-mariana-bitang-3\/"},"modified":"2016-07-29T11:38:52","modified_gmt":"2016-07-29T11:38:52","slug":"mesageri-ai-sportului-romanesc-octavian-bellu-oi-mariana-bitang-3","status":"publish","type":"product","link":"https:\/\/romfilatelia.ro\/magazin\/produs\/colectii-anuale\/2014\/mesageri-ai-sportului-romanesc-octavian-bellu-oi-mariana-bitang-3\/","title":{"rendered":"Mesageri ai sportului rom\u00e2nesc, Octavian Bellu \u015fi Mariana Bitang"},"content":{"rendered":"<p><a href=\"https:\/\/romfilatelia.ro\/magazin\/wp-content\/uploads\/2014\/06\/Sport_Bellu_Bitang_M.jpg\"><img decoding=\"async\" loading=\"lazy\" class=\"alignleft wp-image-2002769 size-medium\" src=\"https:\/\/romfilatelia.ro\/magazin\/wp-content\/uploads\/2014\/06\/Sport_Bellu_Bitang_M-300x236.jpg\" alt=\"Sport_Bellu_Bitang_M\" width=\"300\" height=\"236\" srcset=\"https:\/\/romfilatelia.ro\/magazin\/wp-content\/uploads\/2014\/06\/Sport_Bellu_Bitang_M-300x236.jpg 300w, https:\/\/romfilatelia.ro\/magazin\/wp-content\/uploads\/2014\/06\/Sport_Bellu_Bitang_M-500x393.jpg 500w, https:\/\/romfilatelia.ro\/magazin\/wp-content\/uploads\/2014\/06\/Sport_Bellu_Bitang_M-64x50.jpg 64w, https:\/\/romfilatelia.ro\/magazin\/wp-content\/uploads\/2014\/06\/Sport_Bellu_Bitang_M.jpg 600w\" sizes=\"(max-width: 300px) 100vw, 300px\" \/><\/a>Gimnastica rom\u00e2neasc\u00e3 \u00eenscrie \u00een istoria acestui sport, un moment de referin\u0163\u00e3 tr\u00e3it cu maxim\u00e3 emo\u0163ie \u00een anul 1976, c\u00e2nd o echip\u00e3 rom\u00e2neasc\u00e3, participant\u00e3 la competi\u0163ia Olimpic\u00e3 a cucerit o medalie de argint la care s-a ad\u00e3ugat o salb\u00e3 de medalii de aur, argint \u015fi bronz, la probele individual compus \u015fi aparate, adjudecate de gimnastele de aur ale lumii, Nadia Com\u00e3neci \u015fi Teodora Ungureanu.<\/p>\n<p>Victoria de la Montreal a r\u00e3mas ca reper al gimnasticii rom\u00e2ne\u015fti dar, obiectiv, era nevoie de un lot l\u00e3rgit de gimnaste performere, care s\u00e3 promoveze echipa Rom\u00e2niei \u00een fruntea ierarhiei lumii. Era nevoie de o \u015fcoal\u00e3 formatoare de sportive de prim rang, presupun\u00e2nd din start g\u00e3sirea unor profesori care s\u00e3 r\u00e3spund\u00e3 exigen\u0163elor.<\/p>\n<p>Anul 1981, \u00eenscrie \u00een agenda sportiv\u00e3 venirea la lotul olimpic feminin de gimnastic\u00e3 al Rom\u00e2niei, ca antrenor, a lui <strong><em>Octavian Bellu<\/em><\/strong>.<\/p>\n<p>N\u00e3scut la 17 februarie 1951 la Ploie\u015fti, Octavian Bellu este prezent \u00een zona natal\u00e3 ca profesor \u015fi antrenor la Clubul Petrolul Ploie\u015fti \u00eentre anii 1975 &#8211; 1981.<\/p>\n<p>Chemat apoi la lotul olimpic feminin de gimnastic\u00e3 al Rom\u00e2niei, talentatul \u015fi pasionatul antrenor se bucur\u00e3 de primele succese \u00een anul 1983, la Campionatele Mondiale de Gimnastic\u00e3 de la Budapesta, unde lotul antrenat de el reu\u015fe\u015fte s\u00e3 c\u00e2\u015ftige o medalie de argint pentru echip\u00e3, un loc trei individual compus \u015fi 6 medalii la finalele pe aparate.<\/p>\n<p>Participarea la competi\u0163iile majore sportive aduce valorosului antrenor notabile succese concretizate \u00een medalii intrate \u00een tezaurul Gimnasticii rom\u00e2ne\u015fti: 43 de medalii la Jocurile Olimpice (18 medalii de aur, 10 de argint \u015fi 15de bronz), 84 de medalii la Campionatele Mondiale (31 de medalii de aur, 28 de argint, 25 de bronz), 98 de medalii la Campionatele Europene de Seniori (37 de aur, 32 de argint \u015fi 19 de bronz), acestora ad\u00e3ug\u00e2ndu-se peste 100 de medalii ob\u0163inute la Cupele Mondiale \u015fi Campionatele Europene de Juniori.<\/p>\n<p>Rezultatele de excep\u0163ie au avut ca umare recunoa\u015fterea obiectiv\u00e3 a meritelor sale, prin acordarea unor \u00eensemne onorifice de mare pre\u0163. Valorosul profesor \u015fi antrenor a primit <em>Ordinul Meritul Sportiv clasa I<\/em> \u015fi titlul de <em>antrenor emerit<\/em> la care s-au ad\u00e3udat <em>Ordinul Na\u0163ional \u201eServiciul Credincios\u201d \u00een grad de ofi\u0163er, Colanul de aur al Comitetului Olimpic Rom\u00e2n<\/em>. Pre\u015fedintele Ion Iliescu i-a atribuit lui Octavian Bellu \u00een anul 2004, <em>Ordinul Na\u0163ional \u201cSteaua Rom\u00e2niei\u201d \u00een grad de Comandor<\/em>, pentru ca \u00een anul 2012, s\u00e3 \u00eei fie oferit \u015fi <em>Ordinul Na\u0163ional \u201eSteaua Rom\u00e2niei\u201d \u00een grad de Mare Ofi\u0163er<\/em>. Ca o recunoa\u015ftere mondial\u00e3, World Records Academy \u00eel clasific\u00e3 \u00een anul 2007 drept \u201e<em>cel mai de succes antrenor din lume<\/em>\u201d.<\/p>\n<p>\u00cencep\u00e2nd cu anul 1992, Octavian Bellu, \u00een calitate de antrenor coordonator, are al\u00e3turi un colaborator de prim rang, antrenoarea <strong><em>Maria Bitang<\/em><\/strong> (mai cunoscut\u00e3 publicului cu numele de <strong><em>Mariana Bitang<\/em><\/strong>).<\/p>\n<p>N\u00e3scut\u00e3 la 3 august 1962 la R\u00e2mnicu S\u00e3rat, Mariana Bitang ajunge, dup\u00e3 Absolvirea Academiei Na\u0163ionale de Educa\u0163ie Fizic\u00e3 \u015fi Sport, profesor antrenor la Clubul Sportiv Cetate Deva.<\/p>\n<p>A\u015fa cum s-a amintit, activitatea sa profesional\u00e3 de prim\u00e3 clas\u00e3 \u00eencepe odat\u00e3 cu colaborarea cu Octavian Bellu, pentru preg\u00e3tirea lotului olimpic feminin de gimnastic\u00e3.<\/p>\n<p>\u00cen perioada prezen\u0163ei ca antrenoare la lotul olimpic de gimnastic\u00e3 al Rom\u00e2niei, palmaresul gimnastelor angajate \u00een competi\u0163ii interna\u0163ionale a adunat \u00een eviden\u0163ele sale: 22 de medalii la Jocurile Olimpice (8 de aur, 6 de argint, 8 de bronz), 47 de medalii la Campionatele Mondiale (19 de aur, 16 de argint, 12 de bronz), 56 de medalii la Campionatele Europene de Seniori (25 de aur, 18 de argint \u015fi 13 de bronz), 44 de medalii la Campionatele Europene de Juniori, la care se adaug\u00e3 peste 50 de medalii cucerite la Cupele Mondiale.<\/p>\n<p>Pentru activitatea sa, Mariana Bitang a fost r\u00e3spl\u00e3tit\u00e3 cu titlul de <em>antrenor emerit, Ordinul Na\u0163ional \u201cServiciul Credincios\u201d \u00een grad de Ofi\u0163er, Ordinul Na\u0163ional \u201eSteaua Rom\u00e2niei\u201d \u00een grad de Comandor, Colanul de aur al Comitetului Olimpic Rom\u00e2n, Ordinul \u201eMeritul Sportiv\u201d Clasa I, Ordinul Na\u0163ional \u201eSteaua Rom\u00e2niei\u201d \u00een grad de Mare Ofi\u0163er<\/em>. \u00cen anul 2007, World Records Academy o clasific\u00e3 drept \u201e<em>cea mai de succes antrenoare din lume<\/em>\u201d.<\/p>\n<p>Dup\u00e3 perioada 2005 &#8211; 2010, c\u00e2nd Octavian Bellu \u015fi Mariana Bitang au renun\u0163at la activitatea de preg\u00e3tire a lotului olimpic feminin de gimnastic\u00e3, \u00eencep\u00e2nd cu luna iunie 2010 cei doi emeri\u0163i promotori ai sportului rom\u00e2nesc reiau preg\u00e3tirile pentru marile confrunt\u00e3ri interna\u0163ionale \u00een domeniul sportului care i-a consacrat.<\/p>\n<p>Ca o confirmare a valorilor reale asociate personalit\u00e3\u0163ilor celor doi antrenori, a profesionalismului de \u00eenalt\u00e3 clas\u00e3, Campionatele Europene de gimnastic\u00e3 artistic\u00e3 de la Sofia (14-18 mai 2014) au adus echipei Rom\u00e2niei 9 medalii: aurul pe echipe, aurul la sol, argintul la b\u00e2rn\u00e3 \u015fi bronzul la s\u00e3rituri, la care se adaug\u00e3 victoria junioarelor care au cucerit 4 medalii de argint \u015fi una de bronz.<\/p>\n<p>Emisiunea de m\u00e3rci po\u015ftale <strong><em>Mesageri ai sportului rom\u00e2nesc<\/em><\/strong>, dedicat\u00e3 celor doi renumi\u0163i profesori \u015fi antrenori, <strong><em>Octavian Bellu \u015fi Mariana Bitang<\/em><\/strong>, se \u00eenscrie ca un omagiu purt\u00e3tor de stim\u00e3 \u015fi elogioase aprecieri pentru \u00eentreaga munc\u00e3 \u015fi devotamentul puse \u00een slujba promov\u00e3rii talentelor de excep\u0163ie ale sportului rom\u00e2nesc, \u00een pozi\u0163iile de prim rang ale ierarhiei mondiale.<\/p>\n<p><strong><em>Romfilatelia aduce mul\u0163umiri Federa\u0163iei Rom\u00e2ne de Gimnastic\u00e3 pentru sprijinul documentar acordat la realizarea acestei emisiuni de m\u00e3rci po\u015ftale. <\/em><\/strong><\/p>\n<p>&nbsp;<\/p>\n<p>Data Aparitie:2014-06-20<\/p>\n<p><a href=\"https:\/\/romfilatelia.ro\/magazin\/wp-content\/uploads\/2014\/06\/Sport_Bellu_Bitang_box.jpg\"><img decoding=\"async\" loading=\"lazy\" class=\"wp-image-2002768 size-full aligncenter\" src=\"https:\/\/romfilatelia.ro\/magazin\/wp-content\/uploads\/2014\/06\/Sport_Bellu_Bitang_box.jpg\" alt=\"Sport_Bellu_Bitang_box\" width=\"750\" height=\"449\" srcset=\"https:\/\/romfilatelia.ro\/magazin\/wp-content\/uploads\/2014\/06\/Sport_Bellu_Bitang_box.jpg 750w, https:\/\/romfilatelia.ro\/magazin\/wp-content\/uploads\/2014\/06\/Sport_Bellu_Bitang_box-500x299.jpg 500w, https:\/\/romfilatelia.ro\/magazin\/wp-content\/uploads\/2014\/06\/Sport_Bellu_Bitang_box-64x38.jpg 64w, https:\/\/romfilatelia.ro\/magazin\/wp-content\/uploads\/2014\/06\/Sport_Bellu_Bitang_box-300x180.jpg 300w, https:\/\/romfilatelia.ro\/magazin\/wp-content\/uploads\/2014\/06\/Sport_Bellu_Bitang_box-570x342.jpg 570w\" sizes=\"(max-width: 750px) 100vw, 750px\" \/><\/a><\/p>\n","protected":false},"excerpt":{"rendered":"<p>Gimnastica rom\u00e2neasc\u00e3 \u00eenscrie \u00een istoria acestui sport, un moment de referin\u0163\u00e3 tr\u00e3it cu maxim\u00e3 emo\u0163ie \u00een anul 1976, c\u00e2nd o echip\u00e3 rom\u00e2neasc\u00e3, participant\u00e3 la competi\u0163ia Olimpic\u00e3 a cucerit o medalie de argint la care s-a ad\u00e3ugat o salb\u00e3 de medalii de aur, argint \u015fi bronz, la probele individual compus \u015fi aparate, adjudecate de gimnastele de&hellip;&nbsp;<a href=\"https:\/\/romfilatelia.ro\/magazin\/produs\/colectii-anuale\/2014\/mesageri-ai-sportului-romanesc-octavian-bellu-oi-mariana-bitang-3\/\" class=\"\" rel=\"bookmark\">Cite\u0219te mai mult &raquo;<span class=\"screen-reader-text\">Mesageri ai sportului rom\u00e2nesc, Octavian Bellu \u015fi Mariana Bitang<\/span><\/a><\/p>\n","protected":false},"featured_media":2002769,"template":"","meta":{"neve_meta_sidebar":"","neve_meta_container":"","neve_meta_enable_content_width":"","neve_meta_content_width":0,"neve_meta_title_alignment":"","neve_meta_author_avatar":"","neve_post_elements_order":"","neve_meta_disable_header":"","neve_meta_disable_footer":"","neve_meta_disable_title":""},"product_cat":[104,6],"product_tag":[],"_links":{"self":[{"href":"https:\/\/romfilatelia.ro\/magazin\/wp-json\/wp\/v2\/product\/2001398"}],"collection":[{"href":"https:\/\/romfilatelia.ro\/magazin\/wp-json\/wp\/v2\/product"}],"about":[{"href":"https:\/\/romfilatelia.ro\/magazin\/wp-json\/wp\/v2\/types\/product"}],"wp:featuredmedia":[{"embeddable":true,"href":"https:\/\/romfilatelia.ro\/magazin\/wp-json\/wp\/v2\/media\/2002769"}],"wp:attachment":[{"href":"https:\/\/romfilatelia.ro\/magazin\/wp-json\/wp\/v2\/media?parent=2001398"}],"wp:term":[{"taxonomy":"product_cat","embeddable":true,"href":"https:\/\/romfilatelia.ro\/magazin\/wp-json\/wp\/v2\/product_cat?post=2001398"},{"taxonomy":"product_tag","embeddable":true,"href":"https:\/\/romfilatelia.ro\/magazin\/wp-json\/wp\/v2\/product_tag?post=2001398"}],"curies":[{"name":"wp","href":"https:\/\/api.w.org\/{rel}","templated":true}]}}