{"id":2001394,"date":"2014-06-02T10:37:27","date_gmt":"2014-06-02T10:37:27","guid":{"rendered":"http:\/\/romfilatelia.ro\/store\/2014\/06\/02\/campanii-unicef-stop-violenthei-impotriva-copiilor-3\/"},"modified":"2016-07-29T11:24:26","modified_gmt":"2016-07-29T11:24:26","slug":"campanii-unicef-stop-violenthei-impotriva-copiilor-3","status":"publish","type":"product","link":"https:\/\/romfilatelia.ro\/magazin\/produs\/colectii-anuale\/2014\/campanii-unicef-stop-violenthei-impotriva-copiilor-3\/","title":{"rendered":"Campanii UNICEF: STOP VIOLEN\u021aEI \u00ceMPOTRIVA COPIILOR!"},"content":{"rendered":"<p align=\"&quot;right&quot;\"><a href=\"https:\/\/romfilatelia.ro\/magazin\/wp-content\/uploads\/2014\/06\/UNICEF_2014_M.jpg\"><img decoding=\"async\" loading=\"lazy\" class=\"alignleft wp-image-2002808 size-medium\" src=\"https:\/\/romfilatelia.ro\/magazin\/wp-content\/uploads\/2014\/06\/UNICEF_2014_M-288x300.jpg\" alt=\"UNICEF_2014_M\" width=\"288\" height=\"300\" srcset=\"https:\/\/romfilatelia.ro\/magazin\/wp-content\/uploads\/2014\/06\/UNICEF_2014_M-288x300.jpg 288w, https:\/\/romfilatelia.ro\/magazin\/wp-content\/uploads\/2014\/06\/UNICEF_2014_M-500x521.jpg 500w, https:\/\/romfilatelia.ro\/magazin\/wp-content\/uploads\/2014\/06\/UNICEF_2014_M-64x67.jpg 64w, https:\/\/romfilatelia.ro\/magazin\/wp-content\/uploads\/2014\/06\/UNICEF_2014_M.jpg 576w\" sizes=\"(max-width: 288px) 100vw, 288px\" \/><\/a><em class=\"alignleft wp-image-2002808 size-medium\">\u201eCopil\u00e3ria e taina dezv\u00e3luirii viitorului\u201d <\/em><\/p>\n<p align=\"&quot;right&quot;\">Grigore Vieru<\/p>\n<p>Al\u00e3tur\u00e2ndu-ne campaniei realizate de Reprezentan\u0163a <strong>UNICEF<\/strong> \u00een Rom\u00e2nia, <strong><em>\u201eSTOP VIOLEN\u021aEI \u00ceMPOTRIVA COPIILOR\u201d,<\/em><\/strong> <strong>Romfilatelia<\/strong> \u00ee\u015fi asum\u00e3 onorabila misiune de a sprijini acest proiect, prin realizarea unei emisiuni de m\u00e3rci po\u015ftale dedicate acestei ini\u0163iative.<\/p>\n<p><em>Reprezentan\u0163a UNICEF<\/em> \u00een Rom\u00e2nia desf\u00e3\u015foar\u00e3 o campanie de comunicare cu durata de trei ani, cu scopul de a con\u015ftientiz afamiliile cu privire la riscurile violen\u0163ei asupra copilului, \u00een special ale abuzului verbal la care se recurge ca metod\u00e3 de disciplinare, dar \u015fi cu privire la beneficiile metodelor pozitive de disciplinare.<\/p>\n<p>De\u015fi des \u00eent\u00e2lnit\u00e3 \u00een Rom\u00e2nia, violen\u0163a asupra copilului r\u00e3m\u00e2ne un fenomen \u00een mare parte invizibil. Violen\u0163a asupra copiilor poate avea loc \u00een familie, la \u015fcoal\u00e3, pe strad\u00e3 sau \u00een comunitate \u015fi se poate manifesta printre altele, prin neglijare, abuz emo\u0163ional, fizic \u015fi sexual sau exploatare.<\/p>\n<p>La apari\u0163ia violen\u0163ei \u00een familie pot conduce mai mul\u0163i factori, printre care cel mai des se num\u00e3r\u00e3 consumul de alcool, s\u00e3r\u00e3cia sau un mediu marcat de violen\u0163\u00e3.<\/p>\n<p>Num\u00e3rul cazurilor de violen\u0163\u00e3 domestic\u00e3 raportate se afl\u00e3 \u00een cre\u015ftere, potrivit celor mai recente statistici, dar \u00een unele cazuri speciali\u015ftii nu au la dispozi\u0163ie mijloacele \u015fi instrumentele necesare de care au nevoie pentru a-i ajuta pe copii. Ca o consecin\u0163\u00e3 a diverselor forme de violen\u0163\u00e3, mii de copii sunt separa\u0163i de familie \u015fi plasa\u0163i \u00een institu\u0163ii sau la asisten\u0163i maternali.<\/p>\n<p>Campania de con\u015ftientizare de la nivel na\u0163ional va fi sus\u0163inut\u00e3 de o interven\u0163ie la nivel local, mai precis \u00een 32 de comunit\u00e3\u0163i rurale. Asisten\u0163ii sociali \u015fi asisten\u0163ii medicali comunitari din aceste localit\u00e3\u0163i vor fi instrui\u0163i s\u00e3 identifice \u015fi s\u00e3 r\u00e3spund\u00e3 diferitelor forme de violen\u0163\u00e3 asupra copilului. \u00cen acela\u015fi timp, ei vor avea la dispozi\u0163ie materiale \u015fi instrumente care s\u00e3 \u00eei ajute s\u00e3 comunice cu familiile \u015fi comunitatea, cu scopul de a reduce gradul ridicat de toleran\u0163\u00e3 fa\u0163\u00e3 de violen\u0163\u00e3. Profesioni\u015ftii vor putea mobiliza comunitatea \u015fi liderii de opinie pentru a atrage aten\u0163ia asupra violen\u0163ei \u00eempotriva copiilor \u015fi vor ajuta familiile s\u00e3 adopte metode pozitive de disciplinare a copiilor.<\/p>\n<p>Viziunea acestei campanii este materializat\u00e3 de o lume \u00een care fiec\u00e3rui copil \u00eei sunt respectate dreptul la via\u0163\u00e3, protec\u0163ie \u015fi \u00eei sunt luate \u00een considerare ideile \u015fi visele.<\/p>\n<p>Depinde de noi s\u00e3 ne cl\u00e3dim lumea \u00een care vrem s\u00e3 tr\u00e3im, una \u00een care to\u0163i copiii sunt proteja\u0163i.<\/p>\n<p>Doar pentru c\u00e3 nu putem vedea \u00eentotdeauna violen\u0163a la care sunt supu\u015fi copiii, nu \u00eenseamn\u00e3 c\u00e3 ea nu exist\u00e3.<\/p>\n<p>Schimbarea normelor sociale \u00een sensul condamn\u00e3rii de c\u00e3tre societate a formelor de violen\u0163\u00e3, exploatare \u015fi abuz necesit\u00e3 timp \u015fi resurse. \u0218i totu\u015fi, reprezint\u00e3 un demers crucial pentru ameliorarea vie\u0163ii copiilor \u00eentr-un mod sus\u0163inut.<\/p>\n<p>Pe timbrul cu valoarea nominal\u00e3 de <strong>4,30 lei<\/strong> este ilustrat simbolic profilul unui copil, al\u00e3turi de m\u00e2na protectoare care \u00eel sus\u0163ine.<\/p>\n<p><strong><em>Aducem mul\u0163umirile noastre Reprezentan\u0163ei UNICEF \u00een Rom\u00e2nia pentru sprijinul acordat la realizarea acestei emisiuni de m\u00e3rci po\u015ftale. Fotografie realizat\u00e3 de domnul Radu Sandovici pentru UNICEF. <\/em><\/strong><\/p>\n<p>&nbsp;<\/p>\n<p>Data Aparitie:2014-06-02<\/p>\n<p><a href=\"https:\/\/romfilatelia.ro\/magazin\/wp-content\/uploads\/2014\/06\/UNICEF_2014_box.jpg\"><img decoding=\"async\" loading=\"lazy\" class=\"wp-image-2002809 size-full aligncenter\" src=\"https:\/\/romfilatelia.ro\/magazin\/wp-content\/uploads\/2014\/06\/UNICEF_2014_box.jpg\" alt=\"UNICEF_2014_box\" width=\"750\" height=\"416\" srcset=\"https:\/\/romfilatelia.ro\/magazin\/wp-content\/uploads\/2014\/06\/UNICEF_2014_box.jpg 750w, https:\/\/romfilatelia.ro\/magazin\/wp-content\/uploads\/2014\/06\/UNICEF_2014_box-500x277.jpg 500w, https:\/\/romfilatelia.ro\/magazin\/wp-content\/uploads\/2014\/06\/UNICEF_2014_box-64x35.jpg 64w, https:\/\/romfilatelia.ro\/magazin\/wp-content\/uploads\/2014\/06\/UNICEF_2014_box-300x166.jpg 300w\" sizes=\"(max-width: 750px) 100vw, 750px\" \/><\/a><\/p>\n","protected":false},"excerpt":{"rendered":"<p>\u201eCopil\u00e3ria e taina dezv\u00e3luirii viitorului\u201d Grigore Vieru Al\u00e3tur\u00e2ndu-ne campaniei realizate de Reprezentan\u0163a UNICEF \u00een Rom\u00e2nia, \u201eSTOP VIOLEN\u021aEI \u00ceMPOTRIVA COPIILOR\u201d, Romfilatelia \u00ee\u015fi asum\u00e3 onorabila misiune de a sprijini acest proiect, prin realizarea unei emisiuni de m\u00e3rci po\u015ftale dedicate acestei ini\u0163iative. Reprezentan\u0163a UNICEF \u00een Rom\u00e2nia desf\u00e3\u015foar\u00e3 o campanie de comunicare cu durata de trei ani, cu scopul&hellip;&nbsp;<a href=\"https:\/\/romfilatelia.ro\/magazin\/produs\/colectii-anuale\/2014\/campanii-unicef-stop-violenthei-impotriva-copiilor-3\/\" class=\"\" rel=\"bookmark\">Cite\u0219te mai mult &raquo;<span class=\"screen-reader-text\">Campanii UNICEF: STOP VIOLEN\u021aEI \u00ceMPOTRIVA COPIILOR!<\/span><\/a><\/p>\n","protected":false},"featured_media":2002808,"template":"","meta":{"neve_meta_sidebar":"","neve_meta_container":"","neve_meta_enable_content_width":"","neve_meta_content_width":0,"neve_meta_title_alignment":"","neve_meta_author_avatar":"","neve_post_elements_order":"","neve_meta_disable_header":"","neve_meta_disable_footer":"","neve_meta_disable_title":""},"product_cat":[104,6],"product_tag":[],"_links":{"self":[{"href":"https:\/\/romfilatelia.ro\/magazin\/wp-json\/wp\/v2\/product\/2001394"}],"collection":[{"href":"https:\/\/romfilatelia.ro\/magazin\/wp-json\/wp\/v2\/product"}],"about":[{"href":"https:\/\/romfilatelia.ro\/magazin\/wp-json\/wp\/v2\/types\/product"}],"wp:featuredmedia":[{"embeddable":true,"href":"https:\/\/romfilatelia.ro\/magazin\/wp-json\/wp\/v2\/media\/2002808"}],"wp:attachment":[{"href":"https:\/\/romfilatelia.ro\/magazin\/wp-json\/wp\/v2\/media?parent=2001394"}],"wp:term":[{"taxonomy":"product_cat","embeddable":true,"href":"https:\/\/romfilatelia.ro\/magazin\/wp-json\/wp\/v2\/product_cat?post=2001394"},{"taxonomy":"product_tag","embeddable":true,"href":"https:\/\/romfilatelia.ro\/magazin\/wp-json\/wp\/v2\/product_tag?post=2001394"}],"curies":[{"name":"wp","href":"https:\/\/api.w.org\/{rel}","templated":true}]}}