{"id":2001389,"date":"2014-04-18T10:32:48","date_gmt":"2014-04-18T10:32:48","guid":{"rendered":"http:\/\/romfilatelia.ro\/store\/2014\/04\/18\/traieate-sanatos-traditii-romaneati-3\/"},"modified":"2016-09-05T08:45:49","modified_gmt":"2016-09-05T08:45:49","slug":"traieate-sanatos-traditii-romaneati-3","status":"publish","type":"product","link":"https:\/\/romfilatelia.ro\/magazin\/produs\/colectii-anuale\/2014\/traieate-sanatos-traditii-romaneati-3\/","title":{"rendered":"TR\u00c3IE\u0218TE S\u00c3N\u00c3TOS! TRADI\u021aII ROM\u00c2NE\u0218TI"},"content":{"rendered":"<p><a href=\"https:\/\/romfilatelia.ro\/magazin\/wp-content\/uploads\/2014\/04\/Traieste_Sanatos_2014_M.jpg\"><img decoding=\"async\" loading=\"lazy\" class=\"alignleft wp-image-2002843 size-medium\" src=\"https:\/\/romfilatelia.ro\/magazin\/wp-content\/uploads\/2014\/04\/Traieste_Sanatos_2014_M-214x300.jpg\" alt=\"Traieste_Sanatos_2014_M\" width=\"214\" height=\"300\" srcset=\"https:\/\/romfilatelia.ro\/magazin\/wp-content\/uploads\/2014\/04\/Traieste_Sanatos_2014_M-214x300.jpg 214w, https:\/\/romfilatelia.ro\/magazin\/wp-content\/uploads\/2014\/04\/Traieste_Sanatos_2014_M-64x90.jpg 64w, https:\/\/romfilatelia.ro\/magazin\/wp-content\/uploads\/2014\/04\/Traieste_Sanatos_2014_M-285x400.jpg 285w, https:\/\/romfilatelia.ro\/magazin\/wp-content\/uploads\/2014\/04\/Traieste_Sanatos_2014_M.jpg 427w\" sizes=\"(max-width: 214px) 100vw, 214px\" \/><\/a> Abord\u00e2nd \u00een tematica m\u00e3rcilor po\u015ftale o tem\u00e3 de interes public cu privire la o alimenta\u0163ie echilibrat\u00e3, <strong>Romfilatelia<\/strong> materializeaz\u00e3 un nou proiect dedicat unui stil de via\u0163\u00e3 s\u00e3n\u00e3tos \u00een universul s\u00e3rb\u00e3torilor tradi\u0163ionale, prin introducerea \u00een circula\u0163ie a emisiunii de m\u00e3rci po\u015ftale <strong><em>Tr\u00e3ie\u015fte s\u00e3n\u00e3tos! Tradi\u0163ii rom\u00e2ne\u015fti<\/em><\/strong>.<\/p>\n<p>Av\u00e2nd \u00een vedere c\u00e3 niciun aliment nu asigur\u00e3 tot necesarul nutri\u0163ional, este important \u015fi recomandat s\u00e3 m\u00e2nc\u00e3m variat, nelipsind fructele, legumele, p\u00e2inea, cerealele, lactatele, carnea sau ou\u00e3le.<\/p>\n<p>Cele patru timbre ilustreaz\u00e3 c\u00e2teva modalit\u00e3\u0163i de preg\u00e3tire a unor preparate tradi\u0163ionale autohtone \u015fi leg\u00e3tura str\u00e2ns\u00e3 \u00eentre s\u00e3rb\u00e3torile calendarului religios rom\u00e2nesc \u015fi bucatele care se consum\u00e3 \u00een aceste perioade.<\/p>\n<p><strong><em>Oul ro\u015fu<\/em><\/strong>, simbol important al S\u00e3rb\u00e3torilor Pascale, a fost mereuasociat cu rena\u015fterea, cu \u00eenceputurile, apoi cu \u00cenvierea Domnului.<\/p>\n<p>De aceea, c\u00e2nd se sparg ou\u00e3le prin ciocnire, se spune: <em>\u201eHristos a \u00cenviat!\u201d, \u201eAdev\u00e3rat a \u00cenviat!\u201d<\/em>, iar \u00een perioada Pa\u015ftelui, cre\u015ftinii folosesc aceste cuvinte, drept salut. Culoarea ro\u015fie simbolizeaz\u00e3 s\u00e2ngele lui Iisus.<\/p>\n<p>Din punct de vedere nutri\u0163ional, oul con\u0163ine adev\u00e3rate complexe energetice naturale, care trebuie consumate \u00een cantit\u00e3\u0163i limitate, din cauza cantit\u00e3\u0163ii mari de colesterol.<\/p>\n<p><strong><em>Mielul<\/em><\/strong> simbolizeaz\u00e3 inocen\u0163a, bl\u00e2nde\u0163ea, puritatea. Mielul sau oaia \u00eentruchipeaz\u00e3 animalul de sacrificiu, credinciosul ca membru al turmei lui Dumnezeu, pe Hristos care s-a sacrificat pentru m\u00e2ntuirea oamenilor, biruind r\u00e3ul.<\/p>\n<p>La pro\u0163ap, cuptor sau \u00een bor\u015ful cu verde\u0163uri, carnea de miel este o prezen\u0163\u00e3 delicioas\u00e3 a acestei perioade.<\/p>\n<p>Din punct de vedere nutritiv, carnea de miel, consumat\u00e3 ra\u0163ional este recomandat\u00e3, \u00eentruc\u00e2t ea con\u0163ine o cantitate mare de proteine, vitamine \u015fi microelemente.<\/p>\n<p>Pentru a asigura \u00eens\u00e3 o bun\u00e3 func\u0163ionare a organismului, friptura de miel \u015fi ou\u00e3le trebuie asociate cu multe salate \u015fi legume de sezon: <strong><em>leurd\u00e3, usturoi, ceap\u00e3 verde, unti\u015for \u015fi altele<\/em><\/strong>.<\/p>\n<p><strong><em>Cozonacul de Pa\u015fte<\/em><\/strong>, similar cu pasca, se prezint\u00e3 ca p\u00e2inea dulce a \u00cenvierii \u015fi rena\u015fterii \u00eentregii crea\u0163ii, put\u00e2nd la fel de bine s\u00e3 fie pus pe mas\u00e3 \u00een loc de pasc\u00e3 sau \u00eempreun\u00e3 cu aceasta.<\/p>\n<p>Simbolic, r\u00e3m\u00e2ne valabil\u00e3 reprezentarea ritualic\u00e3 a jertfei M\u00e2ntuitorului, prin stropirea cu vin sfin\u0163it, la biseric\u00e3.<\/p>\n<p>Simbol al apei, vie\u0163ii, fecundit\u00e3\u0163ii \u015fi \u00een\u0163elepciunii, <strong><em>pe\u015ftele<\/em><\/strong> este unul dintre cele mai timpurii imagini cre\u015ftine, Iisus numindu-i pe Apostoli pescari de oameni \u015fi hr\u00e3nind o mare mul\u0163ime de credincio\u015fi doar cu doi pe\u015fti si cinci p\u00e2ini. Pe l\u00e2ng\u00e3 unirea cu Hristos, pe\u015ftele simbolizez\u00e3 apa, via\u0163a \u015fi hrana spiritual\u00e3.<\/p>\n<p>Pe\u015ftele este un produs cu o valoare nutri\u0163ional\u00e3 foarte bun\u00e3. Cantitateade elemente nutritive variaz\u00e3 \u00een func\u0163ie de specie \u015fi de condi\u0163iile de mediu\u00een care vie\u0163uie\u015fte.<\/p>\n<p>Gr\u00e3simile din pe\u015fte se caracterizeaz\u00e3 mai ales prin prezen\u0163a unei cantit\u00e3\u0163i mari de acizi gra\u015fi polinesatura\u0163i din seria Omega 3.<\/p>\n<p><strong><em>Br\u00e2nza \u00een coaj\u00e3 de brad<\/em><\/strong> este un sortiment ce se prepar\u00e3 \u00een zonele de munte, fiind o important\u00e3 surs\u00e3 de vitamine liposolubile (care pot fidizolvate \u00een gr\u00e3simi sau uleiuri), de aminoacizi esen\u0163iali, calciu, fosfor, magneziu, seleniu \u015fi zinc.<\/p>\n<p>Factor de echilibru \u00een alimenta\u0163ie, lactatele sunt produse care nu ar trebui s\u00e3 lipseasc\u00e3 din hrana fiec\u00e3ruia. Sunt delicioase, s\u00e3n\u00e3toase \u015fise pot combina cu o mul\u0163ime de alte ingrediente.<\/p>\n<p>Nelipsite \u00eentr-o alimenta\u0163ie s\u00e3n\u00e3toas\u00e3 \u015fi variat\u00e3, produsele prezentate \u00een imaginile m\u00e3rcilor po\u015ftale sugereaz\u00e3 ideea c\u00e3, folosind preparatele tradi\u0163ionale autohtone \u00eentr-o combina\u0163ie corect\u00e3 \u015fi evit\u00e2nd abuzurile alimentare, putem sugera mesajul emisiunii <strong><em>Tr\u00e3ie\u015fte s\u00e3n\u00e3tos! Tradi\u0163ii rom\u00e2ne\u015fti<\/em><\/strong>, dar \u015fi recomand\u00e3rile medicilor cu privire la consumul excesiv de alimente care d\u00e3uneaz\u00e3 grav s\u00e3n\u00e3t\u00e3\u0163ii.<\/p>\n<p>Cele patru timbre ale emisiunii ilustreaz\u00e3 o parte din felurile de alimente tradi\u0163ionale de pe masa de S\u00e3rb\u00e3toare a rom\u00e2nului.<\/p>\n<p>Marca po\u015ftal\u00e3 cu valoarea nominal\u00e3 de <strong>1 leu<\/strong> reproduce imaginea unui asortiment de cozonac \u015fi ou\u00e3 ro\u015fii.<\/p>\n<p>Marca po\u015ftal\u00e3 cu valoarea nominal\u00e3 de <strong>3,60 lei<\/strong> reproduce imagineaunui aranjament de pe\u015fte pe cetin\u00e3 de brad.<\/p>\n<p>M\u00e3rcile po\u015ftale cu valoarea nominal\u00e3 de <strong>4,50 lei<\/strong> \u015fi <strong>8,10 lei<\/strong> reproduc o friptur\u00e3 de miel \u015fi legume de sezon, respectiv br\u00e2nzeturi tradi\u0163ionale.<\/p>\n<p>Data Aparitie:2014-04-18<\/p>\n<p><a href=\"https:\/\/romfilatelia.ro\/magazin\/wp-content\/uploads\/2014\/04\/Traieste_Sanatos_2014_box.jpg\"><img decoding=\"async\" loading=\"lazy\" class=\"wp-image-2002844 size-full aligncenter\" src=\"https:\/\/romfilatelia.ro\/magazin\/wp-content\/uploads\/2014\/04\/Traieste_Sanatos_2014_box.jpg\" alt=\"Traieste_Sanatos_2014_box\" width=\"750\" height=\"671\" srcset=\"https:\/\/romfilatelia.ro\/magazin\/wp-content\/uploads\/2014\/04\/Traieste_Sanatos_2014_box.jpg 750w, https:\/\/romfilatelia.ro\/magazin\/wp-content\/uploads\/2014\/04\/Traieste_Sanatos_2014_box-500x447.jpg 500w, https:\/\/romfilatelia.ro\/magazin\/wp-content\/uploads\/2014\/04\/Traieste_Sanatos_2014_box-64x57.jpg 64w, https:\/\/romfilatelia.ro\/magazin\/wp-content\/uploads\/2014\/04\/Traieste_Sanatos_2014_box-300x268.jpg 300w\" sizes=\"(max-width: 750px) 100vw, 750px\" \/><\/a><\/p>\n","protected":false},"excerpt":{"rendered":"<p>Abord\u00e2nd \u00een tematica m\u00e3rcilor po\u015ftale o tem\u00e3 de interes public cu privire la o alimenta\u0163ie echilibrat\u00e3, Romfilatelia materializeaz\u00e3 un nou proiect dedicat unui stil de via\u0163\u00e3 s\u00e3n\u00e3tos \u00een universul s\u00e3rb\u00e3torilor tradi\u0163ionale, prin introducerea \u00een circula\u0163ie a emisiunii de m\u00e3rci po\u015ftale Tr\u00e3ie\u015fte s\u00e3n\u00e3tos! Tradi\u0163ii rom\u00e2ne\u015fti. Av\u00e2nd \u00een vedere c\u00e3 niciun aliment nu asigur\u00e3 tot necesarul nutri\u0163ional,&hellip;&nbsp;<a href=\"https:\/\/romfilatelia.ro\/magazin\/produs\/colectii-anuale\/2014\/traieate-sanatos-traditii-romaneati-3\/\" class=\"\" rel=\"bookmark\">Cite\u0219te mai mult &raquo;<span class=\"screen-reader-text\">TR\u00c3IE\u0218TE S\u00c3N\u00c3TOS! TRADI\u021aII ROM\u00c2NE\u0218TI<\/span><\/a><\/p>\n","protected":false},"featured_media":2002843,"template":"","meta":{"neve_meta_sidebar":"","neve_meta_container":"","neve_meta_enable_content_width":"","neve_meta_content_width":0,"neve_meta_title_alignment":"","neve_meta_author_avatar":"","neve_post_elements_order":"","neve_meta_disable_header":"","neve_meta_disable_footer":"","neve_meta_disable_title":""},"product_cat":[104,6],"product_tag":[],"_links":{"self":[{"href":"https:\/\/romfilatelia.ro\/magazin\/wp-json\/wp\/v2\/product\/2001389"}],"collection":[{"href":"https:\/\/romfilatelia.ro\/magazin\/wp-json\/wp\/v2\/product"}],"about":[{"href":"https:\/\/romfilatelia.ro\/magazin\/wp-json\/wp\/v2\/types\/product"}],"wp:featuredmedia":[{"embeddable":true,"href":"https:\/\/romfilatelia.ro\/magazin\/wp-json\/wp\/v2\/media\/2002843"}],"wp:attachment":[{"href":"https:\/\/romfilatelia.ro\/magazin\/wp-json\/wp\/v2\/media?parent=2001389"}],"wp:term":[{"taxonomy":"product_cat","embeddable":true,"href":"https:\/\/romfilatelia.ro\/magazin\/wp-json\/wp\/v2\/product_cat?post=2001389"},{"taxonomy":"product_tag","embeddable":true,"href":"https:\/\/romfilatelia.ro\/magazin\/wp-json\/wp\/v2\/product_tag?post=2001389"}],"curies":[{"name":"wp","href":"https:\/\/api.w.org\/{rel}","templated":true}]}}