{"id":2001381,"date":"2014-01-29T10:26:06","date_gmt":"2014-01-29T10:26:06","guid":{"rendered":"http:\/\/romfilatelia.ro\/store\/2014\/01\/29\/florile-deertului-3\/"},"modified":"2016-07-29T08:41:36","modified_gmt":"2016-07-29T08:41:36","slug":"florile-deertului-3","status":"publish","type":"product","link":"https:\/\/romfilatelia.ro\/magazin\/produs\/colectii-anuale\/2014\/florile-deertului-3\/","title":{"rendered":"FLORILE DE\u0218ERTULUI"},"content":{"rendered":"<p><a href=\"https:\/\/romfilatelia.ro\/magazin\/wp-content\/uploads\/2014\/01\/Florile_Desertului_M.jpg\"><img decoding=\"async\" loading=\"lazy\" class=\"alignleft wp-image-2002887 size-medium\" src=\"https:\/\/romfilatelia.ro\/magazin\/wp-content\/uploads\/2014\/01\/Florile_Desertului_M-300x253.jpg\" alt=\"Florile_Desertului_M\" width=\"300\" height=\"253\" srcset=\"https:\/\/romfilatelia.ro\/magazin\/wp-content\/uploads\/2014\/01\/Florile_Desertului_M-300x253.jpg 300w, https:\/\/romfilatelia.ro\/magazin\/wp-content\/uploads\/2014\/01\/Florile_Desertului_M-500x421.jpg 500w, https:\/\/romfilatelia.ro\/magazin\/wp-content\/uploads\/2014\/01\/Florile_Desertului_M-64x54.jpg 64w, https:\/\/romfilatelia.ro\/magazin\/wp-content\/uploads\/2014\/01\/Florile_Desertului_M.jpg 600w\" sizes=\"(max-width: 300px) 100vw, 300px\" \/><\/a> Flora, tem\u00e3 \u00eendr\u00e3git\u00e3 de pasiona\u021bii filateliei, este abordat\u00e3 \u0219i \u00een acest an de <strong>Romfilatelia<\/strong> \u00een emisiunea de m\u00e3rci po\u0219tale <strong><em>Florile de\u0219ertului<\/em><\/strong>, realizat\u00e3 \u00eentr-o manier\u00e3 ilustrativ\u00e3 deosebit\u00e3.<\/p>\n<p>Atunci c\u00e2nd v\u00e3 imagina\u021bi un de\u0219ert, la ce anume v\u00e3 g\u00e2ndi\u021bi prima dat\u00e3? Poate la nisip \u0219i c\u00e3ldur\u00e3? Sau poate la vegeta\u021bie? Sau mai degrab\u00e3 la lipsa ei?<\/p>\n<p>Chiar dac\u00e3 de\u0219ertul, ca zon\u00e3 geografic\u00e3, prime\u0219te minime precipita\u021bii \u0219i are reputa\u021bia de a sus\u021bine pu\u021bine forme de via\u021b\u00e3, el ofer\u00e3 \u00eens\u00e3 oamenilor nenum\u00e3rate \u0219i variate plante.<\/p>\n<p>Patru dintre aceste flori specifice zonelor de\u0219ertice sunt ilustrate pe m\u00e3rcile po\u0219tale ale emisiunii.<\/p>\n<p>Pe timbrul cu valoarea nominal\u00e3 de <strong>1,00 lei<\/strong> este reprodus\u00e3 imaginea florii <strong>Echinocereus triglochidiatus<\/strong>, apar\u021bin\u00e2nd <em>familiei Cactaceae<\/em>.<\/p>\n<p>Aceasta cre\u0219te \u00een sud-vestul Statelor Unite ale Americii, \u00een nordul Mexicului, fiind \u00eent\u00e2lnit\u00e3 \u00een regiuni de\u0219ertice st\u00e2ncoase, dar \u0219i \u00een zone umbroase, la altitudini de 150 p\u00e2n\u00e3 la 3.500 de metri. Datorit\u00e3 propriet\u00e3\u021bii tulpinilor de a se aduna str\u00e2ns, poate rezista \u0219i \u00een condi\u021bii de temperaturi mai sc\u00e3zute.<\/p>\n<p>Planta este bogat l\u00e3st\u00e3rit\u00e3, form\u00e2nd sute de tulpini sferice \u0219i cilindrice, cu spini den\u0219i. Florile au culoarea ro\u0219ie-portocalie cu un diametru de 8-9 cm. Ele stau deschise \u0219i noaptea, \u00eenflorind \u00een lunile aprilie &#8211; iunie. Fructele acestei plante sunt ro\u0219ii \u0219i comestibile.<\/p>\n<p>Pe timbrul cu valoarea nominal\u00e3 de <strong>1,40 lei<\/strong> este ilustrat\u00e3 <strong>Baileya multiradiata<\/strong>, care tr\u00e3ie\u0219te \u00een vestul Mexicului \u0219i al Statelor Unite ale Americii.<\/p>\n<p>Este o plant\u00e3 ce apar\u021bine <em>familiei Compositae<\/em>, \u00eent\u00e2lnit\u00e3 \u00een regiuni de\u0219ertice sau terenuri nisipoase \u00eensorite. Atinge 20-50 cm \u00een\u00e3l\u021bime \u0219i cre\u0219te \u00een grupuri mari, sub forma unor covoare, \u00eens\u00e3 este o plant\u00e3 erbacee anual\u00e3 sau peren\u00e3 cu via\u021b\u00e3 scurt\u00e3. Se remarc\u00e3 prin culoarea galben\u00e3 a florilor \u0219i frunzele penate, acoperite cu peri, iar perioada de \u00eenflorire este aprilie &#8211; octombrie.<\/p>\n<p><strong>Solanum elaeagnifolium<\/strong>, plant\u00e3 ce apar\u021bine <em>familiei Solanaceae<\/em>, este ilustrat\u00e3 pe timbrul cu valoarea nominal\u00e3 de <strong>8,10 lei<\/strong>. Originar\u00e3 din America de Nord, s-a \u00eempr\u00e3\u0219tiat accidental \u0219i \u00een America de Sud, Australia, Egipt, Grecia, Israel, India, Italia \u0219i Africa de Sud.<\/p>\n<p>Este o plant\u00e3 invaziv\u00e3, foarte greu de controlat, periculoas\u00e3 pentru culturile agricole \u0219i rezistent\u00e3 la usc\u00e3ciune. Se \u00eenmul\u021be\u0219te rapid \u0219i are r\u00e3d\u00e3cini viguroase, acestea p\u00e3trunz\u00e2nd \u00een sol p\u00e2n\u00e3 la 2-5 m ad\u00e2ncime. Are frunzele p\u00e3roase, de culoare verde-argintiu, iar florile au cel mai des culoarea albastru-violet pal, ocazional acestea fiind albe. \u00cenflore\u0219te \u00een perioada aprilie &#8211; august, iar fructele sale ro\u0219ii-portocalii sunt toxice, caracteristic\u00e3 definitorie pentru toate speciile din familia Solanaceae.<\/p>\n<p>Pe timbrul cu valoarea nominal\u00e3 de <strong>14,50 lei<\/strong> este ilustrat <strong>Hibiscus denudatus<\/strong>, un arbust peren ce apar\u021bine <em>familiei Malvaceae<\/em> \u0219i cre\u0219te \u00een sud-vestul Statelor Unite ale Americii, nordul Mexicului, dar \u0219i \u00een regiuni de\u0219ertice, pante sau platouri st\u00e2ncoase, de p\u00e2n\u00e3 la 600 m altitudine.<\/p>\n<p>Are o \u00een\u00e3l\u021bime de un metru \u0219i jum\u00e3tate, iar frunzele, de culoare verde deschis, sunt mici, p\u00e3roase \u0219i fin din\u021bate. Florile sunt roz ori violet pal, dar \u0219i albe, adesea translucente, \u00een form\u00e3 de cup\u00e3.<\/p>\n<p>\u00cenflore\u0219te \u00een perioada ianuarie &#8211; octombrie, iar semin\u021bele fructelor reprezint\u00e3 adesea hran\u00e3 pentru p\u00e3s\u00e3ri.<\/p>\n<p><strong><em>Aducem mul\u021bumiri conducerii Gr\u00e3dinii Botanice \u201eDimitrie Br\u00e2ndz\u00e3\u201d din Bucure\u0219ti pentru sprijinul acordat la realizarea acestei emisiuni de m\u00e3rci po\u0219tale. <\/em><\/strong><\/p>\n<p>Data Aparitie:2014-01-29<\/p>\n<p><a href=\"https:\/\/romfilatelia.ro\/magazin\/wp-content\/uploads\/2014\/01\/Florile_Desertului_box.jpg\"><img decoding=\"async\" loading=\"lazy\" class=\"wp-image-2002888 size-full aligncenter\" src=\"https:\/\/romfilatelia.ro\/magazin\/wp-content\/uploads\/2014\/01\/Florile_Desertului_box.jpg\" alt=\"Florile_Desertului_box\" width=\"750\" height=\"674\" srcset=\"https:\/\/romfilatelia.ro\/magazin\/wp-content\/uploads\/2014\/01\/Florile_Desertului_box.jpg 750w, https:\/\/romfilatelia.ro\/magazin\/wp-content\/uploads\/2014\/01\/Florile_Desertului_box-500x449.jpg 500w, https:\/\/romfilatelia.ro\/magazin\/wp-content\/uploads\/2014\/01\/Florile_Desertului_box-64x58.jpg 64w, https:\/\/romfilatelia.ro\/magazin\/wp-content\/uploads\/2014\/01\/Florile_Desertului_box-300x270.jpg 300w\" sizes=\"(max-width: 750px) 100vw, 750px\" \/><\/a><\/p>\n","protected":false},"excerpt":{"rendered":"<p>Flora, tem\u00e3 \u00eendr\u00e3git\u00e3 de pasiona\u021bii filateliei, este abordat\u00e3 \u0219i \u00een acest an de Romfilatelia \u00een emisiunea de m\u00e3rci po\u0219tale Florile de\u0219ertului, realizat\u00e3 \u00eentr-o manier\u00e3 ilustrativ\u00e3 deosebit\u00e3. Atunci c\u00e2nd v\u00e3 imagina\u021bi un de\u0219ert, la ce anume v\u00e3 g\u00e2ndi\u021bi prima dat\u00e3? Poate la nisip \u0219i c\u00e3ldur\u00e3? Sau poate la vegeta\u021bie? Sau mai degrab\u00e3 la lipsa ei? Chiar&hellip;&nbsp;<a href=\"https:\/\/romfilatelia.ro\/magazin\/produs\/colectii-anuale\/2014\/florile-deertului-3\/\" class=\"\" rel=\"bookmark\">Cite\u0219te mai mult &raquo;<span class=\"screen-reader-text\">FLORILE DE\u0218ERTULUI<\/span><\/a><\/p>\n","protected":false},"featured_media":2002887,"template":"","meta":{"neve_meta_sidebar":"","neve_meta_container":"","neve_meta_enable_content_width":"","neve_meta_content_width":0,"neve_meta_title_alignment":"","neve_meta_author_avatar":"","neve_post_elements_order":"","neve_meta_disable_header":"","neve_meta_disable_footer":"","neve_meta_disable_title":""},"product_cat":[104,6],"product_tag":[],"_links":{"self":[{"href":"https:\/\/romfilatelia.ro\/magazin\/wp-json\/wp\/v2\/product\/2001381"}],"collection":[{"href":"https:\/\/romfilatelia.ro\/magazin\/wp-json\/wp\/v2\/product"}],"about":[{"href":"https:\/\/romfilatelia.ro\/magazin\/wp-json\/wp\/v2\/types\/product"}],"wp:featuredmedia":[{"embeddable":true,"href":"https:\/\/romfilatelia.ro\/magazin\/wp-json\/wp\/v2\/media\/2002887"}],"wp:attachment":[{"href":"https:\/\/romfilatelia.ro\/magazin\/wp-json\/wp\/v2\/media?parent=2001381"}],"wp:term":[{"taxonomy":"product_cat","embeddable":true,"href":"https:\/\/romfilatelia.ro\/magazin\/wp-json\/wp\/v2\/product_cat?post=2001381"},{"taxonomy":"product_tag","embeddable":true,"href":"https:\/\/romfilatelia.ro\/magazin\/wp-json\/wp\/v2\/product_tag?post=2001381"}],"curies":[{"name":"wp","href":"https:\/\/api.w.org\/{rel}","templated":true}]}}