{"id":2001380,"date":"2014-01-23T10:24:07","date_gmt":"2014-01-23T10:24:07","guid":{"rendered":"http:\/\/romfilatelia.ro\/store\/2014\/01\/23\/oraaele-romaniei-arad-3\/"},"modified":"2016-09-05T08:15:53","modified_gmt":"2016-09-05T08:15:53","slug":"oraaele-romaniei-arad-3","status":"publish","type":"product","link":"https:\/\/romfilatelia.ro\/magazin\/produs\/colectii-anuale\/2014\/oraaele-romaniei-arad-3\/","title":{"rendered":"ORA\u0218ELE ROM\u00c2NIEI: ARAD"},"content":{"rendered":"<p><strong><a href=\"https:\/\/romfilatelia.ro\/magazin\/wp-content\/uploads\/2014\/01\/Arad_M.jpg\"><img decoding=\"async\" loading=\"lazy\" class=\"alignleft wp-image-2002892 size-medium\" src=\"https:\/\/romfilatelia.ro\/magazin\/wp-content\/uploads\/2014\/01\/Arad_M-300x262.jpg\" alt=\"Arad_M\" width=\"300\" height=\"262\" srcset=\"https:\/\/romfilatelia.ro\/magazin\/wp-content\/uploads\/2014\/01\/Arad_M-300x262.jpg 300w, https:\/\/romfilatelia.ro\/magazin\/wp-content\/uploads\/2014\/01\/Arad_M-500x436.jpg 500w, https:\/\/romfilatelia.ro\/magazin\/wp-content\/uploads\/2014\/01\/Arad_M-64x56.jpg 64w, https:\/\/romfilatelia.ro\/magazin\/wp-content\/uploads\/2014\/01\/Arad_M.jpg 600w\" sizes=\"(max-width: 300px) 100vw, 300px\" \/><\/a><\/strong><\/p>\n<p><strong>Romfilatelia<\/strong> continu\u00e3 \u015fi \u00een anul 2014 seria emisiunilor de m\u00e3rci po\u015ftale care prezint\u00e3 regiuni \u015fi ora\u015fe ale \u0163\u00e3rii noastre. Emisiunea de m\u00e3rci po\u015ftale pe care o introduce \u00een circula\u0163ie este dedicat\u00e3 ora\u015fului <strong>Arad<\/strong>.<\/p>\n<p><strong><em>Palatul Administrativ (Prim\u00e3ria)<\/em><\/strong> din Arad, ilustrat pe timbrul cu valoarea nominal\u00e3 de <strong>2,00 lei<\/strong>, g\u00e3zduie\u015fte Prim\u00e3ria \u015fi Institu\u0163ia Prefectului, fiind construit \u00eentre anii 1872 \u015fi 1876 dup\u00e3 proiectul arhitectului \u00d6d\u00f6n Lechner din Budapesta. Din cauze financiare planul cl\u00e3dirii a fost ulterior modificat, de arhitectul ar\u00e3dean Pek\u00e1r Ferenc.<\/p>\n<p>Apar\u0163in\u00e2nd arhitecturii eclectice, cl\u00e3direa \u00eembin\u00e3 neorenascentismul flamand cu stilul prim\u00e3riilor medievale t\u00e2rzii. Are forma literei U cu un turn \u00eenalt de 54 m, \u00een care se g\u00e3se\u015fte orologiul adus din Elve\u0163ia, \u00een 1878.<\/p>\n<p>Ferestrele holului spa\u0163ios au fost \u00eenlocuite cu vitraliile realizate de Sever Fren\u0163iu, artist plastic ar\u00e3dean de renume interna\u0163ional. Tema vitraliilor ilustreaz\u00e3 <em>Timpul<\/em>, prin dou\u00e3 cicluri, cel al anotimpurilor \u015fi cel al lunilor anului.<\/p>\n<p><strong><em>Catedrala ortodox\u00e3 veche<\/em><\/strong>, ilustrat\u00e3 pe timbrul cu valoarea nominal\u00e3 de <strong>2,10 lei<\/strong>, este un exemplu de neobaroc clasicizant,care se \u00eencadreaz\u00e3 mai degrab\u00e3 arhitecturii bisericii de ritoccidental din secolul al XIX-lea, dec\u00e2t \u00een arhitectura bisericilor ortodoxe contemporane.<\/p>\n<p>Av\u00e2nd hramul \u201eNa\u015fterea Sf. Ioan Botez\u00e3torul\u201d, catedrala a fost construit\u00e3, \u00een stil baroc, \u00eentre anii 1862-1865, dup\u00e3 planurile arhitectului Antal Czigler, fiul.<\/p>\n<p>Cl\u00e3direa prezint\u00e3 un plan treflat cu un pronaos supral\u00e3rgit ca urmare a flanc\u00e3rii lui cu cele dou\u00e3 turnuri clopotni\u0163\u00e3.<\/p>\n<p>Cele dou\u00e3 turnuri, care dau monumentalitate cl\u00e3dirii, au fost supra\u00een\u00e3l\u0163ate \u00een anul 1904. Ele au c\u00e2te un orologiu pe fiecare latur\u00e3.<\/p>\n<p>P\u00e2n\u00e3 \u00een anul 2009, cl\u00e3direa a fost sediul scaunului episcopalal Aradului, Ienopolei \u015fi H\u00e3lmagiului.<\/p>\n<p><strong><em>Biserica Evanghelic\u00e3-Lutheran\u00e3<\/em><\/strong>, ilustrat\u00e3 pe timbrul cu valoarea nominal\u00e3 de <strong>3,60 lei<\/strong>, cunoscut\u00e3 \u015fi sub numele de \u201eBiserica Ro\u015fie\u201d datorit\u00e3 finisajului exterior din c\u00e3r\u00e3mid\u00e3 aparent\u00e3, a fost construit\u00e3 \u00eentre anii 1905-1906 \u00een stil neogotic, dup\u00e3 proiectul arhitectului ar\u00e3dean Lajos Sz\u00e1ntay.<\/p>\n<p>Turnul principal are o \u00een\u00e3l\u0163ime de 46 de metri. Pe toate cele patru laturi se afl\u00e3 c\u00e2te un orologiu, cu un mecanism central ce transmite impulsuri electrice acestora.<\/p>\n<p>La inaugurare, biserica a avut trei clopote, turnate \u00een atelierele turn\u00e3toriei H\u00f6nig din Arad, dar \u00een timpul Primului R\u00e3zboi Mondial, autorit\u00e3\u0163ile au hot\u00e3r\u00e2t ca dou\u00e3 dintre ele s\u00e3 fie topite pentru a se face proiectile.<\/p>\n<p><strong><em>Teatrul Clasic \u201eIoan Slavici\u201d<\/em><\/strong>, ilustrat pe timbrul cu valoarea nominal\u00e3 de <strong>14,50 lei<\/strong>, este una dintre cele mai impresionante cl\u00e3diri ale Aradului.<\/p>\n<p>Realizat \u00een stil neoclasic, a fost construit \u00eentre anii 1872-1874, foarte probabil, dup\u00e3 planurile arhitectului Gy\u00f6z\u00f6 Czigler.<\/p>\n<p>Sala teatrului, cu trei etaje, avea o capacitate construit\u00e3 de 1200 de locuri \u015fi era luminat\u00e3 de un candelabru cu 36 de bra\u0163e, ca la Opera din Viena.<\/p>\n<p>Scena avea o ad\u00e2ncime de 16 m, deschiderea de 10 m \u015fi \u00een\u00e3l\u0163imea de 20 m.<\/p>\n<p>Inaugurarea teatrului a avut loc pe 21 septembrie 1874 \u00een prezen\u0163a a \u00eensu\u015fi \u00cemp\u00e3ratului Francisc Iosef I.<\/p>\n<p>At\u00e2t \u00een anul 1883, c\u00e2t \u015fi \u00een anul 1955, cl\u00e3direa a fost mistuit\u00e3 de incendii, de fiecare dat\u00e3 fiind ref\u00e3cut\u00e3 \u00een totalitate.<\/p>\n<p>\u00cen urma celui de-al doilea incendiu, teatrul a suferit schimb\u00e3ri majore, intrarea principal\u00e3 fiind mutat\u00e3 spre bulevard, iar sala de spectacole a fost mic\u015forat\u00e3, fiind ad\u00e3ugat\u00e3 o sal\u00e3 de studio la etajul al doilea.<\/p>\n<p><strong><em>Aducem mul\u0163umirile noastre conducerii Complexului Muzeal Arad pentru sprijinul acordat la realizarea acestei emisiuni de m\u00e3rci po\u015ftale. Suportul fotografic a fost asigurat de Delia Hugel, Florin Hornoiu \u015fi Fotostudioul B&amp;B Helios. <\/em><\/strong><\/p>\n<p>Data Aparitie:2014-01-23<\/p>\n<p><strong><a href=\"https:\/\/romfilatelia.ro\/magazin\/wp-content\/uploads\/2014\/01\/Arad_box.jpg\"><img decoding=\"async\" loading=\"lazy\" class=\"wp-image-2002894 size-full aligncenter\" src=\"https:\/\/romfilatelia.ro\/magazin\/wp-content\/uploads\/2014\/01\/Arad_box.jpg\" alt=\"Arad_box\" width=\"750\" height=\"606\" srcset=\"https:\/\/romfilatelia.ro\/magazin\/wp-content\/uploads\/2014\/01\/Arad_box.jpg 750w, https:\/\/romfilatelia.ro\/magazin\/wp-content\/uploads\/2014\/01\/Arad_box-500x404.jpg 500w, https:\/\/romfilatelia.ro\/magazin\/wp-content\/uploads\/2014\/01\/Arad_box-64x52.jpg 64w, https:\/\/romfilatelia.ro\/magazin\/wp-content\/uploads\/2014\/01\/Arad_box-300x242.jpg 300w\" sizes=\"(max-width: 750px) 100vw, 750px\" \/><\/a><\/strong><\/p>\n","protected":false},"excerpt":{"rendered":"<p>Romfilatelia continu\u00e3 \u015fi \u00een anul 2014 seria emisiunilor de m\u00e3rci po\u015ftale care prezint\u00e3 regiuni \u015fi ora\u015fe ale \u0163\u00e3rii noastre. Emisiunea de m\u00e3rci po\u015ftale pe care o introduce \u00een circula\u0163ie este dedicat\u00e3 ora\u015fului Arad. Palatul Administrativ (Prim\u00e3ria) din Arad, ilustrat pe timbrul cu valoarea nominal\u00e3 de 2,00 lei, g\u00e3zduie\u015fte Prim\u00e3ria \u015fi Institu\u0163ia Prefectului, fiind construit \u00eentre&hellip;&nbsp;<a href=\"https:\/\/romfilatelia.ro\/magazin\/produs\/colectii-anuale\/2014\/oraaele-romaniei-arad-3\/\" class=\"\" rel=\"bookmark\">Cite\u0219te mai mult &raquo;<span class=\"screen-reader-text\">ORA\u0218ELE ROM\u00c2NIEI: ARAD<\/span><\/a><\/p>\n","protected":false},"featured_media":2002892,"template":"","meta":{"neve_meta_sidebar":"","neve_meta_container":"","neve_meta_enable_content_width":"","neve_meta_content_width":0,"neve_meta_title_alignment":"","neve_meta_author_avatar":"","neve_post_elements_order":"","neve_meta_disable_header":"","neve_meta_disable_footer":"","neve_meta_disable_title":""},"product_cat":[104,6],"product_tag":[],"_links":{"self":[{"href":"https:\/\/romfilatelia.ro\/magazin\/wp-json\/wp\/v2\/product\/2001380"}],"collection":[{"href":"https:\/\/romfilatelia.ro\/magazin\/wp-json\/wp\/v2\/product"}],"about":[{"href":"https:\/\/romfilatelia.ro\/magazin\/wp-json\/wp\/v2\/types\/product"}],"wp:featuredmedia":[{"embeddable":true,"href":"https:\/\/romfilatelia.ro\/magazin\/wp-json\/wp\/v2\/media\/2002892"}],"wp:attachment":[{"href":"https:\/\/romfilatelia.ro\/magazin\/wp-json\/wp\/v2\/media?parent=2001380"}],"wp:term":[{"taxonomy":"product_cat","embeddable":true,"href":"https:\/\/romfilatelia.ro\/magazin\/wp-json\/wp\/v2\/product_cat?post=2001380"},{"taxonomy":"product_tag","embeddable":true,"href":"https:\/\/romfilatelia.ro\/magazin\/wp-json\/wp\/v2\/product_tag?post=2001380"}],"curies":[{"name":"wp","href":"https:\/\/api.w.org\/{rel}","templated":true}]}}