{"id":2001377,"date":"2013-12-20T09:36:34","date_gmt":"2013-12-20T09:36:34","guid":{"rendered":"http:\/\/romfilatelia.ro\/store\/2013\/12\/20\/traditii-ceramica-de-corund-judethul-harghita\/"},"modified":"2016-08-03T09:30:01","modified_gmt":"2016-08-03T09:30:01","slug":"traditii-ceramica-de-corund-judethul-harghita","status":"publish","type":"product","link":"https:\/\/romfilatelia.ro\/magazin\/produs\/colectii-anuale\/2013\/traditii-ceramica-de-corund-judethul-harghita\/","title":{"rendered":"TRADI\u021aII &#8211; CERAMICA DE CORUND, jude\u021bul Harghita"},"content":{"rendered":"<p><a href=\"https:\/\/romfilatelia.ro\/magazin\/wp-content\/uploads\/2013\/12\/Ceramica_Corund_M.jpg\"><img decoding=\"async\" loading=\"lazy\" class=\"alignleft wp-image-2002699 size-medium\" src=\"https:\/\/romfilatelia.ro\/magazin\/wp-content\/uploads\/2013\/12\/Ceramica_Corund_M-300x251.jpg\" alt=\"Ceramica_Corund_M\" width=\"300\" height=\"251\" srcset=\"https:\/\/romfilatelia.ro\/magazin\/wp-content\/uploads\/2013\/12\/Ceramica_Corund_M-300x251.jpg 300w, https:\/\/romfilatelia.ro\/magazin\/wp-content\/uploads\/2013\/12\/Ceramica_Corund_M-500x418.jpg 500w, https:\/\/romfilatelia.ro\/magazin\/wp-content\/uploads\/2013\/12\/Ceramica_Corund_M-64x54.jpg 64w, https:\/\/romfilatelia.ro\/magazin\/wp-content\/uploads\/2013\/12\/Ceramica_Corund_M.jpg 600w\" sizes=\"(max-width: 300px) 100vw, 300px\" \/><\/a><\/p>\n<p>Tradi\u0163iile reprezint\u00e3 ansamblul concep\u0163iilor, al obiceiurilor, datinilor \u015fi credin\u0163elor, sunt mo\u015ftenirea vie a trecutului ce influen\u0163eaz\u00e3 mereu prezentul. Al\u00e3turi de ritualuri \u015fi ceremonii, ele sunt permanente \u00een istoria unei culturi, a unei \u0163\u00e3ri.<\/p>\n<p>Promotoare a valorilor spirituale \u015fi culturale, <strong>Romfilatelia<\/strong> introduce \u00een circula\u0163ie emisiunea de m\u00e3rci po\u015ftale <strong><em>Tradi\u0163ii &#8211; Ceramica de Corund, jude\u0163ul Harghita<\/em><\/strong>.<\/p>\n<p>Me\u015fte\u015fugul ol\u00e3ritului dateaz\u00e3 pe teritoriul \u0163\u00e3rii noastre \u00eenc\u00e3 din mileniul VI \u00ee.Hr.<\/p>\n<p>De-a lungul vremii, centrele specializate \u00een tehnica ceramicii au fost r\u00e3sp\u00e2ndite pe \u00eentreg teritoriul locuit destr\u00e3mo\u015fii rom\u00e2nilor de azi. Pe plan european, Rom\u00e2nia este singura \u0163ar\u00e3 care a conservat \u00een \u00eentregime me\u015fte\u015fugul ol\u00e3ritului.<\/p>\n<p>Valoarea crea\u0163iei \u00een domeniul me\u015fte\u015fugului amintiteste unanim recunoscut\u00e3 \u00een \u00eentreaga lume, centrele de crea\u0163ie din Curtea de Arge\u015f, Poieni\u0163a, Stroie\u015fti,Marginea, R\u00e3d\u00e3u\u0163i sau P\u00e3ltinoasa fiind recunoscute ca adev\u00e3rate branduri.<\/p>\n<p>Crea\u0163ia unei prestigioase zone a ol\u00e3ritului a intrat \u00een patrimoniul mondial UNESCO, prin decora\u0163iunea original\u00e3 cu imaginea \u201ecoco\u015fului de Horezu\u201d.<\/p>\n<p>Prin form\u00e3, propor\u0163ii, cromatic\u00e3, ceramica define\u015fte inventivitatea \u015fi inspira\u0163ia olarilor care s-au folosit de influen\u0163ele greco-romane, ulterior \u015fi de cele ale popoarelor migratoare, p\u00e3str\u00e2nd \u00eens\u00e3 specificul arealului rom\u00e2nesc.<\/p>\n<p>Ceramica a \u00eenso\u0163it comunit\u00e3\u0163ile umane de-a lungul istoriei, fiind prezent\u00e3 la toate manifest\u00e3rile de spiritualitate ale acestora.<\/p>\n<p>Realizat\u00e3 \u00eentr-o mare varietate cromatic\u00e3 (alb\u00e3, albastr\u00e3, maro sau multicolor\u00e3), ceramica secuiasc\u00e3 de Corund se distinge prin ornamente florale (laleaua) \u015fi zoomorfe (cerbul, pas\u00e3rea), stilizate cu mult\u00e3 imagina\u0163ie.<\/p>\n<p>\u00cen centrul ceramic Corund, me\u015fte\u015fugul a fost transmis din genera\u0163ie \u00een genera\u0163ie, ast\u00e3zi aici fiind \u00een jur de 200 de olari.<\/p>\n<p>Ace\u015ftia, dintr-un bulg\u00e3re de lut, realizeaz\u00e3 adev\u00e3rate bijuterii care au ajuns \u00een aproape toate col\u0163urile lumii, duc\u00e2nd faima olarilor din Corund.<\/p>\n<p>Decorarea acestor obiecte de ceramic\u00e3 se realizeaz\u00e3cu pigmen\u0163i speciali, cei mai \u00eent\u00e2lni\u0163i fiind albastrul-cobalt, verdele, galbenul, ro\u015ful-c\u00e3r\u00e3miziu.<\/p>\n<p>Emisiunea de m\u00e3rci po\u015ftale <strong><em>Tradi\u0163ii &#8211; Ceramica de Corund, jude\u0163ul Harghita<\/em><\/strong>, alc\u00e3tuit\u00e3 din patru timbre cu valorile nominale de <strong>3,30 lei<\/strong>, <strong>3,60 lei<\/strong>, <strong>5,00 lei<\/strong> \u015fi <strong>8,10 lei<\/strong>, ilustreaz\u00e3 obiecte din ceramic\u00e3 de Corund decorate \u00eentr-o cromatic\u00e3 specific\u00e3 albastru-cobalt cu motive florale \u015fi zoomorfe, \u00een fundal reg\u00e3sindu-se reprezent\u00e3ri grafice ale motivelor care decoreaz\u00e3 obiectele.<\/p>\n<p><strong><em>Aducem mul\u0163umiri Muzeului Na\u0163ional al \u021a\u00e3ranului Rom\u00e2n pentru sprijinul acordat la realizarea acestei emisiuni de m\u00e3rci po\u015ftale<\/em><\/strong>.<\/p>\n<p>&nbsp;<\/p>\n<p>Data Aparitie:2013-12-20<\/p>\n<p><a href=\"https:\/\/romfilatelia.ro\/magazin\/wp-content\/uploads\/2013\/12\/Ceramica_Corund_box.jpg\"><img decoding=\"async\" loading=\"lazy\" class=\"wp-image-2002698 size-full aligncenter\" src=\"https:\/\/romfilatelia.ro\/magazin\/wp-content\/uploads\/2013\/12\/Ceramica_Corund_box.jpg\" alt=\"Ceramica_Corund_box\" width=\"750\" height=\"420\" srcset=\"https:\/\/romfilatelia.ro\/magazin\/wp-content\/uploads\/2013\/12\/Ceramica_Corund_box.jpg 750w, https:\/\/romfilatelia.ro\/magazin\/wp-content\/uploads\/2013\/12\/Ceramica_Corund_box-500x280.jpg 500w, https:\/\/romfilatelia.ro\/magazin\/wp-content\/uploads\/2013\/12\/Ceramica_Corund_box-64x36.jpg 64w, https:\/\/romfilatelia.ro\/magazin\/wp-content\/uploads\/2013\/12\/Ceramica_Corund_box-300x168.jpg 300w\" sizes=\"(max-width: 750px) 100vw, 750px\" \/><\/a><\/p>\n","protected":false},"excerpt":{"rendered":"<p>Tradi\u0163iile reprezint\u00e3 ansamblul concep\u0163iilor, al obiceiurilor, datinilor \u015fi credin\u0163elor, sunt mo\u015ftenirea vie a trecutului ce influen\u0163eaz\u00e3 mereu prezentul. Al\u00e3turi de ritualuri \u015fi ceremonii, ele sunt permanente \u00een istoria unei culturi, a unei \u0163\u00e3ri. Promotoare a valorilor spirituale \u015fi culturale, Romfilatelia introduce \u00een circula\u0163ie emisiunea de m\u00e3rci po\u015ftale Tradi\u0163ii &#8211; Ceramica de Corund, jude\u0163ul Harghita. Me\u015fte\u015fugul&hellip;&nbsp;<a href=\"https:\/\/romfilatelia.ro\/magazin\/produs\/colectii-anuale\/2013\/traditii-ceramica-de-corund-judethul-harghita\/\" class=\"\" rel=\"bookmark\">Cite\u0219te mai mult &raquo;<span class=\"screen-reader-text\">TRADI\u021aII &#8211; CERAMICA DE CORUND, jude\u021bul Harghita<\/span><\/a><\/p>\n","protected":false},"featured_media":2002699,"template":"","meta":{"neve_meta_sidebar":"","neve_meta_container":"","neve_meta_enable_content_width":"","neve_meta_content_width":0,"neve_meta_title_alignment":"","neve_meta_author_avatar":"","neve_post_elements_order":"","neve_meta_disable_header":"","neve_meta_disable_footer":"","neve_meta_disable_title":""},"product_cat":[105,6],"product_tag":[],"_links":{"self":[{"href":"https:\/\/romfilatelia.ro\/magazin\/wp-json\/wp\/v2\/product\/2001377"}],"collection":[{"href":"https:\/\/romfilatelia.ro\/magazin\/wp-json\/wp\/v2\/product"}],"about":[{"href":"https:\/\/romfilatelia.ro\/magazin\/wp-json\/wp\/v2\/types\/product"}],"wp:featuredmedia":[{"embeddable":true,"href":"https:\/\/romfilatelia.ro\/magazin\/wp-json\/wp\/v2\/media\/2002699"}],"wp:attachment":[{"href":"https:\/\/romfilatelia.ro\/magazin\/wp-json\/wp\/v2\/media?parent=2001377"}],"wp:term":[{"taxonomy":"product_cat","embeddable":true,"href":"https:\/\/romfilatelia.ro\/magazin\/wp-json\/wp\/v2\/product_cat?post=2001377"},{"taxonomy":"product_tag","embeddable":true,"href":"https:\/\/romfilatelia.ro\/magazin\/wp-json\/wp\/v2\/product_tag?post=2001377"}],"curies":[{"name":"wp","href":"https:\/\/api.w.org\/{rel}","templated":true}]}}