{"id":2001375,"date":"2013-11-29T09:34:24","date_gmt":"2013-11-29T09:34:24","guid":{"rendered":"http:\/\/romfilatelia.ro\/store\/2013\/11\/29\/romania-intelligence-strategic\/"},"modified":"2016-07-21T11:56:48","modified_gmt":"2016-07-21T11:56:48","slug":"romania-intelligence-strategic","status":"publish","type":"product","link":"https:\/\/romfilatelia.ro\/magazin\/produs\/colectii-anuale\/romania-intelligence-strategic\/","title":{"rendered":"ROM\u00c2NIA &#8211; INTELLIGENCE STRATEGIC"},"content":{"rendered":"<p><a href=\"https:\/\/romfilatelia.ro\/magazin\/wp-content\/uploads\/2013\/11\/intelligence_M.jpg\"><img decoding=\"async\" loading=\"lazy\" class=\"alignleft wp-image-2002712 size-medium\" src=\"https:\/\/romfilatelia.ro\/magazin\/wp-content\/uploads\/2013\/11\/intelligence_M-300x247.jpg\" alt=\"intelligence_M\" width=\"300\" height=\"247\" \/><\/a><\/p>\n<p>Rezultat al preocup\u00e3rii de reformare a sistemului securit\u00e3\u0163ii na\u0163ionale, din perspectiva convertirii ciclului tradi\u0163ional al activit\u00e3\u0163ii de informa\u0163ii spre modele bazate pe analiz\u00e3, mai bine adaptate nevoilor de informare ale beneficiarilor legali, constituirea Comunit\u00e3\u0163ii Na\u0163ionale de Informa\u0163ii \u015fi a Oficiului pentru Informa\u0163ii Integrate &#8211; \u00een 2005, prin Hot\u00e3r\u00e2re a CSAT &#8211; reprezint\u00e3 materializarea unui demers pe deplin racordat la dinamica mediului securitar contemporan \u015fi la statutul Rom\u00e2niei de stat membru NATO \u015fi UE.<\/p>\n<p>Situat\u00e3 la confluen\u0163a dintre <em>Intelligence<\/em> \u015fi decizia strategic\u00e3 \u00een stat, Comunitatea Na\u0163ional\u00e3 de Informa\u0163ii reprezint\u00e3 \u015fi un efectal necesit\u00e3\u0163ii cooper\u00e3rii sincrone a structurilor de <em>Intelligence<\/em>, av\u00e2nd un rol proeminent \u00een anticiparea evolu\u0163iilor viitoare, procesmenit s\u00e3 fundamenteze adoptarea unor decizii destinate prevenirii evolu\u0163iilor indezirabile a unor riscuri poten\u0163iale.<\/p>\n<p>Asum\u00e2ndu-\u015fi func\u0163ia de analiz\u00e3 strategic\u00e3 \u015fi de management integrat al resurselor informa\u0163ionale \u015fi ghid\u00e2ndu-se dup\u00e3 principiile <em>\u201cneed to know\u201d &#8211; \u201cneed to share\u201d<\/em>, Oficiul pentru Informa\u0163ii Integrate a dovedit deja c\u00e3 dispune de capacitatea de a satisface nevoile de informare ale factorilor de decizie \u00een stat, de la cele curente, la evalu\u00e3rile strategice.<\/p>\n<p>Principala provocare a analizei de <em>Intelligence<\/em> realizat\u00e3 de Oficiu nu o reprezint\u00e3 at\u00e2t elaborarea de prognoze exacte, c\u00e2t furnizarea cu acurate\u0163e \u015fi \u00een timp util a unor produse analitice relevante &#8211; multisurs\u00e3, complexe \u015fi unitare, cu caracter anticipativ &#8211; pentru a conferi un atu calitativ \u00een procesul decizional de nivel strategic \u015fi de sus\u0163inere a strategiilor \u015fi politicilor de securitate.<\/p>\n<p>Ca veritabil promotor al culturii de <em>sharing<\/em>, Oficiul s-a profilat \u00eentimp ca un cadru optim de \u00eencurajare a schimbului de idei \u015fi de cunoa\u015ftere \u00eentre anali\u015ftii din serviciile de informa\u0163ii, dar \u015fi \u00eentreace\u015ftia \u015fi mediul academic \u015fi de cercetare, \u00een condi\u0163iile \u00een caremediul informa\u0163ional, de\u015fi esen\u0163ial pentru <em>Intelligence<\/em>, nu poate oferi integral r\u00e3spunsul la toate provoc\u00e3rile securitare. Tocmai din acest motiv, Oficiul a valorizat oportunitatea colabor\u00e3rii \u00eentre mediul informa\u0163ional \u015fi cel \u015ftiin\u0163ific, \u00eendeosebi pe segmentul expertiz\u00e3.<\/p>\n<p>Desigur, procesul complex, extrem de specializat, de asamblarea unei cantit\u00e3\u0163i importante de date \u015fi informa\u0163ii \u00een produse analiticeutile factorilor de decizie \u00een stat nu ar fi posibil f\u00e3r\u00e3 aportul esen\u0163ial al expertului\/analistului de informa\u0163ii.<\/p>\n<p>Oficiul a oferit o nou\u00e3 perspectiv\u00e3 asupra profilului analistului de <em>Intelligence<\/em>, stimul\u00e2nd, pe de-o parte, deschiderea sa c\u00e3tre consultarea sistematic\u00e3 \u015fi expunerea propriilor viziuni la confruntareacu scenarii \u015fi puncte de vedere alternative, furnizate de medii cureal\u00e3 expertiz\u00e3 \u015fi facilit\u00e2nd, pe de alt\u00e3 parte, transformarea sa \u00eentr-un <em>explorator<\/em>, \u00een adev\u00e3ratul sens al cuv\u00e2ntului, capabil s\u00e3 utilizeze toate tipurile de date \u015fi informa\u0163ii, s\u00e3 coopereze cu exper\u0163i \u015fi s\u00e3 condensezemodele \u015fi metode analitice pentru a produce <em>Intelligence<\/em> integrat \u015fi util.<\/p>\n<p>Emblematic\u00e3 pentru Oficiu este ideea de \u201elucr\u00e3tor al cunoa\u015fterii\u201d- <em>knowledge worker<\/em> &#8211; \u015fi de cunoa\u015ftere ca flux \u00een care are loc mixulde experien\u0163\u00e3 \u015fi inspira\u0163ie al oamenilor, care creeaz\u00e3 plus-valoare,at\u00e2t de util\u00e3 \u00een zilele noastre.<\/p>\n<p>La aproape un deceniu de la \u00eenfiin\u0163are, se poate spune c\u00e3 Oficiul pentru Informa\u0163ii Integrate a devenit un exponent al societ\u00e3\u0163ii cunoa\u015fterii, prin prisma faptului c\u00e3 a urm\u00e3rit cu consecven\u0163\u00e3 \u015fi a realizat extinderea cunoa\u015fterii c\u00e3tre to\u0163i factorii decizionali, promov\u00e2nd noi modele de estimare, evaluare \u015fi prognoz\u00e3 a situa\u0163iilorpericuloase sau a oportunit\u00e3\u0163ilor pentru statul rom\u00e2n.<\/p>\n<p>Entitate negrevat\u00e3 de constr\u00e2ngerile severe impuse de ierarhiz\u00e3rile caracteristice organiza\u0163iilor tradi\u0163ionale &#8211; care le fac s\u00e3 fie lente, birocratice &#8211; Oficiul ofer\u00e3 alternativa unei organiza\u0163ii bazate intra \u015fi inter-institu\u0163ional pe cunoa\u015ftere, convertirea acesteia \u00een plus-valoare reprezent\u00e2nd cheia succesului \u015fi competitivit\u00e3\u0163ii \u00een societatea \u00een care tr\u00e3im.<\/p>\n<p><strong>Romfilatelia<\/strong> introduce \u00een circula\u0163ie o emisiune filatelic\u00e3 dedicat\u00e3 Oficiului pentru Informa\u0163ii Integrate, sub titlul <strong><em>Rom\u00e2nia &#8211; Intelligence Strategic<\/em><\/strong>.<\/p>\n<p>Marca po\u015ftal\u00e3 reproduce logoul Oficiului pentru Informa\u0163ii Integrate, al c\u00e3rui element heraldic &#8211; imaginea bufni\u0163ei &#8211; transpune semnifica\u0163iile mitologice pozitive ale \u00een\u0163elepciunii, cunoa\u015fterii \u015fi studiului, calitatea vederii sale nocturne semnific\u00e2nd dispersarea ignoran\u0163ei \u015fi facilitarea accesului anticipativ la adev\u00e3r \u015fi cunoa\u015ftere. Acestor calit\u00e3\u0163i \u201eprofetice\u201d li se asociaz\u00e3 simbolistica cercului &#8211; element ce sugereaz\u00e3 unitatea, integralitatea \u015fi echilibrul at\u00e2t la nivel profesional-analitic, c\u00e2t \u015fi al cooper\u00e3rii interinstitu\u0163ionale dezvoltate de aceast\u00e3 structur\u00e3 integratoare.<\/p>\n<p>Al\u00e3turarea pieselor de \u015fah \u00een ansamblul graficii simbolizeaz\u00e3starea de veghe, observare (Turnul), elementul dinamic care \u00eenainteaz\u00e3 permanent pentru atingerea \u0163elului propus (Pionul), respectiv obiectivul care trebuie atins (Regele). Fundalul reprezint\u00e3 \u015firul de numere binare care simbolizeaz\u00e3 informa\u0163ia electronic\u00e3. Minicolile con\u0163in ca element original o imagine vizibil\u00e3 \u00een UV,respectiv o pas\u00e3re &#8211; observator ce apare dintr-un con de umbr\u00e3.<\/p>\n<p><strong><em>Aducem mul\u0163umiri Oficiului pentru Informa\u0163ii Integrate pentru consultan\u0163a documentar\u00e3 acordat\u00e3 la realizarea acestei emisiuni de m\u00e3rci po\u015ftale. <\/em><\/strong><\/p>\n<p>&nbsp;<\/p>\n<p>Data Aparitie:2013-11-29<\/p>\n<p><a href=\"https:\/\/romfilatelia.ro\/magazin\/wp-content\/uploads\/2013\/11\/intelligence_box.jpg\"><img decoding=\"async\" loading=\"lazy\" class=\"wp-image-2002714 size-full aligncenter\" src=\"https:\/\/romfilatelia.ro\/magazin\/wp-content\/uploads\/2013\/11\/intelligence_box.jpg\" alt=\"intelligence_box\" width=\"750\" height=\"436\" srcset=\"https:\/\/romfilatelia.ro\/magazin\/wp-content\/uploads\/2013\/11\/intelligence_box.jpg 750w, https:\/\/romfilatelia.ro\/magazin\/wp-content\/uploads\/2013\/11\/intelligence_box-500x291.jpg 500w, https:\/\/romfilatelia.ro\/magazin\/wp-content\/uploads\/2013\/11\/intelligence_box-64x37.jpg 64w, https:\/\/romfilatelia.ro\/magazin\/wp-content\/uploads\/2013\/11\/intelligence_box-300x174.jpg 300w\" sizes=\"(max-width: 750px) 100vw, 750px\" \/><\/a><\/p>\n","protected":false},"excerpt":{"rendered":"<p>Rezultat al preocup\u00e3rii de reformare a sistemului securit\u00e3\u0163ii na\u0163ionale, din perspectiva convertirii ciclului tradi\u0163ional al activit\u00e3\u0163ii de informa\u0163ii spre modele bazate pe analiz\u00e3, mai bine adaptate nevoilor de informare ale beneficiarilor legali, constituirea Comunit\u00e3\u0163ii Na\u0163ionale de Informa\u0163ii \u015fi a Oficiului pentru Informa\u0163ii Integrate &#8211; \u00een 2005, prin Hot\u00e3r\u00e2re a CSAT &#8211; reprezint\u00e3 materializarea unui demers&hellip;&nbsp;<a href=\"https:\/\/romfilatelia.ro\/magazin\/produs\/colectii-anuale\/romania-intelligence-strategic\/\" class=\"\" rel=\"bookmark\">Cite\u0219te mai mult &raquo;<span class=\"screen-reader-text\">ROM\u00c2NIA &#8211; INTELLIGENCE STRATEGIC<\/span><\/a><\/p>\n","protected":false},"featured_media":2002712,"template":"","meta":{"neve_meta_sidebar":"","neve_meta_container":"","neve_meta_enable_content_width":"","neve_meta_content_width":0,"neve_meta_title_alignment":"","neve_meta_author_avatar":"","neve_post_elements_order":"","neve_meta_disable_header":"","neve_meta_disable_footer":"","neve_meta_disable_title":""},"product_cat":[6],"product_tag":[],"_links":{"self":[{"href":"https:\/\/romfilatelia.ro\/magazin\/wp-json\/wp\/v2\/product\/2001375"}],"collection":[{"href":"https:\/\/romfilatelia.ro\/magazin\/wp-json\/wp\/v2\/product"}],"about":[{"href":"https:\/\/romfilatelia.ro\/magazin\/wp-json\/wp\/v2\/types\/product"}],"wp:featuredmedia":[{"embeddable":true,"href":"https:\/\/romfilatelia.ro\/magazin\/wp-json\/wp\/v2\/media\/2002712"}],"wp:attachment":[{"href":"https:\/\/romfilatelia.ro\/magazin\/wp-json\/wp\/v2\/media?parent=2001375"}],"wp:term":[{"taxonomy":"product_cat","embeddable":true,"href":"https:\/\/romfilatelia.ro\/magazin\/wp-json\/wp\/v2\/product_cat?post=2001375"},{"taxonomy":"product_tag","embeddable":true,"href":"https:\/\/romfilatelia.ro\/magazin\/wp-json\/wp\/v2\/product_tag?post=2001375"}],"curies":[{"name":"wp","href":"https:\/\/api.w.org\/{rel}","templated":true}]}}