{"id":2001374,"date":"2013-11-22T09:34:10","date_gmt":"2013-11-22T09:34:10","guid":{"rendered":"http:\/\/romfilatelia.ro\/store\/2013\/11\/22\/craciun-2013\/"},"modified":"2016-08-03T09:23:09","modified_gmt":"2016-08-03T09:23:09","slug":"craciun-2013","status":"publish","type":"product","link":"https:\/\/romfilatelia.ro\/magazin\/produs\/colectii-anuale\/2013\/craciun-2013\/","title":{"rendered":"CR\u00c3CIUN 2013"},"content":{"rendered":"<p><a href=\"https:\/\/romfilatelia.ro\/magazin\/wp-content\/uploads\/2013\/11\/Craciun_2013_M.jpg\"><img decoding=\"async\" loading=\"lazy\" class=\"alignleft wp-image-2002718 size-medium\" src=\"https:\/\/romfilatelia.ro\/magazin\/wp-content\/uploads\/2013\/11\/Craciun_2013_M-300x245.jpg\" alt=\"Craciun_2013_M\" width=\"300\" height=\"245\" srcset=\"https:\/\/romfilatelia.ro\/magazin\/wp-content\/uploads\/2013\/11\/Craciun_2013_M-300x245.jpg 300w, https:\/\/romfilatelia.ro\/magazin\/wp-content\/uploads\/2013\/11\/Craciun_2013_M-500x408.jpg 500w, https:\/\/romfilatelia.ro\/magazin\/wp-content\/uploads\/2013\/11\/Craciun_2013_M-64x52.jpg 64w, https:\/\/romfilatelia.ro\/magazin\/wp-content\/uploads\/2013\/11\/Craciun_2013_M.jpg 600w\" sizes=\"(max-width: 300px) 100vw, 300px\" \/><\/a>\u00cen cadrul cultului Sfintei Biserici, \u00een R\u00e3s\u00e3rit, p\u00e2n\u00e3 prin a doua jum\u00e3tate a secolului al IV-lea, <em>Na\u015fterea Domnului<\/em> era serbat\u00e3 \u00een aceea\u015fi zi cu <em>Botezul Domnului<\/em>, adic\u00e3 la 6 ianuarie, aceast\u00e3 dubl\u00e3 s\u00e3rb\u00e3toare fiind numit\u00e3 \u00een general <em>Ar\u00e3tarea Domnului<\/em>. S\u00e3rb\u00e3toarea <em>Na\u015fterii Domnului<\/em> a fost serbat\u00e3 separat \u00eencep\u00e2nd cu anul 379, an \u00een care Sf\u00e2ntul Grigorie de Nazianz a \u0163inut la Constantinopol o predic\u00e3 festiv\u00e3, care a constituit un izvor de inspira\u0163ie pentru alc\u00e3tuirea Canonului <em>Na\u015fterii Domnului<\/em> de c\u00e3tre iconograful Cosma de Maiuma. C\u00e2\u0163iva ani mai t\u00e2rziu, la 25 decembrie 386, Sf\u00e2ntul Ioan Gur\u00e3 de Aur aduce, \u00een cadrul unei predici rostite \u00een Antiohia, argumente care sus\u0163in conving\u00e3tor importan\u0163a acestei s\u00e3rb\u00e3tori \u00een cadrul cultului cre\u015ftin.<\/p>\n<p>Pentru to\u0163i cre\u015ftinii, <em>Na\u015fterea Domnului<\/em> este taina iubirii milostive \u015fismerite a lui Dumnezeu pentru oameni. \u00centruparea Fiului lui Dumnezeu, Care S-a f\u00e3cut Om din iubire nesf\u00e2r\u015fit\u00e3 fa\u0163\u00e3 de om, este temelia \u015fi inima credin\u0163ei cre\u015ftine.<\/p>\n<p>Dup\u00e3 minu\u0163ioase cercet\u00e3ri ale documentelor istorice \u015fi ale evenimentelor relatate de aceste documente, Sf\u00e2ntul Cuvios Dionisie Exiguul (cel Smerit) a stabilit ca an al na\u015fterii M\u00e2ntuitorului Hristos, anul 755 de la \u00eentemeierea Romei. Acest an poart\u00e3 p\u00e2n\u00e3 \u00een ziua de azi denumirea de <em>Anul Nou<\/em> al erei cre\u015ftine, iar praznicul \u00eemp\u00e3r\u00e3tesc din 25 decembrie a devenit, a\u015fa cum l-a denumit Sf\u00e2ntul Ioan Gur\u00e3 de Aur, <em>\u201eS\u00e3rb\u00e3toarea S\u00e3rb\u00e3torilor\u201d<\/em>.<\/p>\n<p>\u00cen ceea ce prive\u015fte cuv\u00e2ntul <em>Cr\u00e3ciun<\/em>, el este rezultatul mai multor transform\u00e3ri pornind de la originalul latinesc <em>creatione<\/em> (pronun\u0163at creacione), urmat mai apoi de modific\u00e3rile lingvistice <em>creacion<\/em>, <em>creaciun<\/em> \u015fi mai apoi <em>cr\u00e3ciun<\/em> (\u00een bulg\u00e3re\u015fte <em>krakun<\/em>).<\/p>\n<p>Pentru emisiunea de m\u00e3rci po\u015ftale <strong><em>Cr\u00e3ciun 2013<\/em><\/strong>, pe care <strong>Romfilatelia<\/strong> o introduce \u00een circula\u0163ie, au fost folosite imagini \u015fi icoane apar\u0163in\u00e2nd <em>Paraclisului patriarhal A\u015fez\u00e3mintele Br\u00e2ncovene\u015fti Biserica Domni\u0163a B\u00e3la\u015fa<\/em> din Bucure\u015fti.<\/p>\n<p>Cea dint\u00e2i ctitorie a Domni\u0163ei B\u00e3la\u015fa, fiica domnitorului martir Constantin Br\u00e2ncoveanu, \u00eempreun\u00e3 cu so\u0163ul ei, marele ban Manolache Lambrino, a fost ridicat\u00e3 \u00eentre anii 1743 -1744.<\/p>\n<p>La 29 septembrie 1885, c\u00e2nd biserica, al IV-lea l\u00e3ca\u015f de cult ridicat \u00een acela\u015fi loc, a c\u00e3p\u00e3tat \u00eenf\u00e3\u0163i\u015farea cu care se prezint\u00e3 ast\u00e3zi, Constantin Bacalba\u015fa descria momentul \u00een presa vremii astfel:<\/p>\n<p><em>\u201eBiserica a fost recl\u00e3dit\u00e3 \u00een anul 1831 de c\u00e3tre banul Grigore Basarab Br\u00e2ncoveanu, din nou recl\u00e3dit\u00e3 \u00een 1838 de b\u00e3neasa Safta Grigore Basarab Br\u00e2ncoveanu. <\/em><em>\u00cen luna iunie 1881, pentru a patra oar\u00e3 se reconstruia Biserica Domni\u0163a B\u00e3la\u015fa. Dup\u00e3 ce serviciul divin a fost oficiat de mitropolitul primat, s-a procedat la semnarea actului comemorativ al cl\u00e3dirii. Acest act a fost \u00eenchis \u00eentr-un tub de sticl\u00e3, unde a fost introdus\u00e3 \u015fi c\u00e2te o pies\u00e3 nou\u00e3 din toate monedele rom\u00e2ne\u015fti de metal ale epocii, de la piese de un ban p\u00e2n\u00e3 la piese de aur, de 20 lei. Tubul a fost \u00eenvelit \u00een c\u00e2te o foaie a tuturor ziarelor ce ap\u00e3reau \u00een Bucure\u015fti \u015fi a fost introdus \u00eentr-un alt tub de metal. Regele, regina, mitropolitul primat \u015fi doamnele de onoare au primit c\u00e2te un \u015for\u0163 de satin alb, cu ciucuri de aur. Apoi regele, cu sculele de argint ce i s-au dat, a pus \u00eent\u00e2ia c\u00e3r\u00e3mid\u00e3 pe piatra fundamental\u00e3 sub care a fost \u00eenchis tubul, a doua c\u00e3r\u00e3mid\u00e3 a pus-o regina, a treia mitropolitul \u015fi a\u015fa mai departe. Arhitectul bisericii a fost Alexandru Or\u00e3scu&#8230;\u201d<\/em>.<\/p>\n<p>\u00cen cadrul aceleia\u015fi ceremonii a fost dezvelit\u00e3 statuia Domni\u0163ei B\u00e3la\u015fa (1693 &#8211; 1752), oper\u00e3 a lui Karl Storck, sculptor care realizase \u00een 1869 statuia sp\u00e3tarului Mihail Cantacuzino. Statuia domni\u0163ei, din marmur\u00e3 alb\u00e3, a fost instalat\u00e3 \u00een partea sudic\u00e3 a bisericii, \u00een careul format de A\u015fez\u00e3mintele Domni\u0163ei B\u00e3la\u015fa, la care s-a ad\u00e3ugat, \u00een anul 1838, unul dintre cele mai cunoscute edificii ale ora\u015fului Bucure\u015fti, Spitalul Br\u00e2ncovenesc, ctitorie a Saftei Grigore Basarab Br\u00e2ncoveanu.<\/p>\n<p>Distrugerile provocate de buldozerele regimului totalitar comunist au avut drept urmare demolarea a\u015fez\u00e3mintelor \u015fi a spitalului, iar statuia Domni\u0163ei B\u00e3la\u015fa, scoas\u00e3 de pe vechiul amplasament, a fost a\u015fezat\u00e3 dup\u00e3 1989 \u00een curtea bisericii.<\/p>\n<p>Imaginea reprodus\u00e3 pe marca po\u015ftal\u00e3 cu valoarea nominal\u00e3 de <strong>1 leu<\/strong> apar\u0163ine unei icoane din patrimoniul <em>Paraclisului patriarhal A\u015fez\u00e3mintele Br\u00e2ncovene\u015fti Biserica Domni\u0163a B\u00e3la\u015fa<\/em>, care ad\u00e3poste\u015fte \u015fi morm\u00e2ntul primului ctitor al l\u00e3ca\u015fului de cult.<\/p>\n<p align=\"&quot;center&quot;\"><strong><em>Sper\u00e3m ca S\u00e3rb\u00e3torile de iarn\u00e3 s\u00e3 v\u00e3 cuprind\u00e3 pe to\u0163i \u00een luminoasa lor magie\u2026 <\/em><\/strong><\/p>\n<p align=\"&quot;center&quot;\"><strong><em>La mul\u0163i ani ! <\/em><\/strong><\/p>\n<p align=\"&quot;center&quot;\"><strong><em>Colectivul Romfilatelia <\/em><\/strong><\/p>\n<p>\u00a0\u00a0\u00a0\u00a0\u00a0\u00a0\u00a0\u00a0\u00a0 <strong><em>Aducem mul\u0163umiri Paraclisului patriarhal A\u015fez\u00e3mintele Br\u00e2ncovene\u015fti Biserica Domni\u0163a B\u00e3la\u015fa pentru imaginile puse la dispozi\u0163iela realizarea acestei emisiuni de m\u00e3rci po\u015ftale. <\/em><\/strong><\/p>\n<p>&nbsp;<\/p>\n<p>Data Aparitie:2013-11-22<\/p>\n<p><a href=\"https:\/\/romfilatelia.ro\/magazin\/wp-content\/uploads\/2013\/11\/Craciun_2013_box.jpg\"><img decoding=\"async\" loading=\"lazy\" class=\"wp-image-2002720 size-full aligncenter\" src=\"https:\/\/romfilatelia.ro\/magazin\/wp-content\/uploads\/2013\/11\/Craciun_2013_box.jpg\" alt=\"Craciun_2013_box\" width=\"750\" height=\"640\" srcset=\"https:\/\/romfilatelia.ro\/magazin\/wp-content\/uploads\/2013\/11\/Craciun_2013_box.jpg 750w, https:\/\/romfilatelia.ro\/magazin\/wp-content\/uploads\/2013\/11\/Craciun_2013_box-500x427.jpg 500w, https:\/\/romfilatelia.ro\/magazin\/wp-content\/uploads\/2013\/11\/Craciun_2013_box-64x55.jpg 64w, https:\/\/romfilatelia.ro\/magazin\/wp-content\/uploads\/2013\/11\/Craciun_2013_box-300x256.jpg 300w\" sizes=\"(max-width: 750px) 100vw, 750px\" \/><\/a><\/p>\n","protected":false},"excerpt":{"rendered":"<p>\u00cen cadrul cultului Sfintei Biserici, \u00een R\u00e3s\u00e3rit, p\u00e2n\u00e3 prin a doua jum\u00e3tate a secolului al IV-lea, Na\u015fterea Domnului era serbat\u00e3 \u00een aceea\u015fi zi cu Botezul Domnului, adic\u00e3 la 6 ianuarie, aceast\u00e3 dubl\u00e3 s\u00e3rb\u00e3toare fiind numit\u00e3 \u00een general Ar\u00e3tarea Domnului. S\u00e3rb\u00e3toarea Na\u015fterii Domnului a fost serbat\u00e3 separat \u00eencep\u00e2nd cu anul 379, an \u00een care Sf\u00e2ntul Grigorie&hellip;&nbsp;<a href=\"https:\/\/romfilatelia.ro\/magazin\/produs\/colectii-anuale\/2013\/craciun-2013\/\" class=\"\" rel=\"bookmark\">Cite\u0219te mai mult &raquo;<span class=\"screen-reader-text\">CR\u00c3CIUN 2013<\/span><\/a><\/p>\n","protected":false},"featured_media":2002718,"template":"","meta":{"neve_meta_sidebar":"","neve_meta_container":"","neve_meta_enable_content_width":"","neve_meta_content_width":0,"neve_meta_title_alignment":"","neve_meta_author_avatar":"","neve_post_elements_order":"","neve_meta_disable_header":"","neve_meta_disable_footer":"","neve_meta_disable_title":""},"product_cat":[105,6],"product_tag":[],"_links":{"self":[{"href":"https:\/\/romfilatelia.ro\/magazin\/wp-json\/wp\/v2\/product\/2001374"}],"collection":[{"href":"https:\/\/romfilatelia.ro\/magazin\/wp-json\/wp\/v2\/product"}],"about":[{"href":"https:\/\/romfilatelia.ro\/magazin\/wp-json\/wp\/v2\/types\/product"}],"wp:featuredmedia":[{"embeddable":true,"href":"https:\/\/romfilatelia.ro\/magazin\/wp-json\/wp\/v2\/media\/2002718"}],"wp:attachment":[{"href":"https:\/\/romfilatelia.ro\/magazin\/wp-json\/wp\/v2\/media?parent=2001374"}],"wp:term":[{"taxonomy":"product_cat","embeddable":true,"href":"https:\/\/romfilatelia.ro\/magazin\/wp-json\/wp\/v2\/product_cat?post=2001374"},{"taxonomy":"product_tag","embeddable":true,"href":"https:\/\/romfilatelia.ro\/magazin\/wp-json\/wp\/v2\/product_tag?post=2001374"}],"curies":[{"name":"wp","href":"https:\/\/api.w.org\/{rel}","templated":true}]}}