{"id":2001371,"date":"2013-10-10T09:29:41","date_gmt":"2013-10-10T09:29:41","guid":{"rendered":"http:\/\/romfilatelia.ro\/store\/2013\/10\/10\/emisiune-comuna-romania-turcia-moscheea-carol-i-din-constantha-100-de-ani\/"},"modified":"2016-08-03T08:00:27","modified_gmt":"2016-08-03T08:00:27","slug":"emisiune-comuna-romania-turcia-moscheea-carol-i-din-constantha-100-de-ani","status":"publish","type":"product","link":"https:\/\/romfilatelia.ro\/magazin\/produs\/colectii-anuale\/2013\/emisiune-comuna-romania-turcia-moscheea-carol-i-din-constantha-100-de-ani\/","title":{"rendered":"Emisiune comun\u00e3 ROM\u00c2NIA &#8211; TURCIA: Moscheea \u201eCarol I\u201d din Constan\u021ba &#8211; 100 de ani"},"content":{"rendered":"<p><a href=\"https:\/\/romfilatelia.ro\/magazin\/wp-content\/uploads\/2013\/10\/ROM_TURCIA_M.jpg\"><img decoding=\"async\" loading=\"lazy\" class=\"alignleft wp-image-2002751 size-medium\" src=\"https:\/\/romfilatelia.ro\/magazin\/wp-content\/uploads\/2013\/10\/ROM_TURCIA_M-231x300.jpg\" alt=\"ROM_TURCIA_M\" width=\"231\" height=\"300\" srcset=\"https:\/\/romfilatelia.ro\/magazin\/wp-content\/uploads\/2013\/10\/ROM_TURCIA_M-231x300.jpg 231w, https:\/\/romfilatelia.ro\/magazin\/wp-content\/uploads\/2013\/10\/ROM_TURCIA_M-64x83.jpg 64w, https:\/\/romfilatelia.ro\/magazin\/wp-content\/uploads\/2013\/10\/ROM_TURCIA_M-308x400.jpg 308w, https:\/\/romfilatelia.ro\/magazin\/wp-content\/uploads\/2013\/10\/ROM_TURCIA_M.jpg 462w\" sizes=\"(max-width: 231px) 100vw, 231px\" \/><\/a>Cu ocazia \u00eemplinirii a 135 de ani de la stabilirea rela\u0163iilor diplomatice dintre Rom\u00e2nia \u015fi Turcia (1878), <strong>Romfilatelia<\/strong> introduce \u00een circula\u0163ie emisiunea de m\u00e3rci po\u015ftale dedicat\u00e3 <em>Moscheei \u201eCarol I\u201d din Constan\u0163a<\/em>.<\/p>\n<p>Simbol al concordiei \u00eentre comunit\u00e3\u0163i de confesiuni diferite, <em>Moscheea\u201eCarol I\u201d din Constan\u0163a<\/em>, numit\u00e3 de musulmani \u201eKral camisi\u201d sau \u201eGeamia Regelui\u201d, a fost ridicat\u00e3 pe locul Geamiei Mahmudia (construit\u00e3 \u00een anul 1882).<\/p>\n<p>Monument de arhitectur\u00e3 maur\u00e3, noul edificiu a fost construit ca urmare a ini\u0163iativei personale a Regelui Rom\u00e2niei, Carol I, care a \u00eencredin\u0163at proiectul arhitectonic unui cunoscut specialist al vremii, Victor \u0218tef\u00e3nescu. Principalul l\u00e3ca\u015f al cultului musulman din \u0163ara noastr\u00e3, inclus \u00een lista celor mai frumoase monumente de arhitectur\u00e3 rom\u00e2neasc\u00e3, a reunit talentul unui mare arhitect \u015fi priceperea \u00een construc\u0163ii a unei somit\u00e3\u0163i a \u015ftiin\u0163ei mondiale, Gogu Constantinescu.<\/p>\n<p>Inginer cu reputa\u0163ie unanim recunoscut\u00e3, om de \u015ftiin\u0163\u00e3 al c\u00e3rui nume este reg\u00e3sit \u00een lista marilor savan\u0163i, unde se afl\u00e3 \u015fi numele lui Albert Einstein, Gogu Constantinescu a utilizat la construc\u0163ia edificiului din Constan\u0163a tehnica betonului armat, av\u00e2nd la baz\u00e3 calcule originale pentru rezisten\u0163a boltelor \u015fi cupolelor.<\/p>\n<p>Elementele oferite vederii de cupola moscheii se \u00eenscriu \u00een lista simbolurilor de inspira\u0163ie cre\u015ftin\u00e3, apar\u0163in\u00e2nd \u00een special artei bizantine. Formele geometrice \u015fi propor\u0163iile reprezint\u00e3 o continuare a prototipurilor marilor catedrale \u015fi biserici cre\u015ftine, transformate \u00een moschei de c\u00e3tre musulmani, \u00eencep\u00e2nd cu arhicunoscuta Catedral\u00e3 Sf\u00e2nta Sofia din Istanbul.<\/p>\n<p>Turnul minaret al l\u00e3ca\u015fului de cult musulman din Constan\u0163a, cu o \u00een\u00e3l\u0163imede 47 de metri, domin\u00e3 peisajul zonei \u015fi ad\u00e3poste\u015fte \u00een cilindrul s\u00e3u 140 de trepte care permit vizitatorilor s\u00e3 ajung\u00e3 pe o teras\u00e3 de pe care se poate admira panorama ora\u015fului.<\/p>\n<p>\u00cen interiorul \u201eMoscheii Regelui\u201d se poate ajunge utiliz\u00e2nd cele dou\u00e3 u\u015fi masive din marmur\u00e3 neagr\u00e3, g\u00e2ndite \u015fi completate cu ornamente de bronz,dup\u00e3 modelul palatelor sultanilor.<\/p>\n<p>Spa\u0163iul \u00eenc\u00e3perii, destinat ritualului slujbelor musulmane, este \u00eenscris \u00eentr-un p\u00e3trat cu latura de 14 metri, ai c\u00e3rei pere\u0163i se prezint\u00e3 sobru, cu decoruri simple reprezentate de tablouri octogonale de mici dimensiuni, pe care sunt \u00eenscrise cu litere arabe numele lui Alah \u015fi al profetului Mahomed.<\/p>\n<p>Din centrul \u00eenaltei cupole, m\u00e3rginit\u00e3 de ferestre, coboar\u00e3 \u00eentr-un perfect echilibru un frumos candelabru de inspira\u0163ie arab\u00e3. Tavanul s\u00e3lii, pictat \u00een nuan\u0163e de albastru \u015fi cu motive florale stilizate, sugereaz\u00e3 bolta cereasc\u00e3.<\/p>\n<p>Altarul, din care se oficiaz\u00e3 slujba, se prezint\u00e3 ca o ni\u015f\u00e3 special amenajat\u00e3 \u00een peretele orientat c\u00e3tre Mecca. \u00cen partea dreapt\u00e3 a altarului se afl\u00e3 \u201eminbarul\u201d locul din care imamul predic\u00e3 \u00een zilele de vineri \u015fi \u00een zilele de s\u00e3rb\u00e3toare. Num\u00e3rul treptelor p\u00e2n\u00e3 la balconul \u201eminbarului\u201deste impar, iar imamul \u00ee\u015fi expune predica a\u015fezat \u00eentotdeauna cu dou\u00e3 trepte mai jos fa\u0163\u00e3 de ultima treapt\u00e3 a sc\u00e3rii.<\/p>\n<p>Anumite por\u0163iuni ale pere\u0163ilor interiori sunt \u00eembr\u00e3cate \u00eentr-o faian\u0163\u00e3 special\u00e3 donat\u00e3 \u00een anul \u00eenceperii construc\u0163iei (1910) de statul turc \u015fi destinat\u00e3 doar l\u00e3ca\u015felor de cult. Pl\u00e3cile sunt colorate \u00een nuan\u0163e apropiate celor de pe tavan \u015fi decorate cu motive florale asem\u00e3n\u00e3toare.<\/p>\n<p>Printre numeroasele obiecte de patrimoniu apar\u0163in\u00e2nd moscheii se \u00eenscrie la loc de cinste covorul lui Abdul Hamid, unul dintre cele mai vechi covoare orientale, cu o suprafa\u0163\u00e3 de 144 de metri p\u00e3tra\u0163i. Donat ini\u0163ial de sultan unui l\u00e3ca\u015f de cult aflat pe insula Ada Kaleh, acesta a fost ulterior donat l\u00e3ca\u015fului musulman din Constan\u0163a, dup\u00e3 ce, \u00een anul 1970, apele Dun\u00e3rii au acoperit mirifica insul\u00e3 ca urmare a d\u00e3rii \u00een exploatare a Hidrocentralei Por\u0163ile de Fier.<\/p>\n<p>Definind cu claritate confesiunea c\u00e3reia \u00eei apar\u0163ine l\u00e3ca\u015ful de cult din Constan\u0163a, cotele cele mai \u00eenalte ale cupolei \u015fi turnului poart\u00e3 la vedere simbolul lumii musulmane, <em>semiluna<\/em>.<\/p>\n<p>\u00cen anul 1913, pe 31 mai, \u00een prezen\u0163a Regelui Carol I \u015fi a Reginei Elisabeta,a fost inaugurat\u00e3 moscheea, familia regal\u00e3 d\u00e3ruind acest edificiu musulmanilor din Constan\u0163a \u015fi nu numai, pentru loialitatea fa\u0163\u00e3 de statul rom\u00e2n.<\/p>\n<p><strong><em>Emisiunea comun\u00e3 Rom\u00e2nia &#8211; Turcia Moscheea \u201eCarol I\u201d din Constan\u0163a &#8211; 100 de ani<\/em><\/strong> marcheaz\u00e3 un secol de existen\u0163\u00e3 al acestui l\u00e3ca\u015f de cult, timbrul cu valoarea nominal\u00e3 de <strong>8,10 lei<\/strong> \u015fi coli\u0163a emisiunii reproduc\u00e2nd moscheea \u00eentr-o manier\u00e3 grafic\u00e3 \u015fi artistic\u00e3 de excep\u0163ie.<\/p>\n<p><strong><em>Aducem mul\u0163umirile noastre Muftiatului Cultului Musulman din Rom\u00e2nia pentru sprijinul acordat la realizarea acestei emisiuni de m\u00e3rci po\u015ftale. <\/em><\/strong><\/p>\n<p>&nbsp;<\/p>\n<p>Data Aparitie:2013-10-10<\/p>\n<p><a href=\"https:\/\/romfilatelia.ro\/magazin\/wp-content\/uploads\/2013\/10\/ROM_TURCIA_box.jpg\"><img decoding=\"async\" loading=\"lazy\" class=\"wp-image-2002750 size-full aligncenter\" src=\"https:\/\/romfilatelia.ro\/magazin\/wp-content\/uploads\/2013\/10\/ROM_TURCIA_box.jpg\" alt=\"ROM_TURCIA_box\" width=\"750\" height=\"692\" srcset=\"https:\/\/romfilatelia.ro\/magazin\/wp-content\/uploads\/2013\/10\/ROM_TURCIA_box.jpg 750w, https:\/\/romfilatelia.ro\/magazin\/wp-content\/uploads\/2013\/10\/ROM_TURCIA_box-500x461.jpg 500w, https:\/\/romfilatelia.ro\/magazin\/wp-content\/uploads\/2013\/10\/ROM_TURCIA_box-64x59.jpg 64w, https:\/\/romfilatelia.ro\/magazin\/wp-content\/uploads\/2013\/10\/ROM_TURCIA_box-300x277.jpg 300w\" sizes=\"(max-width: 750px) 100vw, 750px\" \/><\/a><\/p>\n","protected":false},"excerpt":{"rendered":"<p>Cu ocazia \u00eemplinirii a 135 de ani de la stabilirea rela\u0163iilor diplomatice dintre Rom\u00e2nia \u015fi Turcia (1878), Romfilatelia introduce \u00een circula\u0163ie emisiunea de m\u00e3rci po\u015ftale dedicat\u00e3 Moscheei \u201eCarol I\u201d din Constan\u0163a. Simbol al concordiei \u00eentre comunit\u00e3\u0163i de confesiuni diferite, Moscheea\u201eCarol I\u201d din Constan\u0163a, numit\u00e3 de musulmani \u201eKral camisi\u201d sau \u201eGeamia Regelui\u201d, a fost ridicat\u00e3 pe&hellip;&nbsp;<a href=\"https:\/\/romfilatelia.ro\/magazin\/produs\/colectii-anuale\/2013\/emisiune-comuna-romania-turcia-moscheea-carol-i-din-constantha-100-de-ani\/\" class=\"\" rel=\"bookmark\">Cite\u0219te mai mult &raquo;<span class=\"screen-reader-text\">Emisiune comun\u00e3 ROM\u00c2NIA &#8211; TURCIA: Moscheea \u201eCarol I\u201d din Constan\u021ba &#8211; 100 de ani<\/span><\/a><\/p>\n","protected":false},"featured_media":2002751,"template":"","meta":{"neve_meta_sidebar":"","neve_meta_container":"","neve_meta_enable_content_width":"","neve_meta_content_width":0,"neve_meta_title_alignment":"","neve_meta_author_avatar":"","neve_post_elements_order":"","neve_meta_disable_header":"","neve_meta_disable_footer":"","neve_meta_disable_title":""},"product_cat":[105,6],"product_tag":[],"_links":{"self":[{"href":"https:\/\/romfilatelia.ro\/magazin\/wp-json\/wp\/v2\/product\/2001371"}],"collection":[{"href":"https:\/\/romfilatelia.ro\/magazin\/wp-json\/wp\/v2\/product"}],"about":[{"href":"https:\/\/romfilatelia.ro\/magazin\/wp-json\/wp\/v2\/types\/product"}],"wp:featuredmedia":[{"embeddable":true,"href":"https:\/\/romfilatelia.ro\/magazin\/wp-json\/wp\/v2\/media\/2002751"}],"wp:attachment":[{"href":"https:\/\/romfilatelia.ro\/magazin\/wp-json\/wp\/v2\/media?parent=2001371"}],"wp:term":[{"taxonomy":"product_cat","embeddable":true,"href":"https:\/\/romfilatelia.ro\/magazin\/wp-json\/wp\/v2\/product_cat?post=2001371"},{"taxonomy":"product_tag","embeddable":true,"href":"https:\/\/romfilatelia.ro\/magazin\/wp-json\/wp\/v2\/product_tag?post=2001371"}],"curies":[{"name":"wp","href":"https:\/\/api.w.org\/{rel}","templated":true}]}}