{"id":2001365,"date":"2013-08-30T09:23:01","date_gmt":"2013-08-30T09:23:01","guid":{"rendered":"http:\/\/romfilatelia.ro\/store\/2013\/08\/30\/oradea-900-de-ani-de-atestare-documentara\/"},"modified":"2016-07-29T14:20:46","modified_gmt":"2016-07-29T14:20:46","slug":"oradea-900-de-ani-de-atestare-documentara","status":"publish","type":"product","link":"https:\/\/romfilatelia.ro\/magazin\/produs\/colectii-anuale\/2013\/oradea-900-de-ani-de-atestare-documentara\/","title":{"rendered":"ORADEA &#8211; 900 DE ANI DE ATESTARE DOCUMENTAR\u00c3"},"content":{"rendered":"<p><a href=\"https:\/\/romfilatelia.ro\/magazin\/wp-content\/uploads\/2013\/08\/Oradea_900_M.jpg\"><img decoding=\"async\" loading=\"lazy\" class=\"alignleft wp-image-2002812 size-medium\" src=\"https:\/\/romfilatelia.ro\/magazin\/wp-content\/uploads\/2013\/08\/Oradea_900_M-300x264.jpg\" alt=\"Oradea_900_M\" width=\"300\" height=\"264\" srcset=\"https:\/\/romfilatelia.ro\/magazin\/wp-content\/uploads\/2013\/08\/Oradea_900_M-300x264.jpg 300w, https:\/\/romfilatelia.ro\/magazin\/wp-content\/uploads\/2013\/08\/Oradea_900_M-500x439.jpg 500w, https:\/\/romfilatelia.ro\/magazin\/wp-content\/uploads\/2013\/08\/Oradea_900_M-64x56.jpg 64w, https:\/\/romfilatelia.ro\/magazin\/wp-content\/uploads\/2013\/08\/Oradea_900_M.jpg 600w\" sizes=\"(max-width: 300px) 100vw, 300px\" \/><\/a>Atestat\u00e3 \u00een vechile documente istorice la anul 1113, <strong><em>Oradea<\/em><\/strong> este o a\u015fezare ridicat\u00e3 \u00eentr-o zon\u00e3 transilvan\u00e3, care a \u00eenceput s\u00e3 fie populat\u00e3 \u00eenc\u00e3 din perioada neoliticului.<br \/>\nVestigiile arheologice descoperite \u015fi autentificate de c\u00e3tre speciali\u015fti pe teritoriul actualului ora\u015f reconstituie imaginile unor a\u015fez\u00e3ri \u015fi necropole apar\u0163in\u00e2nd perioadei neolitice, epocii bronzului, primei v\u00e2rste a fierului, precum \u015fi dacilor liberi.<br \/>\nPrezen\u0163a \u015fi existen\u0163a stabil\u00e3 \u00een zona Oradei a popula\u0163iei autohtone este men\u0163ionat\u00e3 \u015fi \u00een scrierile notarului Anonymus al regelui ungar B\u00e9la al III-lea, care \u00een cronica sa <em>\u201eGesta Hungarorum\u201d<\/em> prezint\u00e3 informa\u0163ii pre\u0163ioase privind existen\u0163a unei forma\u0163iuni politico-statale sub conducerea lui Menumorut, cel care a opus o puternic\u00e3 rezisten\u0163\u00e3 invaziei maghiare. Trebuie precizat c\u00e3 cetatea Biharia, centrul de putere al lui Menumorut, se afla la 12 km distan\u0163\u00e3 de Oradea.<br \/>\n\u00cen Cetatea Oradea func\u0163ioneaz\u00e3 din anul 1092 Episcopia Romano-Catolic\u00e3, aceasta av\u00e2nd un rol extrem de important \u00een dezvoltarea ora\u015fului.<br \/>\nSistemul de ap\u00e3rare al cet\u00e3\u0163ii sufer\u00e3 primele distrugeri \u00een urma marii invazii a t\u00e3tarilor din perioada 1241-1242. Urmeaz\u00e3 importante lucr\u00e3ri de refacere care confer\u00e3 localit\u00e3\u0163ii recunoa\u015fterea statutului de <em>civitas<\/em> \u00een anul 1374.<br \/>\nDesele asedii ale otomanilor din secolele XV-XVII iau sf\u00e2r\u015fit \u00een 1660, odat\u00e3 cu ocuparea cet\u00e3\u0163ii care devine re\u015fedin\u0163a unui pa\u015fal\u00e2c. Dup\u00e3 mai bine de trei decenii, \u00een anul 1692, ora\u015ful este cucerit de austrieci.<br \/>\n\u00centr-o perioad\u00e3 \u00een care expansiunea central-european\u00e3 a Imperiului Otoman a devenit realitate, lucr\u00e3rile de refacere a sistemului de ap\u00e3rare al Cet\u00e3\u0163ii Oradea au fost efectuate, la ordinul principelui Ioan Sigismund, \u00eencep\u00e2nd cu anul 1569. Arhitec\u0163ii italieni prezen\u0163i pe \u015fantierul cet\u00e3\u0163ii au dus la bun sf\u00e2r\u015fit o investi\u0163ie \u00een care a fost implicat \u00eentregul principat, de men\u0163ionat fiind contribu\u0163ia principelui Gabriel Bethlen la construc\u0163ia Palatului Princiar din interiorul cet\u00e3\u0163ii.<br \/>\nUn important rol \u00een promovarea culturii l-au avut toate comunit\u00e3\u0163ile care alc\u00e3tuiau popula\u0163ia ora\u015fului \u00een Evul Mediu: rom\u00e2nii, maghiarii, italienii, evreii, slovacii. Biblioteca Episcopiei Catolice din cetate, observatorul astronomic, arhiva, \u015fcolile au reprezentat repere importante \u00een peisajul cultural local.<br \/>\n\u00cen acest context trebuie men\u0163ionat\u00e3 existen\u0163a, \u00eenc\u00e3 din secolul al XVIII-lea, a Academiei de Drept, iar mai apoi, \u00een secolul al XIX-lea, a unor \u015fcoli, gimnazii, asocia\u0163ii culturale \u015fi biblioteci.<br \/>\nMai trebuie precizat c\u00e3 \u00een secolul al XVIII-lea, Oradea, av\u00e2nd o popula\u0163ie de circa 20.000 de locuitori, era unul dintre cele mai mari ora\u015fe din Transilvania.<br \/>\nOradea, obiectiv istoric, cultural \u015fi turistic major din Transilvania, se m\u00e2ndre\u015fte cu monumente istorice \u015fi arhitectonice de mare valoare.<br \/>\n<strong>Cetatea<\/strong> ridicat\u00e3 \u00een stil italian, cu cinci bastioane \u00een form\u00e3 de pic\u00e3 este supus\u00e3 ast\u00e3zi unui amplu proces de restaurare.<br \/>\n<strong>Catedrala romano-catolic\u00e3<\/strong>, ilustrat\u00e3 pe timbrul cu valoarea nominal\u00e3 de <strong>4,30 lei<\/strong>, este cea mai mare biseric\u00e3 \u00een stil baroc din \u0163ar\u00e3, fiind ridicat\u00e3 \u00een a doua jum\u00e3tate a secolului al XVIII-lea. \u00cen fa\u0163a catedralei se afl\u00e3 statuia Sf\u00e2ntului Ladislau. <strong>Palatul episcopal<\/strong>, replic\u00e3 a palatului vienez Belvedere, este cunoscut ca fiind cel mai reprezentativ monument de arhitectur\u00e3 baroc\u00e3 t\u00e2rzie din \u0163ara noastr\u00e3.<br \/>\n\u00cen lista monumentelor reprezentative se \u00eenscrie \u015fi <strong>Catedrala Ortodox\u00e3<\/strong> <strong>\u201eAdormirea Maicii Domnului\u201d<\/strong>, ilustrat\u00e3 pe timbrul cu valoarea nominal\u00e3 de <strong>2,10 lei<\/strong>, cunoscut\u00e3 \u015fi ca <em>Biserica cu Lun\u00e3<\/em>, construit\u00e3 \u00eentre anii 1784-1790. Un mecanism ingenios, unic \u00een Europa, pune \u00een mi\u015fcare o sfer\u00e3 din turnul bisericii care indic\u00e3 fazele lunii. <strong>Catedrala greco-catolic\u00e3 \u201eSf\u00e2ntul Nicolae\u201d<\/strong>, precum \u015fi <strong>Sinagoga ortodox\u00e3<\/strong>, recent restaurat\u00e3, reprezint\u00e3 de asemenea importante repere arhitecturale.<br \/>\nAcestor monumente arhitecturale ale ora\u015fului li se adaug\u00e3 <strong>Teatrul \u201eRegina Maria\u201d<\/strong>, ilustrat pe timbrul cu valoarea nominal\u00e3 de <strong>4,70 lei<\/strong>, construit \u00een stil <em>eclectic<\/em> \u015fi inaugurat \u00een anul 1900 \u015fi <strong>Prim\u00e3ria Municipiului Oradea<\/strong>, construit\u00e3 \u00een primii ani ai secolului al XX-lea, ilustrat\u00e3 pe timbrul cu valoarea nominal\u00e3 de <strong>9,10 lei<\/strong>.<br \/>\nUn alt edificiu important, emblem\u00e3 a ora\u015fului, este <strong>Palatul Vulturul Negru<\/strong>, realizat la \u00eenceputul secolului XX, \u00een stilul <em>secession<\/em>.<br \/>\nCu ocazia \u00eemplinirii a 900 de ani de la prima atestare documentar\u00e3 a ora\u015fului Oradea, <strong>Romfilatelia<\/strong> introduce \u00een circula\u0163ie o emisiune de m\u00e3rci po\u015ftale dedicat\u00e3 acestui eveniment.<\/p>\n<p><strong><em>Aducem mul\u0163umirile noastre Muzeului \u021a\u00e3rii Cri\u015furilor din Oradea pentru sprijinul acordat la realizarea acestei emisiuni de m\u00e3rci po\u015ftale. Suportul fotografic a fost asigurat de Muzeul \u021a\u00e3rii Cri\u015furilor din Oradea <\/em>\u015f<em>i C<\/em><em>\u00e3lin Leucu\u0163a.<\/em><\/strong><\/p>\n<p>&nbsp;<\/p>\n<p><strong><em>Aducem mul\u0163umirile noastre Muzeului \u021a\u00e3rii Cri\u015furilor din Oradea pentru sprijinul acordat la realizarea acestei emisiuni de m\u00e3rci po\u015ftale. Suportul fotografic a fost asigurat de Muzeul \u021a\u00e3rii Cri\u015furilor din Oradea <\/em>\u015f<em>i C<\/em><em>\u00e3lin Leucu\u0163a.<\/em><\/strong><\/p>\n<p>Data Aparitie:2013-08-30<\/p>\n<p><a href=\"https:\/\/romfilatelia.ro\/magazin\/wp-content\/uploads\/2013\/08\/Oradea_900_box.jpg\"><img decoding=\"async\" loading=\"lazy\" class=\"wp-image-2002811 size-full aligncenter\" src=\"https:\/\/romfilatelia.ro\/magazin\/wp-content\/uploads\/2013\/08\/Oradea_900_box.jpg\" alt=\"Oradea_900_box\" width=\"750\" height=\"632\" srcset=\"https:\/\/romfilatelia.ro\/magazin\/wp-content\/uploads\/2013\/08\/Oradea_900_box.jpg 750w, https:\/\/romfilatelia.ro\/magazin\/wp-content\/uploads\/2013\/08\/Oradea_900_box-500x421.jpg 500w, https:\/\/romfilatelia.ro\/magazin\/wp-content\/uploads\/2013\/08\/Oradea_900_box-64x54.jpg 64w, https:\/\/romfilatelia.ro\/magazin\/wp-content\/uploads\/2013\/08\/Oradea_900_box-300x253.jpg 300w\" sizes=\"(max-width: 750px) 100vw, 750px\" \/><\/a><\/p>\n","protected":false},"excerpt":{"rendered":"<p>Atestat\u00e3 \u00een vechile documente istorice la anul 1113, Oradea este o a\u015fezare ridicat\u00e3 \u00eentr-o zon\u00e3 transilvan\u00e3, care a \u00eenceput s\u00e3 fie populat\u00e3 \u00eenc\u00e3 din perioada neoliticului. Vestigiile arheologice descoperite \u015fi autentificate de c\u00e3tre speciali\u015fti pe teritoriul actualului ora\u015f reconstituie imaginile unor a\u015fez\u00e3ri \u015fi necropole apar\u0163in\u00e2nd perioadei neolitice, epocii bronzului, primei v\u00e2rste a fierului, precum \u015fi&hellip;&nbsp;<a href=\"https:\/\/romfilatelia.ro\/magazin\/produs\/colectii-anuale\/2013\/oradea-900-de-ani-de-atestare-documentara\/\" class=\"\" rel=\"bookmark\">Cite\u0219te mai mult &raquo;<span class=\"screen-reader-text\">ORADEA &#8211; 900 DE ANI DE ATESTARE DOCUMENTAR\u00c3<\/span><\/a><\/p>\n","protected":false},"featured_media":2002812,"template":"","meta":{"neve_meta_sidebar":"","neve_meta_container":"","neve_meta_enable_content_width":"","neve_meta_content_width":0,"neve_meta_title_alignment":"","neve_meta_author_avatar":"","neve_post_elements_order":"","neve_meta_disable_header":"","neve_meta_disable_footer":"","neve_meta_disable_title":""},"product_cat":[105,6],"product_tag":[],"_links":{"self":[{"href":"https:\/\/romfilatelia.ro\/magazin\/wp-json\/wp\/v2\/product\/2001365"}],"collection":[{"href":"https:\/\/romfilatelia.ro\/magazin\/wp-json\/wp\/v2\/product"}],"about":[{"href":"https:\/\/romfilatelia.ro\/magazin\/wp-json\/wp\/v2\/types\/product"}],"wp:featuredmedia":[{"embeddable":true,"href":"https:\/\/romfilatelia.ro\/magazin\/wp-json\/wp\/v2\/media\/2002812"}],"wp:attachment":[{"href":"https:\/\/romfilatelia.ro\/magazin\/wp-json\/wp\/v2\/media?parent=2001365"}],"wp:term":[{"taxonomy":"product_cat","embeddable":true,"href":"https:\/\/romfilatelia.ro\/magazin\/wp-json\/wp\/v2\/product_cat?post=2001365"},{"taxonomy":"product_tag","embeddable":true,"href":"https:\/\/romfilatelia.ro\/magazin\/wp-json\/wp\/v2\/product_tag?post=2001365"}],"curies":[{"name":"wp","href":"https:\/\/api.w.org\/{rel}","templated":true}]}}