{"id":2001363,"date":"2013-07-26T09:21:15","date_gmt":"2013-07-26T09:21:15","guid":{"rendered":"http:\/\/romfilatelia.ro\/store\/2013\/07\/26\/colectia-numismatica-a-bancii-nationale-a-romaniei-monede-romanesti-din-aur\/"},"modified":"2016-07-29T14:12:00","modified_gmt":"2016-07-29T14:12:00","slug":"colectia-numismatica-a-bancii-nationale-a-romaniei-monede-romanesti-din-aur","status":"publish","type":"product","link":"https:\/\/romfilatelia.ro\/magazin\/produs\/colectii-anuale\/2013\/colectia-numismatica-a-bancii-nationale-a-romaniei-monede-romanesti-din-aur\/","title":{"rendered":"Colec\u021bia numismatic\u00e3 a B\u00e3ncii Na\u021bionale a Rom\u00e2niei &#8211; Monede rom\u00e2ne\u0219ti din aur"},"content":{"rendered":"<p><a href=\"https:\/\/romfilatelia.ro\/magazin\/wp-content\/uploads\/2013\/07\/Monede_BNR_M.jpg\"><img decoding=\"async\" loading=\"lazy\" class=\"alignleft wp-image-2002829 size-medium\" src=\"https:\/\/romfilatelia.ro\/magazin\/wp-content\/uploads\/2013\/07\/Monede_BNR_M-269x300.jpg\" alt=\"Monede_BNR_M\" width=\"269\" height=\"300\" srcset=\"https:\/\/romfilatelia.ro\/magazin\/wp-content\/uploads\/2013\/07\/Monede_BNR_M-269x300.jpg 269w, https:\/\/romfilatelia.ro\/magazin\/wp-content\/uploads\/2013\/07\/Monede_BNR_M-500x559.jpg 500w, https:\/\/romfilatelia.ro\/magazin\/wp-content\/uploads\/2013\/07\/Monede_BNR_M-64x72.jpg 64w, https:\/\/romfilatelia.ro\/magazin\/wp-content\/uploads\/2013\/07\/Monede_BNR_M.jpg 537w\" sizes=\"(max-width: 269px) 100vw, 269px\" \/><\/a><\/p>\n<p>Moneda este unul dintre simbolurile suveranit\u00e3\u021bii unui stat, al\u00e3turi de steag, stem\u00e3, imn \u0219i timbru. Banca Na\u021bional\u00e3 a Rom\u00e2niei, singura institu\u021bie din \u021bara noastr\u00e3 autorizat\u00e3 s\u00e3 emit\u00e3 \u00eensemne monetare, de\u021bine un patrimoniu istoric \u0219i artistic valoros, care dep\u00e3\u0219e\u0219te, prin \u00eensemn\u00e3tatea lui, simplele considerente materiale, constituindu-se \u00een bog\u00e3\u021bii ale culturii \u0219i tradi\u021biei rom\u00e2ne\u0219ti.<br \/>\nPrelu\u00e2nd ca tematic\u00e3 istoric\u00e3 \u00eenceputurile sistemului monetar na\u021bional, <strong>Romfilatelia<\/strong> introduce \u00een circula\u021bie emisiunea de m\u00e3rci po\u0219tale <strong><em>Colec\u021bia numismatic\u00e3 a B\u00e3ncii Na\u021bionale a Rom\u00e2niei &#8211; Monede rom\u00e2ne\u0219ti din aur<\/em><\/strong>, format\u00e3 din patru timbre care ilustreaz\u00e3 piese cu valoarea nominal\u00e3 de 20 lei (\u201epoli\u201d), emise \u00eentre anii 1870-1939, fie pentru circula\u021bie, fie pentru a marca evenimente importante: aniversarea a 40 de ani de domnie (1906), centenarul na\u0219terii Regelui Carol I (1939) \u0219i \u00cencoronarea de la Alba-Iulia (1922).<br \/>\nPe timbrul cu valoarea nominal\u00e3 de <strong>3,30 Lei<\/strong> este ilustrat\u00e3 <strong>moneda din aur de 20 lei emis\u00e3 \u00een anul 1870<\/strong>.<br \/>\nInstituirea monedei na\u021bionale a constituit materializarea unuia dintre dezideratele statului rom\u00e2n aflat la \u00eenceputurile moderniz\u00e3rii sale \u0219i s-a concretizat \u00eentr-o afirmare simbolic\u00e3 a independen\u021bei sale, \u00eenainte ca acest statut s\u00e3 \u00eei fie consacrat ca urmare a victoriilor ob\u021binute pe c\u00e2mpul de lupt\u00e3 \u0219i s\u00e3 fie \u00eenscrise \u00een tratate interna\u021bionale.<br \/>\n\u00cen anul 1867 a fost adoptat\u00e3 <em>Legea pentru \u00eenfiin\u021barea unui nou system monetar \u0219i pentru fabricarea monetelor na\u021bionale<\/em>, iar la 24 februarie 1870 s-a inaugurat prima monet\u00e3rie a statului, sediul acesteia afl\u00e2ndu-se \u00een locul unde se ridic\u00e3 ast\u00e3zi cl\u00e3direa Muzeului \u021a\u00e3ranului Rom\u00e2n, pe \u0218oseaua Kiseleff.<br \/>\nInaugurarea monet\u00e3riei s-a f\u00e3cut prin fabricarea a dou\u00e3 tipuri de moned\u00e3: una din aur, cu valoarea de 20 lei (tiraj 5.000 de piese) \u0219i alta din argint, cu nominalul de 1 leu (tiraj 400.000 de piese). Aversul monedelor purta efigia regelui Carol I \u0219i inscrip\u021bia \u201eCAROL I DOMNUL ROMANIEI\u201d, iar reversul, valoarea nominal\u00e3 \u0219i anul emiterii, \u00een interiorul unei cununi defrunzede stejar \u0219i laur, simboluri ale bravurii \u0219i gloriei str\u00e3mo\u0219ilor.<br \/>\nAceste dou\u00e3 emisiuni au \u0219i valoare de simbol, deoarece au fost b\u00e3tute \u00eenainte de ob\u021binerea Independen\u021bei \u0219i, \u00een ciuda \u00eempotrivirii Imperiului Otoman, poart\u00e3 efigia domnitorului pe avers.<br \/>\nPe timbrul cu valoarea nominal\u00e3 de <strong>4,30 Lei<\/strong> este ilustrat\u00e3 <strong>moneda din aur de 20 lei emis\u00e3 \u00een anul 1906<\/strong>.<br \/>\nCu ocazia anivers\u00e3rii a 40 de ani de domnie a regelui Carol I a fost b\u00e3tut\u00e3 o emisiune monetar\u00e3 jubiliar\u00e3 alc\u00e3tuit\u00e3 din 7 nominaluri, dintre care cele de 1 \u0219i 5 lei erau din argint, iar cele de 12\u00bd lei, 20, 25, 50 \u0219i 100 de lei din aur. Monedele s-au comandat Monet\u00e3riei Regale a Belgiei, machetele \u0219i matri\u021bele lor fiind realizate de gravorul \u0219ef al acesteia, Alphonse Michaux.<br \/>\nEfigia regelui Carol I este reprezentat\u00e3 at\u00e2t pe aversul, c\u00e2t \u0219i pe reversal monedelor de 1, 5, 20 \u0219i 100 lei, \u00een dou\u00e3 variante. Pe avers apare portretul din 1906, \u00eenconjurat de inscrip\u021bia \u201eCAROL I REGE AL ROMANIEI 1866-1906\u201d, iar pe revers portretul din 1866, inscrip\u021bia circular\u00e3 \u201eCAROL I DOMNUL ROMANIEI\u201d \u0219i valoarea nominal\u00e3.<br \/>\nPe aversul monedelor de 12\u00bd lei, 25 lei \u0219i 50 lei, este reprezentat portretul din 1906 al regelui, \u00eembr\u00e3cat \u00een uniform\u00e3 militar\u00e3 de parad\u00e3. Reversul pieselor de 12\u00bd lei \u0219i 25 lei ilustreaz\u00e3 un vultur cu zbor deschis,care poart\u00e3 o panglic\u00e3 cu inscrip\u021bia \u201ePRIN STATORNICIE LA ISBINDA\u201d. Pe reversul piesei de 50 lei regele este \u00eenf\u00e3\u021bi\u0219at c\u00e3lare, \u00een uniform\u00e3 de campanie, cu mantie \u0219i glug\u00e3, \u00een timpul R\u00e3zboiului de Independen\u021b\u00e3.<br \/>\nPe timbrul cu valoarea nominal\u00e3 de <strong>4,50 Lei<\/strong> este ilustrat\u00e3 <strong>moneda din aur de 20 lei emis\u00e3 \u00een anul 1928<\/strong>.<br \/>\n\u00cen 1927, \u00een cadrul manifest\u00e3rilor dedicate anivers\u00e3rii a 5 ani de la \u00eencoronarea, la Alba-Iulia, a regelui Ferdinand I \u0219i a reginei Maria, s-a decis emiterea unor monede aniversare din aur. De\u0219i acest proiect a fost ini\u021biat \u00eenc\u00e3 de la \u00eenceputul anului 1927, a fost finalizat abia \u00een 1928. Machetele \u0219i matri\u021bele au fost realizate de Marcel Dammann, un cunoscut medalist francez.<br \/>\nEmisiunea este compus\u00e3 din patru monede: 20 lei, 25 lei, 50 lei\u00a0 \u0219i 100 lei. Aversul pieselor de 20 lei \u0219i 100 lei \u00eenf\u00e3\u021bi\u0219eaz\u00e3 capul laureat al regelui Ferdinand, cu inscrip\u021bia \u201eFERDINAND I REGELE ROMANILOR 1922\u201d,iar pe revers este reprezentat\u00e3 stema \u021b\u00e3rii (scutul mijlociu), inscrip\u021bia \u201eROMANIA\u201d \u0219i valoarea nominal\u00e3, de 20 lei respectiv 100 lei. Piesele de 25 \u0219i 50 lei poart\u00e3 pe cele dou\u00e3 fe\u021be efigiile \u00eencoronate ale regelui Ferdinand \u0219i reginei Maria. Pe avers, portretul regelui este \u00eenconjurat de inscrip\u021bia \u201eFERDINAND I REGELE ROMANILOR\u201d, al\u00e3turi de valoarea nominal\u00e3,iar pe revers, efigia reginei este \u00eenso\u021bit\u00e3 de legenda \u201eMARIA REGINA ROMANILOR 1922\u201d.<br \/>\nBaterea monedelor a fost \u00eencredin\u021bat\u00e3 Monet\u00e3riei Regale din Londra (Royal Mint), iar monedele au ajuns la Bucure\u0219ti \u00een luna august 1928.<br \/>\nPe timbrul cu valoarea nominal\u00e3 de <strong>8,10 Lei<\/strong> este ilustrat\u00e3 una dintre <strong>monedele din aur de 20 lei emise \u00een anul 1939<\/strong>.<br \/>\n\u00censcriindu-se \u00een tradi\u021bia emisiunilor jubiliare din anii 1906 \u0219i 1927 \/ 1928, Banca Na\u021bional\u00e3 a Rom\u00e2niei a ini\u021biat \u00een anul 1937 o emisiune de monede din aur, alc\u00e3tuit\u00e3 din \u0219ase piese. Lansat\u00e3 doi ani mai t\u00e2rziu, ea a fost dedicat\u00e3 centenarului na\u0219terii Regelui Carol I, cu toate c\u00e3 portretul acestuia nu aparepe niciuna dintre monede.<br \/>\nProiectele au fost comandate sculptorului \u0219i medalistului Emil W. Becker, colaborator al monet\u00e3riei statului (re\u00eenfiin\u021bat\u00e3 \u00een 1935), care a executat \u00een acest scop 60 de proiecte. Cele 12 dup\u00e3 care s-au realizat machetele \u0219i matri\u021bele au fost alese chiar de regele Carol al II-lea.<br \/>\nEmisiunea din anul 1939 \u00eensuma c\u00e2te dou\u00e3 variante de monede de 20 \u0219i 100 lei \u0219i dou\u00e3 piese mari, f\u00e3r\u00e3 valoare nominal\u00e3, denumite \u201egalbeni de podoab\u00e3\u201d, echivalente cu 12 duca\u021bi. Aversul celor patru monede figureaz\u00e3 efigia regelui Carol al II-lea \u0219i legenda \u201eCAROL II REGELE ROM\u00c2NILOR\u201d. Pe revers, stema \u021b\u00e3rii apare \u00een patru compozi\u021bii diferite,al\u00e3turi de inscrip\u021bia \u201eROMANIA\u201d, valoarea nominal\u00e3 (20 lei respective 100 lei) \u0219i anul emisiunii: 1939. Pe aversul \u201egalbenilor de podoab\u00e3\u201d, regele Carol al II-lea este reprezentat c\u00e3lare \u00een uniforma escortei regale. Pe revers, stema mic\u00e3 a Regatului Rom\u00e2niei apare al\u00e3turi de reprezentarea Lupoaicei (Lupa Capitolina) pe o variant\u00e3 \u0219i de un cosa\u0219, pe cea de a doua.<br \/>\nMajoritatea celor 1.800 de monede ale emisiunii (300 de buc\u00e3\u021bi din fiecare model) au fost oferite demnitarilor \u0219i apropia\u021bilor Casei Regale.<br \/>\nO emisiune cu structur\u00e3 similar\u00e3 a fost lansat\u00e3 \u0219i \u00een 1940, dedicat\u00e3, de aceast\u00e3 dat\u00e3, anivers\u00e3rii a 10 ani de domnie a regelui Carol al II-lea. Tirajul acesteia a fost de 500 de exemplare pentru fiecare variant\u00e3.<\/p>\n<p><strong><em>Aducem mul\u021bumiri conducerii B\u00e3ncii Na\u021bionale a Rom\u00e2niei pentru sprijinul acordat la realizarea acestei emisiuni de timbre po\u0219tale. <\/em><\/strong><\/p>\n<p>&nbsp;<\/p>\n<p>Data Aparitie:2013-07-26<\/p>\n<p><a href=\"https:\/\/romfilatelia.ro\/magazin\/wp-content\/uploads\/2013\/07\/Monede_BNR_box.jpg\"><img decoding=\"async\" loading=\"lazy\" class=\"wp-image-2002830 size-full aligncenter\" src=\"https:\/\/romfilatelia.ro\/magazin\/wp-content\/uploads\/2013\/07\/Monede_BNR_box.jpg\" alt=\"Monede_BNR_box\" width=\"750\" height=\"573\" srcset=\"https:\/\/romfilatelia.ro\/magazin\/wp-content\/uploads\/2013\/07\/Monede_BNR_box.jpg 750w, https:\/\/romfilatelia.ro\/magazin\/wp-content\/uploads\/2013\/07\/Monede_BNR_box-500x382.jpg 500w, https:\/\/romfilatelia.ro\/magazin\/wp-content\/uploads\/2013\/07\/Monede_BNR_box-64x49.jpg 64w, https:\/\/romfilatelia.ro\/magazin\/wp-content\/uploads\/2013\/07\/Monede_BNR_box-300x229.jpg 300w\" sizes=\"(max-width: 750px) 100vw, 750px\" \/><\/a><\/p>\n","protected":false},"excerpt":{"rendered":"<p>Moneda este unul dintre simbolurile suveranit\u00e3\u021bii unui stat, al\u00e3turi de steag, stem\u00e3, imn \u0219i timbru. Banca Na\u021bional\u00e3 a Rom\u00e2niei, singura institu\u021bie din \u021bara noastr\u00e3 autorizat\u00e3 s\u00e3 emit\u00e3 \u00eensemne monetare, de\u021bine un patrimoniu istoric \u0219i artistic valoros, care dep\u00e3\u0219e\u0219te, prin \u00eensemn\u00e3tatea lui, simplele considerente materiale, constituindu-se \u00een bog\u00e3\u021bii ale culturii \u0219i tradi\u021biei rom\u00e2ne\u0219ti. Prelu\u00e2nd ca tematic\u00e3&hellip;&nbsp;<a href=\"https:\/\/romfilatelia.ro\/magazin\/produs\/colectii-anuale\/2013\/colectia-numismatica-a-bancii-nationale-a-romaniei-monede-romanesti-din-aur\/\" class=\"\" rel=\"bookmark\">Cite\u0219te mai mult &raquo;<span class=\"screen-reader-text\">Colec\u021bia numismatic\u00e3 a B\u00e3ncii Na\u021bionale a Rom\u00e2niei &#8211; Monede rom\u00e2ne\u0219ti din aur<\/span><\/a><\/p>\n","protected":false},"featured_media":2002829,"template":"","meta":{"neve_meta_sidebar":"","neve_meta_container":"","neve_meta_enable_content_width":"","neve_meta_content_width":0,"neve_meta_title_alignment":"","neve_meta_author_avatar":"","neve_post_elements_order":"","neve_meta_disable_header":"","neve_meta_disable_footer":"","neve_meta_disable_title":""},"product_cat":[105,6],"product_tag":[],"_links":{"self":[{"href":"https:\/\/romfilatelia.ro\/magazin\/wp-json\/wp\/v2\/product\/2001363"}],"collection":[{"href":"https:\/\/romfilatelia.ro\/magazin\/wp-json\/wp\/v2\/product"}],"about":[{"href":"https:\/\/romfilatelia.ro\/magazin\/wp-json\/wp\/v2\/types\/product"}],"wp:featuredmedia":[{"embeddable":true,"href":"https:\/\/romfilatelia.ro\/magazin\/wp-json\/wp\/v2\/media\/2002829"}],"wp:attachment":[{"href":"https:\/\/romfilatelia.ro\/magazin\/wp-json\/wp\/v2\/media?parent=2001363"}],"wp:term":[{"taxonomy":"product_cat","embeddable":true,"href":"https:\/\/romfilatelia.ro\/magazin\/wp-json\/wp\/v2\/product_cat?post=2001363"},{"taxonomy":"product_tag","embeddable":true,"href":"https:\/\/romfilatelia.ro\/magazin\/wp-json\/wp\/v2\/product_tag?post=2001363"}],"curies":[{"name":"wp","href":"https:\/\/api.w.org\/{rel}","templated":true}]}}