{"id":2001362,"date":"2013-07-15T09:20:45","date_gmt":"2013-07-15T09:20:45","guid":{"rendered":"http:\/\/romfilatelia.ro\/store\/2013\/07\/15\/manastirea-antim-300-de-ani-de-la-inceperea-constructiei\/"},"modified":"2016-07-29T14:07:34","modified_gmt":"2016-07-29T14:07:34","slug":"manastirea-antim-300-de-ani-de-la-inceperea-constructiei","status":"publish","type":"product","link":"https:\/\/romfilatelia.ro\/magazin\/produs\/colectii-anuale\/2013\/manastirea-antim-300-de-ani-de-la-inceperea-constructiei\/","title":{"rendered":"M\u00c3N\u00c3STIREA ANTIM &#8211; 300 DE ANI DE LA \u00ceNCEPEREA CONSTRUC\u021aIEI"},"content":{"rendered":"<p align=\"&quot;center&quot;\"><a href=\"https:\/\/romfilatelia.ro\/magazin\/wp-content\/uploads\/2013\/07\/ZMP_ANTIM_300_M.jpg\"><img decoding=\"async\" loading=\"lazy\" class=\"alignleft wp-image-2002836 size-medium\" src=\"https:\/\/romfilatelia.ro\/magazin\/wp-content\/uploads\/2013\/07\/ZMP_ANTIM_300_M-300x209.jpg\" alt=\"ZMP_ANTIM_300_M\" width=\"300\" height=\"209\" srcset=\"https:\/\/romfilatelia.ro\/magazin\/wp-content\/uploads\/2013\/07\/ZMP_ANTIM_300_M-300x209.jpg 300w, https:\/\/romfilatelia.ro\/magazin\/wp-content\/uploads\/2013\/07\/ZMP_ANTIM_300_M-500x348.jpg 500w, https:\/\/romfilatelia.ro\/magazin\/wp-content\/uploads\/2013\/07\/ZMP_ANTIM_300_M-64x44.jpg 64w, https:\/\/romfilatelia.ro\/magazin\/wp-content\/uploads\/2013\/07\/ZMP_ANTIM_300_M.jpg 600w\" sizes=\"(max-width: 300px) 100vw, 300px\" \/><\/a> ZIUA M\u00c3RCII PO\u0218TALE ROM\u00c2NE\u0218TI<\/p>\n<p>\u00a0\u00a0\u00a0\u00a0\u00a0\u00a0\u00a0\u00a0\u00a0 \u00cen urm\u00e3 cu 300 de ani, mitropolitul Antim Ivireanul punea piatra de temelie a <em>M\u00e3n\u00e3stirii Antim<\/em>, \u00eenchinat\u00e3 <em>Tuturor Sfin\u0163ilor<\/em>, ast\u00e3zi una dintre cele mai vechi \u015fi frumoase m\u00e3n\u00e3stiri din Bucure\u015fti.<br \/>\nPrin linia ei arhitectural\u00e3 supl\u00e3, elegant\u00e3 \u015fi echilibrat\u00e3, prin fine\u0163ea \u015fi profunzimea motivelor vegetale sculptate \u00een piatr\u00e3 \u015fi \u00een lemn, biserica m\u00e3n\u00e3stirii este considerat\u00e3 <strong><em>\u201euna din cele mai frumoase biserici, opera unui arhiereu artist, realizatorul unei sinteze artistice, care a realizat aceast\u00e3 sintez\u00e3 nu numai \u00een condi\u0163iunile Bisericii Antim, ci \u00een via\u0163a sa \u00eens\u00e3\u015fi\u201d<\/em><\/strong>. (Nicolae Iorga)<br \/>\nPlanurile de execu\u0163ie a cl\u00e3dirii au fost \u00eentocmite de mitropolitul \u00eensu\u015fi, dou\u00e3 dintre acestea p\u00e3str\u00e2ndu-se p\u00e2n\u00e3 ast\u00e3zi, unul pe h\u00e2rtie, iar cel de-al doilea pe suport de pergament, fiind realizat \u00een 1715, c\u00e2nd a avut loc sfin\u0163irea bisericii mari a M\u00e3n\u00e3stirii Antim.<br \/>\nRealizarea artistic\u00e3 a m\u00e3n\u00e3stirii reprezint\u00e3 o m\u00e3rturie elocvent\u00e3 a vie\u0163ii culturale bucure\u015ftene de la \u00eenceputul secolului al XVIII-lea.<br \/>\nBiserica, ridicat\u00e3 \u00eentre anii 1713-1715, cu planul \u00een form\u00e3 treflat\u00e3, are ferestrele mari, cu ancadramente sculptate \u00een piatr\u00e3, rozete mari \u015fi bogate \u015fi pridvor deschis. Capitelurile \u015fi piedestalurile coloanelor sunt frumos ornamentate cu motive florale.<br \/>\n\u00cen testamentul s\u00e3u, mitropolitul r\u00e2nduie\u015fte s\u00e3 func\u0163ioneze dou\u00e3 tipografii la m\u00e3n\u00e3stire (\u00een limba rom\u00e2n\u00e3 \u015fi \u00een limba greac\u00e3) \u015fi \u00eenfiin\u0163eaz\u00e3, pentru prima oar\u00e3 \u00een\u021aaraRom\u00e2neasc\u00e3, o bibliotec\u00e3 public\u00e3 de \u00eemprumut.<br \/>\nCutremurul din 1738 afecteaz\u00e3 construc\u0163ia, duc\u00e2nd la pr\u00e3bu\u015firea celor dou\u00e3 turle originale, construite din c\u00e3r\u00e3mid\u00e3. Ulterior, turlele au fost \u00eenlocuite cu altele din lemn. \u00cen perioada 1746-1747, m\u00e3n\u00e3stirea este complet restaurat\u00e3, \u00eempodobindu-se catapeteasma cu foi\u0163\u00e3 de aur.<br \/>\n\u00cen 1820, sub \u00eendrumarea episcopului Ilarion al Arge\u015fului (\u00eenmorm\u00e2ntat \u00een exteriorul bisericii, \u00een dreapta naosului), la M\u00e3n\u00e3stirea Antim, \u015fi-a redactat Tudor Vladimirescu <em>Proclama\u0163iile c\u00e3tre \u0163ar\u00e3<\/em>, iar monahul David a cusut steagul tricolor al Revolu\u0163iei av\u00e2nd icoanele Sfintei Treimi \u015fi ale Sfin\u0163ilor Mari Mucenici Gheorghe \u015fi Teodor Tiron.<br \/>\n\u00centre anii 1840 \u015fi 1864, aici sunt p\u00e3strate Arhivele Statului, iar \u00eentre anii 1860-1863, sub grija episcopului Clement al Arge\u015fului, m\u00e3n\u00e3stirea este iar\u00e3\u015fi restaurat\u00e3. Cu acest prilej, biserica este repictat\u00e3 de pictorul Petre Alexandrescu, iar paraclisul de pictorul Gheorghe Tattarescu. Biserica este deschis\u00e3 slujbelor \u00een vara anului 1863, \u00een prezen\u0163a domnitorului Alexandru Ioan Cuza.<br \/>\n\u00cen timpul Primului R\u00e3zboi Mondial, aici au fost p\u00e3strate pentru c\u00e2teva luni moa\u015ftele Sfintei Filofteia de la Curtea de Arge\u015f, iar din anul 1940 sunt cinstite \u015fi \u00eenchinate \u00een biserica mare moa\u015ftele celor 40 de Sfin\u0163i Mucenici din Sevastia (Armenia), ale Sfin\u0163ilor Neofit, Acachie \u015fi Paraschevi.<br \/>\nLa finele anului 1945, la M\u00e3n\u00e3stirea Antim a luat na\u015ftere mi\u015fcarea \u201eRugul Aprins\u201d, centrat\u00e3 pe spiritualitatea isihast\u00e3 a rug\u00e3ciunii lui Iisus. Intelectuali, preo\u0163i, c\u00e3lug\u00e3ri, studen\u0163i, dar \u015fi simpli credincio\u015fi participau la conferin\u0163ele \u015fi dialogurile desf\u00e3\u015furate \u00een sala bibliotecii din casa egumeneasc\u00e3, devenit\u00e3 ne\u00eenc\u00e3p\u00e3toare.<br \/>\n\u00centre anii 1964 \u015fi 1966, are loc ultima restaurare integral\u00e3 a complexului m\u00e3n\u00e3stiresc Antim.<br \/>\nEdificiu de prim\u00e3 importan\u0163\u00e3, m\u00e3n\u00e3stirea devine, \u00eenc\u00e3 din 1950, Paraclis Patriarhal, Re\u015fedin\u0163\u00e3 Episcopal\u00e3, iar ast\u00e3zi g\u00e3zduie\u015fte \u00een Palatul Sinodal, Biblioteca Sf\u00e2ntului Sinod \u015fi Arhivele Sf\u00e2ntului Sinod.<br \/>\nCu ocazia \u00eemplinirii a 300 de ani de la \u00eenceperea construc\u0163iei M\u00e3n\u00e3stirii Antim, <strong>Romfilatelia<\/strong> introduce \u00een circula\u0163ie o emisiune de m\u00e3rci po\u015ftale, format\u00e3 din dou\u00e3 timbre, dedicat\u00e3 acestui eveniment.<\/p>\n<p><strong><em>Aducem mul\u0163umirile noastre Preafericitului P\u00e3rinte Daniel, Arhiepiscopul Bucure\u015ftilor, Mitropolitul Munteniei \u015fi Dobrogei, Loc\u0163iitor al Tronului Cezareei Capadociei \u015fi Patriarhul Bisericii Ortodoxe Rom\u00e2ne, Arhiepiscopiei Bucure\u015ftilor, M\u00e3n\u00e3stirii Antim \u015fi Bibliotecii Academiei Rom\u00e2ne, pentru sprijinul oferit la realizarea acestei emisiuni de m\u00e3rci po\u015ftale. <\/em><\/strong><\/p>\n<p>&nbsp;<\/p>\n<p>Data Aparitie:2013-07-15<\/p>\n<p><a href=\"https:\/\/romfilatelia.ro\/magazin\/wp-content\/uploads\/2013\/07\/ZMP_ANTIM_300_box.jpg\"><img decoding=\"async\" loading=\"lazy\" class=\"wp-image-2002837 size-full aligncenter\" src=\"https:\/\/romfilatelia.ro\/magazin\/wp-content\/uploads\/2013\/07\/ZMP_ANTIM_300_box.jpg\" alt=\"ZMP_ANTIM_300_box\" width=\"750\" height=\"550\" srcset=\"https:\/\/romfilatelia.ro\/magazin\/wp-content\/uploads\/2013\/07\/ZMP_ANTIM_300_box.jpg 750w, https:\/\/romfilatelia.ro\/magazin\/wp-content\/uploads\/2013\/07\/ZMP_ANTIM_300_box-500x367.jpg 500w, https:\/\/romfilatelia.ro\/magazin\/wp-content\/uploads\/2013\/07\/ZMP_ANTIM_300_box-64x47.jpg 64w, https:\/\/romfilatelia.ro\/magazin\/wp-content\/uploads\/2013\/07\/ZMP_ANTIM_300_box-300x220.jpg 300w\" sizes=\"(max-width: 750px) 100vw, 750px\" \/><\/a><\/p>\n","protected":false},"excerpt":{"rendered":"<p>ZIUA M\u00c3RCII PO\u0218TALE ROM\u00c2NE\u0218TI \u00a0\u00a0\u00a0\u00a0\u00a0\u00a0\u00a0\u00a0\u00a0 \u00cen urm\u00e3 cu 300 de ani, mitropolitul Antim Ivireanul punea piatra de temelie a M\u00e3n\u00e3stirii Antim, \u00eenchinat\u00e3 Tuturor Sfin\u0163ilor, ast\u00e3zi una dintre cele mai vechi \u015fi frumoase m\u00e3n\u00e3stiri din Bucure\u015fti. Prin linia ei arhitectural\u00e3 supl\u00e3, elegant\u00e3 \u015fi echilibrat\u00e3, prin fine\u0163ea \u015fi profunzimea motivelor vegetale sculptate \u00een piatr\u00e3 \u015fi \u00een lemn,&hellip;&nbsp;<a href=\"https:\/\/romfilatelia.ro\/magazin\/produs\/colectii-anuale\/2013\/manastirea-antim-300-de-ani-de-la-inceperea-constructiei\/\" class=\"\" rel=\"bookmark\">Cite\u0219te mai mult &raquo;<span class=\"screen-reader-text\">M\u00c3N\u00c3STIREA ANTIM &#8211; 300 DE ANI DE LA \u00ceNCEPEREA CONSTRUC\u021aIEI<\/span><\/a><\/p>\n","protected":false},"featured_media":2002836,"template":"","meta":{"neve_meta_sidebar":"","neve_meta_container":"","neve_meta_enable_content_width":"","neve_meta_content_width":0,"neve_meta_title_alignment":"","neve_meta_author_avatar":"","neve_post_elements_order":"","neve_meta_disable_header":"","neve_meta_disable_footer":"","neve_meta_disable_title":""},"product_cat":[105,6],"product_tag":[],"_links":{"self":[{"href":"https:\/\/romfilatelia.ro\/magazin\/wp-json\/wp\/v2\/product\/2001362"}],"collection":[{"href":"https:\/\/romfilatelia.ro\/magazin\/wp-json\/wp\/v2\/product"}],"about":[{"href":"https:\/\/romfilatelia.ro\/magazin\/wp-json\/wp\/v2\/types\/product"}],"wp:featuredmedia":[{"embeddable":true,"href":"https:\/\/romfilatelia.ro\/magazin\/wp-json\/wp\/v2\/media\/2002836"}],"wp:attachment":[{"href":"https:\/\/romfilatelia.ro\/magazin\/wp-json\/wp\/v2\/media?parent=2001362"}],"wp:term":[{"taxonomy":"product_cat","embeddable":true,"href":"https:\/\/romfilatelia.ro\/magazin\/wp-json\/wp\/v2\/product_cat?post=2001362"},{"taxonomy":"product_tag","embeddable":true,"href":"https:\/\/romfilatelia.ro\/magazin\/wp-json\/wp\/v2\/product_tag?post=2001362"}],"curies":[{"name":"wp","href":"https:\/\/api.w.org\/{rel}","templated":true}]}}